{"id":3947,"date":"2026-02-28T01:21:41","date_gmt":"2026-02-28T04:21:41","guid":{"rendered":"https:\/\/bibliotecajuridicavirtual.cl\/?post_type=product&#038;p=3947"},"modified":"2026-02-28T01:21:53","modified_gmt":"2026-02-28T04:21:53","slug":"lecciones-de-teoria-general-del-derecho-ano-2019-465-pag-autor-n-m-korkunov","status":"publish","type":"product","link":"https:\/\/bibliotecajuridicavirtual.cl\/index.php\/product\/lecciones-de-teoria-general-del-derecho-ano-2019-465-pag-autor-n-m-korkunov\/","title":{"rendered":"Lecciones de Teor\u00eda General del Derecho. A\u00f1o 2019\/ 465 P\u00e1g. Autor N. M. Korkunov"},"content":{"rendered":"<p>A finales del siglo XIX, las Lecciones de Teor\u00eda General del Derecho de N.M. Korkunov, intentaron llenar el vac\u00edo en la ense\u00f1anza de las universidades europeas: crear una visi\u00f3n de conjunto y abstracta, que permitiera a los estudiantes introducirse al fen\u00f3meno jur\u00eddico. El autor ruso da cuenta de su buen conocimiento de los autores de la \u00e9poca y expone con tremenda lucidez algunas peculiaridades te\u00f3ricas rusas, a la par de un recuento universal y hasta cierto punto, atemporal, de las principales escuelas jur\u00eddicas. Adelant\u00e1ndose a la avalancha te\u00f3rica del siglo posterior, Korkunov interioriza el dualismo entre el ser y el deber ser, desarrolla un concepto social del derecho, reflexiona acerca del lugar de la sanci\u00f3n en la definici\u00f3n del derecho, que acaba siendo, para \u00e9l, un conjunto de normas mediante las cuales se delimitan los intereses de las personas en una sociedad concreta.<\/p>\n<p>&nbsp;<\/p>\n<p>\u00cdndice<br \/>\nEstudio introductorio<br \/>\nI. EL CONTEXTO\u00a0\u00a0 \u00a0\u00a0\u00a0 \u00a013<br \/>\nII. EL AUTOR\u00a0\u00a0 \u00a0\u00a0\u00a0 \u00a017<br \/>\nIII. EL LIBRO\u00a0\u00a0 \u00a0\u00a0\u00a0 \u00a020<br \/>\nIV. LOS EFECTOS\u00a0\u00a0 \u00a0\u00a0\u00a0 \u00a031<br \/>\nAGRADECIMIENTOS\u00a0\u00a0 \u00a0\u00a0\u00a0 \u00a034<br \/>\nIntroducci\u00f3n<br \/>\n1.\u00a0\u00a0 \u00a0La metodolog\u00eda para el estudio del derecho\u00a0\u00a0 \u00a0\u00a0\u00a0 \u00a037<br \/>\n2.\u00a0\u00a0 \u00a0Enciclopedia de Derecho\u00a0\u00a0 \u00a0\u00a0\u00a0 \u00a043<br \/>\n3.\u00a0\u00a0 \u00a0Filosof\u00eda del derecho\u00a0\u00a0 \u00a0\u00a0\u00a0 \u00a056<br \/>\n4.\u00a0\u00a0 \u00a0La teor\u00eda general del derecho\u00a0\u00a0 \u00a0\u00a0\u00a0 \u00a063<br \/>\nLibro I<br \/>\nLa noci\u00f3n del derecho<br \/>\nCap\u00edtulo I<br \/>\nDefinici\u00f3n del derecho<br \/>\n5.\u00a0\u00a0 \u00a0Las normas t\u00e9cnicas y las normas \u00e9ticas\u00a0\u00a0 \u00a0\u00a0\u00a0 \u00a073<br \/>\n6.\u00a0\u00a0 \u00a0Las normas jur\u00eddicas y las normas morales\u00a0\u00a0 \u00a0\u00a0\u00a0 \u00a078<br \/>\n7.\u00a0\u00a0 \u00a0Relaciones entre el derecho y la moral\u00a0\u00a0 \u00a0\u00a0\u00a0 \u00a086<br \/>\n8.\u00a0\u00a0 \u00a0El derecho y la ley en un sentido cient\u00edfico\u00a0\u00a0 \u00a0\u00a0\u00a0 \u00a094<br \/>\n9.\u00a0\u00a0 \u00a0La relatividad del derecho\u00a0\u00a0 \u00a0\u00a0\u00a0 \u00a0101<br \/>\nCap\u00edtulo II<br \/>\nLa idea del derecho y sus diferentes concepciones<br \/>\n10.\u00a0\u00a0 \u00a0Definici\u00f3n del derecho seg\u00fan su contenido\u00a0\u00a0 \u00a0\u00a0\u00a0 \u00a0109<br \/>\n11.\u00a0\u00a0 \u00a0Definici\u00f3n del derecho seg\u00fan su fuente\u00a0\u00a0 \u00a0\u00a0\u00a0 \u00a0115<br \/>\n12.\u00a0\u00a0 \u00a0La definici\u00f3n del derecho como \u00abnormas coercitivas\u00bb\u00a0\u00a0 \u00a0\u00a0\u00a0 \u00a0121<br \/>\n13.\u00a0\u00a0 \u00a0El derecho desde el punto de vista formal y utilitario\u00a0\u00a0 \u00a0\u00a0\u00a0 \u00a0130<br \/>\nCap\u00edtulo III<br \/>\nLa hip\u00f3tesis del derecho natural<br \/>\n14.\u00a0\u00a0 \u00a0Rasgos generales\u00a0\u00a0 \u00a0\u00a0\u00a0 \u00a0141<br \/>\n15.\u00a0\u00a0 \u00a0El derecho natural para los juristas romanos\u00a0\u00a0 \u00a0\u00a0\u00a0 \u00a0147<br \/>\n16.\u00a0\u00a0 \u00a0Las nuevas teor\u00edas del derecho natural\u00a0\u00a0 \u00a0\u00a0\u00a0 \u00a0152<br \/>\n17.\u00a0\u00a0 \u00a0Cr\u00edtica general de la idea del derecho natural\u00a0\u00a0 \u00a0\u00a0\u00a0 \u00a0156<br \/>\nCap\u00edtulo IV<br \/>\nEl origen del derecho<br \/>\n18.\u00a0\u00a0 \u00a0Las teor\u00edas de la formaci\u00f3n arbitraria del derecho\u00a0\u00a0 \u00a0\u00a0\u00a0 \u00a0161<br \/>\n19.\u00a0\u00a0 \u00a0La doctrina de la escuela hist\u00f3rica\u00a0\u00a0 \u00a0\u00a0\u00a0 \u00a0164<br \/>\n20.\u00a0\u00a0 \u00a0El origen del derecho\u00a0\u00a0 \u00a0\u00a0\u00a0 \u00a0176<br \/>\n21.\u00a0\u00a0 \u00a0El desarrollo del derecho\u00a0\u00a0 \u00a0\u00a0\u00a0 \u00a0181<br \/>\nLibro II<br \/>\nEl punto objetivo y el punto subjetivo del derecho<br \/>\nCap\u00edtulo I<br \/>\nEl derecho en sentido objetivo<br \/>\n22.\u00a0\u00a0 \u00a0El punto objetivo y el punto subjetivo del derecho\u00a0\u00a0 \u00a0\u00a0\u00a0 \u00a0187<br \/>\n23.\u00a0\u00a0 \u00a0Las normas jur\u00eddicas. Las \u00f3rdenes\u00a0\u00a0 \u00a0\u00a0\u00a0 \u00a0188<br \/>\n24.\u00a0\u00a0 \u00a0Los elementos de la norma jur\u00eddica\u00a0\u00a0 \u00a0\u00a0\u00a0 \u00a0194<br \/>\n25.\u00a0\u00a0 \u00a0La materia de las normas jur\u00eddicas\u00a0\u00a0 \u00a0\u00a0\u00a0 \u00a0200<br \/>\n26.\u00a0\u00a0 \u00a0La sanci\u00f3n de las normas jur\u00eddicas\u00a0\u00a0 \u00a0\u00a0\u00a0 \u00a0203<br \/>\nCap\u00edtulo II<br \/>\nEl derecho en sentido subjetivo<br \/>\n27.\u00a0\u00a0 \u00a0Las relaciones jur\u00eddicas\u00a0\u00a0 \u00a0\u00a0\u00a0 \u00a0209<br \/>\n28.\u00a0\u00a0 \u00a0El sujeto de las relaciones jur\u00eddicas\u00a0\u00a0 \u00a0\u00a0\u00a0 \u00a0215<br \/>\n29.\u00a0\u00a0 \u00a0Los derechos y los deberes\u00a0\u00a0 \u00a0\u00a0\u00a0 \u00a0222<br \/>\n30.\u00a0\u00a0 \u00a0El objeto de los derechos\u00a0\u00a0 \u00a0\u00a0\u00a0 \u00a0228<br \/>\n31.\u00a0\u00a0 \u00a0Los hechos jur\u00eddicos\u00a0\u00a0 \u00a0\u00a0\u00a0 \u00a0235<br \/>\nCap\u00edtulo III<br \/>\nDerecho p\u00fablico y derecho privado<br \/>\n32.\u00a0\u00a0 \u00a0Clasificaci\u00f3n del derecho seg\u00fan la materia\u00a0\u00a0 \u00a0\u00a0\u00a0 \u00a0243<br \/>\n33.\u00a0\u00a0 \u00a0Clasificaciones formales\u00a0\u00a0 \u00a0\u00a0\u00a0 \u00a0251<br \/>\n34.\u00a0\u00a0 \u00a0La distinci\u00f3n entre derecho privado y derecho p\u00fablico\u00a0\u00a0 \u00a0\u00a0\u00a0 \u00a0257<br \/>\nLibro III<br \/>\nLas condiciones sociales del desarrollo del derecho<br \/>\nCap\u00edtulo I<br \/>\nLa sociedad<br \/>\n35.\u00a0\u00a0 \u00a0La teor\u00eda mec\u00e1nica\u00a0\u00a0 \u00a0\u00a0\u00a0 \u00a0267<br \/>\n36.\u00a0\u00a0 \u00a0La teor\u00eda org\u00e1nica\u00a0\u00a0 \u00a0\u00a0\u00a0 \u00a0276<br \/>\n37.\u00a0\u00a0 \u00a0De la naturaleza de la sociedad\u00a0\u00a0 \u00a0\u00a0\u00a0 \u00a0291<br \/>\n38.\u00a0\u00a0 \u00a0La naturaleza ps\u00edquica del hombre\u00a0\u00a0 \u00a0\u00a0\u00a0 \u00a0301<br \/>\n39.\u00a0\u00a0 \u00a0La libertad de la voluntad\u00a0\u00a0 \u00a0\u00a0\u00a0 \u00a0304<br \/>\n40.\u00a0\u00a0 \u00a0La sociedad y el individuo\u00a0\u00a0 \u00a0\u00a0\u00a0 \u00a0315<br \/>\n41.\u00a0\u00a0 \u00a0El derecho y el orden social\u00a0\u00a0 \u00a0\u00a0\u00a0 \u00a0321<br \/>\n42.\u00a0\u00a0 \u00a0La forma de las agrupaciones humanas\u00a0\u00a0 \u00a0\u00a0\u00a0 \u00a0326<br \/>\nCap\u00edtulo II<br \/>\nEl Estado<br \/>\n43.\u00a0\u00a0 \u00a0La noci\u00f3n de Estado\u00a0\u00a0 \u00a0\u00a0\u00a0 \u00a0333<br \/>\n44.\u00a0\u00a0 \u00a0La autoridad del Estado\u00a0\u00a0 \u00a0\u00a0\u00a0 \u00a0340<br \/>\n45.\u00a0\u00a0 \u00a0Los \u00f3rganos de la autoridad\u00a0\u00a0 \u00a0\u00a0\u00a0 \u00a0346<br \/>\n46.\u00a0\u00a0 \u00a0La forma de la organizaci\u00f3n del Estado\u00a0\u00a0 \u00a0\u00a0\u00a0 \u00a0357<br \/>\n47.\u00a0\u00a0 \u00a0El poder y el derecho\u00a0\u00a0 \u00a0\u00a0\u00a0 \u00a0363<br \/>\n48.\u00a0\u00a0 \u00a0La colaboraci\u00f3n y la combinaci\u00f3n de los poderes\u00a0\u00a0 \u00a0\u00a0\u00a0 \u00a0367<br \/>\nLibro IV<br \/>\nEl derecho positivo<br \/>\nCap\u00edtulo I<br \/>\nLas fuentes del derecho positivo<br \/>\n49.\u00a0\u00a0 \u00a0La idea del derecho positivo\u00a0\u00a0 \u00a0\u00a0\u00a0 \u00a0383<br \/>\n50.\u00a0\u00a0 \u00a0La base de la acci\u00f3n del derecho positivo\u00a0\u00a0 \u00a0\u00a0\u00a0 \u00a0386<br \/>\n51.\u00a0\u00a0 \u00a0Las fuentes del derecho\u00a0\u00a0 \u00a0\u00a0\u00a0 \u00a0391<br \/>\n52.\u00a0\u00a0 \u00a0El derecho consuetudinario\u00a0\u00a0 \u00a0\u00a0\u00a0 \u00a0398<br \/>\n53.\u00a0\u00a0 \u00a0De la pr\u00e1ctica judicial\u00a0\u00a0 \u00a0\u00a0\u00a0 \u00a0406<br \/>\n54.\u00a0\u00a0 \u00a0La legislaci\u00f3n\u00a0\u00a0 \u00a0\u00a0\u00a0 \u00a0410<br \/>\nCap\u00edtulo II<br \/>\nLas fuentes del derecho ruso<br \/>\n55.\u00a0\u00a0 \u00a0Relaciones entre las diferentes fuentes\u00a0\u00a0 \u00a0\u00a0\u00a0 \u00a0419<br \/>\n56.\u00a0\u00a0 \u00a0La legislaci\u00f3n rusa\u00a0\u00a0 \u00a0\u00a0\u00a0 \u00a0421<br \/>\n57.\u00a0\u00a0 \u00a0El C\u00f3digo general de leyes\u00a0\u00a0 \u00a0\u00a0\u00a0 \u00a0428<br \/>\n58.\u00a0\u00a0 \u00a0Las primeras ediciones del C\u00f3digo\u00a0\u00a0 \u00a0\u00a0\u00a0 \u00a0432<br \/>\n59.\u00a0\u00a0 \u00a0El valor jur\u00eddico del C\u00f3digo\u00a0\u00a0 \u00a0\u00a0\u00a0 \u00a0436<br \/>\nCap\u00edtulo III<br \/>\nLa aplicaci\u00f3n del derecho positivo<br \/>\n60.\u00a0\u00a0 \u00a0La cr\u00edtica\u00a0\u00a0 \u00a0\u00a0\u00a0 \u00a0441<br \/>\n61.\u00a0\u00a0 \u00a0La correlaci\u00f3n de leyes de diferentes \u00e9pocas, pa\u00edses y localidades\u00a0\u00a0 \u00a0\u00a0\u00a0 \u00a0444<br \/>\n62.\u00a0\u00a0 \u00a0La interpretaci\u00f3n de las leyes\u00a0\u00a0 \u00a0\u00a0\u00a0 \u00a0451<br \/>\n63.\u00a0\u00a0 \u00a0El estudio cient\u00edfico del derecho\u00a0\u00a0 \u00a0\u00a0\u00a0 \u00a0457<\/p>\n","protected":false},"excerpt":{"rendered":"<p>A finales del siglo XIX, las Lecciones de Teor\u00eda General del Derecho de N.M. Korkunov, intentaron llenar el vac\u00edo en la ense\u00f1anza de las universidades europeas: crear una visi\u00f3n de conjunto y abstracta, que permitiera a los estudiantes introducirse al fen\u00f3meno jur\u00eddico. El autor ruso da cuenta de su buen conocimiento de los autores de la \u00e9poca y expone con tremenda lucidez algunas peculiaridades te\u00f3ricas rusas, a la par de un recuento universal y hasta cierto punto, atemporal, de las principales escuelas jur\u00eddicas. Adelant\u00e1ndose a la avalancha te\u00f3rica del siglo posterior, Korkunov interioriza el dualismo entre el ser y el deber ser, desarrolla un concepto social del derecho, reflexiona acerca del lugar de la sanci\u00f3n en la definici\u00f3n del derecho, que acaba siendo, para \u00e9l, un conjunto de normas mediante las cuales se delimitan los intereses de las personas en una sociedad concreta. &nbsp; \u00cdndice Estudio introductorio I. EL CONTEXTO\u00a0\u00a0 \u00a0\u00a0\u00a0 \u00a013 II. EL AUTOR\u00a0\u00a0 \u00a0\u00a0\u00a0 \u00a017 III. EL LIBRO\u00a0\u00a0 \u00a0\u00a0\u00a0 \u00a020 IV. LOS EFECTOS\u00a0\u00a0 \u00a0\u00a0\u00a0 \u00a031 AGRADECIMIENTOS\u00a0\u00a0 \u00a0\u00a0\u00a0 \u00a034 Introducci\u00f3n 1.\u00a0\u00a0 \u00a0La metodolog\u00eda para el estudio del derecho\u00a0\u00a0 \u00a0\u00a0\u00a0 \u00a037 2.\u00a0\u00a0 \u00a0Enciclopedia de Derecho\u00a0\u00a0 \u00a0\u00a0\u00a0 \u00a043 3.\u00a0\u00a0 \u00a0Filosof\u00eda del derecho\u00a0\u00a0 \u00a0\u00a0\u00a0 \u00a056 4.\u00a0\u00a0 \u00a0La teor\u00eda general del derecho\u00a0\u00a0 \u00a0\u00a0\u00a0 \u00a063 Libro I La noci\u00f3n del derecho Cap\u00edtulo I Definici\u00f3n del derecho 5.\u00a0\u00a0 \u00a0Las normas t\u00e9cnicas y las normas \u00e9ticas\u00a0\u00a0 \u00a0\u00a0\u00a0 \u00a073 6.\u00a0\u00a0 \u00a0Las normas jur\u00eddicas y las normas morales\u00a0\u00a0 \u00a0\u00a0\u00a0 \u00a078 7.\u00a0\u00a0 \u00a0Relaciones entre el derecho y la moral\u00a0\u00a0 \u00a0\u00a0\u00a0 \u00a086 8.\u00a0\u00a0 \u00a0El derecho y la ley en un sentido cient\u00edfico\u00a0\u00a0 \u00a0\u00a0\u00a0 \u00a094 9.\u00a0\u00a0 \u00a0La relatividad del derecho\u00a0\u00a0 \u00a0\u00a0\u00a0 \u00a0101 Cap\u00edtulo II La idea del derecho y sus diferentes concepciones 10.\u00a0\u00a0 \u00a0Definici\u00f3n del derecho seg\u00fan su contenido\u00a0\u00a0 \u00a0\u00a0\u00a0 \u00a0109 11.\u00a0\u00a0 \u00a0Definici\u00f3n del derecho seg\u00fan su fuente\u00a0\u00a0 \u00a0\u00a0\u00a0 \u00a0115 12.\u00a0\u00a0 \u00a0La definici\u00f3n del derecho como \u00abnormas coercitivas\u00bb\u00a0\u00a0 \u00a0\u00a0\u00a0 \u00a0121 13.\u00a0\u00a0 \u00a0El derecho desde el punto de vista formal y utilitario\u00a0\u00a0 \u00a0\u00a0\u00a0 \u00a0130 Cap\u00edtulo III La hip\u00f3tesis del derecho natural 14.\u00a0\u00a0 \u00a0Rasgos generales\u00a0\u00a0 \u00a0\u00a0\u00a0 \u00a0141 15.\u00a0\u00a0 \u00a0El derecho natural para los juristas romanos\u00a0\u00a0 \u00a0\u00a0\u00a0 \u00a0147 16.\u00a0\u00a0 \u00a0Las nuevas teor\u00edas del derecho natural\u00a0\u00a0 \u00a0\u00a0\u00a0 \u00a0152 17.\u00a0\u00a0 \u00a0Cr\u00edtica general de la idea del derecho natural\u00a0\u00a0 \u00a0\u00a0\u00a0 \u00a0156 Cap\u00edtulo IV El origen del derecho 18.\u00a0\u00a0 \u00a0Las teor\u00edas de la formaci\u00f3n arbitraria del derecho\u00a0\u00a0 \u00a0\u00a0\u00a0 \u00a0161 19.\u00a0\u00a0 \u00a0La doctrina de la escuela hist\u00f3rica\u00a0\u00a0 \u00a0\u00a0\u00a0 \u00a0164 20.\u00a0\u00a0 \u00a0El origen del derecho\u00a0\u00a0 \u00a0\u00a0\u00a0 \u00a0176 21.\u00a0\u00a0 \u00a0El desarrollo del derecho\u00a0\u00a0 \u00a0\u00a0\u00a0 \u00a0181 Libro II El punto objetivo y el punto subjetivo del derecho Cap\u00edtulo I El derecho en sentido objetivo 22.\u00a0\u00a0 \u00a0El punto objetivo y el punto subjetivo del derecho\u00a0\u00a0 \u00a0\u00a0\u00a0 \u00a0187 23.\u00a0\u00a0 \u00a0Las normas jur\u00eddicas. Las \u00f3rdenes\u00a0\u00a0 \u00a0\u00a0\u00a0 \u00a0188 24.\u00a0\u00a0 \u00a0Los elementos de la norma jur\u00eddica\u00a0\u00a0 \u00a0\u00a0\u00a0 \u00a0194 25.\u00a0\u00a0 \u00a0La materia de las normas jur\u00eddicas\u00a0\u00a0 \u00a0\u00a0\u00a0 \u00a0200 26.\u00a0\u00a0 \u00a0La sanci\u00f3n de las normas jur\u00eddicas\u00a0\u00a0 \u00a0\u00a0\u00a0 \u00a0203 Cap\u00edtulo II El derecho en sentido subjetivo 27.\u00a0\u00a0 \u00a0Las relaciones jur\u00eddicas\u00a0\u00a0 \u00a0\u00a0\u00a0 \u00a0209 28.\u00a0\u00a0 \u00a0El sujeto de las relaciones jur\u00eddicas\u00a0\u00a0 \u00a0\u00a0\u00a0 \u00a0215 29.\u00a0\u00a0 \u00a0Los derechos y los deberes\u00a0\u00a0 \u00a0\u00a0\u00a0 \u00a0222 30.\u00a0\u00a0 \u00a0El objeto de los derechos\u00a0\u00a0 \u00a0\u00a0\u00a0 \u00a0228 31.\u00a0\u00a0 \u00a0Los hechos jur\u00eddicos\u00a0\u00a0 \u00a0\u00a0\u00a0 \u00a0235 Cap\u00edtulo III Derecho p\u00fablico y derecho privado 32.\u00a0\u00a0 \u00a0Clasificaci\u00f3n del derecho seg\u00fan la materia\u00a0\u00a0 \u00a0\u00a0\u00a0 \u00a0243 33.\u00a0\u00a0 \u00a0Clasificaciones formales\u00a0\u00a0 \u00a0\u00a0\u00a0 \u00a0251 34.\u00a0\u00a0 \u00a0La distinci\u00f3n entre derecho privado y derecho p\u00fablico\u00a0\u00a0 \u00a0\u00a0\u00a0 \u00a0257 Libro III Las condiciones sociales del desarrollo del derecho Cap\u00edtulo I La sociedad 35.\u00a0\u00a0 \u00a0La teor\u00eda mec\u00e1nica\u00a0\u00a0 \u00a0\u00a0\u00a0 \u00a0267 36.\u00a0\u00a0 \u00a0La teor\u00eda org\u00e1nica\u00a0\u00a0 \u00a0\u00a0\u00a0 \u00a0276 37.\u00a0\u00a0 \u00a0De la naturaleza de la sociedad\u00a0\u00a0 \u00a0\u00a0\u00a0 \u00a0291 38.\u00a0\u00a0 \u00a0La naturaleza ps\u00edquica del hombre\u00a0\u00a0 \u00a0\u00a0\u00a0 \u00a0301 39.\u00a0\u00a0 \u00a0La libertad de la voluntad\u00a0\u00a0 \u00a0\u00a0\u00a0 \u00a0304 40.\u00a0\u00a0 \u00a0La sociedad y el individuo\u00a0\u00a0 \u00a0\u00a0\u00a0 \u00a0315 41.\u00a0\u00a0 \u00a0El derecho y el orden social\u00a0\u00a0 \u00a0\u00a0\u00a0 \u00a0321 42.\u00a0\u00a0 \u00a0La forma de las agrupaciones humanas\u00a0\u00a0 \u00a0\u00a0\u00a0 \u00a0326 Cap\u00edtulo II El Estado 43.\u00a0\u00a0 \u00a0La noci\u00f3n de Estado\u00a0\u00a0 \u00a0\u00a0\u00a0 \u00a0333 44.\u00a0\u00a0 \u00a0La autoridad del Estado\u00a0\u00a0 \u00a0\u00a0\u00a0 \u00a0340 45.\u00a0\u00a0 \u00a0Los \u00f3rganos de la autoridad\u00a0\u00a0 \u00a0\u00a0\u00a0 \u00a0346 46.\u00a0\u00a0 \u00a0La forma de la organizaci\u00f3n del Estado\u00a0\u00a0 \u00a0\u00a0\u00a0 \u00a0357 47.\u00a0\u00a0 \u00a0El poder y el derecho\u00a0\u00a0 \u00a0\u00a0\u00a0 \u00a0363 48.\u00a0\u00a0 \u00a0La colaboraci\u00f3n y la combinaci\u00f3n de los poderes\u00a0\u00a0 \u00a0\u00a0\u00a0 \u00a0367 Libro IV El derecho positivo Cap\u00edtulo I Las fuentes del derecho positivo 49.\u00a0\u00a0 \u00a0La idea del derecho positivo\u00a0\u00a0 \u00a0\u00a0\u00a0 \u00a0383 50.\u00a0\u00a0 \u00a0La base de la acci\u00f3n del derecho positivo\u00a0\u00a0 \u00a0\u00a0\u00a0 \u00a0386 51.\u00a0\u00a0 \u00a0Las fuentes del derecho\u00a0\u00a0 \u00a0\u00a0\u00a0 \u00a0391 52.\u00a0\u00a0 \u00a0El derecho consuetudinario\u00a0\u00a0 \u00a0\u00a0\u00a0 \u00a0398 53.\u00a0\u00a0 \u00a0De la pr\u00e1ctica judicial\u00a0\u00a0 \u00a0\u00a0\u00a0 \u00a0406 54.\u00a0\u00a0 \u00a0La legislaci\u00f3n\u00a0\u00a0 \u00a0\u00a0\u00a0 \u00a0410 Cap\u00edtulo II Las fuentes del derecho ruso 55.\u00a0\u00a0 \u00a0Relaciones entre las diferentes fuentes\u00a0\u00a0 \u00a0\u00a0\u00a0 \u00a0419 56.\u00a0\u00a0 \u00a0La legislaci\u00f3n rusa\u00a0\u00a0 \u00a0\u00a0\u00a0 \u00a0421 57.\u00a0\u00a0 \u00a0El C\u00f3digo general de leyes\u00a0\u00a0 \u00a0\u00a0\u00a0 \u00a0428 58.\u00a0\u00a0 \u00a0Las primeras ediciones del C\u00f3digo\u00a0\u00a0 \u00a0\u00a0\u00a0 \u00a0432 59.\u00a0\u00a0 \u00a0El valor jur\u00eddico del C\u00f3digo\u00a0\u00a0 \u00a0\u00a0\u00a0 \u00a0436 Cap\u00edtulo III La aplicaci\u00f3n del derecho positivo 60.\u00a0\u00a0 \u00a0La cr\u00edtica\u00a0\u00a0 \u00a0\u00a0\u00a0 \u00a0441 61.\u00a0\u00a0 \u00a0La correlaci\u00f3n de leyes de diferentes \u00e9pocas, pa\u00edses y localidades\u00a0\u00a0 \u00a0\u00a0\u00a0 \u00a0444 62.\u00a0\u00a0 \u00a0La interpretaci\u00f3n de las leyes\u00a0\u00a0 \u00a0\u00a0\u00a0 \u00a0451 63.\u00a0\u00a0 \u00a0El estudio cient\u00edfico del derecho\u00a0\u00a0 \u00a0\u00a0\u00a0 \u00a0457<\/p>\n","protected":false},"featured_media":3977,"comment_status":"open","ping_status":"closed","template":"","meta":{"inline_featured_image":false,"_joinchat":[]},"product_brand":[],"product_cat":[44],"product_tag":[],"class_list":{"0":"post-3947","1":"product","2":"type-product","3":"status-publish","4":"has-post-thumbnail","6":"product_cat-filosofia-del-derecho-y-introduccion","7":"product_shipping_class-a-convenir","9":"first","10":"instock","11":"shipping-taxable","12":"purchasable","13":"product-type-simple"},"_links":{"self":[{"href":"https:\/\/bibliotecajuridicavirtual.cl\/index.php\/wp-json\/wp\/v2\/product\/3947","targetHints":{"allow":["GET"]}}],"collection":[{"href":"https:\/\/bibliotecajuridicavirtual.cl\/index.php\/wp-json\/wp\/v2\/product"}],"about":[{"href":"https:\/\/bibliotecajuridicavirtual.cl\/index.php\/wp-json\/wp\/v2\/types\/product"}],"replies":[{"embeddable":true,"href":"https:\/\/bibliotecajuridicavirtual.cl\/index.php\/wp-json\/wp\/v2\/comments?post=3947"}],"wp:featuredmedia":[{"embeddable":true,"href":"https:\/\/bibliotecajuridicavirtual.cl\/index.php\/wp-json\/wp\/v2\/media\/3977"}],"wp:attachment":[{"href":"https:\/\/bibliotecajuridicavirtual.cl\/index.php\/wp-json\/wp\/v2\/media?parent=3947"}],"wp:term":[{"taxonomy":"product_brand","embeddable":true,"href":"https:\/\/bibliotecajuridicavirtual.cl\/index.php\/wp-json\/wp\/v2\/product_brand?post=3947"},{"taxonomy":"product_cat","embeddable":true,"href":"https:\/\/bibliotecajuridicavirtual.cl\/index.php\/wp-json\/wp\/v2\/product_cat?post=3947"},{"taxonomy":"product_tag","embeddable":true,"href":"https:\/\/bibliotecajuridicavirtual.cl\/index.php\/wp-json\/wp\/v2\/product_tag?post=3947"}],"curies":[{"name":"wp","href":"https:\/\/api.w.org\/{rel}","templated":true}]}}