{"id":3948,"date":"2026-02-28T01:21:41","date_gmt":"2026-02-28T04:21:41","guid":{"rendered":"https:\/\/bibliotecajuridicavirtual.cl\/?post_type=product&#038;p=3948"},"modified":"2026-02-28T01:21:54","modified_gmt":"2026-02-28T04:21:54","slug":"nacionalsocialismo-y-antigarantismo-penal-1933-1945-ano-2018-483-pag-autor-javier-llobet-rodriguez","status":"publish","type":"product","link":"https:\/\/bibliotecajuridicavirtual.cl\/index.php\/product\/nacionalsocialismo-y-antigarantismo-penal-1933-1945-ano-2018-483-pag-autor-javier-llobet-rodriguez\/","title":{"rendered":"Nacionalsocialismo y antigarantismo penal (1933-1945). A\u00f1o 2018 \/ 483 P\u00e1g. Autor Javier Llobet Rodr\u00edguez"},"content":{"rendered":"<p>La concepci\u00f3n nacionalsocialista del Derecho es caracterizada por su car\u00e1cter irracional, organicista y racial, enfrent\u00e1ndose a la Ilustraci\u00f3n, al liberalismo pol\u00edtico y al positivismo jur\u00eddico. Se analiza la dualidad que se daba en el r\u00e9gimen entre la Polic\u00eda y la Administraci\u00f3n de Justicia, y la tendencia a que la segunda, cada vez m\u00e1s autoritaria, se fuera diluyendo en la mera actuaci\u00f3n del Estado Polic\u00eda, sin sujeci\u00f3n a normas, lo que encontr\u00f3 su m\u00e1xima expresi\u00f3n en el genocidio a los jud\u00edos y otros grupos sociales, lo mismo que en el asesinato de los que el r\u00e9gimen consideraba como portadores de vidas sin valor Se estudia la legislaci\u00f3n penal nacionalsocialista, su car\u00e1cter racial, y su desprecio a los principios de legalidad, lesividad, culpabilidad y proporcionalidad, todo lo cual tuvo acogida en su forma extrema en el Derecho Penal de guerra. Se analiza la doctrina penal nacionalsocialista y dentro de ello se hace un amplio an\u00e1lisis del papel desempe\u00f1ado por Hans Welzel. Se hace un estudio del Derecho Procesal Penal nazi, los caracteres autoritarios y racistas del mismo y su rechazo de la presunci\u00f3n de inocencia. Se considera que al nacionalsocialismo no le son aplicables las categor\u00edas Derecho Penal del enemigo y Derecho Penal del ciudadano, ya que todo el Derecho de la \u00e9poca era un Derecho Penal contra los enemigos, siendo m\u00e1s aplicable la dicotom\u00eda amigo-enemigo, que llevaba a la impunidad de las actuaciones de los partidarios del r\u00e9gimen.<\/p>\n","protected":false},"excerpt":{"rendered":"<p>La concepci\u00f3n nacionalsocialista del Derecho es caracterizada por su car\u00e1cter irracional, organicista y racial, enfrent\u00e1ndose a la Ilustraci\u00f3n, al liberalismo pol\u00edtico y al positivismo jur\u00eddico. Se analiza la dualidad que se daba en el r\u00e9gimen entre la Polic\u00eda y la Administraci\u00f3n de Justicia, y la tendencia a que la segunda, cada vez m\u00e1s autoritaria, se fuera diluyendo en la mera actuaci\u00f3n del Estado Polic\u00eda, sin sujeci\u00f3n a normas, lo que encontr\u00f3 su m\u00e1xima expresi\u00f3n en el genocidio a los jud\u00edos y otros grupos sociales, lo mismo que en el asesinato de los que el r\u00e9gimen consideraba como portadores de vidas sin valor Se estudia la legislaci\u00f3n penal nacionalsocialista, su car\u00e1cter racial, y su desprecio a los principios de legalidad, lesividad, culpabilidad y proporcionalidad, todo lo cual tuvo acogida en su forma extrema en el Derecho Penal de guerra. Se analiza la doctrina penal nacionalsocialista y dentro de ello se hace un amplio an\u00e1lisis del papel desempe\u00f1ado por Hans Welzel. Se hace un estudio del Derecho Procesal Penal nazi, los caracteres autoritarios y racistas del mismo y su rechazo de la presunci\u00f3n de inocencia. Se considera que al nacionalsocialismo no le son aplicables las categor\u00edas Derecho Penal del enemigo y Derecho Penal del ciudadano, ya que todo el Derecho de la \u00e9poca era un Derecho Penal contra los enemigos, siendo m\u00e1s aplicable la dicotom\u00eda amigo-enemigo, que llevaba a la impunidad de las actuaciones de los partidarios del r\u00e9gimen.<\/p>\n","protected":false},"featured_media":3978,"comment_status":"open","ping_status":"closed","template":"","meta":{"inline_featured_image":false,"_joinchat":[]},"product_brand":[],"product_cat":[30],"product_tag":[],"class_list":{"0":"post-3948","1":"product","2":"type-product","3":"status-publish","4":"has-post-thumbnail","6":"product_cat-penal","7":"product_shipping_class-a-convenir","9":"first","10":"instock","11":"shipping-taxable","12":"purchasable","13":"product-type-simple"},"_links":{"self":[{"href":"https:\/\/bibliotecajuridicavirtual.cl\/index.php\/wp-json\/wp\/v2\/product\/3948","targetHints":{"allow":["GET"]}}],"collection":[{"href":"https:\/\/bibliotecajuridicavirtual.cl\/index.php\/wp-json\/wp\/v2\/product"}],"about":[{"href":"https:\/\/bibliotecajuridicavirtual.cl\/index.php\/wp-json\/wp\/v2\/types\/product"}],"replies":[{"embeddable":true,"href":"https:\/\/bibliotecajuridicavirtual.cl\/index.php\/wp-json\/wp\/v2\/comments?post=3948"}],"wp:featuredmedia":[{"embeddable":true,"href":"https:\/\/bibliotecajuridicavirtual.cl\/index.php\/wp-json\/wp\/v2\/media\/3978"}],"wp:attachment":[{"href":"https:\/\/bibliotecajuridicavirtual.cl\/index.php\/wp-json\/wp\/v2\/media?parent=3948"}],"wp:term":[{"taxonomy":"product_brand","embeddable":true,"href":"https:\/\/bibliotecajuridicavirtual.cl\/index.php\/wp-json\/wp\/v2\/product_brand?post=3948"},{"taxonomy":"product_cat","embeddable":true,"href":"https:\/\/bibliotecajuridicavirtual.cl\/index.php\/wp-json\/wp\/v2\/product_cat?post=3948"},{"taxonomy":"product_tag","embeddable":true,"href":"https:\/\/bibliotecajuridicavirtual.cl\/index.php\/wp-json\/wp\/v2\/product_tag?post=3948"}],"curies":[{"name":"wp","href":"https:\/\/api.w.org\/{rel}","templated":true}]}}