{"id":3949,"date":"2026-02-28T01:21:41","date_gmt":"2026-02-28T04:21:41","guid":{"rendered":"https:\/\/bibliotecajuridicavirtual.cl\/?post_type=product&#038;p=3949"},"modified":"2026-02-28T01:21:55","modified_gmt":"2026-02-28T04:21:55","slug":"desafios-globales-para-la-democracia-ano-2019-456-pag-autor-jonatan-valenzuela-saldias","status":"publish","type":"product","link":"https:\/\/bibliotecajuridicavirtual.cl\/index.php\/product\/desafios-globales-para-la-democracia-ano-2019-456-pag-autor-jonatan-valenzuela-saldias\/","title":{"rendered":"Desaf\u00edos globales para la democracia. A\u00f1o 2019\/ 456 P\u00e1g. Autor  Jonatan Valenzuela Sald\u00edas"},"content":{"rendered":"<p>En este volumen presentamos una selecci\u00f3n de trabajos que han surgido de diversos<br \/>\nencuentros doctorales internacionales desarrollados al amparo del proyecto &#8220;Desaf\u00edos<br \/>\nGlobales para la Democracia&#8221;, que permitir\u00e1n al lector reconocer algunas caracter\u00edsticas<br \/>\ndel trabajo que se realiza en la Facultad de Derecho de la Universidad de Chile en<br \/>\nel contexto del doctorado.<br \/>\nEn este sentido, la existencia de una l\u00ednea de investigaci\u00f3n hom\u00f3nima ha permitido<br \/>\naunar los esfuerzos individuales de acad\u00e9micos y estudiantes, compartir experiencias<br \/>\ncon otras casas de estudio e incluso con otras disciplinas afi nes, como la psicolog\u00eda,<br \/>\nevidenciando importantes ejes de convergencia.<br \/>\nEn este libro el lector encontrar\u00e1 precisamente una expresi\u00f3n de este fen\u00f3meno en el<br \/>\nque acad\u00e9micos y doctorandos se plantean como parte de una comunidad acad\u00e9mica<br \/>\nen la que confl uyen diversos puntos de vista con la mirada puesta en el desarrollo de<br \/>\nla democracia y sus desaf\u00edos.<\/p>\n","protected":false},"excerpt":{"rendered":"<p>En este volumen presentamos una selecci\u00f3n de trabajos que han surgido de diversos encuentros doctorales internacionales desarrollados al amparo del proyecto &#8220;Desaf\u00edos Globales para la Democracia&#8221;, que permitir\u00e1n al lector reconocer algunas caracter\u00edsticas del trabajo que se realiza en la Facultad de Derecho de la Universidad de Chile en el contexto del doctorado. En este sentido, la existencia de una l\u00ednea de investigaci\u00f3n hom\u00f3nima ha permitido aunar los esfuerzos individuales de acad\u00e9micos y estudiantes, compartir experiencias con otras casas de estudio e incluso con otras disciplinas afi nes, como la psicolog\u00eda, evidenciando importantes ejes de convergencia. En este libro el lector encontrar\u00e1 precisamente una expresi\u00f3n de este fen\u00f3meno en el que acad\u00e9micos y doctorandos se plantean como parte de una comunidad acad\u00e9mica en la que confl uyen diversos puntos de vista con la mirada puesta en el desarrollo de la democracia y sus desaf\u00edos.<\/p>\n","protected":false},"featured_media":3979,"comment_status":"open","ping_status":"closed","template":"","meta":{"inline_featured_image":false,"_joinchat":[]},"product_brand":[],"product_cat":[33],"product_tag":[],"class_list":{"0":"post-3949","1":"product","2":"type-product","3":"status-publish","4":"has-post-thumbnail","6":"product_cat-constitucional","7":"product_shipping_class-a-convenir","9":"first","10":"instock","11":"shipping-taxable","12":"purchasable","13":"product-type-simple"},"_links":{"self":[{"href":"https:\/\/bibliotecajuridicavirtual.cl\/index.php\/wp-json\/wp\/v2\/product\/3949","targetHints":{"allow":["GET"]}}],"collection":[{"href":"https:\/\/bibliotecajuridicavirtual.cl\/index.php\/wp-json\/wp\/v2\/product"}],"about":[{"href":"https:\/\/bibliotecajuridicavirtual.cl\/index.php\/wp-json\/wp\/v2\/types\/product"}],"replies":[{"embeddable":true,"href":"https:\/\/bibliotecajuridicavirtual.cl\/index.php\/wp-json\/wp\/v2\/comments?post=3949"}],"wp:featuredmedia":[{"embeddable":true,"href":"https:\/\/bibliotecajuridicavirtual.cl\/index.php\/wp-json\/wp\/v2\/media\/3979"}],"wp:attachment":[{"href":"https:\/\/bibliotecajuridicavirtual.cl\/index.php\/wp-json\/wp\/v2\/media?parent=3949"}],"wp:term":[{"taxonomy":"product_brand","embeddable":true,"href":"https:\/\/bibliotecajuridicavirtual.cl\/index.php\/wp-json\/wp\/v2\/product_brand?post=3949"},{"taxonomy":"product_cat","embeddable":true,"href":"https:\/\/bibliotecajuridicavirtual.cl\/index.php\/wp-json\/wp\/v2\/product_cat?post=3949"},{"taxonomy":"product_tag","embeddable":true,"href":"https:\/\/bibliotecajuridicavirtual.cl\/index.php\/wp-json\/wp\/v2\/product_tag?post=3949"}],"curies":[{"name":"wp","href":"https:\/\/api.w.org\/{rel}","templated":true}]}}