{"id":3950,"date":"2026-02-28T01:21:41","date_gmt":"2026-02-28T04:21:41","guid":{"rendered":"https:\/\/bibliotecajuridicavirtual.cl\/?post_type=product&#038;p=3950"},"modified":"2026-02-28T01:21:55","modified_gmt":"2026-02-28T04:21:55","slug":"modelos-de-justicia-laboral-iberoamericana-homenaje-a-pedro-guglielmetti-ano-2019-372-pag","status":"publish","type":"product","link":"https:\/\/bibliotecajuridicavirtual.cl\/index.php\/product\/modelos-de-justicia-laboral-iberoamericana-homenaje-a-pedro-guglielmetti-ano-2019-372-pag\/","title":{"rendered":"Modelos de justicia laboral Iberoamericana: Homenaje a Pedro Guglielmetti. A\u00f1o 2019\/  372 P\u00e1g."},"content":{"rendered":"<p>Fen\u00f3menos como el rebasamiento del marco jur\u00eddico del Estado nacional por el sistema econ\u00f3mico globalizado y la automatizaci\u00f3n de la producci\u00f3n han repercutido de manera radical en el derecho del trabajo. A la par de una transformaci\u00f3n del derecho sustantivo de los trabajadores, somos testigos de una serie de reformas al proceso judicial laboral, hechas con la intenci\u00f3n de adaptar la impartici\u00f3n de justicia al nuevo contexto econ\u00f3mico-social: cosmopolita e incluyente, pero tambi\u00e9n impersonal y desamparador. La tendencia com\u00fan es a transformar el tradicional sistema mixto de juicios escritos y orales en un sistema eminentemente oral. Hoy es indispensable que legisladores y juristas de todo el mundo dialoguen entre s\u00ed, que conozcan procedimientos judiciales distintos e intercambien ideas, con miras a una eventual integraci\u00f3n internacional del derecho del trabajo. Esta meta ya no es una utop\u00eda, es una necesidad apremiante. La presente recopilaci\u00f3n describe el proceso jur\u00eddico en materia laboral de Espa\u00f1a, Costa Rica, Colombia, Chile, Argentina, Venezuela, Brasil y M\u00e9xico. Expertos laboralistas de los ocho pa\u00edses ofrecen esta obra con la intenci\u00f3n de que abogados y p\u00fablico general nos nutramos de otras visiones del derecho del trabajo.<\/p>\n<p>&nbsp;<\/p>\n","protected":false},"excerpt":{"rendered":"<p>Fen\u00f3menos como el rebasamiento del marco jur\u00eddico del Estado nacional por el sistema econ\u00f3mico globalizado y la automatizaci\u00f3n de la producci\u00f3n han repercutido de manera radical en el derecho del trabajo. A la par de una transformaci\u00f3n del derecho sustantivo de los trabajadores, somos testigos de una serie de reformas al proceso judicial laboral, hechas con la intenci\u00f3n de adaptar la impartici\u00f3n de justicia al nuevo contexto econ\u00f3mico-social: cosmopolita e incluyente, pero tambi\u00e9n impersonal y desamparador. La tendencia com\u00fan es a transformar el tradicional sistema mixto de juicios escritos y orales en un sistema eminentemente oral. Hoy es indispensable que legisladores y juristas de todo el mundo dialoguen entre s\u00ed, que conozcan procedimientos judiciales distintos e intercambien ideas, con miras a una eventual integraci\u00f3n internacional del derecho del trabajo. Esta meta ya no es una utop\u00eda, es una necesidad apremiante. La presente recopilaci\u00f3n describe el proceso jur\u00eddico en materia laboral de Espa\u00f1a, Costa Rica, Colombia, Chile, Argentina, Venezuela, Brasil y M\u00e9xico. Expertos laboralistas de los ocho pa\u00edses ofrecen esta obra con la intenci\u00f3n de que abogados y p\u00fablico general nos nutramos de otras visiones del derecho del trabajo. &nbsp;<\/p>\n","protected":false},"featured_media":3980,"comment_status":"open","ping_status":"closed","template":"","meta":{"inline_featured_image":false,"_joinchat":[]},"product_brand":[],"product_cat":[41],"product_tag":[],"class_list":{"0":"post-3950","1":"product","2":"type-product","3":"status-publish","4":"has-post-thumbnail","6":"product_cat-laboral","7":"product_shipping_class-a-convenir","9":"first","10":"instock","11":"shipping-taxable","12":"purchasable","13":"product-type-simple"},"_links":{"self":[{"href":"https:\/\/bibliotecajuridicavirtual.cl\/index.php\/wp-json\/wp\/v2\/product\/3950","targetHints":{"allow":["GET"]}}],"collection":[{"href":"https:\/\/bibliotecajuridicavirtual.cl\/index.php\/wp-json\/wp\/v2\/product"}],"about":[{"href":"https:\/\/bibliotecajuridicavirtual.cl\/index.php\/wp-json\/wp\/v2\/types\/product"}],"replies":[{"embeddable":true,"href":"https:\/\/bibliotecajuridicavirtual.cl\/index.php\/wp-json\/wp\/v2\/comments?post=3950"}],"wp:featuredmedia":[{"embeddable":true,"href":"https:\/\/bibliotecajuridicavirtual.cl\/index.php\/wp-json\/wp\/v2\/media\/3980"}],"wp:attachment":[{"href":"https:\/\/bibliotecajuridicavirtual.cl\/index.php\/wp-json\/wp\/v2\/media?parent=3950"}],"wp:term":[{"taxonomy":"product_brand","embeddable":true,"href":"https:\/\/bibliotecajuridicavirtual.cl\/index.php\/wp-json\/wp\/v2\/product_brand?post=3950"},{"taxonomy":"product_cat","embeddable":true,"href":"https:\/\/bibliotecajuridicavirtual.cl\/index.php\/wp-json\/wp\/v2\/product_cat?post=3950"},{"taxonomy":"product_tag","embeddable":true,"href":"https:\/\/bibliotecajuridicavirtual.cl\/index.php\/wp-json\/wp\/v2\/product_tag?post=3950"}],"curies":[{"name":"wp","href":"https:\/\/api.w.org\/{rel}","templated":true}]}}