{"id":3951,"date":"2026-02-28T01:21:41","date_gmt":"2026-02-28T04:21:41","guid":{"rendered":"https:\/\/bibliotecajuridicavirtual.cl\/?post_type=product&#038;p=3951"},"modified":"2026-02-28T01:21:56","modified_gmt":"2026-02-28T04:21:56","slug":"estudios-sobre-la-regularizacion-urbana-y-registral-en-iberoamerica-ano-2019-362-pag-autor-eduardo-cordero-q-y-luciano-parejo-alfonso","status":"publish","type":"product","link":"https:\/\/bibliotecajuridicavirtual.cl\/index.php\/product\/estudios-sobre-la-regularizacion-urbana-y-registral-en-iberoamerica-ano-2019-362-pag-autor-eduardo-cordero-q-y-luciano-parejo-alfonso\/","title":{"rendered":"Estudios sobre la regularizaci\u00f3n urbana y registral en iberoam\u00e9rica. A\u00f1o 2019\/ 362 P\u00e1g. Autor Eduardo Cordero Q. y  Luciano Parejo Alfonso"},"content":{"rendered":"<p>Editado en Chile. Libro en papel s\u00f3lo disponible en IBD (impresi\u00f3n bajo demanda). El libro bajo demanda se imprime de forma autom\u00e1tica y de manera exclusiva para cada cliente. No admite devoluci\u00f3n.&lt;br&gt;&lt;br&gt;<br \/>\nEste libro re\u00fane las ponencias presentadas en el Seminario internacional sobre \u00abLos procesos de<br \/>\nregularizaci\u00f3n urbana y registral en Iberoam\u00e9rica\u00bb realizado los d\u00edas 17 y 18 de mayo de 2018 en<br \/>\nla ciudad de Madrid, organizado por la Facultad de Derecho de la Pontificia Universidad Cat\u00f3lica<br \/>\nde Valpara\u00edso (Chile), con la colaboraci\u00f3n del Departamento de Derecho p\u00fablico del Estado de la<br \/>\nUniversidad Carlos III de Madrid.<br \/>\nEn aquella instancia se convocaron a expositores de Argentina, Brasil, Chile, Colombia, Espa\u00f1a y<br \/>\nPortugal, y tuvo por objeto analizar y discutir la forma en que los ordenamientos jur\u00eddicos han<br \/>\nenfrentado los procesos de ocupaci\u00f3n irregular del espacio, producto de m\u00faltiples factores, dando<br \/>\nlugar a un acaparamiento an\u00e1rquico de la tierra, a d\u00e9ficit de vivienda, carencia de vialidades<br \/>\nprimarias y servicios de infraestructura urbana.<br \/>\nEl objetivo de esta obra es desarrollar una l\u00ednea de estudio e investigaci\u00f3n que permita abordar<br \/>\ndesde la perspectiva jur\u00eddica un problema que resulta dif\u00edcil de dar por superado. A su vez,<br \/>\nreivindica la funci\u00f3n que deben cumplir los Estados contempor\u00e1neos en torno a ciertos valores que<br \/>\ndeben colocar como eje central a la dignidad de la persona, lo cual exige de condiciones materiales<br \/>\nm\u00ednimas, como es la vivienda digna y adecuada. As\u00ed, la \u00abregulaci\u00f3n de la irregularidad\u00bb no se puede<br \/>\nocultar ni menos puede quedar ajena de la pluma de los juristas, m\u00e1s a\u00fan cuando aquello permite<br \/>\nun nivel de reflexi\u00f3n ?como se pretende en este libro?, para el desarrollo de t\u00e9cnicas jur\u00eddicas<br \/>\nque coloque los incentivos adecuados para cumplir el orden material de valores que consagra cada<br \/>\nuna de nuestras Constituciones y que demanda nuestra sociedad actual.<\/p>\n<p>&nbsp;<\/p>\n","protected":false},"excerpt":{"rendered":"<p>Editado en Chile. Libro en papel s\u00f3lo disponible en IBD (impresi\u00f3n bajo demanda). El libro bajo demanda se imprime de forma autom\u00e1tica y de manera exclusiva para cada cliente. No admite devoluci\u00f3n.&lt;br&gt;&lt;br&gt; Este libro re\u00fane las ponencias presentadas en el Seminario internacional sobre \u00abLos procesos de regularizaci\u00f3n urbana y registral en Iberoam\u00e9rica\u00bb realizado los d\u00edas 17 y 18 de mayo de 2018 en la ciudad de Madrid, organizado por la Facultad de Derecho de la Pontificia Universidad Cat\u00f3lica de Valpara\u00edso (Chile), con la colaboraci\u00f3n del Departamento de Derecho p\u00fablico del Estado de la Universidad Carlos III de Madrid. En aquella instancia se convocaron a expositores de Argentina, Brasil, Chile, Colombia, Espa\u00f1a y Portugal, y tuvo por objeto analizar y discutir la forma en que los ordenamientos jur\u00eddicos han enfrentado los procesos de ocupaci\u00f3n irregular del espacio, producto de m\u00faltiples factores, dando lugar a un acaparamiento an\u00e1rquico de la tierra, a d\u00e9ficit de vivienda, carencia de vialidades primarias y servicios de infraestructura urbana. El objetivo de esta obra es desarrollar una l\u00ednea de estudio e investigaci\u00f3n que permita abordar desde la perspectiva jur\u00eddica un problema que resulta dif\u00edcil de dar por superado. A su vez, reivindica la funci\u00f3n que deben cumplir los Estados contempor\u00e1neos en torno a ciertos valores que deben colocar como eje central a la dignidad de la persona, lo cual exige de condiciones materiales m\u00ednimas, como es la vivienda digna y adecuada. As\u00ed, la \u00abregulaci\u00f3n de la irregularidad\u00bb no se puede ocultar ni menos puede quedar ajena de la pluma de los juristas, m\u00e1s a\u00fan cuando aquello permite un nivel de reflexi\u00f3n ?como se pretende en este libro?, para el desarrollo de t\u00e9cnicas jur\u00eddicas que coloque los incentivos adecuados para cumplir el orden material de valores que consagra cada una de nuestras Constituciones y que demanda nuestra sociedad actual. &nbsp;<\/p>\n","protected":false},"featured_media":3981,"comment_status":"open","ping_status":"closed","template":"","meta":{"inline_featured_image":false,"_joinchat":[]},"product_brand":[],"product_cat":[27],"product_tag":[],"class_list":{"0":"post-3951","1":"product","2":"type-product","3":"status-publish","4":"has-post-thumbnail","6":"product_cat-civil","7":"product_shipping_class-a-convenir","9":"first","10":"instock","11":"shipping-taxable","12":"purchasable","13":"product-type-simple"},"_links":{"self":[{"href":"https:\/\/bibliotecajuridicavirtual.cl\/index.php\/wp-json\/wp\/v2\/product\/3951","targetHints":{"allow":["GET"]}}],"collection":[{"href":"https:\/\/bibliotecajuridicavirtual.cl\/index.php\/wp-json\/wp\/v2\/product"}],"about":[{"href":"https:\/\/bibliotecajuridicavirtual.cl\/index.php\/wp-json\/wp\/v2\/types\/product"}],"replies":[{"embeddable":true,"href":"https:\/\/bibliotecajuridicavirtual.cl\/index.php\/wp-json\/wp\/v2\/comments?post=3951"}],"wp:featuredmedia":[{"embeddable":true,"href":"https:\/\/bibliotecajuridicavirtual.cl\/index.php\/wp-json\/wp\/v2\/media\/3981"}],"wp:attachment":[{"href":"https:\/\/bibliotecajuridicavirtual.cl\/index.php\/wp-json\/wp\/v2\/media?parent=3951"}],"wp:term":[{"taxonomy":"product_brand","embeddable":true,"href":"https:\/\/bibliotecajuridicavirtual.cl\/index.php\/wp-json\/wp\/v2\/product_brand?post=3951"},{"taxonomy":"product_cat","embeddable":true,"href":"https:\/\/bibliotecajuridicavirtual.cl\/index.php\/wp-json\/wp\/v2\/product_cat?post=3951"},{"taxonomy":"product_tag","embeddable":true,"href":"https:\/\/bibliotecajuridicavirtual.cl\/index.php\/wp-json\/wp\/v2\/product_tag?post=3951"}],"curies":[{"name":"wp","href":"https:\/\/api.w.org\/{rel}","templated":true}]}}