{"id":3952,"date":"2026-02-28T01:21:41","date_gmt":"2026-02-28T04:21:41","guid":{"rendered":"https:\/\/bibliotecajuridicavirtual.cl\/?post_type=product&#038;p=3952"},"modified":"2026-02-28T01:21:57","modified_gmt":"2026-02-28T04:21:57","slug":"encrucijadas-ensayos-sobre-la-crisis-politica-en-chile-ano-2020-120-pag-autor-marcelo-mella-polanco","status":"publish","type":"product","link":"https:\/\/bibliotecajuridicavirtual.cl\/index.php\/product\/encrucijadas-ensayos-sobre-la-crisis-politica-en-chile-ano-2020-120-pag-autor-marcelo-mella-polanco\/","title":{"rendered":"Encrucijadas. Ensayos sobre la crisis pol\u00edtica en Chile. A\u00f1o 2020\/ 120 P\u00e1g. Autor Marcelo Mella Polanco"},"content":{"rendered":"<p>Este libro tiene la forma de una bit\u00e1cora que re\u00fane ensayos escritos en el devenir reciente del proceso pol\u00edtico en Chile, en su mayor\u00eda al calor de las manifestaciones de octubre de 2019 qu\u00e9 transform\u00f3 a uno de los sistemas pol\u00edticos m\u00e1s estables de Am\u00e9rica Latina en una democracia en crisis.<\/p>\n<p>Los ensayos qu\u00e9 integran este trabajo constituyen an\u00e1lisis realizados siguiendo de cerca a los hechos, pero en un di\u00e1logo permanente con las teor\u00edas que tratan de explicar los procesos pol\u00edticos de continuidad y el cambio. Esta exploraci\u00f3n se organiza en tres partes. La primera secci\u00f3n titulada autoenga\u00f1o\u00a0reconstruye antecedentes relevantes del estallido social en Chile; la segunda analiza episodios y dimensiones de la explosi\u00f3n social del 18-O y la tercera parte discute escenarios futuros en un contexto marcado por la incertidumbre, la polarizaci\u00f3n y la ausencia de conducci\u00f3n pol\u00edtica.<\/p>\n<p>Desde una perspectiva m\u00e1s general, se examinan diferentes momentos y procesos a trav\u00e9s de los cuales esta democracia cimentada en base a la pol\u00edtica de los consensos\u00a0y apegada al imperativo de la estabilidad, fue deconstruida socialmente para impulsar transformaciones profundas y cambios en la organizaci\u00f3n del r\u00e9gimen pol\u00edtico.<\/p>\n<p>\u00cdndice<br \/>\nIntroducci\u00f3n\u00a0\u00a0 \u00a0\u00a0\u00a0 \u00a09<br \/>\nPARTE I: AUTOENGA\u00d1O<br \/>\nLa ley del desplazamiento hacia la izquierda\u00a0\u00a0 \u00a0\u00a0\u00a0 \u00a019<br \/>\nY a m\u00ed \u00bfQu\u00e9 mierda me importa?\u00a0\u00a0 \u00a0\u00a0\u00a0 \u00a025<br \/>\nLa \u00f3ptima indiferencia de la democracia\u00a0\u00a0 \u00a0\u00a0\u00a0 \u00a029<br \/>\nLos nudos estrat\u00e9gicos del gobierno\u00a0\u00a0 \u00a0\u00a0\u00a0 \u00a033<br \/>\nLa caja de herramientas\u00a0\u00a0 \u00a0\u00a0\u00a0 \u00a037<br \/>\nEl alma de las marionetas\u00a0\u00a0 \u00a0\u00a0\u00a0 \u00a041<br \/>\nPARTE II: EXPLOSI\u00d3N<br \/>\nLa grieta de la modernizaci\u00f3n capitalista\u00a0\u00a0 \u00a0\u00a0\u00a0 \u00a049<br \/>\n\u00bfQui\u00e9n lleva la gorra en Chile?\u00a0\u00a0 \u00a0\u00a0\u00a0 \u00a055<br \/>\nExplosi\u00f3n de los bordes y cambio constitucional\u00a0\u00a0 \u00a0\u00a0\u00a0 \u00a061<br \/>\nPersistencia de partidos tradicionales y arquitectura constituyente\u00a0\u00a0 \u00a0\u00a0\u00a0 \u00a067<br \/>\nPARTE III: PENUMBRAS<br \/>\nTres tipos de ate\u00edsmo pol\u00edtico\u00a0\u00a0 \u00a0\u00a0\u00a0 \u00a075<br \/>\nSubjetividades postestatales\u00a0\u00a0 \u00a0\u00a0\u00a0 \u00a079<br \/>\nGobernando los vac\u00edos\u00a0\u00a0 \u00a0\u00a0\u00a0 \u00a087<br \/>\nPap\u00e1 sali\u00f3 en viaje de negocios\u00a0\u00a0 \u00a0\u00a0\u00a0 \u00a097<br \/>\nRet\u00f3ricas de la reacci\u00f3n\u00a0\u00a0 \u00a0\u00a0\u00a0 \u00a0101<br \/>\nConfinamiento\u00a0\u00a0 \u00a0\u00a0\u00a0 \u00a0107<br \/>\nBibliograf\u00eda\u00a0\u00a0 \u00a0\u00a0\u00a0 \u00a0115<\/p>\n","protected":false},"excerpt":{"rendered":"<p>Este libro tiene la forma de una bit\u00e1cora que re\u00fane ensayos escritos en el devenir reciente del proceso pol\u00edtico en Chile, en su mayor\u00eda al calor de las manifestaciones de octubre de 2019 qu\u00e9 transform\u00f3 a uno de los sistemas pol\u00edticos m\u00e1s estables de Am\u00e9rica Latina en una democracia en crisis. Los ensayos qu\u00e9 integran este trabajo constituyen an\u00e1lisis realizados siguiendo de cerca a los hechos, pero en un di\u00e1logo permanente con las teor\u00edas que tratan de explicar los procesos pol\u00edticos de continuidad y el cambio. Esta exploraci\u00f3n se organiza en tres partes. La primera secci\u00f3n titulada autoenga\u00f1o\u00a0reconstruye antecedentes relevantes del estallido social en Chile; la segunda analiza episodios y dimensiones de la explosi\u00f3n social del 18-O y la tercera parte discute escenarios futuros en un contexto marcado por la incertidumbre, la polarizaci\u00f3n y la ausencia de conducci\u00f3n pol\u00edtica. Desde una perspectiva m\u00e1s general, se examinan diferentes momentos y procesos a trav\u00e9s de los cuales esta democracia cimentada en base a la pol\u00edtica de los consensos\u00a0y apegada al imperativo de la estabilidad, fue deconstruida socialmente para impulsar transformaciones profundas y cambios en la organizaci\u00f3n del r\u00e9gimen pol\u00edtico. \u00cdndice Introducci\u00f3n\u00a0\u00a0 \u00a0\u00a0\u00a0 \u00a09 PARTE I: AUTOENGA\u00d1O La ley del desplazamiento hacia la izquierda\u00a0\u00a0 \u00a0\u00a0\u00a0 \u00a019 Y a m\u00ed \u00bfQu\u00e9 mierda me importa?\u00a0\u00a0 \u00a0\u00a0\u00a0 \u00a025 La \u00f3ptima indiferencia de la democracia\u00a0\u00a0 \u00a0\u00a0\u00a0 \u00a029 Los nudos estrat\u00e9gicos del gobierno\u00a0\u00a0 \u00a0\u00a0\u00a0 \u00a033 La caja de herramientas\u00a0\u00a0 \u00a0\u00a0\u00a0 \u00a037 El alma de las marionetas\u00a0\u00a0 \u00a0\u00a0\u00a0 \u00a041 PARTE II: EXPLOSI\u00d3N La grieta de la modernizaci\u00f3n capitalista\u00a0\u00a0 \u00a0\u00a0\u00a0 \u00a049 \u00bfQui\u00e9n lleva la gorra en Chile?\u00a0\u00a0 \u00a0\u00a0\u00a0 \u00a055 Explosi\u00f3n de los bordes y cambio constitucional\u00a0\u00a0 \u00a0\u00a0\u00a0 \u00a061 Persistencia de partidos tradicionales y arquitectura constituyente\u00a0\u00a0 \u00a0\u00a0\u00a0 \u00a067 PARTE III: PENUMBRAS Tres tipos de ate\u00edsmo pol\u00edtico\u00a0\u00a0 \u00a0\u00a0\u00a0 \u00a075 Subjetividades postestatales\u00a0\u00a0 \u00a0\u00a0\u00a0 \u00a079 Gobernando los vac\u00edos\u00a0\u00a0 \u00a0\u00a0\u00a0 \u00a087 Pap\u00e1 sali\u00f3 en viaje de negocios\u00a0\u00a0 \u00a0\u00a0\u00a0 \u00a097 Ret\u00f3ricas de la reacci\u00f3n\u00a0\u00a0 \u00a0\u00a0\u00a0 \u00a0101 Confinamiento\u00a0\u00a0 \u00a0\u00a0\u00a0 \u00a0107 Bibliograf\u00eda\u00a0\u00a0 \u00a0\u00a0\u00a0 \u00a0115<\/p>\n","protected":false},"featured_media":3982,"comment_status":"open","ping_status":"closed","template":"","meta":{"inline_featured_image":false,"_joinchat":[]},"product_brand":[],"product_cat":[33],"product_tag":[],"class_list":{"0":"post-3952","1":"product","2":"type-product","3":"status-publish","4":"has-post-thumbnail","6":"product_cat-constitucional","7":"product_shipping_class-a-convenir","9":"first","10":"instock","11":"shipping-taxable","12":"purchasable","13":"product-type-simple"},"_links":{"self":[{"href":"https:\/\/bibliotecajuridicavirtual.cl\/index.php\/wp-json\/wp\/v2\/product\/3952","targetHints":{"allow":["GET"]}}],"collection":[{"href":"https:\/\/bibliotecajuridicavirtual.cl\/index.php\/wp-json\/wp\/v2\/product"}],"about":[{"href":"https:\/\/bibliotecajuridicavirtual.cl\/index.php\/wp-json\/wp\/v2\/types\/product"}],"replies":[{"embeddable":true,"href":"https:\/\/bibliotecajuridicavirtual.cl\/index.php\/wp-json\/wp\/v2\/comments?post=3952"}],"wp:featuredmedia":[{"embeddable":true,"href":"https:\/\/bibliotecajuridicavirtual.cl\/index.php\/wp-json\/wp\/v2\/media\/3982"}],"wp:attachment":[{"href":"https:\/\/bibliotecajuridicavirtual.cl\/index.php\/wp-json\/wp\/v2\/media?parent=3952"}],"wp:term":[{"taxonomy":"product_brand","embeddable":true,"href":"https:\/\/bibliotecajuridicavirtual.cl\/index.php\/wp-json\/wp\/v2\/product_brand?post=3952"},{"taxonomy":"product_cat","embeddable":true,"href":"https:\/\/bibliotecajuridicavirtual.cl\/index.php\/wp-json\/wp\/v2\/product_cat?post=3952"},{"taxonomy":"product_tag","embeddable":true,"href":"https:\/\/bibliotecajuridicavirtual.cl\/index.php\/wp-json\/wp\/v2\/product_tag?post=3952"}],"curies":[{"name":"wp","href":"https:\/\/api.w.org\/{rel}","templated":true}]}}