{"id":3953,"date":"2026-02-28T01:21:41","date_gmt":"2026-02-28T04:21:41","guid":{"rendered":"https:\/\/bibliotecajuridicavirtual.cl\/?post_type=product&#038;p=3953"},"modified":"2026-02-28T01:21:57","modified_gmt":"2026-02-28T04:21:57","slug":"el-estado-de-derecho-rule-of-law-ano-2018-303-pag-autor-tom-bingham","status":"publish","type":"product","link":"https:\/\/bibliotecajuridicavirtual.cl\/index.php\/product\/el-estado-de-derecho-rule-of-law-ano-2018-303-pag-autor-tom-bingham\/","title":{"rendered":"El Estado de Derecho. Rule of Law. A\u00f1o 2018\/ 303 P\u00e1g. Autor Tom Bingham"},"content":{"rendered":"<p>Tom Bingham, &#8220;el m\u00e1s eminente de nuestros jueces&#8221; (seg\u00fan el diario brit\u00e1nico The Guardian), ejerci\u00f3 sucesivamente tres cargos de gran importancia en el Reino Unido: Master of Rolls, Lord Chief Justice de Inglaterra y Gales, y Senior Law Lord del Reino Unido, convirti\u00e9ndose as\u00ed en la \u00fanica persona en ocupar los tres puestos. En 1996, cuando fue designado Lord Chief Justice, fue nombrado miembro vitalicio del Condado de Powys con el t\u00edtulo de Bar\u00f3n Bingham de Cornhill. En 2005 fue designado Caballero de la Orden de la Jarretera, siendo el primer juez de carrera en ser honrado con dicha distinci\u00f3n. Se retir\u00f3 en 2008 y en ese mismo a\u00f1o fue elegido por el Institut de France como el ganador del premio en Derecho otorgado por la Alexander S. Onassis Public Benefit Foundation. Tom Bingham muri\u00f3 en septiembre de 2010, seis meses despu\u00e9s de la primera publicaci\u00f3n de este libro. El Tom Bingham Centre for the Rule of Law se estableci\u00f3 en 2010 con el apoyo de Lord Bingham, como un \u00e1rea dentro del British Institute of International and Comparative Law, y procura apoyar y fortalecer el desarrollo del estado de derecho como se se\u00f1ala en este libro. El Estado de Derecho fue escogido como &#8220;libro del a\u00f1o&#8221; por Chris Patten (en the Observer), Gideon Rachman (en the Fanancial Times) y Geofrey Robertson (en the New Statesman).<\/p>\n<div>\u00cdndice<br \/>\nNota del traductor\u00a0\u00a013<br \/>\nPr\u00f3logo\u00a0\u00a015<br \/>\nPrefacio\u00a0\u00a021<br \/>\nParte I<br \/>\n1. La importancia del estado de derecho\u00a0\u00a027<br \/>\n2. Algo de historia\u00a0\u00a039<br \/>\n(1)\u00a0Carta Magna de 1215\u00a0\u00a039<br \/>\n(2)\u00a0Habeas corpus: el desaf\u00edo a las detenciones ilegales\u00a0\u00a044<br \/>\n(3)\u00a0La abolici\u00f3n de la tortura\u00a0\u00a047<br \/>\n(4)\u00a0La Petici\u00f3n de Derechos de 1628\u00a0\u00a050<br \/>\n(5)\u00a0Las resoluciones de Sir Matthew Hale\u00a0\u00a055<br \/>\n(6)\u00a0La Reforma a la Ley de Habeas Corpus de 1679\u00a0\u00a058<br \/>\n(7)\u00a0La Carta de Derechos de 1689 y la Ley de Instauraci\u00f3n de 1701\u00a0\u00a060<br \/>\n(8)\u00a0La Constituci\u00f3n de los Estados Unidos de Am\u00e9rica\u00a0\u00a064<br \/>\n(9)\u00a0La Declaraci\u00f3n Francesa de los Derechos del Hombre y del Ciudadano de 1789\u00a0\u00a067<br \/>\n(10)\u00a0La Carta de Derechos de Estados Unidos\u00a0\u00a068<br \/>\n(11)\u00a0La Ley de Guerra\u00a0\u00a071<br \/>\n(12)\u00a0La Declaraci\u00f3n Universal de Derechos Humanos\u00a0\u00a075<br \/>\nParte II<br \/>\n3. La accesibilidad de la Ley\u00a0\u00a079<br \/>\n(1)\u00a0La Ley debe ser accesible y, en tanto sea posible, inteligible, clara y predecible\u00a0\u00a079<br \/>\nLey escrita\u00a0\u00a084<br \/>\nLey hecha por los jueces\u00a0\u00a088<br \/>\nEl Derecho de la Uni\u00f3n Europea\u00a0\u00a094<br \/>\n4. Ley, no discrecionalidad\u00a0\u00a097<br \/>\n(2)\u00a0Los problemas jur\u00eddicos sobre derechos y obligaciones normalmente deben resolverse aplicando la ley en vez de hacer uso de la discrecionalidad\u00a0\u00a097<br \/>\n5. Igualdad ante la Ley\u00a0\u00a0109<br \/>\n(3)\u00a0Las leyes del pa\u00eds deben aplicar igualmente a todos, salvo en los casos en los que las diferencias objetivas justifiquen la diferenciaci\u00f3n\u00a0\u00a0109<br \/>\n6. El ejercicio del poder\u00a0\u00a0117<br \/>\n(4)\u00a0Ministros y funcionarios p\u00fablicos de todos\u00a0 los niveles deben ejercer las facultades a ellos\u00a0 conferidas de buena fe, de manera justa, para el prop\u00f3sito para las que \u00e9stas fueron conferidas, sin exceder los l\u00edmites de tales facultades y no de una manera irrazonable\u00a0\u00a0117<br \/>\n7. Derechos humanos \u00a0\u00a0127<br \/>\n(5)\u00a0La ley debe otorgar protecci\u00f3n adecuada de los derechos humanos fundamentales\u00a0\u00a0127<br \/>\nArt\u00edculo 2: El derecho a la vida\u00a0\u00a0131<br \/>\nArt\u00edculo 3: La prohibici\u00f3n de la tortura\u00a0\u00a0134<br \/>\nArt\u00edculo 4: Prohibici\u00f3n de la esclavitud y del trabajo forzado\u00a0\u00a0135<br \/>\nArt\u00edculo 5:\u00a0 Derecho a la libertad y la seguridad \u00a0\u00a0136<br \/>\nArt\u00edculo 6: Derecho a un proceso equitativo \u00a0\u00a0139<br \/>\nArt\u00edculo 7: No hay pena sin ley\u00a0\u00a0139<br \/>\nArt\u00edculo 8: Derecho al respeto a la vida privada y familiar \u00a0\u00a0140<br \/>\nArt\u00edculo 9:\u00a0 Libertad de pensamiento,\u00a0 de conciencia y de religi\u00f3n\u00a0\u00a0144<br \/>\nArt\u00edculo 10: Libertad de expresi\u00f3n\u00a0\u00a0146<br \/>\nArt\u00edculo 11: Libertad de Reuni\u00f3n y asociaci\u00f3n\u00a0\u00a0149<br \/>\nArt\u00edculo 12: Derecho a contraer matrimonio\u00a0\u00a0151<br \/>\nArt\u00edculo 14\u00a0\u00a0152<br \/>\nPrimer Protocolo. Art\u00edculo 1. Protecci\u00f3n de la propiedad\u00a0\u00a0153<br \/>\nPrimer Protocolo. Art\u00edculo 2. Derecho a la educaci\u00f3n \u00a0\u00a0154<br \/>\nConclusi\u00f3n \u00a0\u00a0155<br \/>\n8. Soluci\u00f3n de disputas\u00a0\u00a0159<br \/>\n(6)\u00a0Se deben proveer los medios para resolver de buena fe, sin costos y retrasos excesivos, las disputas civiles que las partes no puedan resolver por ellas mismas \u00a0\u00a0159<br \/>\nCap\u00edtulo 9: Juicio justo \u00a0\u00a0167<br \/>\n(7)?Los procedimientos jurisdiccionales resueltos por el estado deben ser justos\u00a0\u00a0167<br \/>\nJuicios penales \u00a0\u00a0177<br \/>\nAcciones civiles \u00a0\u00a0183<br \/>\nProcesos h\u00edbridos\u00a0\u00a0187<br \/>\n10. El estado de derecho en el orden legal internacional\u00a0\u00a0199<br \/>\n(7)\u00a0El estado de derecho exige del Estado el cumplimiento de sus obligaciones tantoen el derecho internacional como en el derecho nacional \u00a0\u00a0199<br \/>\nGuerra\u00a0\u00a0215<br \/>\nParte III<br \/>\n11. Terrorismo y estado de derecho \u00a0\u00a0235<br \/>\nLa Guerra contra el terror\u00a0\u00a0241<br \/>\nFacultad del ejecutivo \u00a0\u00a0243<br \/>\nEntrega extraordinaria \u00a0\u00a0244<br \/>\nLegislaci\u00f3n\u00a0\u00a0252<br \/>\nNo-nacionales\u00a0\u00a0253<br \/>\nDetenci\u00f3n sin acusaci\u00f3n o juicio\u00a0\u00a0255<br \/>\nGarant\u00edas para un juicio justo\u00a0\u00a0264<br \/>\nTortura\u00a0\u00a0266<br \/>\nVigilancia\u00a0\u00a0273<br \/>\nLa guerra en Irak\u00a0\u00a0277<br \/>\nConclusi\u00f3n\u00a0\u00a0278<br \/>\n12. El estado de derecho y la soberan\u00eda del parlamento \u00a0\u00a0281<br \/>\nEp\u00edlogo\u00a0\u00a0299<\/div>\n<div><\/div>\n","protected":false},"excerpt":{"rendered":"<p>Tom Bingham, &#8220;el m\u00e1s eminente de nuestros jueces&#8221; (seg\u00fan el diario brit\u00e1nico The Guardian), ejerci\u00f3 sucesivamente tres cargos de gran importancia en el Reino Unido: Master of Rolls, Lord Chief Justice de Inglaterra y Gales, y Senior Law Lord del Reino Unido, convirti\u00e9ndose as\u00ed en la \u00fanica persona en ocupar los tres puestos. En 1996, cuando fue designado Lord Chief Justice, fue nombrado miembro vitalicio del Condado de Powys con el t\u00edtulo de Bar\u00f3n Bingham de Cornhill. En 2005 fue designado Caballero de la Orden de la Jarretera, siendo el primer juez de carrera en ser honrado con dicha distinci\u00f3n. Se retir\u00f3 en 2008 y en ese mismo a\u00f1o fue elegido por el Institut de France como el ganador del premio en Derecho otorgado por la Alexander S. Onassis Public Benefit Foundation. Tom Bingham muri\u00f3 en septiembre de 2010, seis meses despu\u00e9s de la primera publicaci\u00f3n de este libro. El Tom Bingham Centre for the Rule of Law se estableci\u00f3 en 2010 con el apoyo de Lord Bingham, como un \u00e1rea dentro del British Institute of International and Comparative Law, y procura apoyar y fortalecer el desarrollo del estado de derecho como se se\u00f1ala en este libro. El Estado de Derecho fue escogido como &#8220;libro del a\u00f1o&#8221; por Chris Patten (en the Observer), Gideon Rachman (en the Fanancial Times) y Geofrey Robertson (en the New Statesman). \u00cdndice Nota del traductor\u00a0\u00a013 Pr\u00f3logo\u00a0\u00a015 Prefacio\u00a0\u00a021 Parte I 1. La importancia del estado de derecho\u00a0\u00a027 2. Algo de historia\u00a0\u00a039 (1)\u00a0Carta Magna de 1215\u00a0\u00a039 (2)\u00a0Habeas corpus: el desaf\u00edo a las detenciones ilegales\u00a0\u00a044 (3)\u00a0La abolici\u00f3n de la tortura\u00a0\u00a047 (4)\u00a0La Petici\u00f3n de Derechos de 1628\u00a0\u00a050 (5)\u00a0Las resoluciones de Sir Matthew Hale\u00a0\u00a055 (6)\u00a0La Reforma a la Ley de Habeas Corpus de 1679\u00a0\u00a058 (7)\u00a0La Carta de Derechos de 1689 y la Ley de Instauraci\u00f3n de 1701\u00a0\u00a060 (8)\u00a0La Constituci\u00f3n de los Estados Unidos de Am\u00e9rica\u00a0\u00a064 (9)\u00a0La Declaraci\u00f3n Francesa de los Derechos del Hombre y del Ciudadano de 1789\u00a0\u00a067 (10)\u00a0La Carta de Derechos de Estados Unidos\u00a0\u00a068 (11)\u00a0La Ley de Guerra\u00a0\u00a071 (12)\u00a0La Declaraci\u00f3n Universal de Derechos Humanos\u00a0\u00a075 Parte II 3. La accesibilidad de la Ley\u00a0\u00a079 (1)\u00a0La Ley debe ser accesible y, en tanto sea posible, inteligible, clara y predecible\u00a0\u00a079 Ley escrita\u00a0\u00a084 Ley hecha por los jueces\u00a0\u00a088 El Derecho de la Uni\u00f3n Europea\u00a0\u00a094 4. Ley, no discrecionalidad\u00a0\u00a097 (2)\u00a0Los problemas jur\u00eddicos sobre derechos y obligaciones normalmente deben resolverse aplicando la ley en vez de hacer uso de la discrecionalidad\u00a0\u00a097 5. Igualdad ante la Ley\u00a0\u00a0109 (3)\u00a0Las leyes del pa\u00eds deben aplicar igualmente a todos, salvo en los casos en los que las diferencias objetivas justifiquen la diferenciaci\u00f3n\u00a0\u00a0109 6. El ejercicio del poder\u00a0\u00a0117 (4)\u00a0Ministros y funcionarios p\u00fablicos de todos\u00a0 los niveles deben ejercer las facultades a ellos\u00a0 conferidas de buena fe, de manera justa, para el prop\u00f3sito para las que \u00e9stas fueron conferidas, sin exceder los l\u00edmites de tales facultades y no de una manera irrazonable\u00a0\u00a0117 7. Derechos humanos \u00a0\u00a0127 (5)\u00a0La ley debe otorgar protecci\u00f3n adecuada de los derechos humanos fundamentales\u00a0\u00a0127 Art\u00edculo 2: El derecho a la vida\u00a0\u00a0131 Art\u00edculo 3: La prohibici\u00f3n de la tortura\u00a0\u00a0134 Art\u00edculo 4: Prohibici\u00f3n de la esclavitud y del trabajo forzado\u00a0\u00a0135 Art\u00edculo 5:\u00a0 Derecho a la libertad y la seguridad \u00a0\u00a0136 Art\u00edculo 6: Derecho a un proceso equitativo \u00a0\u00a0139 Art\u00edculo 7: No hay pena sin ley\u00a0\u00a0139 Art\u00edculo 8: Derecho al respeto a la vida privada y familiar \u00a0\u00a0140 Art\u00edculo 9:\u00a0 Libertad de pensamiento,\u00a0 de conciencia y de religi\u00f3n\u00a0\u00a0144 Art\u00edculo 10: Libertad de expresi\u00f3n\u00a0\u00a0146 Art\u00edculo 11: Libertad de Reuni\u00f3n y asociaci\u00f3n\u00a0\u00a0149 Art\u00edculo 12: Derecho a contraer matrimonio\u00a0\u00a0151 Art\u00edculo 14\u00a0\u00a0152 Primer Protocolo. Art\u00edculo 1. Protecci\u00f3n de la propiedad\u00a0\u00a0153 Primer Protocolo. Art\u00edculo 2. Derecho a la educaci\u00f3n \u00a0\u00a0154 Conclusi\u00f3n \u00a0\u00a0155 8. Soluci\u00f3n de disputas\u00a0\u00a0159 (6)\u00a0Se deben proveer los medios para resolver de buena fe, sin costos y retrasos excesivos, las disputas civiles que las partes no puedan resolver por ellas mismas \u00a0\u00a0159 Cap\u00edtulo 9: Juicio justo \u00a0\u00a0167 (7)?Los procedimientos jurisdiccionales resueltos por el estado deben ser justos\u00a0\u00a0167 Juicios penales \u00a0\u00a0177 Acciones civiles \u00a0\u00a0183 Procesos h\u00edbridos\u00a0\u00a0187 10. El estado de derecho en el orden legal internacional\u00a0\u00a0199 (7)\u00a0El estado de derecho exige del Estado el cumplimiento de sus obligaciones tantoen el derecho internacional como en el derecho nacional \u00a0\u00a0199 Guerra\u00a0\u00a0215 Parte III 11. Terrorismo y estado de derecho \u00a0\u00a0235 La Guerra contra el terror\u00a0\u00a0241 Facultad del ejecutivo \u00a0\u00a0243 Entrega extraordinaria \u00a0\u00a0244 Legislaci\u00f3n\u00a0\u00a0252 No-nacionales\u00a0\u00a0253 Detenci\u00f3n sin acusaci\u00f3n o juicio\u00a0\u00a0255 Garant\u00edas para un juicio justo\u00a0\u00a0264 Tortura\u00a0\u00a0266 Vigilancia\u00a0\u00a0273 La guerra en Irak\u00a0\u00a0277 Conclusi\u00f3n\u00a0\u00a0278 12. El estado de derecho y la soberan\u00eda del parlamento \u00a0\u00a0281 Ep\u00edlogo\u00a0\u00a0299<\/p>\n","protected":false},"featured_media":3983,"comment_status":"open","ping_status":"closed","template":"","meta":{"inline_featured_image":false,"_joinchat":[]},"product_brand":[],"product_cat":[44],"product_tag":[],"class_list":{"0":"post-3953","1":"product","2":"type-product","3":"status-publish","4":"has-post-thumbnail","6":"product_cat-filosofia-del-derecho-y-introduccion","7":"product_shipping_class-a-convenir","9":"first","10":"instock","11":"shipping-taxable","12":"purchasable","13":"product-type-simple"},"_links":{"self":[{"href":"https:\/\/bibliotecajuridicavirtual.cl\/index.php\/wp-json\/wp\/v2\/product\/3953","targetHints":{"allow":["GET"]}}],"collection":[{"href":"https:\/\/bibliotecajuridicavirtual.cl\/index.php\/wp-json\/wp\/v2\/product"}],"about":[{"href":"https:\/\/bibliotecajuridicavirtual.cl\/index.php\/wp-json\/wp\/v2\/types\/product"}],"replies":[{"embeddable":true,"href":"https:\/\/bibliotecajuridicavirtual.cl\/index.php\/wp-json\/wp\/v2\/comments?post=3953"}],"wp:featuredmedia":[{"embeddable":true,"href":"https:\/\/bibliotecajuridicavirtual.cl\/index.php\/wp-json\/wp\/v2\/media\/3983"}],"wp:attachment":[{"href":"https:\/\/bibliotecajuridicavirtual.cl\/index.php\/wp-json\/wp\/v2\/media?parent=3953"}],"wp:term":[{"taxonomy":"product_brand","embeddable":true,"href":"https:\/\/bibliotecajuridicavirtual.cl\/index.php\/wp-json\/wp\/v2\/product_brand?post=3953"},{"taxonomy":"product_cat","embeddable":true,"href":"https:\/\/bibliotecajuridicavirtual.cl\/index.php\/wp-json\/wp\/v2\/product_cat?post=3953"},{"taxonomy":"product_tag","embeddable":true,"href":"https:\/\/bibliotecajuridicavirtual.cl\/index.php\/wp-json\/wp\/v2\/product_tag?post=3953"}],"curies":[{"name":"wp","href":"https:\/\/api.w.org\/{rel}","templated":true}]}}