{"id":3954,"date":"2026-02-28T01:21:41","date_gmt":"2026-02-28T04:21:41","guid":{"rendered":"https:\/\/bibliotecajuridicavirtual.cl\/?post_type=product&#038;p=3954"},"modified":"2026-02-28T01:21:58","modified_gmt":"2026-02-28T04:21:58","slug":"justicia-restaurativa-herramientas-para-el-cambio-desde-la-gestion-del-conflicto-ano-2017-236-pag-autor-isabel-ximena-gonzalez-ramirez-y-maria-soledad-fuentealba-martinez","status":"publish","type":"product","link":"https:\/\/bibliotecajuridicavirtual.cl\/index.php\/product\/justicia-restaurativa-herramientas-para-el-cambio-desde-la-gestion-del-conflicto-ano-2017-236-pag-autor-isabel-ximena-gonzalez-ramirez-y-maria-soledad-fuentealba-martinez\/","title":{"rendered":"Justicia Restaurativa: Herramientas Para el Cambio Desde la Gesti\u00f3n del Conflicto. A\u00f1o 2017\/236 P\u00e1g. Autor Isabel Ximena Gonz\u00e1lez Ram\u00edrez y Mar\u00eda Soledad Fuentealba Mart\u00ednez"},"content":{"rendered":"<p>En la presente publicaci\u00f3n del Centro de Mediaci\u00f3n, Negociaci\u00f3n y Arbitraje (CMNA) de la Facultad de Derecho de la Universidad Central de Chile, el lector podr\u00e1 encontrar estudios e informaci\u00f3n reciente y actualizada en relaci\u00f3n con el uso de mecanismos colaborativos de confl ictos, con miras a difundir paradigmas que abran espacios a nuevas formas de justicia. Este libro busca dar a conocer la producci\u00f3n te\u00f3rica, metodol\u00f3gica y empirica en materias de Justicia Restaurativa, Mediaci\u00f3n y Arbitraje, para promover la generaci\u00f3n de conocimientos desde una perspectiva interdisciplinaria, en el \u00e1mbito jur\u00eddico, psicol\u00f3gico y sociol\u00f3gico. Es por ello, que sus autores, integrantes del CMNA, docentes, invitados y egresados de programas de Mag\u00edster, presentan obras de referencia o gu\u00edas especialmente \u00fatiles para profesionales interesados en el acceso a la justicia, contribuyendo de esta manera a la discusi\u00f3n acad\u00e9mica en torno a las v\u00edas no adversariales de soluci\u00f3n de confl ictos.<\/p>\n","protected":false},"excerpt":{"rendered":"<p>En la presente publicaci\u00f3n del Centro de Mediaci\u00f3n, Negociaci\u00f3n y Arbitraje (CMNA) de la Facultad de Derecho de la Universidad Central de Chile, el lector podr\u00e1 encontrar estudios e informaci\u00f3n reciente y actualizada en relaci\u00f3n con el uso de mecanismos colaborativos de confl ictos, con miras a difundir paradigmas que abran espacios a nuevas formas de justicia. Este libro busca dar a conocer la producci\u00f3n te\u00f3rica, metodol\u00f3gica y empirica en materias de Justicia Restaurativa, Mediaci\u00f3n y Arbitraje, para promover la generaci\u00f3n de conocimientos desde una perspectiva interdisciplinaria, en el \u00e1mbito jur\u00eddico, psicol\u00f3gico y sociol\u00f3gico. Es por ello, que sus autores, integrantes del CMNA, docentes, invitados y egresados de programas de Mag\u00edster, presentan obras de referencia o gu\u00edas especialmente \u00fatiles para profesionales interesados en el acceso a la justicia, contribuyendo de esta manera a la discusi\u00f3n acad\u00e9mica en torno a las v\u00edas no adversariales de soluci\u00f3n de confl ictos.<\/p>\n","protected":false},"featured_media":3984,"comment_status":"open","ping_status":"closed","template":"","meta":{"inline_featured_image":false,"_joinchat":[]},"product_brand":[],"product_cat":[44],"product_tag":[],"class_list":{"0":"post-3954","1":"product","2":"type-product","3":"status-publish","4":"has-post-thumbnail","6":"product_cat-filosofia-del-derecho-y-introduccion","7":"product_shipping_class-a-convenir","9":"first","10":"instock","11":"shipping-taxable","12":"purchasable","13":"product-type-simple"},"_links":{"self":[{"href":"https:\/\/bibliotecajuridicavirtual.cl\/index.php\/wp-json\/wp\/v2\/product\/3954","targetHints":{"allow":["GET"]}}],"collection":[{"href":"https:\/\/bibliotecajuridicavirtual.cl\/index.php\/wp-json\/wp\/v2\/product"}],"about":[{"href":"https:\/\/bibliotecajuridicavirtual.cl\/index.php\/wp-json\/wp\/v2\/types\/product"}],"replies":[{"embeddable":true,"href":"https:\/\/bibliotecajuridicavirtual.cl\/index.php\/wp-json\/wp\/v2\/comments?post=3954"}],"wp:featuredmedia":[{"embeddable":true,"href":"https:\/\/bibliotecajuridicavirtual.cl\/index.php\/wp-json\/wp\/v2\/media\/3984"}],"wp:attachment":[{"href":"https:\/\/bibliotecajuridicavirtual.cl\/index.php\/wp-json\/wp\/v2\/media?parent=3954"}],"wp:term":[{"taxonomy":"product_brand","embeddable":true,"href":"https:\/\/bibliotecajuridicavirtual.cl\/index.php\/wp-json\/wp\/v2\/product_brand?post=3954"},{"taxonomy":"product_cat","embeddable":true,"href":"https:\/\/bibliotecajuridicavirtual.cl\/index.php\/wp-json\/wp\/v2\/product_cat?post=3954"},{"taxonomy":"product_tag","embeddable":true,"href":"https:\/\/bibliotecajuridicavirtual.cl\/index.php\/wp-json\/wp\/v2\/product_tag?post=3954"}],"curies":[{"name":"wp","href":"https:\/\/api.w.org\/{rel}","templated":true}]}}