{"id":3955,"date":"2026-02-28T01:21:41","date_gmt":"2026-02-28T04:21:41","guid":{"rendered":"https:\/\/bibliotecajuridicavirtual.cl\/?post_type=product&#038;p=3955"},"modified":"2026-02-28T01:21:59","modified_gmt":"2026-02-28T04:21:59","slug":"formularios-de-derecho-civil-ano-2020-168-pag-autor-alicia-castillo-saldias","status":"publish","type":"product","link":"https:\/\/bibliotecajuridicavirtual.cl\/index.php\/product\/formularios-de-derecho-civil-ano-2020-168-pag-autor-alicia-castillo-saldias\/","title":{"rendered":"Formularios de Derecho Civil. A\u00f1o 2020\/ 168 P\u00e1g. Autor Alicia Castillo Sald\u00edas"},"content":{"rendered":"<p style=\"font-weight: 400;\">Como resultado de\u00a0la preocupaci\u00f3n de la autora por proporcionar a quienes se desempe\u00f1an en el \u00e1mbito civil,\u00a0patrimonial y familiar, textos que aporten al desarrollo pr\u00e1ctico de\u00a0la profesi\u00f3n, surge la presente obra. En ella se presenta en forma pormenorizada la integridad de los modelos de demandas, escritos y contratos que reconozco como adecuados para este fin.<\/p>\n<p style=\"font-weight: 400;\">Es as\u00ed, que el trabajo contenido al interior de las p\u00e1ginas contiene un universo amplio de formularios de \u00fatil aplicaci\u00f3n ,dise\u00f1ados para que sean adaptados a las necesidades de las partes, fomentando la uniformidad y mejoramiento de la pr\u00e1ctica forense.<\/p>\n<p style=\"font-weight: 400;\">El texto se estructura en cinco partes, que ordenan sistem\u00e1ticamente la pr\u00e1ctica jur\u00eddica: las acciones protectoras de dominio, las limitaciones al derecho de dominio, contratos, responsabilidad y familia, y respecto de cada parte se presentan las instituciones respectivas. Asimismo, \u00e9stas se condensan en formularios, solicitudes, contratos, demandas y escritos comentados que permiten su adecuada aplicaci\u00f3n y que proporcionan una gran utilidad para el ejercicio profesional.<\/p>\n<ol>\n<li style=\"font-weight: 400;\"><b><strong> \u00a0LAS ACCIONES PROTECTORAS<\/strong><\/b>1.\u00a0\u00a0 \u00a0Acci\u00f3n reivindicatoria bien inmueble\n<p>2.\u00a0\u00a0 \u00a0Acciones posesorias<br \/>\n2.1.\u00a0\u00a0 \u00a0Querella posesoria de amparo<br \/>\n2.2.\u00a0\u00a0 \u00a0Querella posesoria de restablecimiento<br \/>\n2.3.\u00a0\u00a0 \u00a0Querella posesoria de restituci\u00f3n<\/p>\n<p>3.\u00a0\u00a0 \u00a0Acciones posesorias especiales<br \/>\n3.1.\u00a0\u00a0 \u00a0Demanda de obra nueva<br \/>\n3.2.\u00a0\u00a0 \u00a0Demanda de obra ruinosa<\/p>\n<p><b><strong>II.\u00a0\u00a0 \u00a0LAS LIMITACIONES AL DERECHO DE DOMINIO<\/strong><\/b><\/p>\n<p>1.\u00a0\u00a0 \u00a0Usufructo<br \/>\n1.1.\u00a0\u00a0 \u00a0Constituci\u00f3n de usufructo gratuito<br \/>\n1.2.\u00a0\u00a0 \u00a0Constituci\u00f3n de usufructo oneroso<\/p>\n<p>2.\u00a0\u00a0 \u00a0La propiedad fiduciaria<\/p>\n<p>3.\u00a0\u00a0 \u00a0Derecho de uso y habitaci\u00f3n<br \/>\n3.1.\u00a0\u00a0 \u00a0Contrato derecho de uso y habitaci\u00f3n<br \/>\n3.2.\u00a0\u00a0 \u00a0Contrato derecho de uso<br \/>\n3.3.\u00a0\u00a0 \u00a0Contrato derecho de habitaci\u00f3n<\/p>\n<p>4.\u00a0\u00a0 \u00a0Servidumbre<br \/>\n4.1.\u00a0\u00a0 \u00a0Servidumbre de luz y vista<br \/>\n4.2.\u00a0\u00a0 \u00a0Servidumbre de tr\u00e1nsito<br \/>\n4.3.\u00a0\u00a0 \u00a0Servidumbre de acueducto<br \/>\n4.4.\u00a0\u00a0 \u00a0Servidumbre de alcantarillado<\/p>\n<p><b><strong>III.\u00a0\u00a0 \u00a0CONTRATOS<\/strong><\/b><\/p>\n<p>1.\u00a0\u00a0 \u00a0Arrendamiento<br \/>\n1.1.\u00a0\u00a0 \u00a0Contrato de arrendamiento de estacionamiento de veh\u00edculo<br \/>\n1.2.\u00a0\u00a0 \u00a0Contrato de arrendamiento de bodega<br \/>\n1.3.\u00a0\u00a0 \u00a0Contrato arrendamiento bien inmueble<br \/>\n1.4.\u00a0\u00a0 \u00a0Contrato arrendamiento bienes muebles<br \/>\n1.5.\u00a0\u00a0 \u00a0Cl\u00e1usula Autorizaci\u00f3n de la mujer al marido para dar en arrendamiento<br \/>\n1.6.\u00a0\u00a0 \u00a0Cl\u00e1usula Autorizaci\u00f3n judicial para dar en arrendamiento<br \/>\n1.7.\u00a0\u00a0 \u00a0Terminaci\u00f3n contrato de arrendamiento<br \/>\n1.8.\u00a0\u00a0 \u00a0Demanda terminaci\u00f3n contrato de arrendamiento por no pago de rentas y desahucio<br \/>\n1.9.\u00a0\u00a0 \u00a0Aviso de termino de contrato de arrendamiento<\/p>\n<p>2.\u00a0\u00a0 \u00a0Cesi\u00f3n<br \/>\n2.1.\u00a0\u00a0 \u00a0Cesi\u00f3n derechos litigiosos<br \/>\n2.2.\u00a0\u00a0 \u00a0Cesi\u00f3n de cr\u00e9dito<br \/>\n2.3.\u00a0\u00a0 \u00a0Cesi\u00f3n de cr\u00e9dito hipotecario<br \/>\n2.4.\u00a0\u00a0 \u00a0Cesi\u00f3n derechos hereditarios<br \/>\n2.5.\u00a0\u00a0 \u00a0Cesi\u00f3n derechos inmueble<\/p>\n<p>3.\u00a0\u00a0 \u00a0Comodato<br \/>\n3.1.\u00a0\u00a0 \u00a0Comodato bienes muebles<br \/>\n3.2.\u00a0\u00a0 \u00a0Comodato inmueble<br \/>\n3.3.\u00a0\u00a0 \u00a0Comodato precario<br \/>\n3.4.\u00a0\u00a0 \u00a0Demanda precario de un bien ra\u00edz. Sumario<\/p>\n<p>4.\u00a0\u00a0 \u00a0Compraventa<br \/>\n4.1.\u00a0\u00a0 \u00a0Compraventa inmueble<br \/>\n4.2.\u00a0\u00a0 \u00a0Compraventa. Departamento, bodega y estacionamiento<br \/>\n4.3.\u00a0\u00a0 \u00a0Compraventa bienes muebles<br \/>\n4.4.\u00a0\u00a0 \u00a0Compraventa veh\u00edculo<br \/>\n4.5.\u00a0\u00a0 \u00a0Autorizaci\u00f3n enajenar bien ra\u00edz<br \/>\n4.6.\u00a0\u00a0 \u00a0Autorizaci\u00f3n de mujer al marido para vender un bien ra\u00edz social<br \/>\n4.7.\u00a0\u00a0 \u00a0Demanda nulidad contrato de compraventa. Lesi\u00f3n enorme<\/p>\n<p>5.\u00a0\u00a0 \u00a0Dep\u00f3sito<\/p>\n<p>6.\u00a0\u00a0 \u00a0Donaci\u00f3n<br \/>\n6.1.\u00a0\u00a0 \u00a0Donaci\u00f3n cosa mueble<br \/>\n6.2.\u00a0\u00a0 \u00a0Donaci\u00f3n inmueble<\/p>\n<p>7.\u00a0\u00a0 \u00a0Fianza<br \/>\n7.1.\u00a0\u00a0 \u00a0Fianza simple<br \/>\n7.2.\u00a0\u00a0 \u00a0Fianza solidaria<br \/>\n8.\u00a0\u00a0 \u00a0Hipoteca<br \/>\n8.1.\u00a0\u00a0 \u00a0Contrato de cancelaci\u00f3n de saldo del precio y alzamiento de hipoteca<\/p>\n<p>9.\u00a0\u00a0 \u00a0Mandato<br \/>\n9.1.\u00a0\u00a0 \u00a0Mandato especial<br \/>\n9.2.\u00a0\u00a0 \u00a0Mandato judicial<br \/>\n9.3.\u00a0\u00a0 \u00a0Mandato para contraer matrimonio<br \/>\n9.4.\u00a0\u00a0 \u00a0Revocaci\u00f3n de mandato<\/p>\n<p>10.\u00a0\u00a0 \u00a0Mutuo<\/p>\n<p>11.\u00a0\u00a0 \u00a0Permuta<br \/>\n11.1.\u00a0\u00a0 \u00a0Permuta bienes muebles<br \/>\n11.2.\u00a0\u00a0 \u00a0Permuta bienes ra\u00edces<\/p>\n<p>12. Prenda<br \/>\n12.1.\u00a0\u00a0 \u00a0Prenda sin desplazamiento<br \/>\n12.2.\u00a0\u00a0 \u00a0Prenda con desplazamiento<\/p>\n<p>13.\u00a0\u00a0 \u00a0Prestaci\u00f3n Servicios<br \/>\n13.1.\u00a0\u00a0 \u00a0Prestaci\u00f3n servicios generales<br \/>\n13.2.\u00a0\u00a0 \u00a0Prestaci\u00f3n servicios profesionales<br \/>\n13.3.\u00a0\u00a0 \u00a0Demanda cobro honorarios<\/p>\n<p>14.\u00a0\u00a0 \u00a0Promesa<br \/>\n14.1.\u00a0\u00a0 \u00a0Promesa compraventa autom\u00f3vil<br \/>\n14.2.\u00a0\u00a0 \u00a0Promesa compraventa bienes muebles<br \/>\n14.3.\u00a0\u00a0 \u00a0Promesa compraventa inmueble<\/p>\n<p><b><strong>IV.\u00a0\u00a0 \u00a0RESPONSABILIDAD<\/strong><\/b><\/p>\n<p>1.\u00a0\u00a0 \u00a0Indemnizaci\u00f3n de perjuicios<br \/>\n1.1.\u00a0\u00a0 \u00a0Indemnizaci\u00f3n de perjuicios por incumplimiento de contrato<br \/>\n1.2.\u00a0\u00a0 \u00a0Indemnizaci\u00f3n de perjuicios por responsabilidad extracontractual<br \/>\n1.3.\u00a0\u00a0 \u00a0Indemnizaci\u00f3n de perjuicios por accidente de tr\u00e1nsito<\/p>\n<p><b><strong>V.\u00a0\u00a0 \u00a0FAMILIA<\/strong><\/b><br \/>\n1.\u00a0\u00a0 \u00a0Nulidad del matrimonio<br \/>\n1.1.\u00a0\u00a0 \u00a0Nulidad por matrimonio no disuelto<br \/>\n1.2.\u00a0\u00a0 \u00a0Nulidad por error sobre las cualidades personales<br \/>\n1.3.\u00a0\u00a0 \u00a0Nulidad del matrimonio por error identidad del contrayente<br \/>\n1.4.\u00a0\u00a0 \u00a0Nulidad de matrimonio por fuerza<\/p>\n<p>2.\u00a0\u00a0 \u00a0Divorcio<br \/>\n2.1.\u00a0\u00a0 \u00a0Divorcio por culpa<br \/>\n2.2.\u00a0\u00a0 \u00a0Divorcio com\u00fan acuerdo por cese convivencia<br \/>\n2.3.\u00a0\u00a0 \u00a0Divorcio unilateral por cese de convivencia<\/p>\n<p>3.\u00a0\u00a0 \u00a0Acuerdo completo y suficiente<\/p>\n<p>4.\u00a0\u00a0 \u00a0Alimentos<br \/>\n4.1.\u00a0\u00a0 \u00a0Alimentos a los abuelos<br \/>\n4.2.\u00a0\u00a0 \u00a0Alimentos menores<br \/>\n4.3.\u00a0\u00a0 \u00a0Alimentos mayores<br \/>\n4.4.\u00a0\u00a0 \u00a0Rebaja alimentos<br \/>\n4.5.\u00a0\u00a0 \u00a0Aumento pensi\u00f3n de alimentos<br \/>\n4.6.\u00a0\u00a0 \u00a0Cese pensi\u00f3n de alimentos<\/p>\n<p>5.\u00a0\u00a0 \u00a0Cuidado personal<br \/>\n5.1.\u00a0\u00a0 \u00a0Demanda cuidado personal<br \/>\n5.2.\u00a0\u00a0 \u00a0Entrega inmediata del menor<br \/>\n5.3.\u00a0\u00a0 \u00a0Avenimiento sobre cuidado personal del menor<\/p>\n<p>6.\u00a0\u00a0 \u00a0Relaci\u00f3n directa y regular<br \/>\n6.1.\u00a0\u00a0 \u00a0Relaci\u00f3n directa y regular a los hijos<br \/>\n6.2.\u00a0\u00a0 \u00a0Relaci\u00f3n directa y regular a los nietos<\/p>\n<p>7.\u00a0\u00a0 \u00a0Violencia Intrafamiliar<br \/>\n7.1.\u00a0\u00a0 \u00a0Demanda violencia intrafamiliar<br \/>\n7.2.\u00a0\u00a0 \u00a0Escrito oficio al servicio m\u00e9dico legal<\/p>\n<p>8.\u00a0\u00a0 \u00a0Bien Familiar<br \/>\n8.1.\u00a0\u00a0 \u00a0Declaraci\u00f3n de bien familiar<br \/>\n8.2.\u00a0\u00a0 \u00a0Autorizaci\u00f3n para vender bien familiar<\/li>\n<\/ol>\n","protected":false},"excerpt":{"rendered":"<p>Como resultado de\u00a0la preocupaci\u00f3n de la autora por proporcionar a quienes se desempe\u00f1an en el \u00e1mbito civil,\u00a0patrimonial y familiar, textos que aporten al desarrollo pr\u00e1ctico de\u00a0la profesi\u00f3n, surge la presente obra. En ella se presenta en forma pormenorizada la integridad de los modelos de demandas, escritos y contratos que reconozco como adecuados para este fin. Es as\u00ed, que el trabajo contenido al interior de las p\u00e1ginas contiene un universo amplio de formularios de \u00fatil aplicaci\u00f3n ,dise\u00f1ados para que sean adaptados a las necesidades de las partes, fomentando la uniformidad y mejoramiento de la pr\u00e1ctica forense. El texto se estructura en cinco partes, que ordenan sistem\u00e1ticamente la pr\u00e1ctica jur\u00eddica: las acciones protectoras de dominio, las limitaciones al derecho de dominio, contratos, responsabilidad y familia, y respecto de cada parte se presentan las instituciones respectivas. Asimismo, \u00e9stas se condensan en formularios, solicitudes, contratos, demandas y escritos comentados que permiten su adecuada aplicaci\u00f3n y que proporcionan una gran utilidad para el ejercicio profesional. \u00a0LAS ACCIONES PROTECTORAS1.\u00a0\u00a0 \u00a0Acci\u00f3n reivindicatoria bien inmueble 2.\u00a0\u00a0 \u00a0Acciones posesorias 2.1.\u00a0\u00a0 \u00a0Querella posesoria de amparo 2.2.\u00a0\u00a0 \u00a0Querella posesoria de restablecimiento 2.3.\u00a0\u00a0 \u00a0Querella posesoria de restituci\u00f3n 3.\u00a0\u00a0 \u00a0Acciones posesorias especiales 3.1.\u00a0\u00a0 \u00a0Demanda de obra nueva 3.2.\u00a0\u00a0 \u00a0Demanda de obra ruinosa II.\u00a0\u00a0 \u00a0LAS LIMITACIONES AL DERECHO DE DOMINIO 1.\u00a0\u00a0 \u00a0Usufructo 1.1.\u00a0\u00a0 \u00a0Constituci\u00f3n de usufructo gratuito 1.2.\u00a0\u00a0 \u00a0Constituci\u00f3n de usufructo oneroso 2.\u00a0\u00a0 \u00a0La propiedad fiduciaria 3.\u00a0\u00a0 \u00a0Derecho de uso y habitaci\u00f3n 3.1.\u00a0\u00a0 \u00a0Contrato derecho de uso y habitaci\u00f3n 3.2.\u00a0\u00a0 \u00a0Contrato derecho de uso 3.3.\u00a0\u00a0 \u00a0Contrato derecho de habitaci\u00f3n 4.\u00a0\u00a0 \u00a0Servidumbre 4.1.\u00a0\u00a0 \u00a0Servidumbre de luz y vista 4.2.\u00a0\u00a0 \u00a0Servidumbre de tr\u00e1nsito 4.3.\u00a0\u00a0 \u00a0Servidumbre de acueducto 4.4.\u00a0\u00a0 \u00a0Servidumbre de alcantarillado III.\u00a0\u00a0 \u00a0CONTRATOS 1.\u00a0\u00a0 \u00a0Arrendamiento 1.1.\u00a0\u00a0 \u00a0Contrato de arrendamiento de estacionamiento de veh\u00edculo 1.2.\u00a0\u00a0 \u00a0Contrato de arrendamiento de bodega 1.3.\u00a0\u00a0 \u00a0Contrato arrendamiento bien inmueble 1.4.\u00a0\u00a0 \u00a0Contrato arrendamiento bienes muebles 1.5.\u00a0\u00a0 \u00a0Cl\u00e1usula Autorizaci\u00f3n de la mujer al marido para dar en arrendamiento 1.6.\u00a0\u00a0 \u00a0Cl\u00e1usula Autorizaci\u00f3n judicial para dar en arrendamiento 1.7.\u00a0\u00a0 \u00a0Terminaci\u00f3n contrato de arrendamiento 1.8.\u00a0\u00a0 \u00a0Demanda terminaci\u00f3n contrato de arrendamiento por no pago de rentas y desahucio 1.9.\u00a0\u00a0 \u00a0Aviso de termino de contrato de arrendamiento 2.\u00a0\u00a0 \u00a0Cesi\u00f3n 2.1.\u00a0\u00a0 \u00a0Cesi\u00f3n derechos litigiosos 2.2.\u00a0\u00a0 \u00a0Cesi\u00f3n de cr\u00e9dito 2.3.\u00a0\u00a0 \u00a0Cesi\u00f3n de cr\u00e9dito hipotecario 2.4.\u00a0\u00a0 \u00a0Cesi\u00f3n derechos hereditarios 2.5.\u00a0\u00a0 \u00a0Cesi\u00f3n derechos inmueble 3.\u00a0\u00a0 \u00a0Comodato 3.1.\u00a0\u00a0 \u00a0Comodato bienes muebles 3.2.\u00a0\u00a0 \u00a0Comodato inmueble 3.3.\u00a0\u00a0 \u00a0Comodato precario 3.4.\u00a0\u00a0 \u00a0Demanda precario de un bien ra\u00edz. Sumario 4.\u00a0\u00a0 \u00a0Compraventa 4.1.\u00a0\u00a0 \u00a0Compraventa inmueble 4.2.\u00a0\u00a0 \u00a0Compraventa. Departamento, bodega y estacionamiento 4.3.\u00a0\u00a0 \u00a0Compraventa bienes muebles 4.4.\u00a0\u00a0 \u00a0Compraventa veh\u00edculo 4.5.\u00a0\u00a0 \u00a0Autorizaci\u00f3n enajenar bien ra\u00edz 4.6.\u00a0\u00a0 \u00a0Autorizaci\u00f3n de mujer al marido para vender un bien ra\u00edz social 4.7.\u00a0\u00a0 \u00a0Demanda nulidad contrato de compraventa. Lesi\u00f3n enorme 5.\u00a0\u00a0 \u00a0Dep\u00f3sito 6.\u00a0\u00a0 \u00a0Donaci\u00f3n 6.1.\u00a0\u00a0 \u00a0Donaci\u00f3n cosa mueble 6.2.\u00a0\u00a0 \u00a0Donaci\u00f3n inmueble 7.\u00a0\u00a0 \u00a0Fianza 7.1.\u00a0\u00a0 \u00a0Fianza simple 7.2.\u00a0\u00a0 \u00a0Fianza solidaria 8.\u00a0\u00a0 \u00a0Hipoteca 8.1.\u00a0\u00a0 \u00a0Contrato de cancelaci\u00f3n de saldo del precio y alzamiento de hipoteca 9.\u00a0\u00a0 \u00a0Mandato 9.1.\u00a0\u00a0 \u00a0Mandato especial 9.2.\u00a0\u00a0 \u00a0Mandato judicial 9.3.\u00a0\u00a0 \u00a0Mandato para contraer matrimonio 9.4.\u00a0\u00a0 \u00a0Revocaci\u00f3n de mandato 10.\u00a0\u00a0 \u00a0Mutuo 11.\u00a0\u00a0 \u00a0Permuta 11.1.\u00a0\u00a0 \u00a0Permuta bienes muebles 11.2.\u00a0\u00a0 \u00a0Permuta bienes ra\u00edces 12. Prenda 12.1.\u00a0\u00a0 \u00a0Prenda sin desplazamiento 12.2.\u00a0\u00a0 \u00a0Prenda con desplazamiento 13.\u00a0\u00a0 \u00a0Prestaci\u00f3n Servicios 13.1.\u00a0\u00a0 \u00a0Prestaci\u00f3n servicios generales 13.2.\u00a0\u00a0 \u00a0Prestaci\u00f3n servicios profesionales 13.3.\u00a0\u00a0 \u00a0Demanda cobro honorarios 14.\u00a0\u00a0 \u00a0Promesa 14.1.\u00a0\u00a0 \u00a0Promesa compraventa autom\u00f3vil 14.2.\u00a0\u00a0 \u00a0Promesa compraventa bienes muebles 14.3.\u00a0\u00a0 \u00a0Promesa compraventa inmueble IV.\u00a0\u00a0 \u00a0RESPONSABILIDAD 1.\u00a0\u00a0 \u00a0Indemnizaci\u00f3n de perjuicios 1.1.\u00a0\u00a0 \u00a0Indemnizaci\u00f3n de perjuicios por incumplimiento de contrato 1.2.\u00a0\u00a0 \u00a0Indemnizaci\u00f3n de perjuicios por responsabilidad extracontractual 1.3.\u00a0\u00a0 \u00a0Indemnizaci\u00f3n de perjuicios por accidente de tr\u00e1nsito V.\u00a0\u00a0 \u00a0FAMILIA 1.\u00a0\u00a0 \u00a0Nulidad del matrimonio 1.1.\u00a0\u00a0 \u00a0Nulidad por matrimonio no disuelto 1.2.\u00a0\u00a0 \u00a0Nulidad por error sobre las cualidades personales 1.3.\u00a0\u00a0 \u00a0Nulidad del matrimonio por error identidad del contrayente 1.4.\u00a0\u00a0 \u00a0Nulidad de matrimonio por fuerza 2.\u00a0\u00a0 \u00a0Divorcio 2.1.\u00a0\u00a0 \u00a0Divorcio por culpa 2.2.\u00a0\u00a0 \u00a0Divorcio com\u00fan acuerdo por cese convivencia 2.3.\u00a0\u00a0 \u00a0Divorcio unilateral por cese de convivencia 3.\u00a0\u00a0 \u00a0Acuerdo completo y suficiente 4.\u00a0\u00a0 \u00a0Alimentos 4.1.\u00a0\u00a0 \u00a0Alimentos a los abuelos 4.2.\u00a0\u00a0 \u00a0Alimentos menores 4.3.\u00a0\u00a0 \u00a0Alimentos mayores 4.4.\u00a0\u00a0 \u00a0Rebaja alimentos 4.5.\u00a0\u00a0 \u00a0Aumento pensi\u00f3n de alimentos 4.6.\u00a0\u00a0 \u00a0Cese pensi\u00f3n de alimentos 5.\u00a0\u00a0 \u00a0Cuidado personal 5.1.\u00a0\u00a0 \u00a0Demanda cuidado personal 5.2.\u00a0\u00a0 \u00a0Entrega inmediata del menor 5.3.\u00a0\u00a0 \u00a0Avenimiento sobre cuidado personal del menor 6.\u00a0\u00a0 \u00a0Relaci\u00f3n directa y regular 6.1.\u00a0\u00a0 \u00a0Relaci\u00f3n directa y regular a los hijos 6.2.\u00a0\u00a0 \u00a0Relaci\u00f3n directa y regular a los nietos 7.\u00a0\u00a0 \u00a0Violencia Intrafamiliar 7.1.\u00a0\u00a0 \u00a0Demanda violencia intrafamiliar 7.2.\u00a0\u00a0 \u00a0Escrito oficio al servicio m\u00e9dico legal 8.\u00a0\u00a0 \u00a0Bien Familiar 8.1.\u00a0\u00a0 \u00a0Declaraci\u00f3n de bien familiar 8.2.\u00a0\u00a0 \u00a0Autorizaci\u00f3n para vender bien familiar<\/p>\n","protected":false},"featured_media":3985,"comment_status":"open","ping_status":"closed","template":"","meta":{"inline_featured_image":false,"_joinchat":[]},"product_brand":[],"product_cat":[27],"product_tag":[],"class_list":{"0":"post-3955","1":"product","2":"type-product","3":"status-publish","4":"has-post-thumbnail","6":"product_cat-civil","7":"product_shipping_class-a-convenir","9":"first","10":"instock","11":"shipping-taxable","12":"purchasable","13":"product-type-simple"},"_links":{"self":[{"href":"https:\/\/bibliotecajuridicavirtual.cl\/index.php\/wp-json\/wp\/v2\/product\/3955","targetHints":{"allow":["GET"]}}],"collection":[{"href":"https:\/\/bibliotecajuridicavirtual.cl\/index.php\/wp-json\/wp\/v2\/product"}],"about":[{"href":"https:\/\/bibliotecajuridicavirtual.cl\/index.php\/wp-json\/wp\/v2\/types\/product"}],"replies":[{"embeddable":true,"href":"https:\/\/bibliotecajuridicavirtual.cl\/index.php\/wp-json\/wp\/v2\/comments?post=3955"}],"wp:featuredmedia":[{"embeddable":true,"href":"https:\/\/bibliotecajuridicavirtual.cl\/index.php\/wp-json\/wp\/v2\/media\/3985"}],"wp:attachment":[{"href":"https:\/\/bibliotecajuridicavirtual.cl\/index.php\/wp-json\/wp\/v2\/media?parent=3955"}],"wp:term":[{"taxonomy":"product_brand","embeddable":true,"href":"https:\/\/bibliotecajuridicavirtual.cl\/index.php\/wp-json\/wp\/v2\/product_brand?post=3955"},{"taxonomy":"product_cat","embeddable":true,"href":"https:\/\/bibliotecajuridicavirtual.cl\/index.php\/wp-json\/wp\/v2\/product_cat?post=3955"},{"taxonomy":"product_tag","embeddable":true,"href":"https:\/\/bibliotecajuridicavirtual.cl\/index.php\/wp-json\/wp\/v2\/product_tag?post=3955"}],"curies":[{"name":"wp","href":"https:\/\/api.w.org\/{rel}","templated":true}]}}