{"id":3958,"date":"2026-02-28T01:21:42","date_gmt":"2026-02-28T04:21:42","guid":{"rendered":"https:\/\/bibliotecajuridicavirtual.cl\/?post_type=product&#038;p=3958"},"modified":"2026-02-28T01:22:01","modified_gmt":"2026-02-28T04:22:01","slug":"derecho-administrativo-general-3era-edicion-actualizada-ano-2014-700-pag-autor-jorge-bermudez-soto","status":"publish","type":"product","link":"https:\/\/bibliotecajuridicavirtual.cl\/index.php\/product\/derecho-administrativo-general-3era-edicion-actualizada-ano-2014-700-pag-autor-jorge-bermudez-soto\/","title":{"rendered":"Derecho Administrativo General  3era Edici\u00f3n Actualizada. A\u00f1o 2014\/ 700 P\u00e1g. Autor Jorge Berm\u00fadez Soto"},"content":{"rendered":"<p>Esta tercera edici\u00f3n de \u201cDerecho Administrativo General\u201d ha sido estructurada en dieciocho cap\u00edtulos, los que abarcan los t\u00f3picos m\u00e1s relevantes de la disciplina.<\/p>\n<p>En ella resulta llamativa la incorporaci\u00f3n del nuevo cap\u00edtulo dedicado al estudio de la Administraci\u00f3n Municipal, lo que sumado al estudio de la Administraci\u00f3n Ministerial y las Empresas y Sociedades del Estado \u2013incorporados en esta edici\u00f3n\u2013 y a lo ya expuesto sobre servicio p\u00fablico, completan la exposici\u00f3n de la Administraci\u00f3n del Estado chilena, con exclusi\u00f3n de la Administraci\u00f3n Regional.<\/p>\n<p>A lo anterior se agrega una revisi\u00f3n y extensi\u00f3n significativa del cap\u00edtulo IV sobre funci\u00f3n, eficacia y caracter\u00edsticas del Derecho Administrativo y otra en el cap\u00edtulo XII sobre sistemas de organizaci\u00f3n administrativa, en que se desarrollan todos los principios de la organizaci\u00f3n, y en particular el principio de probidad.<\/p>\n<p>Se debe destacar que el libro fue totalmente revisado, corregido y aumentado donde correspond\u00eda. Se agreg\u00f3 nueva jurisprudencia relevante de la Corte Suprema y del Tribunal Constitucional, la que ilustra muchas de las materias, por ejemplo, a prop\u00f3sito del principio de protecci\u00f3n de la confianza leg\u00edtima, la responsabilidad o la organizaci\u00f3n administrativa.<\/p>\n<p>Esta obra ofrece un apoyo fundamental a todos aquellos que deban enfrentarse al estudio o aplicaci\u00f3n de esta rama del Derecho, sea como jueces, abogados litigantes, funcionarios de la Administraci\u00f3n o estudiantes. Evidentemente, este libro no contiene todas las respuestas a las dificultades que la pr\u00e1ctica del Derecho Administrativo presenta, sin embargo, puede servir de punto de partida para arribar a soluciones jur\u00eddicas correctas.<\/p>\n<p>&nbsp;<\/p>\n","protected":false},"excerpt":{"rendered":"<p>Esta tercera edici\u00f3n de \u201cDerecho Administrativo General\u201d ha sido estructurada en dieciocho cap\u00edtulos, los que abarcan los t\u00f3picos m\u00e1s relevantes de la disciplina. En ella resulta llamativa la incorporaci\u00f3n del nuevo cap\u00edtulo dedicado al estudio de la Administraci\u00f3n Municipal, lo que sumado al estudio de la Administraci\u00f3n Ministerial y las Empresas y Sociedades del Estado \u2013incorporados en esta edici\u00f3n\u2013 y a lo ya expuesto sobre servicio p\u00fablico, completan la exposici\u00f3n de la Administraci\u00f3n del Estado chilena, con exclusi\u00f3n de la Administraci\u00f3n Regional. A lo anterior se agrega una revisi\u00f3n y extensi\u00f3n significativa del cap\u00edtulo IV sobre funci\u00f3n, eficacia y caracter\u00edsticas del Derecho Administrativo y otra en el cap\u00edtulo XII sobre sistemas de organizaci\u00f3n administrativa, en que se desarrollan todos los principios de la organizaci\u00f3n, y en particular el principio de probidad. Se debe destacar que el libro fue totalmente revisado, corregido y aumentado donde correspond\u00eda. Se agreg\u00f3 nueva jurisprudencia relevante de la Corte Suprema y del Tribunal Constitucional, la que ilustra muchas de las materias, por ejemplo, a prop\u00f3sito del principio de protecci\u00f3n de la confianza leg\u00edtima, la responsabilidad o la organizaci\u00f3n administrativa. Esta obra ofrece un apoyo fundamental a todos aquellos que deban enfrentarse al estudio o aplicaci\u00f3n de esta rama del Derecho, sea como jueces, abogados litigantes, funcionarios de la Administraci\u00f3n o estudiantes. Evidentemente, este libro no contiene todas las respuestas a las dificultades que la pr\u00e1ctica del Derecho Administrativo presenta, sin embargo, puede servir de punto de partida para arribar a soluciones jur\u00eddicas correctas. &nbsp;<\/p>\n","protected":false},"featured_media":3988,"comment_status":"open","ping_status":"closed","template":"","meta":{"inline_featured_image":false,"_joinchat":[]},"product_brand":[],"product_cat":[45,42],"product_tag":[],"class_list":{"0":"post-3958","1":"product","2":"type-product","3":"status-publish","4":"has-post-thumbnail","6":"product_cat-administrativo","7":"product_cat-thomson-reuters","8":"product_shipping_class-a-convenir","10":"first","11":"instock","12":"shipping-taxable","13":"purchasable","14":"product-type-simple"},"_links":{"self":[{"href":"https:\/\/bibliotecajuridicavirtual.cl\/index.php\/wp-json\/wp\/v2\/product\/3958","targetHints":{"allow":["GET"]}}],"collection":[{"href":"https:\/\/bibliotecajuridicavirtual.cl\/index.php\/wp-json\/wp\/v2\/product"}],"about":[{"href":"https:\/\/bibliotecajuridicavirtual.cl\/index.php\/wp-json\/wp\/v2\/types\/product"}],"replies":[{"embeddable":true,"href":"https:\/\/bibliotecajuridicavirtual.cl\/index.php\/wp-json\/wp\/v2\/comments?post=3958"}],"wp:featuredmedia":[{"embeddable":true,"href":"https:\/\/bibliotecajuridicavirtual.cl\/index.php\/wp-json\/wp\/v2\/media\/3988"}],"wp:attachment":[{"href":"https:\/\/bibliotecajuridicavirtual.cl\/index.php\/wp-json\/wp\/v2\/media?parent=3958"}],"wp:term":[{"taxonomy":"product_brand","embeddable":true,"href":"https:\/\/bibliotecajuridicavirtual.cl\/index.php\/wp-json\/wp\/v2\/product_brand?post=3958"},{"taxonomy":"product_cat","embeddable":true,"href":"https:\/\/bibliotecajuridicavirtual.cl\/index.php\/wp-json\/wp\/v2\/product_cat?post=3958"},{"taxonomy":"product_tag","embeddable":true,"href":"https:\/\/bibliotecajuridicavirtual.cl\/index.php\/wp-json\/wp\/v2\/product_tag?post=3958"}],"curies":[{"name":"wp","href":"https:\/\/api.w.org\/{rel}","templated":true}]}}