{"id":3960,"date":"2026-02-28T01:21:42","date_gmt":"2026-02-28T04:21:42","guid":{"rendered":"https:\/\/bibliotecajuridicavirtual.cl\/?post_type=product&#038;p=3960"},"modified":"2026-02-28T01:22:14","modified_gmt":"2026-02-28T04:22:14","slug":"tratado-de-derecho-civil-derecho-sucesorio-2-tomos-ano-2020-1-520-pag-autor-jose-rivera-restrepo","status":"publish","type":"product","link":"https:\/\/bibliotecajuridicavirtual.cl\/index.php\/product\/tratado-de-derecho-civil-derecho-sucesorio-2-tomos-ano-2020-1-520-pag-autor-jose-rivera-restrepo\/","title":{"rendered":"Tratado de Derecho Civil. Derecho Sucesorio  2 Tomos  . A\u00f1o 2020\/ 1.520 P\u00e1g. Autor  Jos\u00e9 Rivera Restrepo"},"content":{"rendered":"<p>Esta obra, el Tratado de Derecho Civil, revisa los diversos contenidos que conforman este derecho. Para ello hemos dividido el programa del curso de Derecho Civil en ac\u00e1pites tem\u00e1ticos, que ir\u00e1n dando lugar \u2013en lo posible\u2013 a un tomo cada uno, en pos de completar este tratado.<\/p>\n<p>El presente volumen, en particular, analiza los diversos contenidos que conforman el Derecho Sucesorio, con una mirada cr\u00edtica y acuciosa de los mismos. Se trata, sistem\u00e1ticamente, acerca de la sucesi\u00f3n por causa de muerte, del derecho real de herencia y de las normas aplicables a la sucesi\u00f3n intestada y testamentaria. Asimismo, se refiere org\u00e1nicamente a la partici\u00f3n de bienes y a las donaciones entre vivos.<\/p>\n<p>&nbsp;<\/p>\n","protected":false},"excerpt":{"rendered":"<p>Buscas un libro Jur\u00eddico.? Lo puedes encontrar en nuestra tienda virtual.<br \/>\nContamos con prestigiosos autores y muchas alternativas en sus diferentes materias al igual que grandes descuentos.! Vis\u00edtanos en <a class=\"onRHPXypfWLuNOCinrLJfqDJJJaXLBUXSKz \" tabindex=\"0\" href=\"https:\/\/lnkd.in\/eiAG7jdZ\" target=\"_blank\" rel=\"noopener\" data-test-app-aware-link=\"\">https:\/\/lnkd.in\/eiAG7jdZ<\/a><br \/>\nEscr\u00edbenos al +56930565235 \/ <a class=\"onRHPXypfWLuNOCinrLJfqDJJJaXLBUXSKz \" tabindex=\"0\" href=\"mailto:ventaslegallexglobal@gmail.com\" target=\"_self\" data-test-app-aware-link=\"\">ventaslegallexglobal@gmail.com<\/a><br \/>\nHacemos env\u00edos a todo Chile \u2013 Starken o Correos Chile \/ Te esperamos<\/p>\n","protected":false},"featured_media":4019,"comment_status":"open","ping_status":"closed","template":"","meta":{"inline_featured_image":false,"_joinchat":[]},"product_brand":[],"product_cat":[27,42],"product_tag":[],"class_list":{"0":"post-3960","1":"product","2":"type-product","3":"status-publish","4":"has-post-thumbnail","6":"product_cat-civil","7":"product_cat-thomson-reuters","8":"product_shipping_class-a-convenir","10":"first","11":"instock","12":"shipping-taxable","13":"purchasable","14":"product-type-simple"},"_links":{"self":[{"href":"https:\/\/bibliotecajuridicavirtual.cl\/index.php\/wp-json\/wp\/v2\/product\/3960","targetHints":{"allow":["GET"]}}],"collection":[{"href":"https:\/\/bibliotecajuridicavirtual.cl\/index.php\/wp-json\/wp\/v2\/product"}],"about":[{"href":"https:\/\/bibliotecajuridicavirtual.cl\/index.php\/wp-json\/wp\/v2\/types\/product"}],"replies":[{"embeddable":true,"href":"https:\/\/bibliotecajuridicavirtual.cl\/index.php\/wp-json\/wp\/v2\/comments?post=3960"}],"wp:featuredmedia":[{"embeddable":true,"href":"https:\/\/bibliotecajuridicavirtual.cl\/index.php\/wp-json\/wp\/v2\/media\/4019"}],"wp:attachment":[{"href":"https:\/\/bibliotecajuridicavirtual.cl\/index.php\/wp-json\/wp\/v2\/media?parent=3960"}],"wp:term":[{"taxonomy":"product_brand","embeddable":true,"href":"https:\/\/bibliotecajuridicavirtual.cl\/index.php\/wp-json\/wp\/v2\/product_brand?post=3960"},{"taxonomy":"product_cat","embeddable":true,"href":"https:\/\/bibliotecajuridicavirtual.cl\/index.php\/wp-json\/wp\/v2\/product_cat?post=3960"},{"taxonomy":"product_tag","embeddable":true,"href":"https:\/\/bibliotecajuridicavirtual.cl\/index.php\/wp-json\/wp\/v2\/product_tag?post=3960"}],"curies":[{"name":"wp","href":"https:\/\/api.w.org\/{rel}","templated":true}]}}