{"id":3992,"date":"2026-02-28T01:22:12","date_gmt":"2026-02-28T04:22:12","guid":{"rendered":"https:\/\/bibliotecajuridicavirtual.cl\/?post_type=product&#038;p=3992"},"modified":"2026-02-28T01:22:20","modified_gmt":"2026-02-28T04:22:20","slug":"curso-de-derecho-civil-el-derecho-civil-y-teoria-de-la-ley-jose-joaquin-ugarte-godoy-ano-2021","status":"publish","type":"product","link":"https:\/\/bibliotecajuridicavirtual.cl\/index.php\/product\/curso-de-derecho-civil-el-derecho-civil-y-teoria-de-la-ley-jose-joaquin-ugarte-godoy-ano-2021\/","title":{"rendered":"Curso de Derecho Civil. El Derecho Civil y Teor\u00eda de la Ley * Jos\u00e9 Joaqu\u00edn Ugarte Godoy * A\u00f1o 2021"},"content":{"rendered":"<div id=\"menu_prod\" class=\"escondermov\">\n<div class=\"redes\"><span style=\"font-size: 16px;\">En el presente trabajo se busca indagar en la relaci\u00f3n existente entre el Estado Social de Derecho y el Derecho del Trabajo, con \u00e9nfasis en el derecho fundamental a la huelga, a la luz del an\u00e1lisis del desarrollo de dicha relaci\u00f3n en el marco del derecho chileno durante el transcurso del siglo XX hasta 1973. Para ello, se realiza una revisi\u00f3n de los conceptos analizados, a partir del desarrollo te\u00f3rico realizado por el constitucionalismo contempor\u00e1neo y por la doctrina del derecho laboral, para luego indagar en el desarrollo institucional concreto del Estado Social de Derecho, el Derecho del Trabajo y el derecho a la huelga en Chile durante el siglo XX. A partir de dicho examen, se constata una clara relaci\u00f3n te\u00f3rica entre las multas de las instituciones estudiadas, estableci\u00e9ndose una n\u00edtida conexi\u00f3n entre ellas, en tanto la huelga realiza las multas del Estado Social. Sin embargo, existe una divergencia entre dicha vinculaci\u00f3n en el plano te\u00f3rico con el desarrollo de la pr\u00e1ctica hist\u00f3rica de los Estados Sociales, donde los derechos colectivos del trabajo y el u de huelga desempe\u00f1an un papel secundario y son fuertemente limitados, como ocurre en el caso concreto del derecho chileno durante el siglo XX. Las causas de esta divergencia entre teor\u00eda y pr\u00e1ctica no encuentran fundamento en el plano jur\u00eddico, sino que expresan decisiones y l\u00f3gicas instrumentales de la pol\u00edtica y la econom\u00eda, y merman el potencial del Estado Social y del Derecho del Trabajo, siendo uno de los factores de su crisis actual.<\/span><\/div>\n<div><\/div>\n<div>\n<p style=\"font-weight: 400;\"><b><strong>PRIMERA PARTE<br \/>\nEL DERECHO CIVIL<\/strong><\/b><\/p>\n<p style=\"font-weight: 400;\"><b><strong>CAP\u00cdTULO PRIMERO<\/strong><\/b><br \/>\n<b><strong>EL DERECHO<\/strong><\/b><\/p>\n<ol>\n<li style=\"font-weight: 400;\">A) Las varias acepciones de la palabra derecho<br \/>\na) El derecho como la cosa debida: derecho objetivo<br \/>\nb) El derecho como facultad que tiene alguien de exigir lo suyo: el derecho subjetivo<br \/>\nc) El derecho como ley<br \/>\nd) El derecho como ciencia<\/li>\n<li style=\"font-weight: 400;\">B) La justicia<br \/>\nAcepciones de la palabra justicia<br \/>\nDerecho y moral<\/li>\n<li style=\"font-weight: 400;\">C) Derecho natural y Derecho positivo o civil<br \/>\na) Concepci\u00f3n iusnaturalista<br \/>\nEl Derecho romano<br \/>\nLos grandes fil\u00f3sofos<br \/>\nLos grandes juristas de la \u00e9poca moderna<br \/>\nResurgimiento del iusnaturalismo despu\u00e9s de la Segunda Guerra Mundial<br \/>\nInvocaci\u00f3n del Derecho Natural en asuntos de gran trascendencia que carecen de regulaci\u00f3n positiva<br \/>\nb) La concepci\u00f3n positivista<br \/>\nEl positivismo<br \/>\nEl sistema positivista de Kelsen<\/li>\n<\/ol>\n<p style=\"font-weight: 400;\"><b><strong>CAP\u00cdTULO SEGUNDO<\/strong><\/b><br \/>\n<b><strong>EL DERECHO CIVIL<\/strong><\/b><\/p>\n<ol>\n<li style=\"font-weight: 400;\">A) Concepto de Derecho Civil<br \/>\na) La concepci\u00f3n romana<br \/>\nb) Derecho p\u00fablico y derecho privado<br \/>\nc) El derecho civil como derecho privado<br \/>\nd) El derecho civil como derecho privado general<br \/>\ne) Funci\u00f3n de ordenamiento general que cumple el Derecho Civil en todo el campo jur\u00eddico<\/li>\n<li style=\"font-weight: 400;\">B) Nuestra legislaci\u00f3n civil<br \/>\na) Las antiguas leyes espa\u00f1olas<br \/>\nb) Notas sobre la codificaci\u00f3n civil<br \/>\nc) El C\u00f3digo Civil chileno<br \/>\na\u2019) Primeras tentativas<br \/>\nb\u2019) La elaboraci\u00f3n del C\u00f3digo Civil chileno por don Andr\u00e9s Bello<br \/>\nEl comienzo de la obra por Bello<br \/>\nLa Comisi\u00f3n de Legislaci\u00f3n del Congreso Nacional<br \/>\nTerminaci\u00f3n del proyecto por Bello, en 1852<br \/>\nComisi\u00f3n Revisora del Proyecto de Bello<br \/>\nLa aprobaci\u00f3n del Proyecto Definitivo<br \/>\nCorrecciones y modificaciones introducidas por don Andr\u00e9s Bello despu\u00e9s de la aprobaci\u00f3n por el Congreso<br \/>\nProyecto atribuido a don Mariano Ega\u00f1a<br \/>\nEnunciado cronol\u00f3gico de los proyectos del C\u00f3digo Civil, importancia de los mismos y forma de consultarlos<br \/>\nFuentes del C\u00f3digo Civil se\u00f1aladas en el Mensaje<br \/>\nFuentes se\u00f1aladas en las notas de los proyectos<br \/>\nFuentes doctrinarias<br \/>\nM\u00e9ritos e importancia del C\u00f3digo Civil de Bello<br \/>\nd) Contenido del C\u00f3digo Civil, o materias que regula<br \/>\ne) Principales leyes complementarias del C\u00f3digo Civil<\/li>\n<\/ol>\n<p style=\"font-weight: 400;\"><b><strong>SEGUNDA PARTE<br \/>\nTEOR\u00cdA DE LA LEY<\/strong><\/b><\/p>\n<p style=\"font-weight: 400;\"><b><strong>CAP\u00cdTULO PRIMERO<\/strong><\/b><br \/>\n<b><strong>LA LEY Y OTRAS FUENTES DEL DERECHO<\/strong><\/b><\/p>\n<ol>\n<li style=\"font-weight: 400;\">A) Fuentes del Derecho: fuentes de existencia y fuentes de conocimiento<\/li>\n<li style=\"font-weight: 400;\">B) La ley: concepto y definiciones<br \/>\na) Concepto de ley<br \/>\nLa definici\u00f3n esencial de la ley<br \/>\nCaracter\u00edsticas esenciales de la ley<br \/>\nCr\u00edticas a la definici\u00f3n del C\u00f3digo Civil<br \/>\nAlgunas definiciones legales de ley<br \/>\nOtras definiciones doctrinarias de leyC) Fuentes del Derecho que se equiparan a la ley<br \/>\nDecretos con fuerza de ley<br \/>\nDecretos leyes<br \/>\nLos tratados internacionales<\/li>\n<li style=\"font-weight: 400;\">D) La costumbre<br \/>\na) La costumbre y el derecho consuetudinario<br \/>\nElementos de la costumbre<br \/>\nLa raz\u00f3n de la fuerza de ley de la costumbre<br \/>\nClasificaci\u00f3n de la costumbre<br \/>\nb) La costumbre en el ordenamiento jur\u00eddico chileno<br \/>\nEn el C\u00f3digo Civil<br \/>\nCasos en que el C\u00f3digo Civil se remite a la costumbre<br \/>\nCostumbres integrativas<br \/>\nUsos sociales<br \/>\nNecesidad de alegar y probar la costumbre, y posibilidad de que el tribunal la aplique de oficio<br \/>\nPrueba de la costumbre en materia civil<br \/>\nLa infracci\u00f3n en la decisi\u00f3n de un litigio de la costumbre que tiene fuerza de ley, y el recurso de casaci\u00f3n en el fondo<br \/>\nLa costumbre en el C\u00f3digo de Comercio<br \/>\nValor de las costumbres mercantiles como regla de interpretaci\u00f3n<br \/>\nLa jurisprudencia y la costumbre mercantil<\/li>\n<li style=\"font-weight: 400;\">E) Normas para la aplicaci\u00f3n de la ley<\/li>\n<li style=\"font-weight: 400;\">F) L\u00edmites de la potestad legislativa<\/li>\n<li style=\"font-weight: 400;\">G) La aplicaci\u00f3n de la ley a la soluci\u00f3n de conflictos entre partes: la sentencia judicial y la cosa juzgada<br \/>\nLas sentencias aplican la ley a casos particulares<br \/>\nEfecto relativo de las sentencias<br \/>\nEficacia de las sentencias respecto del litigio resuelto; la cosa juzgada<br \/>\nLa raz\u00f3n de ser de la excepci\u00f3n de cosa juzgada<br \/>\nLa triple identidad<br \/>\nIdentidad de cosa pedida<br \/>\nIdentidad de causa de pedir<br \/>\nEs indiferente qu\u00e9 tipo de acci\u00f3n se ejerza<br \/>\nExcepci\u00f3n al principio de la relatividad de las sentencias<br \/>\nObtenci\u00f3n fraudulenta de la cosa juzgada y cosa juzgada absurda<br \/>\nCosa juzgada material y cosa juzgada formal<\/li>\n<li style=\"font-weight: 400;\">H) La doctrina y la jurisprudencia como fuentes del Derecho<br \/>\nLa doctrina<br \/>\nLa jurisprudencia<br \/>\nLa importancia de la jurisprudencia en el Derecho romanoI) Promulgaci\u00f3n y publicaci\u00f3n de la ley<br \/>\na) La promulgaci\u00f3n de la ley<br \/>\nEl decreto de promulgaci\u00f3n<br \/>\nb) La publicaci\u00f3n de la leyJ) Inexcusabilidad de la ignorancia de la ley<br \/>\nNota hist\u00f3rica sobre la prohibici\u00f3n de alegar ignorancia de la ley<br \/>\nCasos en que en el Derecho chileno se excluye expresamente la alegaci\u00f3n de ignorancia de la ley<br \/>\nCasos en que se acepta la alegaci\u00f3n de ignorancia de la ley por expresa disposici\u00f3n de ella<br \/>\nCasos en que se puede alegar la ignorancia de la ley seg\u00fan interpretaci\u00f3n de la jurisprudencia y la doctrina<br \/>\nAlegaci\u00f3n del error de derecho en las relaciones entre un abogado y su cliente<br \/>\nAlegaci\u00f3n del error de derecho por los jueces acusados de prevaricaci\u00f3n por fallar contra la ley<br \/>\nAlegaci\u00f3n de error de derecho en materia penal en general<\/li>\n<li style=\"font-weight: 400;\">K) La derogaci\u00f3n y otras causas de extinci\u00f3n de las leyes<br \/>\na) Causas de extinci\u00f3n de la ley<br \/>\nb) La derogaci\u00f3n<br \/>\nDerogaci\u00f3n expresa y t\u00e1cita<br \/>\nDerogaci\u00f3n t\u00e1cita de una ley por una norma constitucional posterior<br \/>\nDerogaci\u00f3n org\u00e1nica<br \/>\nDerogaci\u00f3n t\u00e1cita: ley especial y ley general posterior<br \/>\nDerogaci\u00f3n de la ley derogatoria<br \/>\nLa derogaci\u00f3n por rebote o refleja<br \/>\nc) Derogaci\u00f3n por inconstitucionalidad<br \/>\nd) Otras causas de extinci\u00f3n de la ley<br \/>\ne) El desuso<br \/>\nf) Causas que no producen la extinci\u00f3n de la ley<\/li>\n<\/ol>\n<p style=\"font-weight: 400;\"><b><strong>CAP\u00cdTULO SEGUNDO<\/strong><\/b><br \/>\n<b><strong>INTERPRETACI\u00d3N DE LA LEY E INTEGRACI\u00d3N DEL SISTEMA JUR\u00cdDICO. APLICACI\u00d3N DE LA LEY<\/strong><\/b><\/p>\n<ol>\n<li style=\"font-weight: 400;\">A) Interpretaci\u00f3n de la ley<br \/>\na) Concepto<br \/>\nb) El objeto de la interpretaci\u00f3n de la ley<br \/>\nCu\u00e1l sea<br \/>\nEs el fin de la ley lo que en caso de duda permite determinar cu\u00e1l es su verdadero sentido<br \/>\nc) Tenor literal, sentido y fin de la ley<br \/>\nd) Casos en que el sentido de la ley no es claro<br \/>\ne) Para conocer el fin debe verse cu\u00e1l ha sido la voluntad del legislador: lo que quiso disponer<br \/>\nf) Lo que dispone nuestro C\u00f3digo Civil, en orden a conocer el verdadero sentido de la ley<br \/>\na\u2019) Las leyes claras no se interpretan<br \/>\nb\u2019) Los medios de interpretaci\u00f3n indicados por el legislador<br \/>\nCu\u00e1les son<br \/>\nLa formulaci\u00f3n de la teor\u00eda de los cuatro elementos de interpretaci\u00f3n de la ley por Federico Carlos de Savigny<br \/>\nNuestro C\u00f3digo no depende en esto de Savigny<br \/>\nc\u2019) El establecimiento del tenor literal. El medio gramatical<br \/>\nC\u00f3mo han de entenderse las palabras de la ley<br \/>\nRegla general para las palabras de la ley<br \/>\nLa jurisprudencia y la regla general sobre el sentido de las palabras<br \/>\nRegla sobre las palabras definidas por el legislador<br \/>\nRegla sobre las palabras t\u00e9cnicas de una ciencia o arte<br \/>\nInterpretaci\u00f3n extensiva e interpretaci\u00f3n restrictiva: el significado que ha de darse a las palabras de la ley, y el fin de \u00e9sta<br \/>\nd\u2019) La consulta de la intenci\u00f3n o esp\u00edritu, o el recurso al fin de la ley<br \/>\ni) La intenci\u00f3n o esp\u00edritu de la ley est\u00e1n claramente manifestados en ella misma<br \/>\nii) La intenci\u00f3n o esp\u00edritu de la ley claramente manifestados en la historia fidedigna de su establecimiento<br \/>\ne\u2019) El recurso al contexto para conocer el verdadero sentido de la ley (elemento l\u00f3gico)<br \/>\nf\u2019) El recurso a otras leyes, particularmente si versan sobre el mismo objeto: el elemento sistem\u00e1tico<br \/>\ng\u2019) Irrelevancia del car\u00e1cter favorable u odioso<br \/>\nh\u2019) El recurso subsidiario al esp\u00edritu general de la legislaci\u00f3n<br \/>\nEjemplos de recurso al esp\u00edritu general de la legislaci\u00f3n entre nosotros<br \/>\nJurisprudencia<br \/>\ni\u2019) El recurso subsidiario a la equidad natural<br \/>\nEl texto fundamental de Arist\u00f3teles<br \/>\nTres funciones de la equidad<br \/>\nLey en que se funda la soluci\u00f3n de equidad<br \/>\ng) Clases de interpretaci\u00f3n por la autoridad<br \/>\nInterpretaci\u00f3n judicial<br \/>\nInterpretaci\u00f3n judicial y casaci\u00f3n en el fondo<br \/>\nAplicaci\u00f3n de las normas sobre interpretaci\u00f3n del C\u00f3digo Civil a toda clase de leyes<br \/>\nPrelaci\u00f3n de la interpretaci\u00f3n judicial sobre la administrativa<br \/>\nLa interpretaci\u00f3n legislativa<br \/>\nLeyes dictadas como interpretativas y que realmente son modificatorias<br \/>\nLeyes modificatorias dictadas en calidad de interpretativas con intenci\u00f3n de que tengan efecto retroactivo<br \/>\nh) Aforismos o reglas pr\u00e1cticas sobre interpretaci\u00f3n de la ley<\/li>\n<li style=\"font-weight: 400;\">B) Integraci\u00f3n del sistema jur\u00eddico con la equidad<br \/>\nFunci\u00f3n integradora de la equidad<br \/>\nCasos de jurisprudencia<\/li>\n<li style=\"font-weight: 400;\">C) Aplicaci\u00f3n de la ley al caso concreto<br \/>\na) No basta el conocimiento abstracto<br \/>\nb) Conocimiento conceptual y conocimiento por connaturalidad<br \/>\nc) Son necesarias las virtudes de la prudencia y la justicia en el que ha de aplicar el derecho al caso particular<br \/>\nd) Apelaci\u00f3n por algunos autores a un componente intuitivo en la aplicaci\u00f3n de las leyes a casos particulares<br \/>\ne) El modo especial de conocimiento que usa el juez para aplicar la ley a los casos particulares no lo libera de la sujeci\u00f3n a ella<br \/>\nf) El juez tiene su propia originalidad que no consiste en substituirse al legislador<\/li>\n<\/ol>\n<p style=\"font-weight: 400;\"><b><strong>CAP\u00cdTULO TERCERO<br \/>\nDE LOS EFECTOS DE LA LEY<\/strong><\/b><\/p>\n<ol>\n<li style=\"font-weight: 400;\">A) De los efectos de la ley en general<br \/>\na) Obligatoriedad de las leyes<br \/>\na\u2019) A qu\u00e9 obligan las leyes<br \/>\nb\u2019) Las leyes obligan en conciencia<br \/>\nLas leyes meramente penales<br \/>\nc\u2019) Las leyes y la voluntad de los particulares<br \/>\nEl orden p\u00fablico<br \/>\nJurisprudencia sobre el concepto de orden p\u00fablico<br \/>\nLas buenas costumbres<br \/>\nJurisprudencia sobre las buenas costumbres<br \/>\nb) La sanci\u00f3n de las leyes<br \/>\na\u2019) Nociones generales<br \/>\nb\u2019) Leyes prohibitivas<br \/>\nCuestiones que suscita art\u00edculo 10<br \/>\nEl concepto de ley prohibitiva<br \/>\nJurisprudencia sobre el concepto de ley prohibitiva<br \/>\nAlgunos otros casos de actos prohibidos por el C\u00f3digo Civil<br \/>\nLa sanci\u00f3n del art\u00edculo 10 no es la inexistencia jur\u00eddica<br \/>\nAlcance general, extensivo a todas las leyes prohibitivas, del art. 10<br \/>\nc\u2019) Leyes imperativas<br \/>\nd\u2019) Sanci\u00f3n de las leyes permisivas<br \/>\ne\u2019) Eficacia de las leyes anulatorias aun a falta del perjuicio o fraude que intentan evitar<br \/>\nf\u2019) El fraude a la ley<br \/>\ng\u2019) La renuncia de los derechos<br \/>\nLa norma que la contempla<br \/>\nRaz\u00f3n de ser de la norma<br \/>\nConcepto de la renuncia de un derecho<br \/>\nL\u00edmites de la facultad de renunciar a los derechos<br \/>\nRenuncia y donaci\u00f3n indirecta<br \/>\nDerechos irrenunciables por inter\u00e9s de la sociedad<br \/>\nRenuncia de derechos futuros<br \/>\nRenuncias generales<br \/>\nRequisitos de la renuncia como acto jur\u00eddico<\/li>\n<li style=\"font-weight: 400;\">B) De los efectos de la ley en el tiempo<br \/>\na) El problema de saber cu\u00e1l ley se aplica cuando hay dos leyes sucesivas e incompatibles sobre la misma materia<br \/>\nb) La teor\u00eda de los derechos adquiridos y las meras expectativas<br \/>\nOr\u00edgenes<br \/>\nLa doctrina de Savigny; las tres distinciones b\u00e1sicas de este autor<br \/>\nLa distinci\u00f3n entre derechos adquiridos y meras expectativas<br \/>\nLa distinci\u00f3n entre el derecho mismo y su modo de ejercicio y de extinci\u00f3n<br \/>\nDistinci\u00f3n entre leyes relativas a la adquisici\u00f3n de los derechos y leyes relativas a la existencia de los derechos<br \/>\nFundamentaci\u00f3n de justicia que da Savigny para la no retroactividad o la retroactividad, seg\u00fan el caso<br \/>\nLos dos grados de retroactividad que distingue Savigny y la exclusi\u00f3n de ambos por el principio de no retroactividad<br \/>\nFundamentaci\u00f3n del principio de no retroactividad en el Derecho romano y en toda la tradici\u00f3n, que expone Savigny<br \/>\nEl principio de no retroactividad es para el legislador y para el juez<br \/>\nQu\u00e9 cosas son en concreto materia de derecho adquirido para Savigny<br \/>\nConcepto amplio del derecho que usa Savigny en la expresi\u00f3n \u201cderecho adquirido\u201d<br \/>\nCosas que para Savigny no son materia de derecho adquirido<br \/>\nc) Cr\u00edticas a la doctrina de los derechos adquiridos. La moderna teor\u00eda de las situaciones jur\u00eddicas<br \/>\nLa teor\u00eda de la situaci\u00f3n jur\u00eddica de Paul Roubier<br \/>\nd) La teor\u00eda verdadera es la de los derechos adquiridos<br \/>\ne) Nuestra Ley sobre efecto retroactivo de las leyes<br \/>\na\u2019) La ley sobre Efecto Retroactivo de las leyes<br \/>\nb\u2019) El autor del proyecto de esa ley, don Jos\u00e9 Eugenio Vergara, mejor\u00f3 la doctrina de Savigny<br \/>\nSobre qu\u00e9 hay y sobre qu\u00e9 no hay derecho adquirido seg\u00fan el estudio de don Jos\u00e9 Eugenio Vergara<br \/>\nc\u2019) Las ideas de Bello sobre efecto retroactivo<br \/>\nd\u2019) Derechos adquiridos para nuestra ley<br \/>\ne\u2019) Cosas que no son materia de derecho adquirido para nuestra ley<br \/>\nf\u2019) Las distinciones b\u00e1sicas de que parte nuestra ley para aplicar el principio de no retroactividad<br \/>\ng\u2019) El r\u00e9gimen de la extinci\u00f3n de los derechos adquiridos por la ley nueva<br \/>\nh\u2019) La Ley sobre efecto retroactivo y los contratos<br \/>\nConclusiones del principio de que los contratos se rigen en todo por las leyes vigentes al tiempo de su celebraci\u00f3n<br \/>\nExcepciones al principio del art. 22 sobre r\u00e9gimen de los contratos<br \/>\nEl art. 14 de la Ley sobre efecto retroactivo no establece una excepci\u00f3n al r\u00e9gimen de los contratos por la ley antigua<br \/>\nLa prueba de los actos y contratos<br \/>\nf) L\u00edmites constitucionales en materia de retroactividad<br \/>\nPropiedad<br \/>\nNo punibilidad penal o punibilidad menor de una conducta<br \/>\nDerecho a la personalidad jur\u00eddica<br \/>\nCosa juzgada<br \/>\ng) Jurisprudencia<\/li>\n<li style=\"font-weight: 400;\">C) De los efectos de la ley en cuanto al territorio<br \/>\na) Introducci\u00f3n<br \/>\nLos conflictos de leyes de distintos Estados<br \/>\nb) Principios de territorialidad y personalidad<br \/>\nc) Aplicaci\u00f3n del principio de territorialidad<br \/>\nPrimera aplicaci\u00f3n<br \/>\nExcepciones a la regla del art\u00edculo 14<br \/>\nIgualdad de chilenos y extranjeros en cuanto a los derechos civiles<br \/>\nAplicaci\u00f3n que hace nuestro C\u00f3digo del principio de territorialidad en cuanto a los bienes<br \/>\nLas leyes relativas a los bienes se llaman leyes reales; su alcance<br \/>\nPor la ley chilena se rigen tanto los bienes inmuebles como los bienes muebles situados en Chile<br \/>\nEl r\u00e9gimen de los bienes situados en Chile por la ley chilena, y los contratos otorgados en el extranjero<br \/>\nOtra interpretaci\u00f3n que se ha dado recientemente al art\u00edculo 16, incisos 2\u00ba y 3\u00ba<br \/>\nFundamentos de los preceptos del art. 16<br \/>\nd) Leyes personales<br \/>\nLas leyes personales en general<br \/>\nAlcance de la expresi\u00f3n \u201cestado de las personas\u201d del n\u00famero primero<br \/>\nHistoria de la norma<br \/>\nDefinici\u00f3n del estado de las personas por grandes juristas<br \/>\nConclusi\u00f3n sobre el significado de la expresi\u00f3n \u201cestado de las personas\u201d del art. 15, N\u00ba 1<br \/>\nEl estado de los chilenos se rige por la ley chilena con prescindencia del efecto en Chile de sus actos<br \/>\nEl n\u00famero segundo del art\u00edculo 15<br \/>\ne) Leyes relativas a los actos jur\u00eddicos<br \/>\nSi las partes de un contrato internacional pueden elegir la ley que lo rija<br \/>\nLey que rige los instrumentos p\u00fablicos otorgados en pa\u00eds extranjero<br \/>\nPrueba en Chile de actos otorgados en el extranjero que seg\u00fan la ley chilena s\u00f3lo pueden probarse mediante instrumento p\u00fablico<br \/>\nLey que rige la sucesi\u00f3n por causa de muerte<br \/>\nf) El car\u00e1cter y alcance de las leyes de nuestro C\u00f3digo Civil sobre materias de Derecho Internacional Privado<br \/>\nLa naturaleza de las cosas impone ciertas normas de soluci\u00f3n de conflictos<br \/>\nLa comunidad internacional de estados como cierta sociedad natural<br \/>\ng) Nota hist\u00f3rica<br \/>\nDerecho romano<br \/>\nLa doctrina medieval de los Estatutos<br \/>\nLas ideas francesas del siglo XVIII, y el C\u00f3digo Civil franc\u00e9s<br \/>\nLa escuela italiana que considera personales todas las leyes<br \/>\nPa\u00edses de territorialidad absoluta<br \/>\nh) Jurisprudencia<br \/>\na\u2019) Obligatoriedad de la ley para todos los habitantes de la Rep\u00fablica: art. 14<br \/>\nb\u2019) Leyes chilenas personales: art. 15<br \/>\nc\u2019) R\u00e9gimen de los bienes situados en Chile por la ley chilena: art. 16<br \/>\nd\u2019) Forma y autenticidad de los instrumentos p\u00fablicos: art. 17<br \/>\ne\u2019) Exigencia de instrumento p\u00fablico para pruebas que han de producirse y tener efecto en Chile: art. 18<\/li>\n<\/ol>\n<\/div>\n<\/div>\n","protected":false},"excerpt":{"rendered":"<p>Buscas un libro Jur\u00eddico.? Lo puedes encontrar en nuestra tienda virtual.<br \/>\nContamos con prestigiosos autores y muchas alternativas en sus diferentes materias al igual que grandes descuentos.! Vis\u00edtanos en <a class=\"FYFwKXYNhRNjjSvOyrNhgyvQhtApFmdaFNvUxIg \" tabindex=\"0\" href=\"https:\/\/lnkd.in\/eiAG7jdZ\" target=\"_blank\" rel=\"noopener\" data-test-app-aware-link=\"\">https:\/\/lnkd.in\/eiAG7jdZ<\/a><br \/>\nEscr\u00edbenos al +56930565235 \/ <a class=\"FYFwKXYNhRNjjSvOyrNhgyvQhtApFmdaFNvUxIg \" tabindex=\"0\" href=\"mailto:ventaslegallexglobal@gmail.com\" target=\"_self\" data-test-app-aware-link=\"\">ventaslegallexglobal@gmail.com<\/a><br \/>\nHacemos env\u00edos a todo Chile \u2013 Starken o Correos Chile \/ Te esperamos<\/p>\n","protected":false},"featured_media":4022,"comment_status":"open","ping_status":"closed","template":"","meta":{"inline_featured_image":false,"_joinchat":[]},"product_brand":[],"product_cat":[27,42],"product_tag":[],"class_list":{"0":"post-3992","1":"product","2":"type-product","3":"status-publish","4":"has-post-thumbnail","6":"product_cat-civil","7":"product_cat-thomson-reuters","8":"product_shipping_class-a-convenir","10":"first","11":"instock","12":"sale","13":"shipping-taxable","14":"purchasable","15":"product-type-simple"},"_links":{"self":[{"href":"https:\/\/bibliotecajuridicavirtual.cl\/index.php\/wp-json\/wp\/v2\/product\/3992","targetHints":{"allow":["GET"]}}],"collection":[{"href":"https:\/\/bibliotecajuridicavirtual.cl\/index.php\/wp-json\/wp\/v2\/product"}],"about":[{"href":"https:\/\/bibliotecajuridicavirtual.cl\/index.php\/wp-json\/wp\/v2\/types\/product"}],"replies":[{"embeddable":true,"href":"https:\/\/bibliotecajuridicavirtual.cl\/index.php\/wp-json\/wp\/v2\/comments?post=3992"}],"wp:featuredmedia":[{"embeddable":true,"href":"https:\/\/bibliotecajuridicavirtual.cl\/index.php\/wp-json\/wp\/v2\/media\/4022"}],"wp:attachment":[{"href":"https:\/\/bibliotecajuridicavirtual.cl\/index.php\/wp-json\/wp\/v2\/media?parent=3992"}],"wp:term":[{"taxonomy":"product_brand","embeddable":true,"href":"https:\/\/bibliotecajuridicavirtual.cl\/index.php\/wp-json\/wp\/v2\/product_brand?post=3992"},{"taxonomy":"product_cat","embeddable":true,"href":"https:\/\/bibliotecajuridicavirtual.cl\/index.php\/wp-json\/wp\/v2\/product_cat?post=3992"},{"taxonomy":"product_tag","embeddable":true,"href":"https:\/\/bibliotecajuridicavirtual.cl\/index.php\/wp-json\/wp\/v2\/product_tag?post=3992"}],"curies":[{"name":"wp","href":"https:\/\/api.w.org\/{rel}","templated":true}]}}