{"id":3995,"date":"2026-02-28T01:22:12","date_gmt":"2026-02-28T04:22:12","guid":{"rendered":"https:\/\/bibliotecajuridicavirtual.cl\/?post_type=product&#038;p=3995"},"modified":"2026-02-28T01:22:23","modified_gmt":"2026-02-28T04:22:23","slug":"el-juicio-ejecutivo-doctrina-y-jurisprudencia-coleccion-tratados-y-manuales-ano-2018-390-pag-autor-carlos-hidalgo-munoz","status":"publish","type":"product","link":"https:\/\/bibliotecajuridicavirtual.cl\/index.php\/product\/el-juicio-ejecutivo-doctrina-y-jurisprudencia-coleccion-tratados-y-manuales-ano-2018-390-pag-autor-carlos-hidalgo-munoz\/","title":{"rendered":"El Juicio Ejecutivo Doctrina y Jurisprudencia. Colecci\u00f3n Tratados y Manuales. A\u00f1o 2018\/ 390 P\u00e1g. Autor Carlos Hidalgo Mu\u00f1oz"},"content":{"rendered":"<p>El C\u00f3digo de Procedimiento Civil ha sido objeto de diversas modificaciones, entre estas \u2013quiz\u00e1 la m\u00e1s innovadora\u2013 las introducidas por la Ley N\u00ba 20.886, normativa que, adem\u00e1s de establecer la tramitaci\u00f3n digital de los procedimientos judiciales, modific\u00f3 tambi\u00e9n diversos preceptos referidos al juicio ejecutivo en las obligaciones de dar. De ah\u00ed el prop\u00f3sito de este trabajo: entregar una aproximaci\u00f3n actualizada de este procedimiento, a la luz de la regulaci\u00f3n, la doctrina y la jurisprudencia nacionales, considerando la experiencia del derecho comparado.<\/p>\n<p>En este cometido, se logr\u00f3 caracterizar el juicio ejecutivo, detectar los problemas que presenta su regulaci\u00f3n y examinar las soluciones que se han dado a esos problemas por la doctrina y jurisprudencia chilena. Como fruto de lo anterior, en esta obra se tratan diversos aspectos de la ejecuci\u00f3n, por ejemplo: el t\u00edtulo ejecutivo compuesto, la ejecuci\u00f3n provisional de resoluciones judiciales, el cumplimiento incidental del avenimiento, el pagar\u00e9 suscrito en blanco, los protestos que permiten llevar adelante la ejecuci\u00f3n, la citaci\u00f3n a confesar deuda sin especificar actos jur\u00eddicos que le dieron origen o acompa\u00f1ar documentos en que consta, la renovaci\u00f3n de los t\u00edtulos ejecutivos prescritos a trav\u00e9s de las gestiones preparatorias de la v\u00eda ejecutiva, posibilidad de extender el examen de admisibilidad de la demanda ejecutiva al monto de la ejecuci\u00f3n, el pago de la deuda con posterioridad al remate, la tercer\u00eda preventiva, entre otros t\u00f3picos.<\/p>\n<p>Este trabajo proporciona tambi\u00e9n el estudio cl\u00e1sico de la ejecuci\u00f3n. As\u00ed, en sus siete cap\u00edtulos, desarrolla los conceptos generales de la ejecuci\u00f3n, la acci\u00f3n ejecutiva y sus requisitos, la tramitaci\u00f3n del cuaderno ejecutivo, la defensa del ejecutado, la tramitaci\u00f3n del cuaderno de apremio y el cumplimiento de la ejecuci\u00f3n, las tercer\u00edas, el juicio ejecutivo obligaciones de hacer y de no hacer, el juicio ejecutivo de m\u00ednima cuant\u00eda y el abandono del procedimiento en el juicio ejecutivo.<\/p>\n<p><strong>CAP\u00cdTULO I<br \/>\nDEL EJECUTIVO EN GENERAL<\/strong><\/p>\n<p>1. Definici\u00f3n<br \/>\n2. Caracter\u00edsticas<br \/>\n3. Fundamento<br \/>\n4. Clasificaci\u00f3n del juicio ejecutivo<br \/>\na) Seg\u00fan la naturaleza de la obligaci\u00f3n<br \/>\nb) Seg\u00fan el campo de aplicaci\u00f3n<br \/>\nc) Seg\u00fan la cuant\u00eda<br \/>\n5. Reglamentaci\u00f3n<br \/>\n6. Ejecuci\u00f3n singular y concurso de acreedores<br \/>\n7. Acumulaci\u00f3n de juicios ejecutivos<\/p>\n<p><strong>CAP\u00cdTULO II<br \/>\nEL JUICIO EJECUTIVO EN LAS OBLIGACIONES DE DAR<\/strong><\/p>\n<p>SECCI\u00d3N I<br \/>\nLA ACCI\u00d3N EJECUTIVA<\/p>\n<p>1. Concepto<br \/>\n2. Tribunal de ejecuci\u00f3n<br \/>\n3. Las partes<br \/>\n4. Requisitos<\/p>\n<p><strong>SECCI\u00d3N II<br \/>\nLOS T\u00cdTULOS EJECUTIVOS<\/strong><\/p>\n<p>1. Concepto<br \/>\n2. Caracter\u00edsticas<br \/>\n3. Elementos<br \/>\n4. T\u00edtulo ejecutivo compuesto<br \/>\n5. Naturaleza jur\u00eddica<br \/>\n6. Clasificaci\u00f3n<br \/>\n<strong><br \/>\nIII T\u00cdTULOS EJECUTIVOS PERFECTOS<\/strong><\/p>\n<p>1. Sentencias definitivas e interlocutorias firmes<br \/>\na) Requisitos<br \/>\nb) Materialidad del t\u00edtulo<br \/>\nc) M\u00e9rito ejecutivo relativo de las sentencias judiciales<br \/>\nd) Sentencia emanada de Tribunal extranjero<br \/>\ne) Sentencias dictadas por tribunales arbitrales<br \/>\nf) Sentencias dictadas contra el Fisco<br \/>\ng) Tribunal competente para conocer el cumplimiento de la sentencia firme<br \/>\nh) La sentencia que causa ejecutoria<br \/>\n2. La copia autorizada de escritura p\u00fablica<br \/>\na) Generalidades y requisitos<br \/>\nb) Escritura p\u00fablica de mutuo endosable<br \/>\n3. Acta de avenimiento<br \/>\na) Concepto<br \/>\nb) Requisitos<br \/>\nc) Avenimiento, conciliaci\u00f3n y transacci\u00f3n<br \/>\nd) Materialidad del t\u00edtulo<br \/>\ne) Cumplimiento incidental del avenimiento<br \/>\n41 \u00cdndice III P\u00e1gina 4. Instrumento privado: letra de cambio, pagar\u00e9 y cheque<br \/>\na) Generalidades y requisitos<br \/>\nb) Procedimiento de protesto personal de la letra de cambio y pagar\u00e9<br \/>\nc) Particularidades del pagar\u00e9<br \/>\n5. Cualquiera otro t\u00edtulo a que las leyes den fuerza ejecutiva<\/p>\n<p><strong>SECCI\u00d3N IV<br \/>\nT\u00cdTULOS IMPERFECTOS<\/strong><\/p>\n<p>1. El reconocimiento de firma puesto en instrumento privado<br \/>\na) Generalidades<br \/>\nb) Requisitos<br \/>\nc) Tramitaci\u00f3n<br \/>\nd) Forma en que se realiza el reconocimiento<br \/>\ne) Actitudes que puede asumir el citado<br \/>\n2. La notificaci\u00f3n de protesto de letras de cambio, pagar\u00e9s o cheques<br \/>\na) Generalidades<br \/>\nb) Procedimiento de notificaci\u00f3n judicial de protesto<br \/>\nc) Actitudes que puede asumir el deudor<br \/>\nd) Particularidades respecto al cheque<br \/>\n3. La confesi\u00f3n de deuda<br \/>\na) Generalidades<br \/>\nb) Petici\u00f3n conjunta de reconocimiento de firma y citaci\u00f3n a confesar deuda<br \/>\nc) Citaci\u00f3n a confesar deuda sin especificar actos jur\u00eddicos que le dieron origen o acompa\u00f1ar documentos en que consta<br \/>\nd) La citaci\u00f3n a confesar deuda frente a un incumplimiento contractual<br \/>\n4. La confrontaci\u00f3n de t\u00edtulos y de cupones<br \/>\n5. La avaluaci\u00f3n<br \/>\n6. La notificaci\u00f3n del t\u00edtulo ejecutivo a los herederos<br \/>\n7. Gesti\u00f3n preparatoria para el cobro por v\u00eda ejecutiva de una factura<br \/>\na) Generalidades<br \/>\nb) M\u00e9rito ejecutivo de la factura<br \/>\nc) Cesi\u00f3n del cr\u00e9dito contenido en la factura<\/p>\n<p><strong>SECCI\u00d3N V<br \/>\nOBLIGACI\u00d3N L\u00cdQUIDA O LIQUIDABLE Y DETERMINADA<\/strong><\/p>\n<p>1. Generalidades<br \/>\n2. Las obligaciones en moneda extranjera<\/p>\n<p><strong>SECCI\u00d3N VI<br \/>\nOBLIGACI\u00d3N ACTUALMENTE EXIGIBLE<\/strong><\/p>\n<p>1. Generalidades<br \/>\n2. Contratos bilaterales<br \/>\n3. Cl\u00e1usula de aceleraci\u00f3n<br \/>\n4. Exigibilidad de una deuda cuyo valor se ha ordenado retener por decreto judicial<\/p>\n<p><strong>SECCI\u00d3N VII<br \/>\nACCI\u00d3N EJECUTIVA NO PRESCRITA<\/strong><\/p>\n<p>1. Generalidades<br \/>\n2. Suspensi\u00f3n de la acci\u00f3n ejecutiva<br \/>\n3. Interrupci\u00f3n de la prescripci\u00f3n de la acci\u00f3n ejecutiva<br \/>\n4. La renovaci\u00f3n de los t\u00edtulos ejecutivos prescritos a trav\u00e9s de las gestiones preparatorias de la v\u00eda ejecutiva<br \/>\n5. Conversi\u00f3n de prescripci\u00f3n en el pagar\u00e9<br \/>\n<strong><br \/>\nSECCI\u00d3N VIII<br \/>\nTRAMITACI\u00d3N DEL CUADERNO EJECUTIVO<\/strong><\/p>\n<p>1. Estructura del juicio<br \/>\n2. La demanda ejecutiva<br \/>\na) Requisitos<br \/>\n3. Ampliaci\u00f3n de la demanda<br \/>\n4. Retiro de la demanda<br \/>\n5. Examen de la demanda ejecutiva por el tribunal<br \/>\n6. Posibilidad de extender el examen de admisibilidad de la demanda ejecutiva al monto de la ejecuci\u00f3n<br \/>\n7. Resoluci\u00f3n que recae sobre la demanda ejecutiva<br \/>\n8. El mandamiento de ejecuci\u00f3n y embargo<br \/>\n9. Recursos que proceden contra de la resoluci\u00f3n que provee la demanda ejecutiva<br \/>\na) Recurso de apelaci\u00f3n<br \/>\nb) Recurso de casaci\u00f3n<br \/>\n10. Notificaci\u00f3n de la demanda ejecutiva y requerimiento de pago<br \/>\n11. El requerimiento de pago<br \/>\na) Definici\u00f3n<br \/>\nb) Sujeto que efect\u00faa el requerimiento de pago<br \/>\nc) Formas de realizaci\u00f3n del requerimiento<br \/>\nd) Requerimiento de pago y notificaci\u00f3n por avisos<br \/>\ne) Requerimiento de pago y notificaci\u00f3n ficta<br \/>\nf) Requerimiento espont\u00e1neo<br \/>\ng) Cumplimiento defectuoso del requerimiento de pago<br \/>\nh) La relaci\u00f3n procesal m\u00faltiple<br \/>\ni) Efectos del requerimiento de pago<br \/>\nj) Actitudes que puede asumir el ejecutado frente al requerimiento de pago<\/p>\n<p><strong>SECCI\u00d3N IX<br \/>\nLA DEFENSA DEL EJECUTADO<\/strong><\/p>\n<p>1. Generalidades<br \/>\n2. Plazo para oponer excepciones<br \/>\na) Requerimiento de pago dentro del territorio de la Rep\u00fablica<br \/>\nb) Requerimiento de pago fuera del territorio de la Rep\u00fablica<br \/>\n3. Caracter\u00edsticas del plazo para deducir excepciones<br \/>\n4. Formulaci\u00f3n de la oposici\u00f3n<br \/>\n5. Excepciones a la ejecuci\u00f3n<br \/>\na) Excepciones dilatorias<br \/>\nb) Excepciones perentorias<\/p>\n<p><strong>SECCI\u00d3N X<br \/>\nTRAMITACI\u00d3N DE LAS EXCEPCIONES<\/strong><\/p>\n<p>1. Respuesta a las excepciones<br \/>\n2. Actitudes que puede asumir el ejecutante<br \/>\n3. Examen de admisibilidad de las excepciones y recepci\u00f3n de la causa a prueba<br \/>\na) Las excepciones sean admisibles<br \/>\nb) Las excepciones sean inadmisibles<br \/>\n4. El t\u00e9rmino probatorio<br \/>\na) El t\u00e9rmino probatorio ordinario<br \/>\nb) El t\u00e9rmino probatorio extraordinario<br \/>\nc) El t\u00e9rmino probatorio especial<br \/>\n5. Manera de rendirse la prueba<br \/>\n6. Carga probatoria<br \/>\n7. Tr\u00e1mites posteriores a la prueba<\/p>\n<p><strong>SECCI\u00d3N XI<br \/>\nDE LA SENTENCIA<\/strong><\/p>\n<p>1. La sentencia<br \/>\na) Sentencia absolutoria<br \/>\nb) Sentencia condenatoria<br \/>\n2. Contenido de la sentencia<br \/>\n3. Curso de las costas<br \/>\n4. Recursos contra la sentencia definitiva<br \/>\na) Recurso de aclaraci\u00f3n, rectificaci\u00f3n y enmienda<br \/>\nb) Recurso de apelaci\u00f3n<br \/>\nc) Recurso de casaci\u00f3n<br \/>\n5. La cosa juzgada en el juicio ejecutivo<br \/>\na) Principio general<br \/>\nb) Excepciones<\/p>\n<p><strong>SECCI\u00d3N XII<br \/>\nTRAMITACI\u00d3N DEL CUADERNO DE APREMIO<\/strong><\/p>\n<p>1. Generalidades<br \/>\n2. El mandamiento de ejecuci\u00f3n y embargo<br \/>\na) Concepto<br \/>\nb) Naturaleza jur\u00eddica<br \/>\nc) Mandamiento de ejecuci\u00f3n y embargo como sentencia de t\u00e9rmino<br \/>\nd) Contenido del mandamiento<br \/>\n3. El embargo<br \/>\na) Generalidades<br \/>\nb) Concepto<br \/>\nc) Requisitos del embargo<br \/>\nd) Bienes embargables<br \/>\ne) Bienes inembargables<br \/>\nf) Designaci\u00f3n de bienes para la traba del embargo<br \/>\ng) Requisitos que se deben cumplirse en el acto de embargo<br \/>\nh) Manera de practicar el embargo<br \/>\ni) Tr\u00e1mites posteriores al embargo<br \/>\nj) Efectos del embargo<br \/>\nk) Administraci\u00f3n de los bienes embargados<br \/>\nl) Depositario alzado<br \/>\nm) El reembargo<br \/>\nn) Ampliaci\u00f3n del embargo<br \/>\n\u00f1) La reducci\u00f3n del embargo<br \/>\no) La sustituci\u00f3n del embargo<br \/>\np) La cesaci\u00f3n del embargo<br \/>\nq) Exclusi\u00f3n del embargo<br \/>\n4. Medidas prejudiciales en el procedimiento ejecutivo<\/p>\n<p><strong>SECCI\u00d3N XIII<br \/>\nCUMPLIMIENTO DE LA EJECUCI\u00d3N<\/strong><\/p>\n<p>1. Generalidades<br \/>\n2. Realizaci\u00f3n forzosa de los bienes<br \/>\na) Sentencia de pago<br \/>\nb) Sentencia de remate<\/p>\n<p><strong>SECCI\u00d3N XIV<br \/>\nREALIZACI\u00d3N BIENES SUJETOS A CORRUPCI\u00d3N O DE COSTOSA CONSERVACI\u00d3N Y EFECTOS DE COMERCIO REALIZABLES EN EL ACTO<\/strong><\/p>\n<p>1. Realizaci\u00f3n bienes sujetos a corrupci\u00f3n o de costosa conservaci\u00f3n<br \/>\n2. Realizaci\u00f3n efectos de comercio realizables en el acto<\/p>\n<p><strong>SECCI\u00d3N XV<br \/>\nREALIZACI\u00d3N BIENES MUEBLES QUE PUEDEN VENDERSE AL MARTILLO<br \/>\n<\/strong><br \/>\n1. Generalidades<br \/>\n2. Designaci\u00f3n de martilleo y retiro de especies embargadas<br \/>\n3. Entrega de bienes embargados al martillero<br \/>\n4. Tr\u00e1mites previos al remate<br \/>\n5. Realizaci\u00f3n del remate<br \/>\n6. Rendici\u00f3n de cuenta del martillero<\/p>\n<p><strong>SECCI\u00d3N XVI<br \/>\nREALIZACI\u00d3N DE LOS DEM\u00c1S BIENES, ESPECIALMENTE LOS RA\u00cdCES<\/strong><\/p>\n<p>1. Generalidades<br \/>\n2. Diligencias previas<br \/>\na) Tasaci\u00f3n de los bienes<br \/>\nb) Determinaci\u00f3n de las bases de remate<br \/>\nc) Eventual citaci\u00f3n personal de los acreedores hipotecarios<br \/>\nd) Autorizaci\u00f3n judicial o de los acreedores embargantes en su caso<br \/>\ne) Fijaci\u00f3n del d\u00eda y hora de la subasta<br \/>\nf) Publicaci\u00f3n de avisos<br \/>\n3. El acto del remate<br \/>\na) Actos previos al remate<br \/>\nb) El desarrollo del remate<br \/>\nc) El acta de remate<br \/>\nd) Naturaleza jur\u00eddica del remate judicial<br \/>\ne) Ausencia de postores en el remate<br \/>\nf) La prenda pretoria<br \/>\ng) Embargo del derecho de gozar de una cosa o percibir sus frutos<br \/>\nh) Efectos del remate<br \/>\n4. Actos posteriores al remate<br \/>\na) Dep\u00f3sito del saldo del precio de adquisici\u00f3n del inmueble rematado<br \/>\nb) Suscripci\u00f3n de la escritura p\u00fablica de adjudicaci\u00f3n y alzamiento de hipotecas, grav\u00e1menes y prohibiciones<br \/>\nc) Liquidaci\u00f3n del cr\u00e9dito y determinaci\u00f3n de costas<br \/>\nd) Pago al ejecutante<br \/>\ne) Entrega del bien rematado<br \/>\n5. Cuestiones que pueden suscitarse con posterioridad al remate<br \/>\na) Que el subastador se desista de efectuar la compra<br \/>\nb) Nulidad del remate<br \/>\nc) Pago de la deuda con posterioridad al remate<\/p>\n<p><strong>CAP\u00cdTULO III<br \/>\nDE LAS TERCER\u00cdAS<\/strong><\/p>\n<p>SECCI\u00d3N I<br \/>\nGENERALIDADES<\/p>\n<p>1. Definiciones<br \/>\n2. Naturaleza jur\u00eddica<br \/>\n3. Caracter\u00edsticas<br \/>\n4. Sujetos en la relaci\u00f3n procesal<br \/>\n5. Tercer\u00edas preventivas<\/p>\n<p><strong>SECCI\u00d3N II<br \/>\nTERCER\u00cdA DE DOMINIO<\/strong><\/p>\n<p>1. Concepto<br \/>\n2. Oportunidad para deducirla<br \/>\n3. Tramitaci\u00f3n<br \/>\n4. Efectos de la tercer\u00eda de dominio<br \/>\n5. Sentencia<\/p>\n<p><strong>SECCI\u00d3N III<br \/>\nTERCER\u00cdA DE POSESI\u00d3N<\/strong><\/p>\n<p>1. Concepto<br \/>\n2. Oportunidad para deducirla<br \/>\n3. Tramitaci\u00f3n<br \/>\n4. Efecto<br \/>\n5. Carga probatoria<br \/>\n6. Sentencia<\/p>\n<p><strong>SECCI\u00d3N IV<br \/>\nTERCER\u00cdA DE PRELACI\u00d3N<\/strong><\/p>\n<p>1. Concepto<br \/>\n2. Finalidad<br \/>\n3. Oportunidad para deducirlo<br \/>\n4. Tramitaci\u00f3n<br \/>\n5. Efectos<br \/>\n6. Carga probatoria<br \/>\n7. Sentencia<\/p>\n<p><strong>SECCI\u00d3N V<br \/>\nTERCER\u00cdA DE PAGO<\/strong><\/p>\n<p>1. Concepto<br \/>\n2. Oportunidad<br \/>\n3. Requisitos de procedencia<br \/>\n4. Tramitaci\u00f3n<br \/>\n5. Efectos<br \/>\n6. Sentencia<br \/>\n7. Procedimiento especial del art\u00edculo 528 del C\u00f3digo de Procedimiento Civil<br \/>\n8. Derechos del tercerista de pago en relaci\u00f3n al depositario y el remate<br \/>\n9. Diferencias entre la tercer\u00eda de prelaci\u00f3n y de pago<\/p>\n<p><strong>SECCI\u00d3N VI<br \/>\nOTROS DERECHOS QUE PUEDEN HACER VALER LOS TERCEROS<br \/>\n<\/strong><br \/>\n1. Oposici\u00f3n que se funda en el derecho del comunero sobre la cosa embargada<br \/>\n2. Derechos que hace valer el ejecutado invocando una calidad distinta de aquella por la cual se ejecuta<\/p>\n<p><strong>CAP\u00cdTULO IV<br \/>\nJUICIO EJECUTIVO OBLIGACIONES DE HACER<\/strong><\/p>\n<p>1. Generalidades<br \/>\n2. Procedimiento<br \/>\na) Subscripci\u00f3n de un documento o en la constituci\u00f3n de una obligaci\u00f3n<br \/>\nb) Ejecuci\u00f3n de una obra material<\/p>\n<p><strong>CAP\u00cdTULO V<br \/>\nJUICIO EJECUTIVO OBLIGACIONES DE NO HACER<\/strong><\/p>\n<p>1. Generalidades<br \/>\n2. Requisitos para que proceda la ejecuci\u00f3n<br \/>\n3. Procedimiento<br \/>\n<strong><br \/>\nCAP\u00cdTULO VI<br \/>\nJUICIO DE M\u00cdNIMA CUANT\u00cdA<\/strong><\/p>\n<p>1. Reglamentaci\u00f3n<br \/>\n2. Aplicaci\u00f3n<br \/>\n3. Particularidades del juicio ejecutivo de menor cuant\u00eda<br \/>\n4. Tramitaci\u00f3n<br \/>\na) Cuaderno ejecutivo<br \/>\nb) Cuaderno de apremio<\/p>\n<p><strong>CAP\u00cdTULO VII<br \/>\nEL ABANDONO DE PROCEDIMIENTO<br \/>\n<\/strong><br \/>\n1. Generalidades<br \/>\n2. Impulso procesal<br \/>\n3. Efectos del abandono del procedimiento<br \/>\n4. R\u00e9gimen de costas<br \/>\n5. Diligencias \u00fatiles en el cuaderno de apremio<br \/>\n6. Diligencias \u00fatiles en el cuaderno ejecutivo<\/p>\n","protected":false},"excerpt":{"rendered":"<p>El C\u00f3digo de Procedimiento Civil ha sido objeto de diversas modificaciones, entre estas \u2013quiz\u00e1 la m\u00e1s innovadora\u2013 las introducidas por la Ley N\u00ba 20.886, normativa que, adem\u00e1s de establecer la tramitaci\u00f3n digital de los procedimientos judiciales, modific\u00f3 tambi\u00e9n diversos preceptos referidos al juicio ejecutivo en las obligaciones de dar. De ah\u00ed el prop\u00f3sito de este trabajo: entregar una aproximaci\u00f3n actualizada de este procedimiento, a la luz de la regulaci\u00f3n, la doctrina y la jurisprudencia nacionales, considerando la experiencia del derecho comparado. En este cometido, se logr\u00f3 caracterizar el juicio ejecutivo, detectar los problemas que presenta su regulaci\u00f3n y examinar las soluciones que se han dado a esos problemas por la doctrina y jurisprudencia chilena. Como fruto de lo anterior, en esta obra se tratan diversos aspectos de la ejecuci\u00f3n, por ejemplo: el t\u00edtulo ejecutivo compuesto, la ejecuci\u00f3n provisional de resoluciones judiciales, el cumplimiento incidental del avenimiento, el pagar\u00e9 suscrito en blanco, los protestos que permiten llevar adelante la ejecuci\u00f3n, la citaci\u00f3n a confesar deuda sin especificar actos jur\u00eddicos que le dieron origen o acompa\u00f1ar documentos en que consta, la renovaci\u00f3n de los t\u00edtulos ejecutivos prescritos a trav\u00e9s de las gestiones preparatorias de la v\u00eda ejecutiva, posibilidad de extender el examen de admisibilidad de la demanda ejecutiva al monto de la ejecuci\u00f3n, el pago de la deuda con posterioridad al remate, la tercer\u00eda preventiva, entre otros t\u00f3picos. Este trabajo proporciona tambi\u00e9n el estudio cl\u00e1sico de la ejecuci\u00f3n. As\u00ed, en sus siete cap\u00edtulos, desarrolla los conceptos generales de la ejecuci\u00f3n, la acci\u00f3n ejecutiva y sus requisitos, la tramitaci\u00f3n del cuaderno ejecutivo, la defensa del ejecutado, la tramitaci\u00f3n del cuaderno de apremio y el cumplimiento de la ejecuci\u00f3n, las tercer\u00edas, el juicio ejecutivo obligaciones de hacer y de no hacer, el juicio ejecutivo de m\u00ednima cuant\u00eda y el abandono del procedimiento en el juicio ejecutivo. CAP\u00cdTULO I DEL EJECUTIVO EN GENERAL 1. Definici\u00f3n 2. Caracter\u00edsticas 3. Fundamento 4. Clasificaci\u00f3n del juicio ejecutivo a) Seg\u00fan la naturaleza de la obligaci\u00f3n b) Seg\u00fan el campo de aplicaci\u00f3n c) Seg\u00fan la cuant\u00eda 5. Reglamentaci\u00f3n 6. Ejecuci\u00f3n singular y concurso de acreedores 7. Acumulaci\u00f3n de juicios ejecutivos CAP\u00cdTULO II EL JUICIO EJECUTIVO EN LAS OBLIGACIONES DE DAR SECCI\u00d3N I LA ACCI\u00d3N EJECUTIVA 1. Concepto 2. Tribunal de ejecuci\u00f3n 3. Las partes 4. Requisitos SECCI\u00d3N II LOS T\u00cdTULOS EJECUTIVOS 1. Concepto 2. Caracter\u00edsticas 3. Elementos 4. T\u00edtulo ejecutivo compuesto 5. Naturaleza jur\u00eddica 6. Clasificaci\u00f3n III T\u00cdTULOS EJECUTIVOS PERFECTOS 1. Sentencias definitivas e interlocutorias firmes a) Requisitos b) Materialidad del t\u00edtulo c) M\u00e9rito ejecutivo relativo de las sentencias judiciales d) Sentencia emanada de Tribunal extranjero e) Sentencias dictadas por tribunales arbitrales f) Sentencias dictadas contra el Fisco g) Tribunal competente para conocer el cumplimiento de la sentencia firme h) La sentencia que causa ejecutoria 2. La copia autorizada de escritura p\u00fablica a) Generalidades y requisitos b) Escritura p\u00fablica de mutuo endosable 3. Acta de avenimiento a) Concepto b) Requisitos c) Avenimiento, conciliaci\u00f3n y transacci\u00f3n d) Materialidad del t\u00edtulo e) Cumplimiento incidental del avenimiento 41 \u00cdndice III P\u00e1gina 4. Instrumento privado: letra de cambio, pagar\u00e9 y cheque a) Generalidades y requisitos b) Procedimiento de protesto personal de la letra de cambio y pagar\u00e9 c) Particularidades del pagar\u00e9 5. Cualquiera otro t\u00edtulo a que las leyes den fuerza ejecutiva SECCI\u00d3N IV T\u00cdTULOS IMPERFECTOS 1. El reconocimiento de firma puesto en instrumento privado a) Generalidades b) Requisitos c) Tramitaci\u00f3n d) Forma en que se realiza el reconocimiento e) Actitudes que puede asumir el citado 2. La notificaci\u00f3n de protesto de letras de cambio, pagar\u00e9s o cheques a) Generalidades b) Procedimiento de notificaci\u00f3n judicial de protesto c) Actitudes que puede asumir el deudor d) Particularidades respecto al cheque 3. La confesi\u00f3n de deuda a) Generalidades b) Petici\u00f3n conjunta de reconocimiento de firma y citaci\u00f3n a confesar deuda c) Citaci\u00f3n a confesar deuda sin especificar actos jur\u00eddicos que le dieron origen o acompa\u00f1ar documentos en que consta d) La citaci\u00f3n a confesar deuda frente a un incumplimiento contractual 4. La confrontaci\u00f3n de t\u00edtulos y de cupones 5. La avaluaci\u00f3n 6. La notificaci\u00f3n del t\u00edtulo ejecutivo a los herederos 7. Gesti\u00f3n preparatoria para el cobro por v\u00eda ejecutiva de una factura a) Generalidades b) M\u00e9rito ejecutivo de la factura c) Cesi\u00f3n del cr\u00e9dito contenido en la factura SECCI\u00d3N V OBLIGACI\u00d3N L\u00cdQUIDA O LIQUIDABLE Y DETERMINADA 1. Generalidades 2. Las obligaciones en moneda extranjera SECCI\u00d3N VI OBLIGACI\u00d3N ACTUALMENTE EXIGIBLE 1. Generalidades 2. Contratos bilaterales 3. Cl\u00e1usula de aceleraci\u00f3n 4. Exigibilidad de una deuda cuyo valor se ha ordenado retener por decreto judicial SECCI\u00d3N VII ACCI\u00d3N EJECUTIVA NO PRESCRITA 1. Generalidades 2. Suspensi\u00f3n de la acci\u00f3n ejecutiva 3. Interrupci\u00f3n de la prescripci\u00f3n de la acci\u00f3n ejecutiva 4. La renovaci\u00f3n de los t\u00edtulos ejecutivos prescritos a trav\u00e9s de las gestiones preparatorias de la v\u00eda ejecutiva 5. Conversi\u00f3n de prescripci\u00f3n en el pagar\u00e9 SECCI\u00d3N VIII TRAMITACI\u00d3N DEL CUADERNO EJECUTIVO 1. Estructura del juicio 2. La demanda ejecutiva a) Requisitos 3. Ampliaci\u00f3n de la demanda 4. Retiro de la demanda 5. Examen de la demanda ejecutiva por el tribunal 6. Posibilidad de extender el examen de admisibilidad de la demanda ejecutiva al monto de la ejecuci\u00f3n 7. Resoluci\u00f3n que recae sobre la demanda ejecutiva 8. El mandamiento de ejecuci\u00f3n y embargo 9. Recursos que proceden contra de la resoluci\u00f3n que provee la demanda ejecutiva a) Recurso de apelaci\u00f3n b) Recurso de casaci\u00f3n 10. Notificaci\u00f3n de la demanda ejecutiva y requerimiento de pago 11. El requerimiento de pago a) Definici\u00f3n b) Sujeto que efect\u00faa el requerimiento de pago c) Formas de realizaci\u00f3n del requerimiento d) Requerimiento de pago y notificaci\u00f3n por avisos e) Requerimiento de pago y notificaci\u00f3n ficta f) Requerimiento espont\u00e1neo g) Cumplimiento defectuoso del requerimiento de pago h) La relaci\u00f3n procesal m\u00faltiple i) Efectos del requerimiento de pago j) Actitudes que puede asumir el ejecutado frente al requerimiento de pago SECCI\u00d3N IX LA DEFENSA DEL EJECUTADO 1. Generalidades 2. Plazo para oponer excepciones a) Requerimiento de pago dentro del territorio de la Rep\u00fablica b) Requerimiento de pago fuera del territorio de la Rep\u00fablica 3. Caracter\u00edsticas del plazo para<\/p>\n","protected":false},"featured_media":4025,"comment_status":"open","ping_status":"closed","template":"","meta":{"inline_featured_image":false,"_joinchat":[]},"product_brand":[],"product_cat":[39,42],"product_tag":[],"class_list":{"0":"post-3995","1":"product","2":"type-product","3":"status-publish","4":"has-post-thumbnail","6":"product_cat-procesal-civil","7":"product_cat-thomson-reuters","8":"product_shipping_class-a-convenir","10":"first","11":"instock","12":"shipping-taxable","13":"purchasable","14":"product-type-simple"},"_links":{"self":[{"href":"https:\/\/bibliotecajuridicavirtual.cl\/index.php\/wp-json\/wp\/v2\/product\/3995","targetHints":{"allow":["GET"]}}],"collection":[{"href":"https:\/\/bibliotecajuridicavirtual.cl\/index.php\/wp-json\/wp\/v2\/product"}],"about":[{"href":"https:\/\/bibliotecajuridicavirtual.cl\/index.php\/wp-json\/wp\/v2\/types\/product"}],"replies":[{"embeddable":true,"href":"https:\/\/bibliotecajuridicavirtual.cl\/index.php\/wp-json\/wp\/v2\/comments?post=3995"}],"wp:featuredmedia":[{"embeddable":true,"href":"https:\/\/bibliotecajuridicavirtual.cl\/index.php\/wp-json\/wp\/v2\/media\/4025"}],"wp:attachment":[{"href":"https:\/\/bibliotecajuridicavirtual.cl\/index.php\/wp-json\/wp\/v2\/media?parent=3995"}],"wp:term":[{"taxonomy":"product_brand","embeddable":true,"href":"https:\/\/bibliotecajuridicavirtual.cl\/index.php\/wp-json\/wp\/v2\/product_brand?post=3995"},{"taxonomy":"product_cat","embeddable":true,"href":"https:\/\/bibliotecajuridicavirtual.cl\/index.php\/wp-json\/wp\/v2\/product_cat?post=3995"},{"taxonomy":"product_tag","embeddable":true,"href":"https:\/\/bibliotecajuridicavirtual.cl\/index.php\/wp-json\/wp\/v2\/product_tag?post=3995"}],"curies":[{"name":"wp","href":"https:\/\/api.w.org\/{rel}","templated":true}]}}