{"id":3996,"date":"2026-02-28T01:22:12","date_gmt":"2026-02-28T04:22:12","guid":{"rendered":"https:\/\/bibliotecajuridicavirtual.cl\/?post_type=product&#038;p=3996"},"modified":"2026-02-28T01:22:24","modified_gmt":"2026-02-28T04:22:24","slug":"los-delitos-contra-la-salud-publica-durante-la-pandemia-teoria-y-praxis-ano-2021-280-pag-autor-fernando-londono-m-francisco-maldonado-f-y-juan-pablo-manalich-r","status":"publish","type":"product","link":"https:\/\/bibliotecajuridicavirtual.cl\/index.php\/product\/los-delitos-contra-la-salud-publica-durante-la-pandemia-teoria-y-praxis-ano-2021-280-pag-autor-fernando-londono-m-francisco-maldonado-f-y-juan-pablo-manalich-r\/","title":{"rendered":"Los Delitos Contra La Salud P\u00fablica Durante La Pandemia: Teor\u00eda y Praxis. A\u00f1o 2021\/ 280 P\u00e1g. Autor Fernando Londo\u00f1o M., Francisco Maldonado F. y Juan Pablo Ma\u00f1alich R."},"content":{"rendered":"<p style=\"font-weight: 400;\">La obra aborda los aspectos m\u00e1s problem\u00e1ticos de las figuras de delitos contra la salud p\u00fablica, cuya persecuci\u00f3n penal ha tensionado al sistema de justicia penal-constitucional desde el inicio de la emergencia sanitaria asociada a la pandemia del SARS-CoV-2, con especial atenci\u00f3n al delito tipificado en el art. 318 del C\u00f3digo Penal.<\/p>\n<p style=\"font-weight: 400;\">El abordaje ser\u00e1 tanto te\u00f3rico-dogm\u00e1tico (identificando n\u00facleos problem\u00e1ticos y posibles l\u00edneas hermen\u00e9uticas de soluci\u00f3n) como pr\u00e1ctico, es decir, sensible a las novedades introducidas por el legislador (Ley N\u00ba 21.240 de 2020), as\u00ed como \u2013de modo muy especial\u2013a las principales l\u00edneas jurisprudenciales que se han sucedido desde el comienzo de la emergencia sanitaria, marcadas por decisiones de la Corte Suprema y del Tribunal Constitucional. Los problemas tratados se ubican ya en el plano de la legitimaci\u00f3n (legalidad y proporcionalidad, principalmente), ya en el de la lesividad exigida (formas de peligro).<\/p>\n<p style=\"font-weight: 400;\">En fin, un compromiso central se halla en el n\u00facleo del proyecto que da vida a la obra: la praxis est\u00e1 necesitada de la teor\u00eda, mientras que la teor\u00eda ha de dialogar y aprender de la praxis. Sus destinos est\u00e1n de este modo indisolublemente atados. El libro busca, por tanto, contribuir al di\u00e1logo \u2013m\u00e1s necesario que nunca\u2013 entre la academia y el foro.<\/p>\n<p style=\"font-weight: 400;\">\n<p style=\"font-weight: 400;\"><b><strong>CAP\u00cdTULO I<\/strong><\/b><br \/>\n<b><strong>SOBRE LA CONSTITUCIONALIDAD DEL DELITO PREVISTO EN EL INCISO PRIMERO DEL ART\u00cdCULO 318 DEL C\u00d3DIGO PENAL<\/strong><\/b><br \/>\n<em>Francisco Maldonado F.<\/em><\/p>\n<ol>\n<li style=\"font-weight: 400;\">Introducci\u00f3n<\/li>\n<li style=\"font-weight: 400;\">La ley penal en blanco en el ordenamiento jur\u00eddico chileno en general<\/li>\n<li style=\"font-weight: 400;\">Cuestiones problem\u00e1ticas relevantes de considerar en el an\u00e1lisis relativo a la constitucionalidad de una ley penal en blanco<br \/>\na) \u00bfQu\u00e9 implica que el n\u00facleo esencial de la conducta est\u00e9 descrito en el texto legal?<br \/>\nb) \u00bfPor qu\u00e9 es tan relevante que la exigencia privilegie la descripci\u00f3n en la ley de la conducta o modo de actuar?<br \/>\naa) \u00bfLa exigencia de conducta como objeto de referencia del ciudadano?<br \/>\nbb) \u00bfLa negaci\u00f3n de la exigencia de una conducta como objeto de referencia (en general)?<br \/>\nc) Los fundamentos y justificaci\u00f3n de las leyes penales en blanco se basan en dos \u00f3rdenes de consideraciones diversas y no solo en una que ofrezca un argumento de necesidad<\/li>\n<li style=\"font-weight: 400;\">Particularidades (relevantes) del delito previsto en el inciso primero del art\u00edculo 318 del C\u00f3digo Penal<br \/>\na) El inciso primero del art\u00edculo 318 del C\u00f3digo Penal como caso paradigm\u00e1tico de una norma permanente de car\u00e1cter temporal para eventos imposibles de concretizar por anticipado<br \/>\nb) Aparente advertencia \u2013e intento de resoluci\u00f3n\u2013 de los riesgos comprometidos de parte del legislador<br \/>\nc) \u00bfQu\u00e9 significa que la conducta incriminada \u201cponga en peligro la salud p\u00fablica\u201d?<\/li>\n<li style=\"font-weight: 400;\">\u00bfEs posible sostener que la puesta en peligro para la salud p\u00fablica es una exigencia que define la conducta incriminada?<\/li>\n<li style=\"font-weight: 400;\">\u00bfQu\u00e9 puede hacer el legislador penal frente a la pandemia entonces?<\/li>\n<li style=\"font-weight: 400;\">Conclusione<\/li>\n<\/ol>\n<p style=\"font-weight: 400;\">Bibliograf\u00eda<br \/>\nOtros antecedentes<\/p>\n<p style=\"font-weight: 400;\"><b><strong>CAP\u00cdTULO II<\/strong><\/b><br \/>\n<b><strong>EL ART. 318 CP A LA LUZ DE LA LEY N\u00ba 21.240. DE PASO, EL NUEVO ART. 318 BIS CP<\/strong><\/b><br \/>\n<em>Fernando Londo\u00f1o M.<\/em><\/p>\n<ol>\n<li style=\"font-weight: 400;\">Introducci\u00f3n pol\u00e9mica: el Ministerio P\u00fablico y el \u201cefecto cenicienta\u201d. Contexto y fines de la propuesta de interpretaci\u00f3n del art. 318 CP<\/li>\n<li style=\"font-weight: 400;\">Contexto y contenidos materiales de la ley N\u00ba 21.240<br \/>\na) La lucha contra la epidemia: polarizaci\u00f3n e incertidumbre en torno al art. 318 CP<br \/>\nb) El derecho positivo y la nueva Ley N\u00ba 21.240: modificaciones al art. 318 y nuevos arts. 318 bis y ter<br \/>\naa) Art. 318 CP<br \/>\nbb) Nuevo art. 318 bis<br \/>\ncc) Art. 318 ter<br \/>\ndd) Breve nota sobre la sistem\u00e1tica de penas<\/li>\n<li style=\"font-weight: 400;\">Valoraci\u00f3n global. Intentando poner algo de orden. \u00bfResponsabilidad penal para los infractores de la cuarentena?<br \/>\na) Clase de peligro y objeto de protecci\u00f3n<br \/>\naa) El fundamento preventivo-administrativo y su infracci\u00f3n como condici\u00f3n necesaria pero no suficiente para la imposici\u00f3n de la sanci\u00f3n penal<br \/>\nbb) No se puede tener todo: la posible objeci\u00f3n de constitucionalidad<br \/>\nb) La cualidad del objeto. Dos nociones de salud p\u00fablica: \u201cdependiente-emp\u00edrica\u201d y \u201caut\u00f3noma-institucional\u201d<br \/>\naa) La noci\u00f3n m\u00e1s \u201ccool\u201d<br \/>\nbb) La noci\u00f3n hist\u00f3rica y positiva<br \/>\nc) Del bottom-up al top-down. Un caso clamoroso de puesta de peligro por infracci\u00f3n de la autoridad<\/li>\n<li style=\"font-weight: 400;\">Ahora s\u00ed: una valoraci\u00f3n articulada del subconjunto 318-318 bis<br \/>\na) Devaluaci\u00f3n<br \/>\nb) Revaluaci\u00f3n<br \/>\nc) El caso italiano<\/li>\n<li style=\"font-weight: 400;\">Conclusiones y propuesta de cobertura para los arts. 318 y 318 bis<br \/>\na) Conclusiones (a modo de s\u00edntesis)<br \/>\nb) Esquemas de casos para cada figur<br \/>\naaa) El art. 318 estar\u00eda en condiciones de comprender<br \/>\nbb) El nuevo art. 318 bis estar\u00eda en condiciones de comprender:<br \/>\ncc) Supuestos preliminarmente no criminalizados<\/li>\n<\/ol>\n<p style=\"font-weight: 400;\"><b><strong>CAP\u00cdTULO III<\/strong><\/b><br \/>\n<b><strong>LOS DELITOS CONTRA LA SALUD P\u00daBLICA EN SITUACI\u00d3N DE PANDEMIA COMO DELITOS DE PELIGRO ABSTRACTO CONTRA LA SALUD INDIVIDUAL. UNA PROPUESTA DE INTERPRETACI\u00d3N DE LOS ARTS. 318, 318 BIS Y 318 TER DEL C\u00d3DIGO PENAL<\/strong><\/b><br \/>\n<em>Juan Pablo Ma\u00f1alich R.<\/em><\/p>\n<ol>\n<li style=\"font-weight: 400;\">Introducci\u00f3n: los delitos \u201ccontra la salud p\u00fablica\u201d en situaci\u00f3n de pandemia como desaf\u00edo para la dogm\u00e1tica de la parte especial<br \/>\na) Una contextualizaci\u00f3n preliminar<br \/>\nb) El plan y los prop\u00f3sitos de la investigaci\u00f3n<\/li>\n<li style=\"font-weight: 400;\">Bienes jur\u00eddicos: concepto, individuaci\u00f3n y clasificaci\u00f3n<br \/>\na) Los bienes jur\u00eddicos como propiedades positivamente valoradas<br \/>\nb) Titularidad y locus ontol\u00f3gico como criterios clasificatorios<\/li>\n<li style=\"font-weight: 400;\">\u00bfLa salud p\u00fablica como bien jur\u00eddico colectivo?<br \/>\na) \u00bfLa salud p\u00fablica como bien jur\u00eddico colectivo-natural?<br \/>\nb) \u00bfLa salud p\u00fablica como bien jur\u00eddico colectivo-institucional?<\/li>\n<li style=\"font-weight: 400;\">Lesi\u00f3n, peligro concreto y peligro abstracto<br \/>\na) Contra el paradigma de la agresi\u00f3n<br \/>\nb) Peligro concreto y peligro abstracto como formas aut\u00f3nomas de menoscabo<br \/>\nc) La protecci\u00f3n frente al peligro concreto y al peligro abstracto como neutralizaci\u00f3n de\u00f3ntica del azar situacional<br \/>\nd) Protecci\u00f3n general versus protecci\u00f3n especial frente al peligro abstracto<br \/>\ne) Los delitos de aptitud como delitos de peligro abstracto<br \/>\nf) Los delitos de efecto cumulativo como delitos de peligro abstracto<\/li>\n<li style=\"font-weight: 400;\">Los delitos contra la salud p\u00fablica en situaci\u00f3n de epidemia o contagio<br \/>\na) Los delitos contra la salud p\u00fablica como delitos de peligro abstracto-general contra la salud individual<br \/>\nb) La regulaci\u00f3n actualmente vigente y su recepci\u00f3n jurisprudencial<br \/>\nc) Los arts. 318 y 318 bis como leyes penales en blanco<\/li>\n<li style=\"font-weight: 400;\">El art. 318 como tipificaci\u00f3n de un delito de peligro abstracto<br \/>\na) \u00bfDelito de peligro concreto?b) El delito del art. 318 como delito de aptitud<br \/>\nc) Una ejemplificaci\u00f3n<br \/>\nd) La regla de agravaci\u00f3n del inc. 2\u00ba del art. 318<\/li>\n<li style=\"font-weight: 400;\">El art. 318 bis como tipificaci\u00f3n de un delito de peligro abstracto<br \/>\na) \u00bfDelito de peligro concreto?<br \/>\nb) El delito del art. 318 bis como delito de aptitud<br \/>\nc) Una ejemplificaci\u00f3n<br \/>\nd) El reforzamiento de la exigencia de dolo<\/li>\n<li style=\"font-weight: 400;\">El art. 318 ter como tipificaci\u00f3n de un delito de peligro abstracto<br \/>\na) \u00bfDelito de aptitud?<br \/>\nb) El delito del art. 318 ter como delito de efecto cumulativo<br \/>\nc) La medida de cuarentena o aislamiento como presupuesto t\u00edpico<br \/>\nd) El reforzamiento de la exigencia de dolo<br \/>\ne) La cuantificaci\u00f3n de las instancias de realizaci\u00f3n del tipo y la determinaci\u00f3n de la pena de multa<\/li>\n<\/ol>\n<p style=\"font-weight: 400;\"><b><strong>CAP\u00cdTULO IV<\/strong><\/b><br \/>\n<b><strong>PELIGRO HIPOT\u00c9TICO Y DELITO CONTRA LA SALUD P\u00daBLICA BAJO PANDEMIA DE COVID-19: LA JURISPRUDENCIA DE LA CORTE SUPREMA A LA LUZ DEL TRABAJO SEMINAL DE \u00c1NGEL TOR\u00cdO<\/strong><\/b><br \/>\n<em>Fernando Londo\u00f1o M.<\/em><\/p>\n<ol>\n<li style=\"font-weight: 400;\">Introducci\u00f3n<\/li>\n<li style=\"font-weight: 400;\">Los tres pasos del razonamiento jurisprudencial<br \/>\na) Primer paso. La simple lectura del precepto: no basta la sola infracci\u00f3n de determinadas normas sanitarias<br \/>\nb) Segundo paso. Pars destruens: no se trata de una figura de peligro abstracto<br \/>\nc) Tercer paso. Pars construens: se trata de un delito de peligro hipot\u00e9tico o abstracto-concreto; a la vez, la b\u00fasqueda de una conducta connotada de \u201cespecificidad\u201d<br \/>\naa) La comisi\u00f3n del art. 318 CP por personas no contagiadas. Acierto y l\u00edmites<br \/>\nbb) Continuaci\u00f3n del tercer paso<\/li>\n<li style=\"font-weight: 400;\">\u00bfAglomeraciones punibles sin m\u00e1s? Sobre el peligro hipot\u00e9tico en \u00c1ngel Tor\u00edo. La realidad (y no la norma) como criterio de la aptitud. La derrotabilidad de la peligrosidad imputada<\/li>\n<li style=\"font-weight: 400;\">Notas finales aclaratorias<\/li>\n<\/ol>\n<p style=\"font-weight: 400;\"><b><strong>CAP\u00cdTULO V<\/strong><\/b><br \/>\n<b><strong>VICIOS DE CONSTITUCIONALIDAD DEL ART\u00cdCULO 318 DEL C\u00d3DIGO PENAL Y JURISPRUDENCIA CONSTITUCIONAL<\/strong><\/b><br \/>\n<em>Francisco Maldonado F.<\/em><\/p>\n<ol>\n<li style=\"font-weight: 400;\">Introducci\u00f3n\n<p>2. Cuestiones de legalidad: constitucionalidad de la ley penal en blanco en el fallo del TC<br \/>\na) La discusi\u00f3n sobre \u201creserva legal\u201d. La falta de determinaci\u00f3n de la conducta<br \/>\nincriminada en la propia ley<br \/>\nb) Cuestiones adicionales<br \/>\naa) \u00bfEs realmente cuestionable que la regulaci\u00f3n complementaria de una ley penal en blanco sea variable o din\u00e1mica?<br \/>\nbb) \u00bfResulta suficiente constatar que la autoridad administrativa hace uso de facultades previstas en normas de rango legal para aceptar la constitucionalidad de este tipo de reglas?<br \/>\ncc) \u00bfEs posible aceptar que la norma complementaria de una ley penal en blanco no tenga vigencia o no sea aplicable en todo el territorio nacional o que se exprese en actos administrativos de efectos particulares y no abstractos o generales?<\/li>\n<li style=\"font-weight: 400;\">Cuestiones de proporcionalidad y ne bis in idem<br \/>\na) Primer argumento: Falta de proporcionalidad de los delitos de peligro abstracto (prevenci\u00f3n del Ministro N. Pozo)<br \/>\nb) Segundo argumento: falta de proporcionalidad de la pena privativa de libertad. Voto de mayor\u00eda de los Ministros Ar\u00f3stica y V\u00e1squez en el fallo de la causa rol N\u00ba 8950-20 de 5 de enero de 2021)<br \/>\nc) Tercer argumento: Falta de proporcionalidad, igualdad e infracci\u00f3n al debido proceso. Contenido del primer requerimiento de inconstitucionalidad<br \/>\nd) Cuarto argumento: El problema del ne bis in idem<\/li>\n<\/ol>\n","protected":false},"excerpt":{"rendered":"<p>La obra aborda los aspectos m\u00e1s problem\u00e1ticos de las figuras de delitos contra la salud p\u00fablica, cuya persecuci\u00f3n penal ha tensionado al sistema de justicia penal-constitucional desde el inicio de la emergencia sanitaria asociada a la pandemia del SARS-CoV-2, con especial atenci\u00f3n al delito tipificado en el art. 318 del C\u00f3digo Penal. El abordaje ser\u00e1 tanto te\u00f3rico-dogm\u00e1tico (identificando n\u00facleos problem\u00e1ticos y posibles l\u00edneas hermen\u00e9uticas de soluci\u00f3n) como pr\u00e1ctico, es decir, sensible a las novedades introducidas por el legislador (Ley N\u00ba 21.240 de 2020), as\u00ed como \u2013de modo muy especial\u2013a las principales l\u00edneas jurisprudenciales que se han sucedido desde el comienzo de la emergencia sanitaria, marcadas por decisiones de la Corte Suprema y del Tribunal Constitucional. Los problemas tratados se ubican ya en el plano de la legitimaci\u00f3n (legalidad y proporcionalidad, principalmente), ya en el de la lesividad exigida (formas de peligro). En fin, un compromiso central se halla en el n\u00facleo del proyecto que da vida a la obra: la praxis est\u00e1 necesitada de la teor\u00eda, mientras que la teor\u00eda ha de dialogar y aprender de la praxis. Sus destinos est\u00e1n de este modo indisolublemente atados. El libro busca, por tanto, contribuir al di\u00e1logo \u2013m\u00e1s necesario que nunca\u2013 entre la academia y el foro. CAP\u00cdTULO I SOBRE LA CONSTITUCIONALIDAD DEL DELITO PREVISTO EN EL INCISO PRIMERO DEL ART\u00cdCULO 318 DEL C\u00d3DIGO PENAL Francisco Maldonado F. Introducci\u00f3n La ley penal en blanco en el ordenamiento jur\u00eddico chileno en general Cuestiones problem\u00e1ticas relevantes de considerar en el an\u00e1lisis relativo a la constitucionalidad de una ley penal en blanco a) \u00bfQu\u00e9 implica que el n\u00facleo esencial de la conducta est\u00e9 descrito en el texto legal? b) \u00bfPor qu\u00e9 es tan relevante que la exigencia privilegie la descripci\u00f3n en la ley de la conducta o modo de actuar? aa) \u00bfLa exigencia de conducta como objeto de referencia del ciudadano? bb) \u00bfLa negaci\u00f3n de la exigencia de una conducta como objeto de referencia (en general)? c) Los fundamentos y justificaci\u00f3n de las leyes penales en blanco se basan en dos \u00f3rdenes de consideraciones diversas y no solo en una que ofrezca un argumento de necesidad Particularidades (relevantes) del delito previsto en el inciso primero del art\u00edculo 318 del C\u00f3digo Penal a) El inciso primero del art\u00edculo 318 del C\u00f3digo Penal como caso paradigm\u00e1tico de una norma permanente de car\u00e1cter temporal para eventos imposibles de concretizar por anticipado b) Aparente advertencia \u2013e intento de resoluci\u00f3n\u2013 de los riesgos comprometidos de parte del legislador c) \u00bfQu\u00e9 significa que la conducta incriminada \u201cponga en peligro la salud p\u00fablica\u201d? \u00bfEs posible sostener que la puesta en peligro para la salud p\u00fablica es una exigencia que define la conducta incriminada? \u00bfQu\u00e9 puede hacer el legislador penal frente a la pandemia entonces? Conclusione Bibliograf\u00eda Otros antecedentes CAP\u00cdTULO II EL ART. 318 CP A LA LUZ DE LA LEY N\u00ba 21.240. DE PASO, EL NUEVO ART. 318 BIS CP Fernando Londo\u00f1o M. Introducci\u00f3n pol\u00e9mica: el Ministerio P\u00fablico y el \u201cefecto cenicienta\u201d. Contexto y fines de la propuesta de interpretaci\u00f3n del art. 318 CP Contexto y contenidos materiales de la ley N\u00ba 21.240 a) La lucha contra la epidemia: polarizaci\u00f3n e incertidumbre en torno al art. 318 CP b) El derecho positivo y la nueva Ley N\u00ba 21.240: modificaciones al art. 318 y nuevos arts. 318 bis y ter aa) Art. 318 CP bb) Nuevo art. 318 bis cc) Art. 318 ter dd) Breve nota sobre la sistem\u00e1tica de penas Valoraci\u00f3n global. Intentando poner algo de orden. \u00bfResponsabilidad penal para los infractores de la cuarentena? a) Clase de peligro y objeto de protecci\u00f3n aa) El fundamento preventivo-administrativo y su infracci\u00f3n como condici\u00f3n necesaria pero no suficiente para la imposici\u00f3n de la sanci\u00f3n penal bb) No se puede tener todo: la posible objeci\u00f3n de constitucionalidad b) La cualidad del objeto. Dos nociones de salud p\u00fablica: \u201cdependiente-emp\u00edrica\u201d y \u201caut\u00f3noma-institucional\u201d aa) La noci\u00f3n m\u00e1s \u201ccool\u201d bb) La noci\u00f3n hist\u00f3rica y positiva c) Del bottom-up al top-down. Un caso clamoroso de puesta de peligro por infracci\u00f3n de la autoridad Ahora s\u00ed: una valoraci\u00f3n articulada del subconjunto 318-318 bis a) Devaluaci\u00f3n b) Revaluaci\u00f3n c) El caso italiano Conclusiones y propuesta de cobertura para los arts. 318 y 318 bis a) Conclusiones (a modo de s\u00edntesis) b) Esquemas de casos para cada figur aaa) El art. 318 estar\u00eda en condiciones de comprender bb) El nuevo art. 318 bis estar\u00eda en condiciones de comprender: cc) Supuestos preliminarmente no criminalizados CAP\u00cdTULO III LOS DELITOS CONTRA LA SALUD P\u00daBLICA EN SITUACI\u00d3N DE PANDEMIA COMO DELITOS DE PELIGRO ABSTRACTO CONTRA LA SALUD INDIVIDUAL. UNA PROPUESTA DE INTERPRETACI\u00d3N DE LOS ARTS. 318, 318 BIS Y 318 TER DEL C\u00d3DIGO PENAL Juan Pablo Ma\u00f1alich R. Introducci\u00f3n: los delitos \u201ccontra la salud p\u00fablica\u201d en situaci\u00f3n de pandemia como desaf\u00edo para la dogm\u00e1tica de la parte especial a) Una contextualizaci\u00f3n preliminar b) El plan y los prop\u00f3sitos de la investigaci\u00f3n Bienes jur\u00eddicos: concepto, individuaci\u00f3n y clasificaci\u00f3n a) Los bienes jur\u00eddicos como propiedades positivamente valoradas b) Titularidad y locus ontol\u00f3gico como criterios clasificatorios \u00bfLa salud p\u00fablica como bien jur\u00eddico colectivo? a) \u00bfLa salud p\u00fablica como bien jur\u00eddico colectivo-natural? b) \u00bfLa salud p\u00fablica como bien jur\u00eddico colectivo-institucional? Lesi\u00f3n, peligro concreto y peligro abstracto a) Contra el paradigma de la agresi\u00f3n b) Peligro concreto y peligro abstracto como formas aut\u00f3nomas de menoscabo c) La protecci\u00f3n frente al peligro concreto y al peligro abstracto como neutralizaci\u00f3n de\u00f3ntica del azar situacional d) Protecci\u00f3n general versus protecci\u00f3n especial frente al peligro abstracto e) Los delitos de aptitud como delitos de peligro abstracto f) Los delitos de efecto cumulativo como delitos de peligro abstracto Los delitos contra la salud p\u00fablica en situaci\u00f3n de epidemia o contagio a) Los delitos contra la salud p\u00fablica como delitos de peligro abstracto-general contra la salud individual b) La regulaci\u00f3n actualmente vigente y su recepci\u00f3n jurisprudencial c) Los arts. 318 y 318 bis como leyes penales en blanco El art. 318 como tipificaci\u00f3n de un delito de peligro abstracto a) \u00bfDelito de peligro concreto?b) El delito del art. 318 como delito de aptitud c) Una ejemplificaci\u00f3n d) La<\/p>\n","protected":false},"featured_media":4026,"comment_status":"open","ping_status":"closed","template":"","meta":{"inline_featured_image":false,"_joinchat":[]},"product_brand":[],"product_cat":[30,42],"product_tag":[],"class_list":{"0":"post-3996","1":"product","2":"type-product","3":"status-publish","4":"has-post-thumbnail","6":"product_cat-penal","7":"product_cat-thomson-reuters","8":"product_shipping_class-a-convenir","10":"first","11":"instock","12":"shipping-taxable","13":"purchasable","14":"product-type-simple"},"_links":{"self":[{"href":"https:\/\/bibliotecajuridicavirtual.cl\/index.php\/wp-json\/wp\/v2\/product\/3996","targetHints":{"allow":["GET"]}}],"collection":[{"href":"https:\/\/bibliotecajuridicavirtual.cl\/index.php\/wp-json\/wp\/v2\/product"}],"about":[{"href":"https:\/\/bibliotecajuridicavirtual.cl\/index.php\/wp-json\/wp\/v2\/types\/product"}],"replies":[{"embeddable":true,"href":"https:\/\/bibliotecajuridicavirtual.cl\/index.php\/wp-json\/wp\/v2\/comments?post=3996"}],"wp:featuredmedia":[{"embeddable":true,"href":"https:\/\/bibliotecajuridicavirtual.cl\/index.php\/wp-json\/wp\/v2\/media\/4026"}],"wp:attachment":[{"href":"https:\/\/bibliotecajuridicavirtual.cl\/index.php\/wp-json\/wp\/v2\/media?parent=3996"}],"wp:term":[{"taxonomy":"product_brand","embeddable":true,"href":"https:\/\/bibliotecajuridicavirtual.cl\/index.php\/wp-json\/wp\/v2\/product_brand?post=3996"},{"taxonomy":"product_cat","embeddable":true,"href":"https:\/\/bibliotecajuridicavirtual.cl\/index.php\/wp-json\/wp\/v2\/product_cat?post=3996"},{"taxonomy":"product_tag","embeddable":true,"href":"https:\/\/bibliotecajuridicavirtual.cl\/index.php\/wp-json\/wp\/v2\/product_tag?post=3996"}],"curies":[{"name":"wp","href":"https:\/\/api.w.org\/{rel}","templated":true}]}}