{"id":3997,"date":"2026-02-28T01:22:12","date_gmt":"2026-02-28T04:22:12","guid":{"rendered":"https:\/\/bibliotecajuridicavirtual.cl\/?post_type=product&#038;p=3997"},"modified":"2026-02-28T01:22:25","modified_gmt":"2026-02-28T04:22:25","slug":"los-hechos-del-proceso-civil-alegacion-y-utilizacion-de-los-enunciados-facticos-juridicamente-relevantes-para-la-dictacion-de-la-decision-de-fondo-ano-2021-465-pag-autor-sophia-romero-rodriguez","status":"publish","type":"product","link":"https:\/\/bibliotecajuridicavirtual.cl\/index.php\/product\/los-hechos-del-proceso-civil-alegacion-y-utilizacion-de-los-enunciados-facticos-juridicamente-relevantes-para-la-dictacion-de-la-decision-de-fondo-ano-2021-465-pag-autor-sophia-romero-rodriguez\/","title":{"rendered":"Los Hechos Del Proceso Civil. Alegaci\u00f3n y Utilizaci\u00f3n de los enunciados f\u00e1cticos jur\u00eddicamente relevantes para la dictaci\u00f3n de la decisi\u00f3n de fondo. A\u00f1o 2021\/ 465 P\u00e1g. Autor Soph\u00eda Romero Rodr\u00edguez"},"content":{"rendered":"<p style=\"font-weight: 400;\"><b><strong>ALEGACI\u00d3N Y UTILIZACI\u00d3N DE LOS ENUNCIADOS F\u00c1CTICOS JUR\u00cdDICAMENTE RELEVANTES PARA LA DICTACI\u00d3N DE LA DECISI\u00d3N DE FONDO<\/strong><\/b><\/p>\n<p>La presente obra pretende demostrar que los hechos del juicio se establecen en virtud de las aportaciones tanto del juez como de las partes. Ello, con el objeto de derribar la aplicaci\u00f3n tradicional del principio de disposici\u00f3n en el juicio declarativo civil en el contexto de la jurisdicci\u00f3n como una actividad p\u00fablica, incluso cuando se discuten derechos e intereses privados.<\/p>\n<p style=\"font-weight: 400;\">As\u00ed, se aborda el alcance que tienen las potestades judiciales en la configuraci\u00f3n del material de hecho del juicio, los l\u00edmites a que est\u00e1n sujetas y los mecanismos de control que pueden ejercitar las partes si hay exceso en el ejercicio de tales potestades, tanto en primera instancia como en sedes recursivas. Del mismo modo, se trata sobre la actividad de las partes bajo los conceptos de derecho y carga procesales y los tipos de enunciados de hecho que se introducen en los actos procesales que ejecutan. A lo largo de todos los cap\u00edtulos, se usaron referencias a jurisprudencia nacional y, cuando fue pertinente, al proyecto de CPC y a la legislaci\u00f3n espa\u00f1ola y a la alemana, adem\u00e1s de la doctrina nacional y extranjera.<\/p>\n<p style=\"font-weight: 400;\">\n<b><strong>PRIMERA PARTE<\/strong><\/b><br \/>\n<b><strong>EL OBJETO DEL PROCESO Y LA ACTIVIDAD DE LOS SUJETOS DEL PROCESO EN SU CONFIGURACI\u00d3N<\/strong><\/b><\/p>\n<p style=\"font-weight: 400;\"><b><strong>CAP\u00cdTULO I<br \/>\nSOBRE LA INTRODUCCI\u00d3N DEL OBJETO DEL PROCESO CIVIL, EN ESPECIAL, DE LOS HECHOS MATERIALES<\/strong><\/b><\/p>\n<ol>\n<li style=\"font-weight: 400;\"><b><strong> Introducci\u00f3n<\/strong><\/b><\/li>\n<li style=\"font-weight: 400;\"><b><strong> El objeto del proceso: estado de la cuesti\u00f3n<\/strong><\/b><br \/>\n2.1. La diferencia en la configuraci\u00f3n del objeto del proceso en consideraci\u00f3n al tipo de pretensi\u00f3n que se ejercita en el proceso<br \/>\na) Identificaci\u00f3n del objeto procesal en las pretensiones de condena<br \/>\nb) Identificaci\u00f3n del objeto en las pretensiones mero declarativas y declarativas constitutivas<br \/>\n2.2. Importancia de la determinaci\u00f3n del objeto del proceso<\/li>\n<li style=\"font-weight: 400;\"><b><strong> Posici\u00f3n tradicional sobre la incorporaci\u00f3n de hechos materiales del objeto procesal en el enjuiciamiento civil<\/strong><\/b><\/li>\n<li style=\"font-weight: 400;\"><b><strong> Posici\u00f3n actual sobre la incorporaci\u00f3n de los hechos al proceso civil<\/strong><\/b><br \/>\n4.1. Inter\u00e9s p\u00fablico en la resoluci\u00f3n del proceso civil: publicizaci\u00f3n del proceso civil<br \/>\n4.2. Configuraci\u00f3n actual de los poderes de interpretaci\u00f3n judicial de las leyes<\/li>\n<li style=\"font-weight: 400;\"><b><strong> Las tensiones actuales del Derecho en el proceso civil: nuestra posici\u00f3n\n<p><\/strong><\/b><\/li>\n<\/ol>\n<p style=\"font-weight: 400;\"><b><strong>CAP\u00cdTULO II<br \/>\nLAS ACTUACIONES PROCESALES DEL JUEZ Y DE LAS PARTES SEG\u00daN LA REGULACI\u00d3N DEL C\u00d3DIGO DE PROCEDIMIENTO CIVIL<\/strong><\/b><\/p>\n<ol>\n<li style=\"font-weight: 400;\"><b><strong> Introducci\u00f3n<\/strong><\/b><\/li>\n<li style=\"font-weight: 400;\"><b><strong> Principio de legalidad como vinculaci\u00f3n positiva y negativa: una lectura tradicional de la actividad de los \u00f3rganos jurisdiccionales<\/strong><\/b><\/li>\n<li style=\"font-weight: 400;\"><b><strong> El juez y el sistema de fuentes del Derecho en la actualidad<\/strong><\/b><\/li>\n<li style=\"font-weight: 400;\"><b><strong> El concepto de deber jur\u00eddico en el proceso<\/strong><\/b><\/li>\n<li style=\"font-weight: 400;\"><b><strong> Sobre el concepto de potestad en el contexto del proceso<\/strong><\/b><br \/>\n5.1. Las potestades como imperativos del juez<br \/>\n5.2. Tipos de potestades del juez civil<br \/>\n5.3. Una comprensi\u00f3n totalizante de la pasividad del juez civil<br \/>\n5.4. Entendimiento de la pasividad como limitaci\u00f3n al uso de enunciados de hecho no aportados por las partes<br \/>\n5.5. La utilizaci\u00f3n judicial del material f\u00e1ctico existente en el proceso<br \/>\n5.6. Extensi\u00f3n y l\u00edmites de la actividad judicial: \u201c(\u2026) un gran poder, conlleva una gran responsabilidad (\u2026)\u201d<br \/>\na) La adquisici\u00f3n procesal<br \/>\nb) La congruencia y exhaustividad del fallo<br \/>\ni) Incongruencia por desviaci\u00f3n: ultra petita y extra petita<br \/>\nii) \u00bfIncongruencia por defecto? u \u00bfomisi\u00f3n de pronunciamiento?<br \/>\niii) Nuestra comprensi\u00f3n de la exhaustividad<br \/>\niv) Justificaci\u00f3n de las excepciones a la regla de congruencia<\/li>\n<li style=\"font-weight: 400;\"><b><strong> La actividad de las partes en el proceso: derechos y cargas<\/strong><\/b><br \/>\n6.1. El rol de las partes respecto de los hechos materiales del juicio: introducci\u00f3n, alegaci\u00f3n<br \/>\na) Actos de alegaci\u00f3n en el juicio declarativo civil<br \/>\nb) Incidentes<br \/>\nc) Medios de prueba<br \/>\nd) Recursos procesales deducidos en contra de la sentencia definitiva<br \/>\n6.2. L\u00edmites a la actividad de introducci\u00f3n de hechos por las partes: prohibici\u00f3n de mutatio libelli y preclusi\u00f3<\/li>\n<li style=\"font-weight: 400;\"><b><strong> La b\u00fasqueda de la verdad como finalidad del proceso y el rol del juez y de las partes en torno a dicha b\u00fasqueda<\/strong><\/b><br \/>\n7.1. La verdad en el proceso como imperativo de probidad judicial<br \/>\n7.2. Deberes o cargas: exigencia de verdad en las actuaciones procesales de las partes como aplicaci\u00f3n de la buena fe procesal<br \/>\n7.3. Falsedad de alegaciones, mala fe y abuso procesal<\/li>\n<\/ol>\n<p style=\"font-weight: 400;\"><b><strong>SEGUNDA PARTE<br \/>\nLOS PODERES DEL JUEZ, LOS DERECHOS Y CARGAS DE PARTE RESPECTO DE LOS ENUNCIADOS DE HECHO MATERIALES DEL JUICIO<\/strong><\/b><\/p>\n<p style=\"font-weight: 400;\"><b><strong>CAP\u00cdTULO III<br \/>\nSOBRE EL CONCEPTO DE HECHO MATERIAL, SUS TIPOS Y DE SU TRATAMIENTO PROCESAL<\/strong><\/b><\/p>\n<ol>\n<li style=\"font-weight: 400;\"><b><strong> Introducci\u00f3n<\/strong><\/b><\/li>\n<li style=\"font-weight: 400;\"><b><strong> Sobre la construcci\u00f3n de los enunciados de hecho en el proceso civil<\/strong><\/b><br \/>\n2.1. Hechos identificadores y fundamentadores<br \/>\n2.2. Factor temporal en la determinaci\u00f3n de los enunciados de hecho del juicio<br \/>\n2.3. Hechos descriptivos y hechos valorativos<br \/>\n2.4. Hechos aceptados, hechos pac\u00edficos, hechos no controvertidos<br \/>\n2.5. Sobre la (in)existencia de un derecho de la parte a la formaci\u00f3n del material instructorio del juicio civil<\/li>\n<li style=\"font-weight: 400;\"><b><strong> Enunciados de hecho introducidos por el actor y sus actos de obtenci\u00f3n<\/strong><\/b><br \/>\n3.1. Enunciados de hecho materiales identificadores de las peticiones de tutela del actor<br \/>\n3.2. Enunciados de hecho fundamentadores de la pretensi\u00f3n<br \/>\n3.3. Enunciados de hecho materiales que configuran los supuestos que el ordenamiento jur\u00eddico contempla para otorgar la tutela judicial<\/li>\n<li style=\"font-weight: 400;\"><b><strong> Enunciados de hecho materiales introducidos por el demandado mediante sus actos de obtenci\u00f3n<\/strong><\/b><br \/>\n4.1. Sobre los conceptos de excepci\u00f3n y defensa en nuestra tradici\u00f3n jur\u00eddica<br \/>\n4.2. Enunciados de hecho impeditivos o extintivos de aquellos constitutivos se\u00f1alados por el actor (excepciones impropias)<br \/>\n4.3. Negaci\u00f3n expresa (total o parcial) o t\u00e1cita de los hechos constitutivos de la demanda<br \/>\na) Negaci\u00f3n expresa de enunciados de hecho<br \/>\nb) Negaci\u00f3n t\u00e1cita de los enunciados de hechos de la demanda<br \/>\n4.4. Admisi\u00f3n de hechos y negaci\u00f3n expresa de la eficacia jur\u00eddica que atribuye el actor a los hechos de la demanda: extensi\u00f3n del iura novit curia<br \/>\n4.5. Enunciados de hecho excluyentes: excepciones propias o sustanciales<br \/>\n4.6. Enunciados de hecho constitutivos del demandado: reconvenci\u00f3n o mutua petici\u00f3n<br \/>\na) Reconvenci\u00f3n impl\u00edcita<br \/>\nb) Legitimaci\u00f3n pasiva en la reconvenci\u00f3n<br \/>\nc) Especialidades de la nulidad como alegaci\u00f3n de hecho en los actos del demandado<br \/>\nd) Especialidades de la compensaci\u00f3n como hecho en los actos del demandado<\/li>\n<li style=\"font-weight: 400;\"><b><strong> Enunciados de hecho no alegados por las partes<\/strong><\/b><br \/>\n5.1. Hechos que permiten configurar m\u00e1ximas de la experiencia<br \/>\n5.2. Los hechos notorios<br \/>\n5.3. Las presunciones como elaboraciones sobre los hechos del juicio<br \/>\n5.4. Los medios de prueba como instrumentos para introducir elementos de hecho nuevos<\/li>\n<li style=\"font-weight: 400;\"><b><strong> Algunos problemas de la oportunidad de la fijaci\u00f3n del objeto procesal<\/strong><\/b><br \/>\n6.1. Oportunidad para impugnar un cambio de los hechos prohibido<br \/>\n6.2. Prohibici\u00f3n de mutatio libelli<br \/>\n6.3. Fijaci\u00f3n y depuraci\u00f3n de los t\u00e9rminos del proceso y del debate<\/li>\n<li style=\"font-weight: 400;\">Breve referencia al tratamiento de la fijaci\u00f3n del objeto procesal en el Proyecto de C\u00f3digo Procesal Civil<\/li>\n<\/ol>\n<p style=\"font-weight: 400;\"><b><strong>CAP\u00cdTULO IV<br \/>\nACTIVIDAD JURISDICCIONAL DE RESOLUCI\u00d3N EN TORNO A LOS HECHOS DEL JUICIO Y SU CONTROL<\/strong><\/b><\/p>\n<ol>\n<li style=\"font-weight: 400;\"><b><strong> Introducci\u00f3n<\/strong><\/b><\/li>\n<li style=\"font-weight: 400;\"><b><strong> Dictaci\u00f3n de la sentencia definitiva de primera o \u00fanica instancia<\/strong><\/b><br \/>\n2.1. Fallo judicial y reglas procedimentales para su extensi\u00f3n<br \/>\n2.2. Razonamiento deductivo, decisi\u00f3n judicial y discurso de aplicaci\u00f3n: la justificaci\u00f3n del fallo<br \/>\n2.3. Condicionantes para el reconocimiento de estas atribuciones judiciales<\/li>\n<li style=\"font-weight: 400;\"><b><strong> El control de la decisi\u00f3n del tribunal a quo: sentencia injusta versus sentencia nula<\/strong><\/b><\/li>\n<li style=\"font-weight: 400;\"><b><strong> El recurso de apelaci\u00f3n<\/strong><\/b><br \/>\n4.1. Tramitaci\u00f3n original y actual<br \/>\n4.2. Fijaci\u00f3n deficiente del objeto procesal de la segunda instancia<br \/>\na) Adhesi\u00f3n a la apelaci\u00f3n<br \/>\nb) Introducci\u00f3n de nuevos materiales de hecho a considerar por el fallo del tribunal<br \/>\n4.3. La sentencia de segunda instancia<\/li>\n<li style=\"font-weight: 400;\"><b><strong> El recurso de casaci\u00f3n<\/strong><\/b><br \/>\n5.1. Verdad versus validez<br \/>\n5.2. Casaci\u00f3n en la forma por vicio de ultra petita<br \/>\n5.3. Casaci\u00f3n en el fondo: los jueces de los hechos son los jueces de la instancia<br \/>\na) Separaci\u00f3n entre aspectos de hecho y de derecho<br \/>\nb) Error en el establecimiento de los hechos: consideraciones sobre la legalidad de un medio de prueba y la valoraci\u00f3n de los medios de prueba<br \/>\nc) La interpretaci\u00f3n de los actos y negocios jur\u00eddicos<br \/>\nd) Rol de la Corte Suprema en el contexto del recurso de casaci\u00f3n en el fondo<br \/>\ne) Garant\u00edas procesales de las partes versus aplicaci\u00f3n del aforismo iura novit curia<\/li>\n<li style=\"font-weight: 400;\"><b><strong> Posibles instrumentos procesales para corregir los efectos negativos de las potestades de los tribunales superiores, en especial, de la Corte Suprema<\/strong><\/b><br \/>\n6.1. Incidentes de nulidad procesal<br \/>\n6.2. Acciones de nulidad aut\u00f3nomas: nulidad procesal de derecho p\u00fablico, revisi\u00f3n y protecci\u00f3n<br \/>\n6.3. Requerimiento de inaplicabilidad por inconstitucionalidad<\/li>\n<\/ol>\n<p style=\"font-weight: 400;\"><b><strong>\u00cdndice de sentencias<\/strong><\/b><br \/>\n1. Corte Suprema<br \/>\n2. Cortes de Apelaciones<br \/>\n3. Tribunal Constitucional<br \/>\n4. Corte Interamericana de Derechos Humanos<\/p>\n","protected":false},"excerpt":{"rendered":"<p>ALEGACI\u00d3N Y UTILIZACI\u00d3N DE LOS ENUNCIADOS F\u00c1CTICOS JUR\u00cdDICAMENTE RELEVANTES PARA LA DICTACI\u00d3N DE LA DECISI\u00d3N DE FONDO La presente obra pretende demostrar que los hechos del juicio se establecen en virtud de las aportaciones tanto del juez como de las partes. Ello, con el objeto de derribar la aplicaci\u00f3n tradicional del principio de disposici\u00f3n en el juicio declarativo civil en el contexto de la jurisdicci\u00f3n como una actividad p\u00fablica, incluso cuando se discuten derechos e intereses privados. As\u00ed, se aborda el alcance que tienen las potestades judiciales en la configuraci\u00f3n del material de hecho del juicio, los l\u00edmites a que est\u00e1n sujetas y los mecanismos de control que pueden ejercitar las partes si hay exceso en el ejercicio de tales potestades, tanto en primera instancia como en sedes recursivas. Del mismo modo, se trata sobre la actividad de las partes bajo los conceptos de derecho y carga procesales y los tipos de enunciados de hecho que se introducen en los actos procesales que ejecutan. A lo largo de todos los cap\u00edtulos, se usaron referencias a jurisprudencia nacional y, cuando fue pertinente, al proyecto de CPC y a la legislaci\u00f3n espa\u00f1ola y a la alemana, adem\u00e1s de la doctrina nacional y extranjera. PRIMERA PARTE EL OBJETO DEL PROCESO Y LA ACTIVIDAD DE LOS SUJETOS DEL PROCESO EN SU CONFIGURACI\u00d3N CAP\u00cdTULO I SOBRE LA INTRODUCCI\u00d3N DEL OBJETO DEL PROCESO CIVIL, EN ESPECIAL, DE LOS HECHOS MATERIALES Introducci\u00f3n El objeto del proceso: estado de la cuesti\u00f3n 2.1. La diferencia en la configuraci\u00f3n del objeto del proceso en consideraci\u00f3n al tipo de pretensi\u00f3n que se ejercita en el proceso a) Identificaci\u00f3n del objeto procesal en las pretensiones de condena b) Identificaci\u00f3n del objeto en las pretensiones mero declarativas y declarativas constitutivas 2.2. Importancia de la determinaci\u00f3n del objeto del proceso Posici\u00f3n tradicional sobre la incorporaci\u00f3n de hechos materiales del objeto procesal en el enjuiciamiento civil Posici\u00f3n actual sobre la incorporaci\u00f3n de los hechos al proceso civil 4.1. Inter\u00e9s p\u00fablico en la resoluci\u00f3n del proceso civil: publicizaci\u00f3n del proceso civil 4.2. Configuraci\u00f3n actual de los poderes de interpretaci\u00f3n judicial de las leyes Las tensiones actuales del Derecho en el proceso civil: nuestra posici\u00f3n CAP\u00cdTULO II LAS ACTUACIONES PROCESALES DEL JUEZ Y DE LAS PARTES SEG\u00daN LA REGULACI\u00d3N DEL C\u00d3DIGO DE PROCEDIMIENTO CIVIL Introducci\u00f3n Principio de legalidad como vinculaci\u00f3n positiva y negativa: una lectura tradicional de la actividad de los \u00f3rganos jurisdiccionales El juez y el sistema de fuentes del Derecho en la actualidad El concepto de deber jur\u00eddico en el proceso Sobre el concepto de potestad en el contexto del proceso 5.1. Las potestades como imperativos del juez 5.2. Tipos de potestades del juez civil 5.3. Una comprensi\u00f3n totalizante de la pasividad del juez civil 5.4. Entendimiento de la pasividad como limitaci\u00f3n al uso de enunciados de hecho no aportados por las partes 5.5. La utilizaci\u00f3n judicial del material f\u00e1ctico existente en el proceso 5.6. Extensi\u00f3n y l\u00edmites de la actividad judicial: \u201c(\u2026) un gran poder, conlleva una gran responsabilidad (\u2026)\u201d a) La adquisici\u00f3n procesal b) La congruencia y exhaustividad del fallo i) Incongruencia por desviaci\u00f3n: ultra petita y extra petita ii) \u00bfIncongruencia por defecto? u \u00bfomisi\u00f3n de pronunciamiento? iii) Nuestra comprensi\u00f3n de la exhaustividad iv) Justificaci\u00f3n de las excepciones a la regla de congruencia La actividad de las partes en el proceso: derechos y cargas 6.1. El rol de las partes respecto de los hechos materiales del juicio: introducci\u00f3n, alegaci\u00f3n a) Actos de alegaci\u00f3n en el juicio declarativo civil b) Incidentes c) Medios de prueba d) Recursos procesales deducidos en contra de la sentencia definitiva 6.2. L\u00edmites a la actividad de introducci\u00f3n de hechos por las partes: prohibici\u00f3n de mutatio libelli y preclusi\u00f3 La b\u00fasqueda de la verdad como finalidad del proceso y el rol del juez y de las partes en torno a dicha b\u00fasqueda 7.1. La verdad en el proceso como imperativo de probidad judicial 7.2. Deberes o cargas: exigencia de verdad en las actuaciones procesales de las partes como aplicaci\u00f3n de la buena fe procesal 7.3. Falsedad de alegaciones, mala fe y abuso procesal SEGUNDA PARTE LOS PODERES DEL JUEZ, LOS DERECHOS Y CARGAS DE PARTE RESPECTO DE LOS ENUNCIADOS DE HECHO MATERIALES DEL JUICIO CAP\u00cdTULO III SOBRE EL CONCEPTO DE HECHO MATERIAL, SUS TIPOS Y DE SU TRATAMIENTO PROCESAL Introducci\u00f3n Sobre la construcci\u00f3n de los enunciados de hecho en el proceso civil 2.1. Hechos identificadores y fundamentadores 2.2. Factor temporal en la determinaci\u00f3n de los enunciados de hecho del juicio 2.3. Hechos descriptivos y hechos valorativos 2.4. Hechos aceptados, hechos pac\u00edficos, hechos no controvertidos 2.5. Sobre la (in)existencia de un derecho de la parte a la formaci\u00f3n del material instructorio del juicio civil Enunciados de hecho introducidos por el actor y sus actos de obtenci\u00f3n 3.1. Enunciados de hecho materiales identificadores de las peticiones de tutela del actor 3.2. Enunciados de hecho fundamentadores de la pretensi\u00f3n 3.3. Enunciados de hecho materiales que configuran los supuestos que el ordenamiento jur\u00eddico contempla para otorgar la tutela judicial Enunciados de hecho materiales introducidos por el demandado mediante sus actos de obtenci\u00f3n 4.1. Sobre los conceptos de excepci\u00f3n y defensa en nuestra tradici\u00f3n jur\u00eddica 4.2. Enunciados de hecho impeditivos o extintivos de aquellos constitutivos se\u00f1alados por el actor (excepciones impropias) 4.3. Negaci\u00f3n expresa (total o parcial) o t\u00e1cita de los hechos constitutivos de la demanda a) Negaci\u00f3n expresa de enunciados de hecho b) Negaci\u00f3n t\u00e1cita de los enunciados de hechos de la demanda 4.4. Admisi\u00f3n de hechos y negaci\u00f3n expresa de la eficacia jur\u00eddica que atribuye el actor a los hechos de la demanda: extensi\u00f3n del iura novit curia 4.5. Enunciados de hecho excluyentes: excepciones propias o sustanciales 4.6. Enunciados de hecho constitutivos del demandado: reconvenci\u00f3n o mutua petici\u00f3n a) Reconvenci\u00f3n impl\u00edcita b) Legitimaci\u00f3n pasiva en la reconvenci\u00f3n c) Especialidades de la nulidad como alegaci\u00f3n de hecho en los actos del demandado d) Especialidades de la compensaci\u00f3n como hecho en los actos del demandado Enunciados de hecho no alegados por las partes 5.1. Hechos que permiten configurar m\u00e1ximas de la experiencia 5.2. Los<\/p>\n","protected":false},"featured_media":4027,"comment_status":"open","ping_status":"closed","template":"","meta":{"inline_featured_image":false,"_joinchat":[]},"product_brand":[],"product_cat":[39,42],"product_tag":[],"class_list":{"0":"post-3997","1":"product","2":"type-product","3":"status-publish","4":"has-post-thumbnail","6":"product_cat-procesal-civil","7":"product_cat-thomson-reuters","8":"product_shipping_class-a-convenir","10":"first","11":"instock","12":"shipping-taxable","13":"purchasable","14":"product-type-simple"},"_links":{"self":[{"href":"https:\/\/bibliotecajuridicavirtual.cl\/index.php\/wp-json\/wp\/v2\/product\/3997","targetHints":{"allow":["GET"]}}],"collection":[{"href":"https:\/\/bibliotecajuridicavirtual.cl\/index.php\/wp-json\/wp\/v2\/product"}],"about":[{"href":"https:\/\/bibliotecajuridicavirtual.cl\/index.php\/wp-json\/wp\/v2\/types\/product"}],"replies":[{"embeddable":true,"href":"https:\/\/bibliotecajuridicavirtual.cl\/index.php\/wp-json\/wp\/v2\/comments?post=3997"}],"wp:featuredmedia":[{"embeddable":true,"href":"https:\/\/bibliotecajuridicavirtual.cl\/index.php\/wp-json\/wp\/v2\/media\/4027"}],"wp:attachment":[{"href":"https:\/\/bibliotecajuridicavirtual.cl\/index.php\/wp-json\/wp\/v2\/media?parent=3997"}],"wp:term":[{"taxonomy":"product_brand","embeddable":true,"href":"https:\/\/bibliotecajuridicavirtual.cl\/index.php\/wp-json\/wp\/v2\/product_brand?post=3997"},{"taxonomy":"product_cat","embeddable":true,"href":"https:\/\/bibliotecajuridicavirtual.cl\/index.php\/wp-json\/wp\/v2\/product_cat?post=3997"},{"taxonomy":"product_tag","embeddable":true,"href":"https:\/\/bibliotecajuridicavirtual.cl\/index.php\/wp-json\/wp\/v2\/product_tag?post=3997"}],"curies":[{"name":"wp","href":"https:\/\/api.w.org\/{rel}","templated":true}]}}