{"id":3998,"date":"2026-02-28T01:22:12","date_gmt":"2026-02-28T04:22:12","guid":{"rendered":"https:\/\/bibliotecajuridicavirtual.cl\/?post_type=product&#038;p=3998"},"modified":"2026-02-28T01:22:26","modified_gmt":"2026-02-28T04:22:26","slug":"el-derecho-a-la-salud-en-casos-criticos-un-dilema-entre-politicas-publicas-y-decisiones-judiciales-ano-2021-804-pag-autor-carolina-carreno-orellana","status":"publish","type":"product","link":"https:\/\/bibliotecajuridicavirtual.cl\/index.php\/product\/el-derecho-a-la-salud-en-casos-criticos-un-dilema-entre-politicas-publicas-y-decisiones-judiciales-ano-2021-804-pag-autor-carolina-carreno-orellana\/","title":{"rendered":"El Derecho a la Salud en Casos Cr\u00edticos. Un Dilema entre Pol\u00edticas P\u00fablicas y Decisiones Judiciales. A\u00f1o 2021\/ 804 P\u00e1g. Autor Carolina Carre\u00f1o Orellana"},"content":{"rendered":"<p style=\"font-weight: 400;\">El texto estudia la judicializaci\u00f3n de la salud frente a los recursos de protecci\u00f3n presentados por pacientes que padecen enfermedades poco frecuentes o catastr\u00f3ficas, cuyos tratamientos no est\u00e1n cubiertos por la normativa vigente. A partir de ah\u00ed, se indaga sobre el derecho a la salud desde una perspectiva nacional y comparada y, en particular, el derecho de acceso a medicamentos, sus fundamentos \u00e9ticos y normativos, el costo de la salud en Chile (gastos de bolsillo, prestaciones m\u00e9dicas, entre otras), el mercado de los medicamentos y sus irregularidades y la institucionalidad vigente que regula la situaci\u00f3n nacional. Luego, se centra en el an\u00e1lisis de la Ley N\u00ba 20.850 (Ley Ricarte Soto), que regula las prestaciones a ciertas enfermedades raras o cuyos tratamientos son extremadamente caros. Se analiza la legislaci\u00f3n desde sus or\u00edgenes y sus fundamentos, desde un punto de vista cr\u00edtico, para revisar su financiamiento y las limitaciones que ha presentado durante su aplicaci\u00f3n.<\/p>\n<p style=\"font-weight: 400;\">Conjugados todos los elementos (derecho universal, salud cara, mercado imperfecto de medicamentos y una ley que no reconoce cobertura a todas las enfermedades catastr\u00f3ficas), este libro se pregunta si las decisiones de la Corte Suprema no ir\u00edan en contra del Estado de derecho, extendi\u00e9ndose en sus facultades ya no bajo una discrecionalidad deferente, sino desde una imposici\u00f3n jurisdiccional de valores y moral. El libro postula que esta actitud podr\u00eda estimarse como un activismo judicial que estar\u00eda atentando contra las bases del ordenamiento jur\u00eddico, el Estado de derecho y la legalidad en pos de una falsa autoprerrogativa protectora de garant\u00edas constitucionales. Frente a eso, se propone como v\u00eda de soluci\u00f3n, que consigue aunar las fuerzas de todos los poderes e incluso ir m\u00e1s all\u00e1, permitiendo la colaboraci\u00f3n de la ciudadan\u00eda y los grupos intermedios para que esa soluci\u00f3n alcance un alto grado de sentido democr\u00e1tico y participativo, como es la justicia dial\u00f3gica.<\/p>\n<p style=\"font-weight: 400;\">\n<p style=\"font-weight: 400;\"><b><strong>CAP\u00cdTULO 1<\/strong><\/b><br \/>\n<b><strong>EL DERECHO DE ACCESO A MEDICAMENTOS: UN ELEMENTO ESENCIAL DEL DERECHO A LA SALUD<\/strong><\/b><\/p>\n<ol>\n<li style=\"font-weight: 400;\">El acceso a medicamentos como un derecho humano<\/li>\n<li style=\"font-weight: 400;\">El acceso a medicamentos como pol\u00edtica p\u00fablica<\/li>\n<li style=\"font-weight: 400;\">Situaci\u00f3n actual del acceso a medicamentos en el mundo<\/li>\n<li style=\"font-weight: 400;\">Dos preguntas relevantes por resolver<br \/>\ni. \u00bfLa entrega de medicamentos corresponde a la entrega de un nivel m\u00e1ximo sanitario?<br \/>\nii. \u00bfEstablece el sistema de salud chileno niveles m\u00ednimos y m\u00e1ximos en la entrega de prestaciones?<\/li>\n<\/ol>\n<p style=\"font-weight: 400;\">\n<p style=\"font-weight: 400;\"><b><strong>CAP\u00cdTULO 2<br \/>\nFUNDAMENTOS DEL DERECHO AL ACCESO A MEDICAMENTOS: PAR\u00c1METROS \u00c9TICOS, NORMATIVOS Y JURISPRUDENCIALES<\/strong><\/b><\/p>\n<ol>\n<li style=\"font-weight: 400;\">Par\u00e1metros \u00e9ticos: la dignidad del ser humano y la justicia (distributiva)<br \/>\ni. La dignidad del ser humano fundamenta la existencia de derechos<br \/>\nii. La existencia de los derechos sociales basada en la justicia social<\/li>\n<li style=\"font-weight: 400;\">Par\u00e1metros normativos: la doble dimensi\u00f3n de los derechos fundamentales, la esencialidad y la reserva de lo posible<br \/>\ni. La doble dimensi\u00f3n de los derechos fundamentales<br \/>\nii. El contenido esencial como herramienta de efectividad<br \/>\niii. La reserva de lo posible y la disponibilidad efectiva de recursos<\/li>\n<li style=\"font-weight: 400;\">Par\u00e1metros jurisprudenciales: los criterios desc aplicados al cuidado sanitario, la exigibilidad y la justiciabilidad<br \/>\ni. Los atributos de los derechos sociales seg\u00fan la Corte IDH<br \/>\nii. La exigibilidad y justiciabilidad de los derechos sociales (en especial el derecho a la salud)<br \/>\na) Aspectos generales<br \/>\nb) Visi\u00f3n desde la doctrina nacional<br \/>\nc) Exigibilidad y justiciabilidad del derecho a la salud<\/li>\n<\/ol>\n<p style=\"font-weight: 400;\"><b><strong>CAP\u00cdTULO 3<\/strong><\/b><br \/>\n<b><strong>EL (REAL) COSTO DE LA SALUD<\/strong><\/b><\/p>\n<ol>\n<li style=\"font-weight: 400;\">M\u00faltiples necesidades sanitarias frente a recursos escasos<\/li>\n<li style=\"font-weight: 400;\">El costo de la salud en Chile<br \/>\ni. Cu\u00e1nto cuesta la salud en nuestro pa\u00eds<br \/>\nii. La compra de servicios (producci\u00f3n y consumo de atenci\u00f3n m\u00e9dica por subsistema)<br \/>\niii. Ricos vs. pobres: \u00bfes la escasez de recursos un argumento v\u00e1lido para no proporcionar prestaciones de salud?<\/p>\n<p>C. Cr\u00edticas al sistema de salud actual<br \/>\ni. El an\u00e1lisis de la gesti\u00f3n p\u00fablica<br \/>\nii. El castigo a la pobreza<\/li>\n<\/ol>\n<p style=\"font-weight: 400;\"><b><strong>CAP\u00cdTULO 4<\/strong><\/b><br \/>\n<b><strong>LOS MEDICAMENTOS<\/strong><\/b><\/p>\n<ol>\n<li style=\"font-weight: 400;\">Los medicamentos: conceptualizaci\u00f3n y funciones<br \/>\ni. Funci\u00f3n Preventiva (Vacunas)<br \/>\na) Situaci\u00f3n nacional de la pol\u00edtica vacunatoria: del esfuerzo de la autoridad por incorporarla a la desmantelaci\u00f3n total<br \/>\nb) Un pa\u00eds que no previene enfermedades por s\u00ed mismo<br \/>\nii. Funci\u00f3n Paliativa<br \/>\na) La di\u00e1lisis<br \/>\nb) La triterapia, el exitoso medicamento para el VIH<br \/>\niii. Funci\u00f3n curativa<br \/>\na) Las enfermedades poco frecuentes o raras y las de alto costo<br \/>\nb) Medicamentos hu\u00e9rfanos: el mercado de los \u201csupermedicamentos\u201d y sus \u201csupercostos\u201d<br \/>\nc) La equidad en la innovaci\u00f3n asistencial en las enfermedades raras: el valor social de curar lo caro<\/li>\n<li style=\"font-weight: 400;\">Institucionalidad de los medicamentos en Chile<\/li>\n<\/ol>\n<p style=\"font-weight: 400;\"><b><strong>CAP\u00cdTULO 5<\/strong><\/b><br \/>\n<b><strong>EL MERCADO DE LOS MEDICAMENTOS: UN BIEN SUJETO A LA OFERTA Y A LA DEMANDA<\/strong><\/b><\/p>\n<ol>\n<li style=\"font-weight: 400;\">C\u00f3mo opera el mercado farmac\u00e9utico<br \/>\ni. Un mercado ineficiente y desregulado<br \/>\nii. La problem\u00e1tica econ\u00f3mica de las patentes farmac\u00e9u\u00adticas<br \/>\niii. Alternativas eficaces emanadas desde la propia comu\u00adnidad<\/li>\n<li style=\"font-weight: 400;\">La legislaci\u00f3n nacional sobre f\u00e1rmacos y sus reformas<br \/>\ni. Legislaci\u00f3n vigente<br \/>\nii. Regulaci\u00f3n normativa de las compras p\u00fablicas (una reforma todav\u00eda \u201cal debe\u201d)<\/li>\n<\/ol>\n<p style=\"font-weight: 400;\"><b><strong>CAP\u00cdTULO 6<\/strong><\/b><br \/>\n<b><strong>LEY N\u00ba 20.850: UN ANTES Y UN DESPU\u00c9S PARA LA COBERTURA SANITARIA DE LOS CASOS CATASTR\u00d3FICOS<\/strong><\/b><\/p>\n<ol>\n<li style=\"font-weight: 400;\">Introducci\u00f3n<\/li>\n<li style=\"font-weight: 400;\">Antecedentes<\/li>\n<li style=\"font-weight: 400;\">Descripci\u00f3n de la Ley N\u00ba 20.850: desde el proyecto hasta su entrada en vigencia<br \/>\ni. Discusi\u00f3n del Proyecto de Ley<br \/>\nii. Descripci\u00f3n de la norma<br \/>\na) Proceso para definir las prestaciones a cubrir por el sistema<br \/>\nb) La entrega de las prestaciones<br \/>\nc) Financiamiento<br \/>\nd) La Comisi\u00f3n Ciudadana de Vigilancia y Control del Sistema de Protecci\u00f3n Financiera para Diagn\u00f3sticos y Tratamientos de Alto Costo<br \/>\ne) La adquisici\u00f3n de productos sanitarios contemplados en el sistema<\/li>\n<li style=\"font-weight: 400;\">Evaluaci\u00f3n de la Ley Ricarte Soto<br \/>\ni. La visi\u00f3n desde los sectores involucrados<br \/>\nii. Apreciaciones desde la doctrina especializada<br \/>\niii. Reflexiones finales<\/li>\n<\/ol>\n<p style=\"font-weight: 400;\"><b><strong>CAP\u00cdTULO 7<br \/>\nCASOS DE RECURSOS DE PROTECCI\u00d3N DE ENFERMEDADES CATASTR\u00d3FICAS RECURRIDAS ANTE LA CORTE SUPREMA<\/strong><\/b><\/p>\n<ol>\n<li style=\"font-weight: 400;\">Presentaci\u00f3n de los casos<\/li>\n<li style=\"font-weight: 400;\">Fundamentos de las Cortes de Apelaciones y de la Corte Suprema<br \/>\ni. Para acoger el Recurso de Protecci\u00f3n<br \/>\na) Argumentos de las Cortes de Apelaciones para entregar el f\u00e1rmaco requerido<br \/>\nb) Argumentos de la Corte Suprema para entregar el f\u00e1rmaco requerido<br \/>\nii. Para rechazar el Recurso de Protecci\u00f3n<br \/>\na) Argumentos de las Cortes de Apelaciones para negar la entrega del f\u00e1rmaco<br \/>\nrequerido<br \/>\nb) Argumentos de la Corte Suprema para negar la entrega del f\u00e1rmaco requerido<br \/>\niii. Jurisprudencia m\u00e1s reciente<\/li>\n<li style=\"font-weight: 400;\">Votos individuales<br \/>\ni. Prevenciones<br \/>\nii. Disidencias<\/li>\n<li style=\"font-weight: 400;\">R\u00e9plicas de la autoridad sanitaria<br \/>\ni. Fonasa<br \/>\nii. Minsal<br \/>\niii. Informes m\u00e9dicos<\/li>\n<\/ol>\n<p style=\"font-weight: 400;\"><b><strong>CAP\u00cdTULO 8<\/strong><\/b><br \/>\n<b><strong>EL ROL DE LOS JUECES (\u00bfSON LAS DECISIONES DE LA CORTE ACTIVISMO JUDICIAL?)<\/strong><\/b><\/p>\n<ol>\n<li style=\"font-weight: 400;\">\u00bfCu\u00e1l es el rol de los jueces?<\/li>\n<li style=\"font-weight: 400;\">Activismo o supremac\u00eda judicial<br \/>\ni. \u00bfCu\u00e1ndo se est\u00e1 en presencia de activismo judicial?<br \/>\nii. Dos tipos de activismo: monol\u00f3gico y dial\u00f3gico<br \/>\na) Activismo monol\u00f3gico<br \/>\nb) Activismo dial\u00f3gico<\/li>\n<li style=\"font-weight: 400;\">La entrega de medicamentos no cubiertos por la ley: \u00bfes activismo judicial?<\/li>\n<li style=\"font-weight: 400;\">Consecuencias de la judicializaci\u00f3n<br \/>\ni. Desv\u00edo de fondos p\u00fablicos y desarrollo de pol\u00edticas no igualitarias<br \/>\nii. P\u00e9rdida de la prioridad de la salud p\u00fablica<br \/>\niii. Una v\u00eda efectiva para \u201csaltarse la fila\u201d<\/li>\n<li style=\"font-weight: 400;\">La justicia dial\u00f3gica<br \/>\ni. Antecedentes<br \/>\nii. Aplicaciones de la justicia dial\u00f3gica<br \/>\na) Como t\u00e9cnica de discrecionalidad hacia la administraci\u00f3n sanitaria<br \/>\nb) Como deferencia hacia el legislador sanitario<br \/>\niii. Dialogismo no es activismo<br \/>\niv. \u00bfPor qu\u00e9 es importante una justicia dial\u00f3gica?<\/li>\n<li style=\"font-weight: 400;\">Consideraciones finales<\/li>\n<\/ol>\n<p style=\"font-weight: 400;\">Conclusiones<br \/>\nBibliograf\u00eda citada<br \/>\nNormas citadas<br \/>\nJurisprudencia citada<\/p>\n","protected":false},"excerpt":{"rendered":"<p>El texto estudia la judicializaci\u00f3n de la salud frente a los recursos de protecci\u00f3n presentados por pacientes que padecen enfermedades poco frecuentes o catastr\u00f3ficas, cuyos tratamientos no est\u00e1n cubiertos por la normativa vigente. A partir de ah\u00ed, se indaga sobre el derecho a la salud desde una perspectiva nacional y comparada y, en particular, el derecho de acceso a medicamentos, sus fundamentos \u00e9ticos y normativos, el costo de la salud en Chile (gastos de bolsillo, prestaciones m\u00e9dicas, entre otras), el mercado de los medicamentos y sus irregularidades y la institucionalidad vigente que regula la situaci\u00f3n nacional. Luego, se centra en el an\u00e1lisis de la Ley N\u00ba 20.850 (Ley Ricarte Soto), que regula las prestaciones a ciertas enfermedades raras o cuyos tratamientos son extremadamente caros. Se analiza la legislaci\u00f3n desde sus or\u00edgenes y sus fundamentos, desde un punto de vista cr\u00edtico, para revisar su financiamiento y las limitaciones que ha presentado durante su aplicaci\u00f3n. Conjugados todos los elementos (derecho universal, salud cara, mercado imperfecto de medicamentos y una ley que no reconoce cobertura a todas las enfermedades catastr\u00f3ficas), este libro se pregunta si las decisiones de la Corte Suprema no ir\u00edan en contra del Estado de derecho, extendi\u00e9ndose en sus facultades ya no bajo una discrecionalidad deferente, sino desde una imposici\u00f3n jurisdiccional de valores y moral. El libro postula que esta actitud podr\u00eda estimarse como un activismo judicial que estar\u00eda atentando contra las bases del ordenamiento jur\u00eddico, el Estado de derecho y la legalidad en pos de una falsa autoprerrogativa protectora de garant\u00edas constitucionales. Frente a eso, se propone como v\u00eda de soluci\u00f3n, que consigue aunar las fuerzas de todos los poderes e incluso ir m\u00e1s all\u00e1, permitiendo la colaboraci\u00f3n de la ciudadan\u00eda y los grupos intermedios para que esa soluci\u00f3n alcance un alto grado de sentido democr\u00e1tico y participativo, como es la justicia dial\u00f3gica. CAP\u00cdTULO 1 EL DERECHO DE ACCESO A MEDICAMENTOS: UN ELEMENTO ESENCIAL DEL DERECHO A LA SALUD El acceso a medicamentos como un derecho humano El acceso a medicamentos como pol\u00edtica p\u00fablica Situaci\u00f3n actual del acceso a medicamentos en el mundo Dos preguntas relevantes por resolver i. \u00bfLa entrega de medicamentos corresponde a la entrega de un nivel m\u00e1ximo sanitario? ii. \u00bfEstablece el sistema de salud chileno niveles m\u00ednimos y m\u00e1ximos en la entrega de prestaciones? CAP\u00cdTULO 2 FUNDAMENTOS DEL DERECHO AL ACCESO A MEDICAMENTOS: PAR\u00c1METROS \u00c9TICOS, NORMATIVOS Y JURISPRUDENCIALES Par\u00e1metros \u00e9ticos: la dignidad del ser humano y la justicia (distributiva) i. La dignidad del ser humano fundamenta la existencia de derechos ii. La existencia de los derechos sociales basada en la justicia social Par\u00e1metros normativos: la doble dimensi\u00f3n de los derechos fundamentales, la esencialidad y la reserva de lo posible i. La doble dimensi\u00f3n de los derechos fundamentales ii. El contenido esencial como herramienta de efectividad iii. La reserva de lo posible y la disponibilidad efectiva de recursos Par\u00e1metros jurisprudenciales: los criterios desc aplicados al cuidado sanitario, la exigibilidad y la justiciabilidad i. Los atributos de los derechos sociales seg\u00fan la Corte IDH ii. La exigibilidad y justiciabilidad de los derechos sociales (en especial el derecho a la salud) a) Aspectos generales b) Visi\u00f3n desde la doctrina nacional c) Exigibilidad y justiciabilidad del derecho a la salud CAP\u00cdTULO 3 EL (REAL) COSTO DE LA SALUD M\u00faltiples necesidades sanitarias frente a recursos escasos El costo de la salud en Chile i. Cu\u00e1nto cuesta la salud en nuestro pa\u00eds ii. La compra de servicios (producci\u00f3n y consumo de atenci\u00f3n m\u00e9dica por subsistema) iii. Ricos vs. pobres: \u00bfes la escasez de recursos un argumento v\u00e1lido para no proporcionar prestaciones de salud? C. Cr\u00edticas al sistema de salud actual i. El an\u00e1lisis de la gesti\u00f3n p\u00fablica ii. El castigo a la pobreza CAP\u00cdTULO 4 LOS MEDICAMENTOS Los medicamentos: conceptualizaci\u00f3n y funciones i. Funci\u00f3n Preventiva (Vacunas) a) Situaci\u00f3n nacional de la pol\u00edtica vacunatoria: del esfuerzo de la autoridad por incorporarla a la desmantelaci\u00f3n total b) Un pa\u00eds que no previene enfermedades por s\u00ed mismo ii. Funci\u00f3n Paliativa a) La di\u00e1lisis b) La triterapia, el exitoso medicamento para el VIH iii. Funci\u00f3n curativa a) Las enfermedades poco frecuentes o raras y las de alto costo b) Medicamentos hu\u00e9rfanos: el mercado de los \u201csupermedicamentos\u201d y sus \u201csupercostos\u201d c) La equidad en la innovaci\u00f3n asistencial en las enfermedades raras: el valor social de curar lo caro Institucionalidad de los medicamentos en Chile CAP\u00cdTULO 5 EL MERCADO DE LOS MEDICAMENTOS: UN BIEN SUJETO A LA OFERTA Y A LA DEMANDA C\u00f3mo opera el mercado farmac\u00e9utico i. Un mercado ineficiente y desregulado ii. La problem\u00e1tica econ\u00f3mica de las patentes farmac\u00e9u\u00adticas iii. Alternativas eficaces emanadas desde la propia comu\u00adnidad La legislaci\u00f3n nacional sobre f\u00e1rmacos y sus reformas i. Legislaci\u00f3n vigente ii. Regulaci\u00f3n normativa de las compras p\u00fablicas (una reforma todav\u00eda \u201cal debe\u201d) CAP\u00cdTULO 6 LEY N\u00ba 20.850: UN ANTES Y UN DESPU\u00c9S PARA LA COBERTURA SANITARIA DE LOS CASOS CATASTR\u00d3FICOS Introducci\u00f3n Antecedentes Descripci\u00f3n de la Ley N\u00ba 20.850: desde el proyecto hasta su entrada en vigencia i. Discusi\u00f3n del Proyecto de Ley ii. Descripci\u00f3n de la norma a) Proceso para definir las prestaciones a cubrir por el sistema b) La entrega de las prestaciones c) Financiamiento d) La Comisi\u00f3n Ciudadana de Vigilancia y Control del Sistema de Protecci\u00f3n Financiera para Diagn\u00f3sticos y Tratamientos de Alto Costo e) La adquisici\u00f3n de productos sanitarios contemplados en el sistema Evaluaci\u00f3n de la Ley Ricarte Soto i. La visi\u00f3n desde los sectores involucrados ii. Apreciaciones desde la doctrina especializada iii. Reflexiones finales CAP\u00cdTULO 7 CASOS DE RECURSOS DE PROTECCI\u00d3N DE ENFERMEDADES CATASTR\u00d3FICAS RECURRIDAS ANTE LA CORTE SUPREMA Presentaci\u00f3n de los casos Fundamentos de las Cortes de Apelaciones y de la Corte Suprema i. Para acoger el Recurso de Protecci\u00f3n a) Argumentos de las Cortes de Apelaciones para entregar el f\u00e1rmaco requerido b) Argumentos de la Corte Suprema para entregar el f\u00e1rmaco requerido ii. Para rechazar el Recurso de Protecci\u00f3n a) Argumentos de las Cortes de Apelaciones para negar la entrega del f\u00e1rmaco requerido b) Argumentos de la Corte Suprema para negar la entrega del f\u00e1rmaco requerido iii. Jurisprudencia m\u00e1s reciente<\/p>\n","protected":false},"featured_media":4028,"comment_status":"open","ping_status":"closed","template":"","meta":{"inline_featured_image":false,"_joinchat":[]},"product_brand":[],"product_cat":[27,42],"product_tag":[],"class_list":{"0":"post-3998","1":"product","2":"type-product","3":"status-publish","4":"has-post-thumbnail","6":"product_cat-civil","7":"product_cat-thomson-reuters","8":"product_shipping_class-a-convenir","10":"first","11":"instock","12":"shipping-taxable","13":"purchasable","14":"product-type-simple"},"_links":{"self":[{"href":"https:\/\/bibliotecajuridicavirtual.cl\/index.php\/wp-json\/wp\/v2\/product\/3998","targetHints":{"allow":["GET"]}}],"collection":[{"href":"https:\/\/bibliotecajuridicavirtual.cl\/index.php\/wp-json\/wp\/v2\/product"}],"about":[{"href":"https:\/\/bibliotecajuridicavirtual.cl\/index.php\/wp-json\/wp\/v2\/types\/product"}],"replies":[{"embeddable":true,"href":"https:\/\/bibliotecajuridicavirtual.cl\/index.php\/wp-json\/wp\/v2\/comments?post=3998"}],"wp:featuredmedia":[{"embeddable":true,"href":"https:\/\/bibliotecajuridicavirtual.cl\/index.php\/wp-json\/wp\/v2\/media\/4028"}],"wp:attachment":[{"href":"https:\/\/bibliotecajuridicavirtual.cl\/index.php\/wp-json\/wp\/v2\/media?parent=3998"}],"wp:term":[{"taxonomy":"product_brand","embeddable":true,"href":"https:\/\/bibliotecajuridicavirtual.cl\/index.php\/wp-json\/wp\/v2\/product_brand?post=3998"},{"taxonomy":"product_cat","embeddable":true,"href":"https:\/\/bibliotecajuridicavirtual.cl\/index.php\/wp-json\/wp\/v2\/product_cat?post=3998"},{"taxonomy":"product_tag","embeddable":true,"href":"https:\/\/bibliotecajuridicavirtual.cl\/index.php\/wp-json\/wp\/v2\/product_tag?post=3998"}],"curies":[{"name":"wp","href":"https:\/\/api.w.org\/{rel}","templated":true}]}}