{"id":4000,"date":"2026-02-28T01:22:12","date_gmt":"2026-02-28T04:22:12","guid":{"rendered":"https:\/\/bibliotecajuridicavirtual.cl\/?post_type=product&#038;p=4000"},"modified":"2026-02-28T01:22:27","modified_gmt":"2026-02-28T04:22:27","slug":"estudios-de-derecho-privado-en-homenaje-al-profesor-daniel-penailillo-arevalo-ano-2019-1-383-pag-autor-universidad-de-concepcion","status":"publish","type":"product","link":"https:\/\/bibliotecajuridicavirtual.cl\/index.php\/product\/estudios-de-derecho-privado-en-homenaje-al-profesor-daniel-penailillo-arevalo-ano-2019-1-383-pag-autor-universidad-de-concepcion\/","title":{"rendered":"Estudios De Derecho Privado En Homenaje Al Profesor  Daniel Pe\u00f1ailillo Ar\u00e9valo. A\u00f1o 2019 \/ 1.383 P\u00e1g. Autor Universidad de Concepci\u00f3n"},"content":{"rendered":"<p><strong>DIRECTORES Y COORDINADORES<\/strong><\/p>\n<p>Manuel Barr\u00eda Paredes (Universidad de Concepci\u00f3n)<\/p>\n<p>Jos\u00e9 Luis Diez Schwerter (Universidad de Concepci\u00f3n)<\/p>\n<p>\u00cd\u00f1igo de la Maza Gazmuri (Universidad Diego Portales)<\/p>\n<p>Rodrigo Momberg Uribe (Pontificia Universidad Cat\u00f3lica de Valpara\u00edso)<\/p>\n<p>Gonzalo Montory Barriga (Universidad Cat\u00f3lica de la Sant\u00edsima Concepci\u00f3n)<\/p>\n<p>\u00c1lvaro Vidal Olivares (Pontificia Universidad Cat\u00f3lica de Valpara\u00edso)<\/p>\n<p><strong>I. Temas generales<\/strong><\/p>\n<p>La racionalidad en la valoraci\u00f3n probatoria prevista en los C\u00f3digos Civil y de Procedimiento Civil<br \/>\nRodrigo Cerda San Mart\u00edn<\/p>\n<p>La reforma al delito de usurpaci\u00f3n de aguas en Chile: Solo una pincelada<br \/>\nVer\u00f3nica Delgado Schneider<\/p>\n<p>La libertad de testar y sus restricciones. Consideraciones para su eventual revisi\u00f3n en Chile<br \/>\nFabi\u00e1n Elorriaga De Bonis<\/p>\n<p>De la capacidad jur\u00eddica en el C\u00f3digo Civil chileno. Miradas desde el Derecho Internacional de los Derechos Humanos<br \/>\nXimena Andrea Gauch\u00e9 Marchetti<\/p>\n<p>La Sociolog\u00eda Jur\u00eddica: Una breve introducci\u00f3n<br \/>\nBeatriz Larra\u00edn M.<\/p>\n<p>Publicaci\u00f3n de facturas impagas en ficheros p\u00fablicos de deudores morosos, personas jur\u00eddicas y recursos de protecci\u00f3n: Un dilema con resultado dif\u00edcil de predecir<br \/>\nCristi\u00e1n Larra\u00edn P\u00e1ez<\/p>\n<p>Situaci\u00f3n de la Empresa Individual de Responsabilidad Limitada en caso de declaraci\u00f3n de liquidaci\u00f3n de su titular<br \/>\nEduardo Salas C\u00e1rcamo<\/p>\n<p><strong>II. Obligaciones y contratos<\/strong><\/p>\n<p>La sociedad como estructura de \u00f3rganos \u00bfhay una sanci\u00f3n de ineficacia para el acto ejecutado por el \u00f3rgano de representaci\u00f3n fuera del objeto social?<br \/>\nCristian Aedo Barrena<\/p>\n<p>Las franquicias de formato de negocio y algunas preguntas sobre su regulaci\u00f3n<br \/>\nFernando Araya Jasma<\/p>\n<p>Facturas electr\u00f3nicas emitidas al contado: Para el SII se entienden pagadas, no pueden ser reclamadas ni objeto de cesi\u00f3n<br \/>\nBruno Caprile Biermann<\/p>\n<p>La concepci\u00f3n de la nulidad en el C\u00f3digo Civil y su consecuencia en la prescripci\u00f3n de la nulidad absoluta<br \/>\nRicardo Concha Machuca<\/p>\n<p>S\u00edntomas, diagn\u00f3stico y tratamiento: Hacia una modificaci\u00f3n del T\u00edtulo XXIII del Libro IV del C\u00f3digo Civil<br \/>\n\u00cd\u00f1igo de la Maza Gazmuri<\/p>\n<p>La interrupci\u00f3n de la prescripci\u00f3n por demanda judicial<br \/>\nRam\u00f3n Dom\u00ednguez \u00c1guila<\/p>\n<p>La generaci\u00f3n de voluntad en el contrato de transporte a\u00e9reo de pasajeros a trav\u00e9s de los Sistemas Informatizados de Reserva (SIR). Razones y propuestas para una revisi\u00f3n en el Derecho chileno<\/p>\n<p>Las reglas de interpretaci\u00f3n de los art\u00edculos 1561 a 1566 del C\u00f3digo Civil<br \/>\nJoel Gonz\u00e1lez Castillo<\/p>\n<p>La relaci\u00f3n jur\u00eddica proveedor-usuario de leasing financiero en la ley modelo Unidroit sobre leasing<br \/>\nMauricio Inostroza S\u00e1ez<\/p>\n<p>La frustraci\u00f3n del contrato y de su fin<br \/>\nAldo Molinari Vald\u00e9s<\/p>\n<p>Las cl\u00e1usulas de hardship como mecanismo de adaptaci\u00f3n del contrato<br \/>\nRodrigo Momberg Uribe<\/p>\n<p>La razonabilidad como criterio de control del contenido en los contratos predispuestos<br \/>\nRuperto Pinochet Olave<\/p>\n<p>Notas sobre el alcance del art\u00edculo 1566 inciso segundo del C\u00f3digo Civil chileno<br \/>\nPamela Prado L\u00f3pez<\/p>\n<p>Qu\u00e9 significa \u2013y qu\u00e9 no significa\u2013 el apotegma: \u201cLa acci\u00f3n hipotecaria, cuando se ejercita en contra del deudor directo, se confunde con la acci\u00f3n personal que procede de la obligaci\u00f3n principal\u201d<br \/>\nMario Rojas Sep\u00falveda<\/p>\n<p>Tres conceptos para un est\u00e1ndar de conducta: A prop\u00f3sito de la confianza razonable y la protecci\u00f3n de la apariencia<br \/>\nLilian C. San Mart\u00edn Neira<\/p>\n<p>La crisis de los conceptos cl\u00e1sicos: Contrato y Propiedad, ante el escrutinio de la nueva generaci\u00f3n de derechos constitucionales<br \/>\nFrancisco Segura<\/p>\n<p>La buena fe como l\u00edmite al ejercicio de los remedios al incumplimiento contractual en el C\u00f3digo Civil. Una mirada de conjunto<br \/>\n\u00c1lvaro Vidal Olivares<\/p>\n<p><strong>III. Responsabilidad civil<\/strong><\/p>\n<p>Algunos aspectos sobre el trust ingl\u00e9s. Un par de consecuencias en el derecho chileno<br \/>\nCristi\u00e1n Banfi del R\u00edo<\/p>\n<p>\u00bfQu\u00e9 justifica imponer responsabilidad civil por da\u00f1os?<br \/>\nEnrique Barros Bourie<\/p>\n<p>La acci\u00f3n por da\u00f1o contingente del art\u00edculo 2333 del C\u00f3digo Civil en movimiento: Tres casos de la jurisprudencia reciente<br \/>\nJos\u00e9 Luis Diez Schwerter<\/p>\n<p>La necesaria prueba de la existencia de relaci\u00f3n de causalidad en Chile: Un principio conteste<br \/>\nCarmen Dom\u00ednguez Hidalgo<\/p>\n<p>Consideraciones cr\u00edticas sobre la resoluci\u00f3n del contrato de venta de consumo frente a la disconformidad material en el derecho chileno<br \/>\nAlfredo Ferrante<\/p>\n<p>Responsabilidad solidaria versus responsabilidad concurrente<br \/>\nAndr\u00e9s Kuncar Oneto<\/p>\n<p>Las acciones civiles por infracciones al derecho de propiedad industrial<br \/>\nAlberto Pino Emhart<\/p>\n<p>De nuevo sobre el llamado Da\u00f1o Moral<br \/>\nEugenio Llamas Pombo<\/p>\n<p>Del reconocimiento de los hijos no matrimoniales y de la responsabilidad civil por su incumplimiento<br \/>\nDavid G. Vargas Aravena<\/p>\n<p><strong>IV. Derechos reales<\/strong><\/p>\n<p>Notas sobre la prescripci\u00f3n adquisitiva extraordinaria<br \/>\nJaime Alcalde Silva<\/p>\n<p>Debates pendientes sobre la propiedad ind\u00edgena en Chile: La necesaria armonizaci\u00f3n del Derecho internacional, constitucional y civil<br \/>\nAmaya Alvez Mar\u00edn y Jos\u00e9 Ram\u00edrez Gaete<\/p>\n<p>Fundamentos legales y constitucionales de la protecci\u00f3n de la leg\u00edtima y su relaci\u00f3n con el derecho de propiedad<br \/>\nManuel Barr\u00eda Paredes<\/p>\n<p>Protecci\u00f3n del dominio, indemnizaci\u00f3n y sistema de aguas lluvias<br \/>\nCarlos C\u00e9spedes Mu\u00f1oz<\/p>\n<p>\u201cBuen siervo, mal amo\u201d. El dinero en el Derecho Civil chileno<br \/>\nHern\u00e1n Corral Talciani<\/p>\n<p>La acci\u00f3n innominada general de dominio en el Derecho chileno<br \/>\nRodrigo Fuentes Gu\u00ed\u00f1ez<\/p>\n<p>Mecanismo de protecci\u00f3n a los propietarios en las relaciones de vecindad, contempladas en los art\u00edculos 941, 942 y 943 del C\u00f3digo Civil<br \/>\nCarlos Hidalgo Mu\u00f1oz<\/p>\n<p>La modificaci\u00f3n de los plazos en el D.L. N\u00ba 2.695: \u00bfAcaso una cuesti\u00f3n de retroactividad?<br \/>\nPedro Hidalgo Sarzosa<\/p>\n<p>La denuncia de obra ruinosa: Algunos problemas te\u00f3ricos y pr\u00e1cticos<br \/>\nArturo Ib\u00e1\u00f1ez Le\u00f3n<\/p>\n<p>El ius aedificandi y la esencia de la propiedad urbana<br \/>\nGonzalo Montory Barriga<\/p>\n<p>Universalidad, comunicabilidad de la cuota y acci\u00f3n reivindicatoria, notas a partir de un fallo<br \/>\nRenzo Munita Marambio<\/p>\n<p>El precario de inmueble en todos sus estados, un intento de sistematizaci\u00f3n<br \/>\nCarlos Pizarro Wilson<\/p>\n<p>Observaciones sobre la terminaci\u00f3n del derecho real de conservaci\u00f3n medioambiental<br \/>\nMar\u00eda Agnes Salah Abusleme<\/p>\n<p>Accesi\u00f3n por mutaci\u00f3n de cauce de r\u00edo: Una revisi\u00f3n de sus aspectos cr\u00edticos<br \/>\nMauricio Tapia Rodr\u00edguez<\/p>\n","protected":false},"excerpt":{"rendered":"<p>DIRECTORES Y COORDINADORES Manuel Barr\u00eda Paredes (Universidad de Concepci\u00f3n) Jos\u00e9 Luis Diez Schwerter (Universidad de Concepci\u00f3n) \u00cd\u00f1igo de la Maza Gazmuri (Universidad Diego Portales) Rodrigo Momberg Uribe (Pontificia Universidad Cat\u00f3lica de Valpara\u00edso) Gonzalo Montory Barriga (Universidad Cat\u00f3lica de la Sant\u00edsima Concepci\u00f3n) \u00c1lvaro Vidal Olivares (Pontificia Universidad Cat\u00f3lica de Valpara\u00edso) I. Temas generales La racionalidad en la valoraci\u00f3n probatoria prevista en los C\u00f3digos Civil y de Procedimiento Civil Rodrigo Cerda San Mart\u00edn La reforma al delito de usurpaci\u00f3n de aguas en Chile: Solo una pincelada Ver\u00f3nica Delgado Schneider La libertad de testar y sus restricciones. Consideraciones para su eventual revisi\u00f3n en Chile Fabi\u00e1n Elorriaga De Bonis De la capacidad jur\u00eddica en el C\u00f3digo Civil chileno. Miradas desde el Derecho Internacional de los Derechos Humanos Ximena Andrea Gauch\u00e9 Marchetti La Sociolog\u00eda Jur\u00eddica: Una breve introducci\u00f3n Beatriz Larra\u00edn M. Publicaci\u00f3n de facturas impagas en ficheros p\u00fablicos de deudores morosos, personas jur\u00eddicas y recursos de protecci\u00f3n: Un dilema con resultado dif\u00edcil de predecir Cristi\u00e1n Larra\u00edn P\u00e1ez Situaci\u00f3n de la Empresa Individual de Responsabilidad Limitada en caso de declaraci\u00f3n de liquidaci\u00f3n de su titular Eduardo Salas C\u00e1rcamo II. Obligaciones y contratos La sociedad como estructura de \u00f3rganos \u00bfhay una sanci\u00f3n de ineficacia para el acto ejecutado por el \u00f3rgano de representaci\u00f3n fuera del objeto social? Cristian Aedo Barrena Las franquicias de formato de negocio y algunas preguntas sobre su regulaci\u00f3n Fernando Araya Jasma Facturas electr\u00f3nicas emitidas al contado: Para el SII se entienden pagadas, no pueden ser reclamadas ni objeto de cesi\u00f3n Bruno Caprile Biermann La concepci\u00f3n de la nulidad en el C\u00f3digo Civil y su consecuencia en la prescripci\u00f3n de la nulidad absoluta Ricardo Concha Machuca S\u00edntomas, diagn\u00f3stico y tratamiento: Hacia una modificaci\u00f3n del T\u00edtulo XXIII del Libro IV del C\u00f3digo Civil \u00cd\u00f1igo de la Maza Gazmuri La interrupci\u00f3n de la prescripci\u00f3n por demanda judicial Ram\u00f3n Dom\u00ednguez \u00c1guila La generaci\u00f3n de voluntad en el contrato de transporte a\u00e9reo de pasajeros a trav\u00e9s de los Sistemas Informatizados de Reserva (SIR). Razones y propuestas para una revisi\u00f3n en el Derecho chileno Las reglas de interpretaci\u00f3n de los art\u00edculos 1561 a 1566 del C\u00f3digo Civil Joel Gonz\u00e1lez Castillo La relaci\u00f3n jur\u00eddica proveedor-usuario de leasing financiero en la ley modelo Unidroit sobre leasing Mauricio Inostroza S\u00e1ez La frustraci\u00f3n del contrato y de su fin Aldo Molinari Vald\u00e9s Las cl\u00e1usulas de hardship como mecanismo de adaptaci\u00f3n del contrato Rodrigo Momberg Uribe La razonabilidad como criterio de control del contenido en los contratos predispuestos Ruperto Pinochet Olave Notas sobre el alcance del art\u00edculo 1566 inciso segundo del C\u00f3digo Civil chileno Pamela Prado L\u00f3pez Qu\u00e9 significa \u2013y qu\u00e9 no significa\u2013 el apotegma: \u201cLa acci\u00f3n hipotecaria, cuando se ejercita en contra del deudor directo, se confunde con la acci\u00f3n personal que procede de la obligaci\u00f3n principal\u201d Mario Rojas Sep\u00falveda Tres conceptos para un est\u00e1ndar de conducta: A prop\u00f3sito de la confianza razonable y la protecci\u00f3n de la apariencia Lilian C. San Mart\u00edn Neira La crisis de los conceptos cl\u00e1sicos: Contrato y Propiedad, ante el escrutinio de la nueva generaci\u00f3n de derechos constitucionales Francisco Segura La buena fe como l\u00edmite al ejercicio de los remedios al incumplimiento contractual en el C\u00f3digo Civil. Una mirada de conjunto \u00c1lvaro Vidal Olivares III. Responsabilidad civil Algunos aspectos sobre el trust ingl\u00e9s. Un par de consecuencias en el derecho chileno Cristi\u00e1n Banfi del R\u00edo \u00bfQu\u00e9 justifica imponer responsabilidad civil por da\u00f1os? Enrique Barros Bourie La acci\u00f3n por da\u00f1o contingente del art\u00edculo 2333 del C\u00f3digo Civil en movimiento: Tres casos de la jurisprudencia reciente Jos\u00e9 Luis Diez Schwerter La necesaria prueba de la existencia de relaci\u00f3n de causalidad en Chile: Un principio conteste Carmen Dom\u00ednguez Hidalgo Consideraciones cr\u00edticas sobre la resoluci\u00f3n del contrato de venta de consumo frente a la disconformidad material en el derecho chileno Alfredo Ferrante Responsabilidad solidaria versus responsabilidad concurrente Andr\u00e9s Kuncar Oneto Las acciones civiles por infracciones al derecho de propiedad industrial Alberto Pino Emhart De nuevo sobre el llamado Da\u00f1o Moral Eugenio Llamas Pombo Del reconocimiento de los hijos no matrimoniales y de la responsabilidad civil por su incumplimiento David G. Vargas Aravena IV. Derechos reales Notas sobre la prescripci\u00f3n adquisitiva extraordinaria Jaime Alcalde Silva Debates pendientes sobre la propiedad ind\u00edgena en Chile: La necesaria armonizaci\u00f3n del Derecho internacional, constitucional y civil Amaya Alvez Mar\u00edn y Jos\u00e9 Ram\u00edrez Gaete Fundamentos legales y constitucionales de la protecci\u00f3n de la leg\u00edtima y su relaci\u00f3n con el derecho de propiedad Manuel Barr\u00eda Paredes Protecci\u00f3n del dominio, indemnizaci\u00f3n y sistema de aguas lluvias Carlos C\u00e9spedes Mu\u00f1oz \u201cBuen siervo, mal amo\u201d. El dinero en el Derecho Civil chileno Hern\u00e1n Corral Talciani La acci\u00f3n innominada general de dominio en el Derecho chileno Rodrigo Fuentes Gu\u00ed\u00f1ez Mecanismo de protecci\u00f3n a los propietarios en las relaciones de vecindad, contempladas en los art\u00edculos 941, 942 y 943 del C\u00f3digo Civil Carlos Hidalgo Mu\u00f1oz La modificaci\u00f3n de los plazos en el D.L. N\u00ba 2.695: \u00bfAcaso una cuesti\u00f3n de retroactividad? Pedro Hidalgo Sarzosa La denuncia de obra ruinosa: Algunos problemas te\u00f3ricos y pr\u00e1cticos Arturo Ib\u00e1\u00f1ez Le\u00f3n El ius aedificandi y la esencia de la propiedad urbana Gonzalo Montory Barriga Universalidad, comunicabilidad de la cuota y acci\u00f3n reivindicatoria, notas a partir de un fallo Renzo Munita Marambio El precario de inmueble en todos sus estados, un intento de sistematizaci\u00f3n Carlos Pizarro Wilson Observaciones sobre la terminaci\u00f3n del derecho real de conservaci\u00f3n medioambiental Mar\u00eda Agnes Salah Abusleme Accesi\u00f3n por mutaci\u00f3n de cauce de r\u00edo: Una revisi\u00f3n de sus aspectos cr\u00edticos Mauricio Tapia Rodr\u00edguez<\/p>\n","protected":false},"featured_media":4030,"comment_status":"open","ping_status":"closed","template":"","meta":{"inline_featured_image":false,"_joinchat":[]},"product_brand":[],"product_cat":[27,42],"product_tag":[],"class_list":{"0":"post-4000","1":"product","2":"type-product","3":"status-publish","4":"has-post-thumbnail","6":"product_cat-civil","7":"product_cat-thomson-reuters","8":"product_shipping_class-a-convenir","10":"first","11":"instock","12":"shipping-taxable","13":"purchasable","14":"product-type-simple"},"_links":{"self":[{"href":"https:\/\/bibliotecajuridicavirtual.cl\/index.php\/wp-json\/wp\/v2\/product\/4000","targetHints":{"allow":["GET"]}}],"collection":[{"href":"https:\/\/bibliotecajuridicavirtual.cl\/index.php\/wp-json\/wp\/v2\/product"}],"about":[{"href":"https:\/\/bibliotecajuridicavirtual.cl\/index.php\/wp-json\/wp\/v2\/types\/product"}],"replies":[{"embeddable":true,"href":"https:\/\/bibliotecajuridicavirtual.cl\/index.php\/wp-json\/wp\/v2\/comments?post=4000"}],"wp:featuredmedia":[{"embeddable":true,"href":"https:\/\/bibliotecajuridicavirtual.cl\/index.php\/wp-json\/wp\/v2\/media\/4030"}],"wp:attachment":[{"href":"https:\/\/bibliotecajuridicavirtual.cl\/index.php\/wp-json\/wp\/v2\/media?parent=4000"}],"wp:term":[{"taxonomy":"product_brand","embeddable":true,"href":"https:\/\/bibliotecajuridicavirtual.cl\/index.php\/wp-json\/wp\/v2\/product_brand?post=4000"},{"taxonomy":"product_cat","embeddable":true,"href":"https:\/\/bibliotecajuridicavirtual.cl\/index.php\/wp-json\/wp\/v2\/product_cat?post=4000"},{"taxonomy":"product_tag","embeddable":true,"href":"https:\/\/bibliotecajuridicavirtual.cl\/index.php\/wp-json\/wp\/v2\/product_tag?post=4000"}],"curies":[{"name":"wp","href":"https:\/\/api.w.org\/{rel}","templated":true}]}}