{"id":4001,"date":"2026-02-28T01:22:12","date_gmt":"2026-02-28T04:22:12","guid":{"rendered":"https:\/\/bibliotecajuridicavirtual.cl\/?post_type=product&#038;p=4001"},"modified":"2026-02-28T01:22:28","modified_gmt":"2026-02-28T04:22:28","slug":"contratacion-administrativa-segunda-edicion-ano-2019-646-pag-autor-claudio-moraga-klenner","status":"publish","type":"product","link":"https:\/\/bibliotecajuridicavirtual.cl\/index.php\/product\/contratacion-administrativa-segunda-edicion-ano-2019-646-pag-autor-claudio-moraga-klenner\/","title":{"rendered":"Contrataci\u00f3n Administrativa. Segunda Edici\u00f3n. A\u00f1o 2019\/ 646 P\u00e1g. Autor Claudio Moraga Klenner"},"content":{"rendered":"<p>La obra trata de un modo amplio y con profundidad el fen\u00f3meno de la contrataci\u00f3n p\u00fablica en Chile, usando no solo apoyo doctrinario, sino que tambi\u00e9n la diversificada jurisprudencia judicial, arbitral y administrativa de los \u00faltimos veinte a\u00f1os. El objetivo es presentar el contrato p\u00fablico como un instrumento usado frecuentemente por la Administraci\u00f3n para el cumplimiento de las funciones y tareas a su cargo, con una similar equivalencia al papel que cumple el acto administrativo.<\/p>\n<p>El trabajo se estructura en diez grandes partes. La primera es introductoria, referida a las formas tradicionales de colaboraci\u00f3n de los particulares con la Administraci\u00f3n, a los rasgos propios de los contratos que celebra el sector p\u00fablico y a sus clasificaciones. Luego, la obra se concentra en la tipolog\u00eda de los contratos, incluyendo al suministro, la prestaci\u00f3n de servicios, los contratos a honorarios, las obras p\u00fablicas, las concesiones y el empr\u00e9stito p\u00fablico. Tambi\u00e9n, se revisa la contrataci\u00f3n interadministrativa, las asociaciones p\u00fablico-privadas y el contrato ley. M\u00e1s adelante, se abordan las caracter\u00edsticas de los contratos de la Administraci\u00f3n, la cesi\u00f3n del contrato y la subcontrataci\u00f3n, as\u00ed como las bases positivas (constitucionales y legales) y los principios generales y especiales que le son aplicables. En las secciones quinta y sexta, el trabajo explica los sistemas de contrataci\u00f3n usados por la Administraci\u00f3n y, particularmente, hace un an\u00e1lisis de un procedimiento de licitaci\u00f3n p\u00fablica mod\u00e9lico. Seguidamente, el libro se enfoca en la eficacia jur\u00eddica del contrato, las reglas de interpretaci\u00f3n que deben utilizarse y la forma como el ordenamiento ius administrativo distribuye los riesgos y la ventura entre los contratantes. La obra abarca tambi\u00e9n prerrogativas de poder p\u00fablico que se visualizan frecuentemente en el curso de ejecuci\u00f3n de los contratos p\u00fablicos, as\u00ed como los derechos generales con que cuenta el contratante privado. Ya en la \u00faltima parte, se pasa revista a las distintas formas de extinci\u00f3n de los contratos administrativos y a los mecanismos de impugnaci\u00f3n y de soluci\u00f3n de conflictos contractuales administrativos.<\/p>\n","protected":false},"excerpt":{"rendered":"<p>La obra trata de un modo amplio y con profundidad el fen\u00f3meno de la contrataci\u00f3n p\u00fablica en Chile, usando no solo apoyo doctrinario, sino que tambi\u00e9n la diversificada jurisprudencia judicial, arbitral y administrativa de los \u00faltimos veinte a\u00f1os. El objetivo es presentar el contrato p\u00fablico como un instrumento usado frecuentemente por la Administraci\u00f3n para el cumplimiento de las funciones y tareas a su cargo, con una similar equivalencia al papel que cumple el acto administrativo. El trabajo se estructura en diez grandes partes. La primera es introductoria, referida a las formas tradicionales de colaboraci\u00f3n de los particulares con la Administraci\u00f3n, a los rasgos propios de los contratos que celebra el sector p\u00fablico y a sus clasificaciones. Luego, la obra se concentra en la tipolog\u00eda de los contratos, incluyendo al suministro, la prestaci\u00f3n de servicios, los contratos a honorarios, las obras p\u00fablicas, las concesiones y el empr\u00e9stito p\u00fablico. Tambi\u00e9n, se revisa la contrataci\u00f3n interadministrativa, las asociaciones p\u00fablico-privadas y el contrato ley. M\u00e1s adelante, se abordan las caracter\u00edsticas de los contratos de la Administraci\u00f3n, la cesi\u00f3n del contrato y la subcontrataci\u00f3n, as\u00ed como las bases positivas (constitucionales y legales) y los principios generales y especiales que le son aplicables. En las secciones quinta y sexta, el trabajo explica los sistemas de contrataci\u00f3n usados por la Administraci\u00f3n y, particularmente, hace un an\u00e1lisis de un procedimiento de licitaci\u00f3n p\u00fablica mod\u00e9lico. Seguidamente, el libro se enfoca en la eficacia jur\u00eddica del contrato, las reglas de interpretaci\u00f3n que deben utilizarse y la forma como el ordenamiento ius administrativo distribuye los riesgos y la ventura entre los contratantes. La obra abarca tambi\u00e9n prerrogativas de poder p\u00fablico que se visualizan frecuentemente en el curso de ejecuci\u00f3n de los contratos p\u00fablicos, as\u00ed como los derechos generales con que cuenta el contratante privado. Ya en la \u00faltima parte, se pasa revista a las distintas formas de extinci\u00f3n de los contratos administrativos y a los mecanismos de impugnaci\u00f3n y de soluci\u00f3n de conflictos contractuales administrativos.<\/p>\n","protected":false},"featured_media":4031,"comment_status":"open","ping_status":"closed","template":"","meta":{"inline_featured_image":false,"_joinchat":[]},"product_brand":[],"product_cat":[45,42],"product_tag":[],"class_list":{"0":"post-4001","1":"product","2":"type-product","3":"status-publish","4":"has-post-thumbnail","6":"product_cat-administrativo","7":"product_cat-thomson-reuters","8":"product_shipping_class-a-convenir","10":"first","11":"instock","12":"shipping-taxable","13":"purchasable","14":"product-type-simple"},"_links":{"self":[{"href":"https:\/\/bibliotecajuridicavirtual.cl\/index.php\/wp-json\/wp\/v2\/product\/4001","targetHints":{"allow":["GET"]}}],"collection":[{"href":"https:\/\/bibliotecajuridicavirtual.cl\/index.php\/wp-json\/wp\/v2\/product"}],"about":[{"href":"https:\/\/bibliotecajuridicavirtual.cl\/index.php\/wp-json\/wp\/v2\/types\/product"}],"replies":[{"embeddable":true,"href":"https:\/\/bibliotecajuridicavirtual.cl\/index.php\/wp-json\/wp\/v2\/comments?post=4001"}],"wp:featuredmedia":[{"embeddable":true,"href":"https:\/\/bibliotecajuridicavirtual.cl\/index.php\/wp-json\/wp\/v2\/media\/4031"}],"wp:attachment":[{"href":"https:\/\/bibliotecajuridicavirtual.cl\/index.php\/wp-json\/wp\/v2\/media?parent=4001"}],"wp:term":[{"taxonomy":"product_brand","embeddable":true,"href":"https:\/\/bibliotecajuridicavirtual.cl\/index.php\/wp-json\/wp\/v2\/product_brand?post=4001"},{"taxonomy":"product_cat","embeddable":true,"href":"https:\/\/bibliotecajuridicavirtual.cl\/index.php\/wp-json\/wp\/v2\/product_cat?post=4001"},{"taxonomy":"product_tag","embeddable":true,"href":"https:\/\/bibliotecajuridicavirtual.cl\/index.php\/wp-json\/wp\/v2\/product_tag?post=4001"}],"curies":[{"name":"wp","href":"https:\/\/api.w.org\/{rel}","templated":true}]}}