{"id":4002,"date":"2026-02-28T01:22:12","date_gmt":"2026-02-28T04:22:12","guid":{"rendered":"https:\/\/bibliotecajuridicavirtual.cl\/?post_type=product&#038;p=4002"},"modified":"2026-02-28T01:22:29","modified_gmt":"2026-02-28T04:22:29","slug":"persona-y-acto-juridico-ano-2021-280-pag-autor-hernan-troncoso-larronde","status":"publish","type":"product","link":"https:\/\/bibliotecajuridicavirtual.cl\/index.php\/product\/persona-y-acto-juridico-ano-2021-280-pag-autor-hernan-troncoso-larronde\/","title":{"rendered":"Persona y Acto Jur\u00eddico. A\u00f1o 2021\/ 280 P\u00e1g. Autor  Hern\u00e1n Troncoso Larronde"},"content":{"rendered":"<p style=\"font-weight: 400;\">Las personas son el elemento esencial de las relaciones jur\u00eddicas, las que no tienen raz\u00f3n de ser sin ellas, sea que desempe\u00f1en un papel activo o uno pasivo. No se concibe un derecho, sea real o personal, sin un titular que est\u00e9 investido de todas las atribuciones que este confiere. Es de vital importancia para ello saber desde qu\u00e9 momento la persona es considerada sujeto de derecho y hasta cu\u00e1ndo.<\/p>\n<p style=\"font-weight: 400;\">Adem\u00e1s, en los tiempos actuales cobran gran importancia las personas jur\u00eddicas para lograr objetivos que, por su complejidad, una persona natural por s\u00ed sola no puede o le es muy dif\u00edcil alcanzar.<\/p>\n<p style=\"font-weight: 400;\">En este libro se hace un estudio sint\u00e9tico, pero no por ello superficial, de la persona, tanto de la natural como de la jur\u00eddica, su principio de existencia, su formaci\u00f3n, en su caso, y su fin, as\u00ed como tambi\u00e9n de los atributos de la personalidad.<\/p>\n<p style=\"font-weight: 400;\">El libro estudia y analiza tambi\u00e9n la Teor\u00eda General de los Actos Jur\u00eddicos, materia de relevancia para la comprensi\u00f3n de las otras materias que conforman el Derecho Civil, como son los derechos reales y personas, el derecho de familia, etc\u00e9tera.<\/p>\n<p style=\"font-weight: 400;\">El an\u00e1lisis de la Teor\u00eda de los Actos Jur\u00eddicos se hace para dotar a los estudiantes de Derecho de un medio que les permita comprender, asimilar y recordar aspectos tan relevantes como el rol de la voluntad, las formas de manifestarla, los vicios que pueden afectarla; as\u00ed como el objeto y el objeto il\u00edcito, la formaci\u00f3n del consentimiento, las sanciones que les son aplicables como la inexistencia, la nulidad y la inoponibilidad.<\/p>\n<p style=\"font-weight: 400;\">Lo que se pretende es poner a disposici\u00f3n de los interesados un medio que les permita adquirir un conocimiento cabal de materias que son b\u00e1sicas para la comprensi\u00f3n del Derecho Civil.<\/p>\n<p style=\"font-weight: 400;\"><b><strong>PARTE I<\/strong><\/b><br \/>\n<b><strong>DE LA PERSONA<\/strong><\/b><\/p>\n<ol>\n<li style=\"font-weight: 400;\"><b><strong> Generalidades<\/strong><\/b><\/li>\n<li style=\"font-weight: 400;\"><b><strong> Clasificaci\u00f3n de las personas<\/strong><\/b><\/li>\n<li style=\"font-weight: 400;\"><b><strong> Las personas naturales<\/strong><\/b><br \/>\n3.1. Definici\u00f3n de personas naturales<br \/>\n3.2. Clasificaci\u00f3n de las personas naturales<br \/>\n3.3. Principio de la existencia de las personas naturales<br \/>\n3.4. Extinci\u00f3n o fin de las personas naturales<br \/>\n3.4.1. La muerte natural puede ser real o presunta<br \/>\n3.4.2. Prueba de la muerte<br \/>\n3.4.3. Comprobaci\u00f3n judicial de la muerte<br \/>\n3.4.4. Comurientes<br \/>\n3.4.4. Comurientes<br \/>\na) Generalidades<br \/>\nb) Fuentes del C\u00f3digo chileno sobre la muerte presunta<br \/>\nc) Condiciones necesarias para que tenga lugar la muerte presunta<br \/>\nd) Periodos de desaparecimiento<br \/>\ne) Declaraci\u00f3n de presunci\u00f3n de la muerte<br \/>\nf) Situaciones especiales<br \/>\ng) Fijaci\u00f3n del d\u00eda presuntivo de la muerte<br \/>\nh) Inscripci\u00f3n en el Registro Civil de las\u00a0sentencias ejecutoriadas que declaren la muerte presunta<br \/>\ni) Situaci\u00f3n de los bienes de la persona ausente<br \/>\n3.5. Existencia legal<\/li>\n<li style=\"font-weight: 400;\"><b><strong> Atributos de la personalidad<\/strong><\/b><br \/>\n4.1. La nacionalidad<br \/>\n4.2. El nombre<br \/>\n4.2.1. Nombre propio (o de pila)<br \/>\n4.2.2. Caracter\u00edsticas del nombre<br \/>\n4.2.3. Cambio de nombre<br \/>\n4.2.4. Derecho al nombre<br \/>\n4.3. El estado civil<br \/>\n4.3.1. Caracter\u00edsticas del estado civil<br \/>\n4.3.2. Fuentes del estado civil<br \/>\n4.3.3. Efectos del estado civil<br \/>\n4.3.4. Actas de estado civil<br \/>\n4.4. El domicilio<br \/>\n4.4.1. Personas domiciliadas y transe\u00fantes<br \/>\n4.4.2. Clases de domicilio<br \/>\n4.4.3. Elementos del domicilio civil<br \/>\n4.4.4. Pluralidad de domicilios<br \/>\n4.4.5. Caracteres del domicilio<br \/>\n4.4.6. Domicilio real, domicilio legal y domicilio convencional<br \/>\n4.4.7. Domicilio general y domicilio especial<br \/>\n4.5. La capacidad de goce<br \/>\n4.6. El patrimonio<br \/>\n4.6.1. Teor\u00eda cl\u00e1sica<br \/>\n4.6.2. Teor\u00eda del patrimonio de afectaci\u00f3n<\/li>\n<li style=\"font-weight: 400;\"><b><strong> Derechos de la personalidad<\/strong><\/b><br \/>\n5.1. Derecho a la vida y a la integridad corporal<br \/>\n5.2. Derecho a la protecci\u00f3n del honor y a la reputaci\u00f3n<br \/>\n5.3. Derecho al nombre<br \/>\n5.4. Derecho a la propia imagen<\/li>\n<li style=\"font-weight: 400;\"><b><strong> Personas jur\u00eddicas<\/strong><\/b><br \/>\n6.1. Reglamentaci\u00f3n<br \/>\n6.2. Generalidades<br \/>\n6.3. Definici\u00f3n<br \/>\n6.4. Naturaleza jur\u00eddica<br \/>\n6.5. Clasificaci\u00f3n de las personas jur\u00eddicas<br \/>\n6.5.1. Persona Jur\u00eddica de Derecho P\u00fablico<br \/>\n6.5.2. Personas Jur\u00eddicas Intermedias<br \/>\n6.5.3. Persona Jur\u00eddica de Derecho Privado<br \/>\na) Persona Jur\u00eddica de Derecho Privado\u00a0que persigue fines de lucro<br \/>\nb) Persona Jur\u00eddica de Derecho Privado\u00a0que NO persigue fines de lucro<br \/>\n6.6. Constituci\u00f3n de las personas jur\u00eddicas<br \/>\n6.6.1. Los Estatutos (art. 548-2)<br \/>\n6.6.2. Fuerza obligatoria de los Estatutos, arts. 553 y 563<br \/>\n6.6.3. Miembros<br \/>\n6.6.4. \u00d3rganos<br \/>\n6.7. Responsabilidad<br \/>\n6.7.1. Responsabilidad civil<br \/>\n6.7.2. Responsabilidad penal<br \/>\n6.8. Atributos en la persona jur\u00eddica<br \/>\n6.8.1. Nombre<br \/>\n6.8.2. Domicilio<br \/>\n6.8.3. Nacionalidad<br \/>\n6.8.4. Capacidad<br \/>\n6.9. Extinci\u00f3n de la persona jur\u00eddica<\/li>\n<\/ol>\n<p style=\"font-weight: 400;\"><b><strong>PARTE II<\/strong><\/b><br \/>\n<b><strong>TEOR\u00cdA GENERAL DE LOS ACTOS JUR\u00cdDICOS<\/strong><\/b><\/p>\n<ol>\n<li style=\"font-weight: 400;\"><b><strong> Concepto<\/strong><\/b><\/li>\n<li style=\"font-weight: 400;\"><b><strong><br \/>\nDefinici\u00f3n y denominaci\u00f3n de acto jur\u00eddico (acto jur\u00eddico o negocio jur\u00eddico)<\/strong><\/b><\/li>\n<\/ol>\n<p>&nbsp;<\/p>\n<ul>\n<li style=\"font-weight: 400;\"><b><strong> Clasificaci\u00f3n de los actos jur\u00eddicos<\/strong><\/b><br \/>\n3.1. Actos jur\u00eddicos unilaterales y actos jur\u00eddicos bilaterales<br \/>\n3.1.1. Actos unilaterales subjetivamente simples y actos unilaterales subjetivamente complejos<br \/>\n3.1.2. Actos jur\u00eddicos unilaterales recepticios y no recepticios<br \/>\n3.2. Actos entre vivos y por causa de muerte<br \/>\n3.3. Actos patrimoniales y actos de familia<br \/>\n3.4. Actos solemnes y no solemnes<br \/>\n3.4.1. Actos solemnes por determinaci\u00f3n de las partes<br \/>\n3.5. Actos a t\u00edtulo gratuito y actos a t\u00edtulo oneroso<br \/>\n3.6. Actos t\u00edpicos o nominados y at\u00edpicos o innominado<br \/>\n3.7. Actos puros y simples y actos sujetos a modalidad<br \/>\n3.8. Actos principales, actos accesorios y actos dependientes<br \/>\n3.9. Actos constitutivos, declarativos y traslaticios<\/li>\n<li style=\"font-weight: 400;\"><b><strong><br \/>\nElementos del acto jur\u00eddico<\/strong><\/b><br \/>\n4.1. Elementos de la esencia<br \/>\n4.2. Elementos de la naturaleza<br \/>\n4.3. Elementos accidentales<\/li>\n<li style=\"font-weight: 400;\"><b><strong> Requisitos o condiciones de existencia y validez<\/strong><\/b><br \/>\n5.1. La voluntad<br \/>\n5.1.1. La manifestaci\u00f3n de voluntad es expresa<br \/>\n5.1.2. La manifestaci\u00f3n de voluntad es t\u00e1cita<br \/>\n5.1.3. El silencio como manifestaci\u00f3n de voluntad<br \/>\n5.1.4. Formaci\u00f3n del consentimiento<br \/>\n5.1.5. La aceptaci\u00f3n<br \/>\n5.1.6. Vicios de la voluntad<br \/>\n5.2. El objeto<br \/>\n5.2.1. Requisitos del objeto<br \/>\n5.2.2. El objeto il\u00edcito<br \/>\n5.3. La causa<br \/>\n5.3.1. Teor\u00eda cl\u00e1sica de la causa<br \/>\n5.3.2. Teor\u00eda anticausalista<br \/>\n5.3.3. Teor\u00eda neocausalista<br \/>\n5.3.4. Teor\u00eda de los m\u00f3viles o motivos psicol\u00f3gicos<br \/>\n5.3.5. Efectos de la falta de causa y de la ilicitud de la causa<br \/>\n5.3.6. Expresi\u00f3n de la causa y prueba de ella<br \/>\n5.3.7. Actos causados y actos abstractos<br \/>\n5.4. Las solemnidades<br \/>\n5.4.1. Las solemnidades<br \/>\n5.4.2. Las formalidades habilitantes<br \/>\n5.4.3. Las formalidades de prueba<br \/>\n5.4.4. Las medidas de publicidad<br \/>\n5.4.5. Actos solemnes y actos no solemnes<\/li>\n<li style=\"font-weight: 400;\"><b><strong><br \/>\nModalidades de los actos jur\u00eddicos<\/strong><\/b><br \/>\n6.1. Caracter\u00edsticas<br \/>\n6.2. Actos jur\u00eddicos que pueden sujetarse a modalidades<br \/>\n6.3. La condici\u00f3n<br \/>\n6.3.1. Hecho futuro<br \/>\n6.3.2. Hecho incierto<br \/>\n6.4. El plazo<br \/>\n6.5. El modo<\/li>\n<li style=\"font-weight: 400;\"><b><strong> La representaci\u00f3n<\/strong><\/b><br \/>\n7.1. Naturaleza jur\u00eddica<br \/>\n7.1.1. Teor\u00eda de la ficci\u00f3n<br \/>\n7.1.2. Teor\u00eda del nuntius o mensajero<br \/>\n7.1.3. Teor\u00eda de la cooperaci\u00f3n de voluntades<br \/>\n7.1.4. Teor\u00eda de la representaci\u00f3n modalidad de los actos jur\u00eddico<br \/>\n7.1.5. Situaci\u00f3n en Chile<br \/>\n7.1.6. El mandato y la representaci\u00f3n<br \/>\n7.2. Fuentes de la representaci\u00f3n<br \/>\n7.3. Representaci\u00f3n legal o forzada<br \/>\n7.4. Representaci\u00f3n voluntaria<br \/>\n7.5. Efectos de la representaci\u00f3n<br \/>\n7.6. La ratificaci\u00f3n<\/li>\n<li style=\"font-weight: 400;\"><b><strong> Ineficacia de los actos jur\u00eddicos<\/strong><\/b><br \/>\n8.1. Generalidades<br \/>\n8.2. La inexistencia jur\u00eddica<br \/>\n8.2.1. Caracter\u00edsticas de la inexistencia jur\u00eddica<br \/>\n8.2.2. La inexistencia en el ordenamiento civil chileno<\/li>\n<li style=\"font-weight: 400;\"><b><strong> La nulidad<\/strong><\/b><br \/>\n9.1. Caracter\u00edsticas de la nulidad<br \/>\n9.2. Clasificaci\u00f3n de la nulidad en absoluta y relativa<br \/>\n9.2.1. Nulidad absoluta<br \/>\n9.2.2. Nulidad relativa<br \/>\n9.3. La conversi\u00f3n del acto nulo<br \/>\n9.4. Nulidad de los actos de los incapaces<br \/>\n9.4.1. Dolo del incapaz en la celebraci\u00f3n de un acto jur\u00eddico<br \/>\n9.5. Efectos de la nulidad absoluta y de la nulidad relativa<br \/>\n9.5.1. Efectos de la nulidad respecto de las partes<br \/>\n9.5.2. Efectos de la nulidad respecto de terceros<br \/>\n9.6. Formas de hacer valer la nulidad en juicio<\/li>\n<li style=\"font-weight: 400;\"><b><strong> La inoponibilidad<\/strong><\/b><br \/>\n10.1.Entre las causales de fondo<br \/>\n10.2.Entre las causales de forma<br \/>\n10.3.Terceros que pueden invocar la inoponibilidad<br \/>\n10.4.Extinci\u00f3n de la inoponibilidad<\/li>\n<\/ul>\n<p>&nbsp;<\/p>\n","protected":false},"excerpt":{"rendered":"<p>Las personas son el elemento esencial de las relaciones jur\u00eddicas, las que no tienen raz\u00f3n de ser sin ellas, sea que desempe\u00f1en un papel activo o uno pasivo. No se concibe un derecho, sea real o personal, sin un titular que est\u00e9 investido de todas las atribuciones que este confiere. Es de vital importancia para ello saber desde qu\u00e9 momento la persona es considerada sujeto de derecho y hasta cu\u00e1ndo. Adem\u00e1s, en los tiempos actuales cobran gran importancia las personas jur\u00eddicas para lograr objetivos que, por su complejidad, una persona natural por s\u00ed sola no puede o le es muy dif\u00edcil alcanzar. En este libro se hace un estudio sint\u00e9tico, pero no por ello superficial, de la persona, tanto de la natural como de la jur\u00eddica, su principio de existencia, su formaci\u00f3n, en su caso, y su fin, as\u00ed como tambi\u00e9n de los atributos de la personalidad. El libro estudia y analiza tambi\u00e9n la Teor\u00eda General de los Actos Jur\u00eddicos, materia de relevancia para la comprensi\u00f3n de las otras materias que conforman el Derecho Civil, como son los derechos reales y personas, el derecho de familia, etc\u00e9tera. El an\u00e1lisis de la Teor\u00eda de los Actos Jur\u00eddicos se hace para dotar a los estudiantes de Derecho de un medio que les permita comprender, asimilar y recordar aspectos tan relevantes como el rol de la voluntad, las formas de manifestarla, los vicios que pueden afectarla; as\u00ed como el objeto y el objeto il\u00edcito, la formaci\u00f3n del consentimiento, las sanciones que les son aplicables como la inexistencia, la nulidad y la inoponibilidad. Lo que se pretende es poner a disposici\u00f3n de los interesados un medio que les permita adquirir un conocimiento cabal de materias que son b\u00e1sicas para la comprensi\u00f3n del Derecho Civil. PARTE I DE LA PERSONA Generalidades Clasificaci\u00f3n de las personas Las personas naturales 3.1. Definici\u00f3n de personas naturales 3.2. Clasificaci\u00f3n de las personas naturales 3.3. Principio de la existencia de las personas naturales 3.4. Extinci\u00f3n o fin de las personas naturales 3.4.1. La muerte natural puede ser real o presunta 3.4.2. Prueba de la muerte 3.4.3. Comprobaci\u00f3n judicial de la muerte 3.4.4. Comurientes 3.4.4. Comurientes a) Generalidades b) Fuentes del C\u00f3digo chileno sobre la muerte presunta c) Condiciones necesarias para que tenga lugar la muerte presunta d) Periodos de desaparecimiento e) Declaraci\u00f3n de presunci\u00f3n de la muerte f) Situaciones especiales g) Fijaci\u00f3n del d\u00eda presuntivo de la muerte h) Inscripci\u00f3n en el Registro Civil de las\u00a0sentencias ejecutoriadas que declaren la muerte presunta i) Situaci\u00f3n de los bienes de la persona ausente 3.5. Existencia legal Atributos de la personalidad 4.1. La nacionalidad 4.2. El nombre 4.2.1. Nombre propio (o de pila) 4.2.2. Caracter\u00edsticas del nombre 4.2.3. Cambio de nombre 4.2.4. Derecho al nombre 4.3. El estado civil 4.3.1. Caracter\u00edsticas del estado civil 4.3.2. Fuentes del estado civil 4.3.3. Efectos del estado civil 4.3.4. Actas de estado civil 4.4. El domicilio 4.4.1. Personas domiciliadas y transe\u00fantes 4.4.2. Clases de domicilio 4.4.3. Elementos del domicilio civil 4.4.4. Pluralidad de domicilios 4.4.5. Caracteres del domicilio 4.4.6. Domicilio real, domicilio legal y domicilio convencional 4.4.7. Domicilio general y domicilio especial 4.5. La capacidad de goce 4.6. El patrimonio 4.6.1. Teor\u00eda cl\u00e1sica 4.6.2. Teor\u00eda del patrimonio de afectaci\u00f3n Derechos de la personalidad 5.1. Derecho a la vida y a la integridad corporal 5.2. Derecho a la protecci\u00f3n del honor y a la reputaci\u00f3n 5.3. Derecho al nombre 5.4. Derecho a la propia imagen Personas jur\u00eddicas 6.1. Reglamentaci\u00f3n 6.2. Generalidades 6.3. Definici\u00f3n 6.4. Naturaleza jur\u00eddica 6.5. Clasificaci\u00f3n de las personas jur\u00eddicas 6.5.1. Persona Jur\u00eddica de Derecho P\u00fablico 6.5.2. Personas Jur\u00eddicas Intermedias 6.5.3. Persona Jur\u00eddica de Derecho Privado a) Persona Jur\u00eddica de Derecho Privado\u00a0que persigue fines de lucro b) Persona Jur\u00eddica de Derecho Privado\u00a0que NO persigue fines de lucro 6.6. Constituci\u00f3n de las personas jur\u00eddicas 6.6.1. Los Estatutos (art. 548-2) 6.6.2. Fuerza obligatoria de los Estatutos, arts. 553 y 563 6.6.3. Miembros 6.6.4. \u00d3rganos 6.7. Responsabilidad 6.7.1. Responsabilidad civil 6.7.2. Responsabilidad penal 6.8. Atributos en la persona jur\u00eddica 6.8.1. Nombre 6.8.2. Domicilio 6.8.3. Nacionalidad 6.8.4. Capacidad 6.9. Extinci\u00f3n de la persona jur\u00eddica PARTE II TEOR\u00cdA GENERAL DE LOS ACTOS JUR\u00cdDICOS Concepto Definici\u00f3n y denominaci\u00f3n de acto jur\u00eddico (acto jur\u00eddico o negocio jur\u00eddico) &nbsp; Clasificaci\u00f3n de los actos jur\u00eddicos 3.1. Actos jur\u00eddicos unilaterales y actos jur\u00eddicos bilaterales 3.1.1. Actos unilaterales subjetivamente simples y actos unilaterales subjetivamente complejos 3.1.2. Actos jur\u00eddicos unilaterales recepticios y no recepticios 3.2. Actos entre vivos y por causa de muerte 3.3. Actos patrimoniales y actos de familia 3.4. Actos solemnes y no solemnes 3.4.1. Actos solemnes por determinaci\u00f3n de las partes 3.5. Actos a t\u00edtulo gratuito y actos a t\u00edtulo oneroso 3.6. Actos t\u00edpicos o nominados y at\u00edpicos o innominado 3.7. Actos puros y simples y actos sujetos a modalidad 3.8. Actos principales, actos accesorios y actos dependientes 3.9. Actos constitutivos, declarativos y traslaticios Elementos del acto jur\u00eddico 4.1. Elementos de la esencia 4.2. Elementos de la naturaleza 4.3. Elementos accidentales Requisitos o condiciones de existencia y validez 5.1. La voluntad 5.1.1. La manifestaci\u00f3n de voluntad es expresa 5.1.2. La manifestaci\u00f3n de voluntad es t\u00e1cita 5.1.3. El silencio como manifestaci\u00f3n de voluntad 5.1.4. Formaci\u00f3n del consentimiento 5.1.5. La aceptaci\u00f3n 5.1.6. Vicios de la voluntad 5.2. El objeto 5.2.1. Requisitos del objeto 5.2.2. El objeto il\u00edcito 5.3. La causa 5.3.1. Teor\u00eda cl\u00e1sica de la causa 5.3.2. Teor\u00eda anticausalista 5.3.3. Teor\u00eda neocausalista 5.3.4. Teor\u00eda de los m\u00f3viles o motivos psicol\u00f3gicos 5.3.5. Efectos de la falta de causa y de la ilicitud de la causa 5.3.6. Expresi\u00f3n de la causa y prueba de ella 5.3.7. Actos causados y actos abstractos 5.4. Las solemnidades 5.4.1. Las solemnidades 5.4.2. Las formalidades habilitantes 5.4.3. Las formalidades de prueba 5.4.4. Las medidas de publicidad 5.4.5. Actos solemnes y actos no solemnes Modalidades de los actos jur\u00eddicos 6.1. Caracter\u00edsticas 6.2. Actos jur\u00eddicos que pueden sujetarse a modalidades 6.3. La condici\u00f3n 6.3.1. Hecho futuro 6.3.2. Hecho incierto 6.4. El plazo 6.5. El modo La representaci\u00f3n 7.1. Naturaleza jur\u00eddica 7.1.1. Teor\u00eda de la ficci\u00f3n 7.1.2. Teor\u00eda del nuntius o mensajero 7.1.3. Teor\u00eda de la<\/p>\n","protected":false},"featured_media":4032,"comment_status":"open","ping_status":"closed","template":"","meta":{"inline_featured_image":false,"_joinchat":[]},"product_brand":[],"product_cat":[27,42],"product_tag":[],"class_list":{"0":"post-4002","1":"product","2":"type-product","3":"status-publish","4":"has-post-thumbnail","6":"product_cat-civil","7":"product_cat-thomson-reuters","8":"product_shipping_class-a-convenir","10":"first","11":"instock","12":"shipping-taxable","13":"purchasable","14":"product-type-simple"},"_links":{"self":[{"href":"https:\/\/bibliotecajuridicavirtual.cl\/index.php\/wp-json\/wp\/v2\/product\/4002","targetHints":{"allow":["GET"]}}],"collection":[{"href":"https:\/\/bibliotecajuridicavirtual.cl\/index.php\/wp-json\/wp\/v2\/product"}],"about":[{"href":"https:\/\/bibliotecajuridicavirtual.cl\/index.php\/wp-json\/wp\/v2\/types\/product"}],"replies":[{"embeddable":true,"href":"https:\/\/bibliotecajuridicavirtual.cl\/index.php\/wp-json\/wp\/v2\/comments?post=4002"}],"wp:featuredmedia":[{"embeddable":true,"href":"https:\/\/bibliotecajuridicavirtual.cl\/index.php\/wp-json\/wp\/v2\/media\/4032"}],"wp:attachment":[{"href":"https:\/\/bibliotecajuridicavirtual.cl\/index.php\/wp-json\/wp\/v2\/media?parent=4002"}],"wp:term":[{"taxonomy":"product_brand","embeddable":true,"href":"https:\/\/bibliotecajuridicavirtual.cl\/index.php\/wp-json\/wp\/v2\/product_brand?post=4002"},{"taxonomy":"product_cat","embeddable":true,"href":"https:\/\/bibliotecajuridicavirtual.cl\/index.php\/wp-json\/wp\/v2\/product_cat?post=4002"},{"taxonomy":"product_tag","embeddable":true,"href":"https:\/\/bibliotecajuridicavirtual.cl\/index.php\/wp-json\/wp\/v2\/product_tag?post=4002"}],"curies":[{"name":"wp","href":"https:\/\/api.w.org\/{rel}","templated":true}]}}