{"id":4003,"date":"2026-02-28T01:22:12","date_gmt":"2026-02-28T04:22:12","guid":{"rendered":"https:\/\/bibliotecajuridicavirtual.cl\/?post_type=product&#038;p=4003"},"modified":"2026-02-28T01:22:30","modified_gmt":"2026-02-28T04:22:30","slug":"derecho-administrativo-tomo-i-principios-fundamentos-y-organizacion-ano-2021-740-pag-autor-eduardo-soto-kloss","status":"publish","type":"product","link":"https:\/\/bibliotecajuridicavirtual.cl\/index.php\/product\/derecho-administrativo-tomo-i-principios-fundamentos-y-organizacion-ano-2021-740-pag-autor-eduardo-soto-kloss\/","title":{"rendered":"Derecho Administrativo. Tomo I. Principios, Fundamentos y Organizaci\u00f3n. A\u00f1o 2021\/ 740 P\u00e1g. Autor Eduardo Soto Kloss"},"content":{"rendered":"<p style=\"font-weight: 400;\">Esta obra, cuyo primer tomo se publica ahora y al que seguir\u00e1n, en breve, un segundo tomo, sobre el acto administrativo, y un tercero, sobre la responsabilidad del Estado, contiene las ense\u00f1anzas que por mas de cincuenta a\u00f1os ha venido impartiendo el profesor Soto Kloss, primero en la Facultad de Derecho de la Universidad de Chile (1971-1997) y luego en la Universidad Cat\u00f3lica de Chile (desde 1973 hasta ahora). Siempre actualizado y con una perspectiva sustancial (no meramente procedimental o positivista), estudia los \u201cfundamentos\u201d del derecho administrativo, anclados en la persona humana (fundamento, principio y fin de toda sociedad, de todo Estado, de todo derecho), y desde la perspectiva de considerarlo no como un derecho del Estado (como si fuera un derecho estatutario), sino como un derecho de las personas, para hacer posible la efectividad del ejercicio de sus derechos fundamentales frente al Estado o la Administraci\u00f3n, cuyos innumerables tent\u00e1culos pueden llegar \u2014no pocas veces\u2014 a hacer ilusorio tal ejercicio para el com\u00fan de los ciudadanos, sobre todo en \u00e9pocas de intervencionismo o estatismo, que devienen subrepticiamente totalitarios.<\/p>\n<p style=\"font-weight: 400;\">Comprende una perspectiva del derecho como lo justo \u2014es decir, lo debido a otro\u2014 y como un orden que abarca los \u00f3rdenes natural, sociopol\u00edtico y jur\u00eddico propiamente tal, y que se concreta a trav\u00e9s de principios que, al modo de axiom as (primeros principios de la raz\u00f3n, tanto especulativa como pr\u00e1ctica, demostrativos por s\u00ed mismos), permiten concretar en la pr\u00e1ctica la justicia en las relaciones ciudadanos- Estado, siempre bajo la tutela jurisdiccional efectiva de los tribunales de justicia, inamovibles, independientes e imparciales, sin los cuales no hay ni derecho, ni justicia ni paz en la comunidad pol\u00edtica.<\/p>\n<p style=\"font-weight: 400;\">De all\u00ed que la estructura de este tomo primero est\u00e9 articulada sobre los fundamentos y principios del derecho administrativo, teniendo como eje central la persona humana y luego la organizaci\u00f3n de la administraci\u00f3n del Estado, en su fundamento jur\u00eddico-constitucional, los principios que la vertebran y las personas jur\u00eddicas que la komponen.<\/p>\n<p style=\"font-weight: 400;\">Esta visi\u00f3n aparece particularmente \u00fatil para abogados en ejercicio profesional ante la Administraci\u00f3n y para jueces que deben decidir los litigios que enfrentan a ciudadanos con el Estado, as\u00ed como tambi\u00e9n para docentes del ramo, sin perjuicio de que puede otorgar a los alumnos de Derecho una seria formaci\u00f3n intelectual, dadas las perspectivas hist\u00f3ricas y filos\u00f3ficas que se plantean.<\/p>\n<ol>\n<li style=\"font-weight: 400;\">Algunas precisiones sobre la posici\u00f3n de los juristas frente al derecho. (Hacia un finalismo realista)\n<p>II. El derecho p\u00fablico \u00bfPor qu\u00e9 tan desconocido?<\/li>\n<\/ol>\n<p style=\"font-weight: 400;\">Anexo 1. Estatismo y desprecio de la persona humana<br \/>\nAnexo 2. Sobre el coloniaje e injertos extrajerizantes<\/p>\n<p style=\"font-weight: 400;\">III. La idea de derecho administrativo. Una visi\u00f3n sustancial y finalista (el derecho como lo justo)<\/p>\n<ol>\n<li style=\"font-weight: 400;\">Visi\u00f3n sustancial<br \/>\n1.1. Derecho<br \/>\n1.2. Administrativo<br \/>\n1.3. Derecho Administrativo<br \/>\n1.4. El Derecho Administrativo: Pinceladas Hist\u00f3ricas\/Existencia y Desarrollo<\/li>\n<li style=\"font-weight: 400;\">Visi\u00f3n finalista<\/li>\n<li style=\"font-weight: 400;\">Los fundamentos del Derecho Administrativo. Una visi\u00f3n iusnaturalista<\/li>\n<li style=\"font-weight: 400;\">Caracter\u00edsticas del Derecho Administrativo chileno<\/li>\n<li style=\"font-weight: 400;\">\u00bfQu\u00e9 es administrar? (Un t\u00f3pico para administrativistas)<\/li>\n<li style=\"font-weight: 400;\">Administrar es una actividad propiamente subordinada<\/li>\n<li style=\"font-weight: 400;\">Relaciones entre administraci\u00f3n y derecho<\/li>\n<\/ol>\n<p style=\"font-weight: 400;\">Anexo: Adversus Haereses<\/p>\n<p style=\"font-weight: 400;\">\n<b><strong>PRIMERA PARTE<\/strong><\/b><br \/>\n<b><strong>BASES FUNDAMENTALES DEL DERECHO ADMINISTRATIVO CHILENO (BASES DE LA INSTITUCIONALIDAD)<\/strong><\/b><\/p>\n<p style=\"font-weight: 400;\"><b><strong>CAP\u00cdTULO I<\/strong><\/b><br \/>\n<b><strong>EL ORDEN NATURAL, SOCIAL Y POL\u00cdTICO<\/strong><\/b><\/p>\n<ol>\n<li style=\"font-weight: 400;\">La idea de orden y de orden natural\n<p>1. Y \u00bfqu\u00e9 es el orden?<br \/>\n2. Y \u00bfa qu\u00e9 se refiere el \u201corden natural\u201d?<br \/>\n3. Elementos de la noci\u00f3n de orden<br \/>\n4. \u00bfCu\u00e1l es ese orden?<br \/>\n5. \u201cOrden natural\u201d, primer principio de la raz\u00f3n pr\u00e1ctica<\/li>\n<li style=\"font-weight: 400;\">Moral y derecho: una aproximaci\u00f3n a sus relaciones<\/li>\n<li style=\"font-weight: 400;\">Lo que nos dice la experiencia diaria de la vida<br \/>\n2. Lo que nos dice la experiencia com\u00fan y el conocimiento cient\u00edfico<br \/>\n3. Conclusi\u00f3n<\/li>\n<\/ol>\n<p style=\"font-weight: 400;\">Anexo 1. Sobre la naturaleza del hombre<br \/>\nAnexo 2. El hombre, ser racional<br \/>\nAnexo 3. El hombre, ser libre<br \/>\nAnexo 4. Sobre la conciencia del hombre<\/p>\n<p style=\"font-weight: 400;\">III. La persona humana<\/p>\n<ol>\n<li style=\"font-weight: 400;\">La noci\u00f3n de persona<br \/>\n2. Su inserci\u00f3n en el Derecho<br \/>\n3. La persona que est\u00e1 por nacer y su protecci\u00f3n en el Derecho chileno<br \/>\n4. La persona en la Constituci\u00f3n (con especial referencia a la que est\u00e1 por nacer)<\/li>\n<li style=\"font-weight: 400;\">La primac\u00eda de la persona humana, principio fundamental del derecho p\u00fablico chileno<\/li>\n<li style=\"font-weight: 400;\">La dignidad de la persona humana: noci\u00f3n. La visi\u00f3n veterotestamentaria<br \/>\n1.1. La dignidad del hombre<br \/>\n1.2. Los antecedentes veterotestamentarios de la dignidad del hombre<br \/>\n1.2.1. El respeto a la persona<br \/>\n1.2.2. El respeto por los bienes de la persona<br \/>\n1.2.3. El respeto por la verdad<br \/>\n1.3. Conclusi\u00f3n<\/li>\n<li style=\"font-weight: 400;\">El fundamento de la dignidad humana<\/li>\n<li style=\"font-weight: 400;\">La primac\u00eda de la persona humana en el derecho positivo<\/li>\n<li style=\"font-weight: 400;\">La primac\u00eda de la persona y la consecuencial servicialidad del Estado, se manifiesta en la pr\u00e1ctica societaria en la primac\u00eda de la iniciativa privada en las actividades humanas<\/li>\n<li style=\"font-weight: 400;\">\u00bfEn qu\u00e9 se manifiesta la primac\u00eda de la persona humana?<\/li>\n<\/ol>\n<p style=\"font-weight: 400;\">Anexo. La dignidad de la persona humana que est\u00e1 por nacer. Su protecci\u00f3n en la jurisprudencia judicial y contralora<\/p>\n<p style=\"font-weight: 400;\"><b><strong>CAP\u00cdTULO II<\/strong><\/b><br \/>\n<b><strong>LA FAMILIA, C\u00c9LULA FUNDAMENTAL DE LA SOCIEDAD HUMANA<\/strong><\/b><\/p>\n<ol>\n<li style=\"font-weight: 400;\">La familia: notas sobre su juridicidad<\/li>\n<li style=\"font-weight: 400;\">La noci\u00f3n de familia\n<p>2. Los derechos fundamentales de la familia<\/li>\n<li style=\"font-weight: 400;\">La familia en la Constituci\u00f3n Pol\u00edtica<br \/>\n3.1. La familia en la Constituci\u00f3n de 1980<br \/>\n3.2. \u00bfDe d\u00f3nde arranca esta formulaci\u00f3n que establece la Constituci\u00f3n respecto de la familia?<\/li>\n<li style=\"font-weight: 400;\">Conclusiones<\/li>\n<\/ol>\n<p style=\"font-weight: 400;\">Anexo I. La p\u00edldora asesina ante la Constituci\u00f3n<br \/>\nAnexo II: El llamado aborto terap\u00e9utico: un nuevo atentado contra la persona que est\u00e1 por nacer<\/p>\n<p style=\"font-weight: 400;\"><b><strong>CAP\u00cdTULO III<\/strong><\/b><br \/>\n<b><strong>LA CARACTER\u00cdSTICA SOCIAL DE LA PERSONA HUMANA Y SUS MANIFESTACIONES<\/strong><\/b><\/p>\n<p style=\"font-weight: 400;\">Introducci\u00f3n: en el pensamiento cl\u00e1sico y cristiano (la doctrina pontificia)<\/p>\n<ol>\n<li style=\"font-weight: 400;\">La autonom\u00eda de los grupos intermedios y en especial de las universidades privadas<\/li>\n<li style=\"font-weight: 400;\">La Constituci\u00f3n y los grupos intermedios: antecedentes en la Comisi\u00f3n de Estudio de la Nueva Constituci\u00f3n<br \/>\n2. Su reconocimiento, amparo y garant\u00eda constitucional: mecanismos que los hacen efectivos<br \/>\n3. El art\u00edculo 1\u00ba inciso 3\u00ba de la Constituci\u00f3n: sentido y alcance<br \/>\n4. La autonom\u00eda de los grupos intermedios: su contenido<br \/>\n5. La jurisprudencia de los Tribunales de la Rep\u00fablica<br \/>\n6. Conclusiones<\/li>\n<li style=\"font-weight: 400;\">El principio de subsidiariedad<\/li>\n<li style=\"font-weight: 400;\">Terminolog\u00eda\n<p>2. Fundamento<\/p>\n<p>3. En qu\u00e9 consiste<\/p>\n<p>4. Su concreci\u00f3n<\/p>\n<p>5. En la Constituci\u00f3n de 1980<br \/>\n5.1. En las actas de la Comisi\u00f3n Ort\u00fazar<br \/>\n5.2. El principio de subsidiariedad en el texto de la Constituci\u00f3n de 198<\/li>\n<\/ol>\n<p style=\"font-weight: 400;\">Anexo: El principio de subsidiariedad, principio fundamental del orden pol\u00edtico<\/p>\n<p style=\"font-weight: 400;\">III. La actividad econ\u00f3mica en la Constituci\u00f3n Pol\u00edtica de la Rep\u00fablica de Chile. (La primac\u00eda de la persona humana)<\/p>\n<ol>\n<li style=\"font-weight: 400;\">La servicialidad del Estado, base esencial de la institucionalidad<\/li>\n<li style=\"font-weight: 400;\">Introducci\u00f3n\n<p>2. La terminolog\u00eda empleada: \u201cservicialidad\u201d<\/p>\n<p>3. La naturaleza del concepto<br \/>\n3.1. Precisiones<br \/>\n3.2. Su g\u00e9nesis<br \/>\n3.3. Fundamentaci\u00f3n<br \/>\n3.4. Su concreci\u00f3n pr\u00e1ctica<br \/>\n3.4.1. Para el legislador<br \/>\n3.4.2. Para el administrador<\/li>\n<\/ol>\n<p style=\"font-weight: 400;\">Conclusiones<\/p>\n<p style=\"font-weight: 400;\">Anexo I. Apolog\u00eda de la servicialidad de la autoridad<br \/>\nAnexo II. La corrupci\u00f3n administrativa 1990-2010, un recuento<\/p>\n<p style=\"font-weight: 400;\"><b><strong>SEGUNDA PARTE<br \/>\nEL ORDEN JUR\u00cdDICO<\/strong><\/b><\/p>\n<p style=\"font-weight: 400;\"><b><strong>CAP\u00cdTULO I<br \/>\nLOS PRINCIPIOS FUNDAMENTALES DEL DERECHO ADMINISTRATIVO<\/strong><\/b><\/p>\n<p style=\"font-weight: 400;\"><b><strong>CAP\u00cdTULO II<br \/>\nLA SUPREMAC\u00cdA CONSTITUCIONAL<\/strong><\/b><\/p>\n<p style=\"font-weight: 400;\"><b><strong>CAP\u00cdTULO III<\/strong><\/b><br \/>\n<b><strong>EL PRINCIPIO DE JURIDICIDAD<\/strong><\/b><\/p>\n<p style=\"font-weight: 400;\">Introducci\u00f3n<\/p>\n<ol>\n<li style=\"font-weight: 400;\">Noci\u00f3n\n<p>1. Sujeci\u00f3n<br \/>\n2. Integral<br \/>\n3. A derecho<br \/>\n4. De los \u00f3rganos del Estado<\/li>\n<\/ol>\n<p style=\"font-weight: 400;\">Anexo 1. Suspensi\u00f3n, restricci\u00f3n. Nociones claves para la debida defensa de los derechos fundamentales<br \/>\nAnexo 2. La Ley N\u00ba 19.368, un ejemplo de ley inconstitucional, por violaci\u00f3n del procedimiento de su elaboraci\u00f3n<br \/>\nAnexo 3. La suspensi\u00f3n del ejercicio de potestades \u00bfes conforme con la Constituci\u00f3n?<\/p>\n<p style=\"font-weight: 400;\"><b><strong>CAP\u00cdTULO IV<\/strong><\/b><br \/>\n<b><strong>LA ORGANIZACI\u00d3N ADMINISTRATIVA DEL ESTADO EN CHILE<\/strong><\/b><\/p>\n<ol>\n<li style=\"font-weight: 400;\">La administraci\u00f3n del Estado<\/li>\n<li style=\"font-weight: 400;\">En la Constituci\u00f3n<br \/>\n2. En la Ley Org\u00e1nica Constitucional N\u00ba 18.575<br \/>\n3. En la Ley N\u00ba 10.336<br \/>\n4. Una visi\u00f3n propiamente jur\u00eddica<\/li>\n<li style=\"font-weight: 400;\">Los principios organizativos de la administraci\u00f3n del Estado<\/li>\n<li style=\"font-weight: 400;\">La Competencia<br \/>\nIntroducci\u00f3n<br \/>\n1.1. Noci\u00f3n<br \/>\n1.2. Caracter\u00edsticas<br \/>\n1.3. Modalidades<br \/>\n1.4. Materia y territorio<\/li>\n<li style=\"font-weight: 400;\">La Jerarqu\u00eda (Principio b\u00e1sico de la organizaci\u00f3n administrativa del Estado)<br \/>\nIntroducci\u00f3n<br \/>\n2.1. El t\u00e9rmino<br \/>\n2.2. Noci\u00f3n<br \/>\n2.3. Fuentes<br \/>\n2.4. Componentes<br \/>\n2.5. El poder jer\u00e1rquico<br \/>\n2.6. El deber de obediencia en la Administraci\u00f3n del Estado<br \/>\n2.6.1. El t\u00e9rmino \u201cobedecer\u201d<br \/>\n2.6.2. La terminolog\u00eda normativa<br \/>\n2.6.3. La fuente normativa<br \/>\n2.6.4. En qu\u00e9 consiste el deber de obediencia<br \/>\n2.6.5. \u00bfY si la orden comporta la comisi\u00f3n de un delito?<\/li>\n<li style=\"font-weight: 400;\">La centralizaci\u00f3n<br \/>\nIntroducci\u00f3n: noci\u00f3n y atenuaciones<br \/>\n3.1. La delegaci\u00f3n en el derecho administrativo chileno (Nociones fundamentales)<br \/>\n3.1.1. Noci\u00f3n<br \/>\n3.1.2. Origen de la delegaci\u00f3n<br \/>\n3.1.3. Fundamentos<br \/>\n3.1.4. Contenido<br \/>\n3.1.5. Forma de delegar<br \/>\n3.1.6. Caracter\u00edsticas<br \/>\n3.1.7. Control y responsabilidad en la delegaci\u00f3n<br \/>\n3.1.8. Delegata potestas delegari non potest<br \/>\n3.1.9. La delegaci\u00f3n de firma<br \/>\n3.2. La desconcentraci\u00f3n en el derecho administrativo chileno<br \/>\nIntroducci\u00f3n<br \/>\n3.2.1. Noci\u00f3n<br \/>\n3.2.2. \u00c1mbito de aplicaci\u00f3n<br \/>\n3.2.3. Fundamentos<br \/>\n3.2.4. Origen<br \/>\n3.2.5. Contenido<br \/>\n3.2.6. Formas<br \/>\n3.2.7. Control<br \/>\n3.2.8. Responsabilidad<br \/>\n3.2.9. Extinci\u00f3n<br \/>\n3.3. La descentralizaci\u00f3n<br \/>\nIntroducci\u00f3n<br \/>\n3.3.1. Noci\u00f3n<br \/>\n3.3.2. Origen<br \/>\n3.3.3. Duraci\u00f3n<br \/>\n3.3.4. \u00c1mbito de procedencia<br \/>\n3.3.5. Lo que significa \u201cpersonificar\u201d<br \/>\n3.3.6. Tipos de descentralizaci\u00f3n<br \/>\n3.3.7. Control sobre los organismos descentralizados<br \/>\n3.3.8. Responsabilidad de los organismos descentralizados<br \/>\n3.3.9. Representaci\u00f3n<br \/>\n3.3.10. Extinci\u00f3n<\/li>\n<\/ol>\n<p style=\"font-weight: 400;\">III. Las personas jur\u00eddicas administrativas del Estado<\/p>\n<ol>\n<li style=\"font-weight: 400;\">Fisco<br \/>\n2. Municipalidades<br \/>\n3. Instituciones<br \/>\n4. Empresas del Estado<br \/>\n5. Gobiernos Regionales<\/p>\n<p>Anexo. Las Sociedades del Estado: Listado de organismos de la Administraci\u00f3n del Estado (ministerios, servicios dependientes y personificados)<\/li>\n<li style=\"font-weight: 400;\">Las llamadas sociedades del Estado<\/li>\n<li style=\"font-weight: 400;\">Cuando se habla de \u201csociedades del Estado\u201d \u00bfde qu\u00e9 se habla en Chile?<br \/>\n2. Precisiones terminol\u00f3gicas<br \/>\n3. Un tipo heterog\u00e9neo<br \/>\n4. Lo que caracteriza a las llamadas \u201csociedades del Estado\u201d<br \/>\n5. Conclusiones<\/li>\n<\/ol>\n<p style=\"font-weight: 400;\">Anexo. Sociedades an\u00f3nimas del Estado<\/p>\n","protected":false},"excerpt":{"rendered":"<p>Esta obra, cuyo primer tomo se publica ahora y al que seguir\u00e1n, en breve, un segundo tomo, sobre el acto administrativo, y un tercero, sobre la responsabilidad del Estado, contiene las ense\u00f1anzas que por mas de cincuenta a\u00f1os ha venido impartiendo el profesor Soto Kloss, primero en la Facultad de Derecho de la Universidad de Chile (1971-1997) y luego en la Universidad Cat\u00f3lica de Chile (desde 1973 hasta ahora). Siempre actualizado y con una perspectiva sustancial (no meramente procedimental o positivista), estudia los \u201cfundamentos\u201d del derecho administrativo, anclados en la persona humana (fundamento, principio y fin de toda sociedad, de todo Estado, de todo derecho), y desde la perspectiva de considerarlo no como un derecho del Estado (como si fuera un derecho estatutario), sino como un derecho de las personas, para hacer posible la efectividad del ejercicio de sus derechos fundamentales frente al Estado o la Administraci\u00f3n, cuyos innumerables tent\u00e1culos pueden llegar \u2014no pocas veces\u2014 a hacer ilusorio tal ejercicio para el com\u00fan de los ciudadanos, sobre todo en \u00e9pocas de intervencionismo o estatismo, que devienen subrepticiamente totalitarios. Comprende una perspectiva del derecho como lo justo \u2014es decir, lo debido a otro\u2014 y como un orden que abarca los \u00f3rdenes natural, sociopol\u00edtico y jur\u00eddico propiamente tal, y que se concreta a trav\u00e9s de principios que, al modo de axiom as (primeros principios de la raz\u00f3n, tanto especulativa como pr\u00e1ctica, demostrativos por s\u00ed mismos), permiten concretar en la pr\u00e1ctica la justicia en las relaciones ciudadanos- Estado, siempre bajo la tutela jurisdiccional efectiva de los tribunales de justicia, inamovibles, independientes e imparciales, sin los cuales no hay ni derecho, ni justicia ni paz en la comunidad pol\u00edtica. De all\u00ed que la estructura de este tomo primero est\u00e9 articulada sobre los fundamentos y principios del derecho administrativo, teniendo como eje central la persona humana y luego la organizaci\u00f3n de la administraci\u00f3n del Estado, en su fundamento jur\u00eddico-constitucional, los principios que la vertebran y las personas jur\u00eddicas que la komponen. Esta visi\u00f3n aparece particularmente \u00fatil para abogados en ejercicio profesional ante la Administraci\u00f3n y para jueces que deben decidir los litigios que enfrentan a ciudadanos con el Estado, as\u00ed como tambi\u00e9n para docentes del ramo, sin perjuicio de que puede otorgar a los alumnos de Derecho una seria formaci\u00f3n intelectual, dadas las perspectivas hist\u00f3ricas y filos\u00f3ficas que se plantean. Algunas precisiones sobre la posici\u00f3n de los juristas frente al derecho. (Hacia un finalismo realista) II. El derecho p\u00fablico \u00bfPor qu\u00e9 tan desconocido? Anexo 1. Estatismo y desprecio de la persona humana Anexo 2. Sobre el coloniaje e injertos extrajerizantes III. La idea de derecho administrativo. Una visi\u00f3n sustancial y finalista (el derecho como lo justo) Visi\u00f3n sustancial 1.1. Derecho 1.2. Administrativo 1.3. Derecho Administrativo 1.4. El Derecho Administrativo: Pinceladas Hist\u00f3ricas\/Existencia y Desarrollo Visi\u00f3n finalista Los fundamentos del Derecho Administrativo. Una visi\u00f3n iusnaturalista Caracter\u00edsticas del Derecho Administrativo chileno \u00bfQu\u00e9 es administrar? (Un t\u00f3pico para administrativistas) Administrar es una actividad propiamente subordinada Relaciones entre administraci\u00f3n y derecho Anexo: Adversus Haereses PRIMERA PARTE BASES FUNDAMENTALES DEL DERECHO ADMINISTRATIVO CHILENO (BASES DE LA INSTITUCIONALIDAD) CAP\u00cdTULO I EL ORDEN NATURAL, SOCIAL Y POL\u00cdTICO La idea de orden y de orden natural 1. Y \u00bfqu\u00e9 es el orden? 2. Y \u00bfa qu\u00e9 se refiere el \u201corden natural\u201d? 3. Elementos de la noci\u00f3n de orden 4. \u00bfCu\u00e1l es ese orden? 5. \u201cOrden natural\u201d, primer principio de la raz\u00f3n pr\u00e1ctica Moral y derecho: una aproximaci\u00f3n a sus relaciones Lo que nos dice la experiencia diaria de la vida 2. Lo que nos dice la experiencia com\u00fan y el conocimiento cient\u00edfico 3. Conclusi\u00f3n Anexo 1. Sobre la naturaleza del hombre Anexo 2. El hombre, ser racional Anexo 3. El hombre, ser libre Anexo 4. Sobre la conciencia del hombre III. La persona humana La noci\u00f3n de persona 2. Su inserci\u00f3n en el Derecho 3. La persona que est\u00e1 por nacer y su protecci\u00f3n en el Derecho chileno 4. La persona en la Constituci\u00f3n (con especial referencia a la que est\u00e1 por nacer) La primac\u00eda de la persona humana, principio fundamental del derecho p\u00fablico chileno La dignidad de la persona humana: noci\u00f3n. La visi\u00f3n veterotestamentaria 1.1. La dignidad del hombre 1.2. Los antecedentes veterotestamentarios de la dignidad del hombre 1.2.1. El respeto a la persona 1.2.2. El respeto por los bienes de la persona 1.2.3. El respeto por la verdad 1.3. Conclusi\u00f3n El fundamento de la dignidad humana La primac\u00eda de la persona humana en el derecho positivo La primac\u00eda de la persona y la consecuencial servicialidad del Estado, se manifiesta en la pr\u00e1ctica societaria en la primac\u00eda de la iniciativa privada en las actividades humanas \u00bfEn qu\u00e9 se manifiesta la primac\u00eda de la persona humana? Anexo. La dignidad de la persona humana que est\u00e1 por nacer. Su protecci\u00f3n en la jurisprudencia judicial y contralora CAP\u00cdTULO II LA FAMILIA, C\u00c9LULA FUNDAMENTAL DE LA SOCIEDAD HUMANA La familia: notas sobre su juridicidad La noci\u00f3n de familia 2. Los derechos fundamentales de la familia La familia en la Constituci\u00f3n Pol\u00edtica 3.1. La familia en la Constituci\u00f3n de 1980 3.2. \u00bfDe d\u00f3nde arranca esta formulaci\u00f3n que establece la Constituci\u00f3n respecto de la familia? Conclusiones Anexo I. La p\u00edldora asesina ante la Constituci\u00f3n Anexo II: El llamado aborto terap\u00e9utico: un nuevo atentado contra la persona que est\u00e1 por nacer CAP\u00cdTULO III LA CARACTER\u00cdSTICA SOCIAL DE LA PERSONA HUMANA Y SUS MANIFESTACIONES Introducci\u00f3n: en el pensamiento cl\u00e1sico y cristiano (la doctrina pontificia) La autonom\u00eda de los grupos intermedios y en especial de las universidades privadas La Constituci\u00f3n y los grupos intermedios: antecedentes en la Comisi\u00f3n de Estudio de la Nueva Constituci\u00f3n 2. Su reconocimiento, amparo y garant\u00eda constitucional: mecanismos que los hacen efectivos 3. El art\u00edculo 1\u00ba inciso 3\u00ba de la Constituci\u00f3n: sentido y alcance 4. La autonom\u00eda de los grupos intermedios: su contenido 5. La jurisprudencia de los Tribunales de la Rep\u00fablica 6. Conclusiones El principio de subsidiariedad Terminolog\u00eda 2. Fundamento 3. En qu\u00e9 consiste 4. Su concreci\u00f3n 5. En la Constituci\u00f3n de 1980 5.1. En las actas de la Comisi\u00f3n Ort\u00fazar 5.2. El principio de subsidiariedad<\/p>\n","protected":false},"featured_media":4033,"comment_status":"open","ping_status":"closed","template":"","meta":{"inline_featured_image":false,"_joinchat":[]},"product_brand":[],"product_cat":[45,42],"product_tag":[],"class_list":{"0":"post-4003","1":"product","2":"type-product","3":"status-publish","4":"has-post-thumbnail","6":"product_cat-administrativo","7":"product_cat-thomson-reuters","8":"product_shipping_class-a-convenir","10":"first","11":"instock","12":"shipping-taxable","13":"purchasable","14":"product-type-simple"},"_links":{"self":[{"href":"https:\/\/bibliotecajuridicavirtual.cl\/index.php\/wp-json\/wp\/v2\/product\/4003","targetHints":{"allow":["GET"]}}],"collection":[{"href":"https:\/\/bibliotecajuridicavirtual.cl\/index.php\/wp-json\/wp\/v2\/product"}],"about":[{"href":"https:\/\/bibliotecajuridicavirtual.cl\/index.php\/wp-json\/wp\/v2\/types\/product"}],"replies":[{"embeddable":true,"href":"https:\/\/bibliotecajuridicavirtual.cl\/index.php\/wp-json\/wp\/v2\/comments?post=4003"}],"wp:featuredmedia":[{"embeddable":true,"href":"https:\/\/bibliotecajuridicavirtual.cl\/index.php\/wp-json\/wp\/v2\/media\/4033"}],"wp:attachment":[{"href":"https:\/\/bibliotecajuridicavirtual.cl\/index.php\/wp-json\/wp\/v2\/media?parent=4003"}],"wp:term":[{"taxonomy":"product_brand","embeddable":true,"href":"https:\/\/bibliotecajuridicavirtual.cl\/index.php\/wp-json\/wp\/v2\/product_brand?post=4003"},{"taxonomy":"product_cat","embeddable":true,"href":"https:\/\/bibliotecajuridicavirtual.cl\/index.php\/wp-json\/wp\/v2\/product_cat?post=4003"},{"taxonomy":"product_tag","embeddable":true,"href":"https:\/\/bibliotecajuridicavirtual.cl\/index.php\/wp-json\/wp\/v2\/product_tag?post=4003"}],"curies":[{"name":"wp","href":"https:\/\/api.w.org\/{rel}","templated":true}]}}