{"id":4006,"date":"2026-02-28T01:22:12","date_gmt":"2026-02-28T04:22:12","guid":{"rendered":"https:\/\/bibliotecajuridicavirtual.cl\/?post_type=product&#038;p=4006"},"modified":"2026-02-28T01:22:33","modified_gmt":"2026-02-28T04:22:33","slug":"buena-fe-y-responsabilidad-subjetiva-en-el-derecho-tributario-chileno-ano-2022-284-pag-autor-rafael-martinez-cohen","status":"publish","type":"product","link":"https:\/\/bibliotecajuridicavirtual.cl\/index.php\/product\/buena-fe-y-responsabilidad-subjetiva-en-el-derecho-tributario-chileno-ano-2022-284-pag-autor-rafael-martinez-cohen\/","title":{"rendered":"Buena Fe y Responsabilidad Subjetiva en el Derecho Tributario Chileno. A\u00f1o 2022\/ 284 P\u00e1g. Autor Rafael Mart\u00ednez Cohen"},"content":{"rendered":"<p style=\"font-weight: 400;\">La ley 20.780 (09\/2014) introduce nuevas normas anti-elusi\u00f3n, adoptando la Realidad Econ\u00f3mica, por la cual los hechos imponibles son calificados seg\u00fan el fondo del negocio jur\u00eddico y la intenci\u00f3n de los contratantes. El objetivo de este trabajo era investigar el concepto de buena o mala fe del contribuyente y sus efectos en las figuras antielusivas, pero se extendi\u00f3 a averiguar si las nuevas normas son excepciones o un principio general del Derecho Tributario; si la responsabilidad puede morigerarse por haber incurrido en alguna causal de justificaci\u00f3n o de exenci\u00f3n de responsabilidad, y qu\u00e9 sucede cuando el hecho gravado que se le imputa no est\u00e1 comprendido dentro de su esfera de control debido a un caso fortuito o fuerza mayor en materia tributaria, a todo lo cual se dirige el presente trabajo.<\/p>\n<ol>\n<li style=\"font-weight: 400;\"><b><strong> La buena fe del contribuyente. El nuevo principio<\/strong><\/b>\n<p><b><strong>II. Sobre el concepto de la buena fe<\/strong><\/b><\/p>\n<p><b><strong>III. Tipos de buena fe<\/strong><\/b><\/p>\n<p>1. La buena fe subjetiva<br \/>\n2. La buena fe objetiva<br \/>\n3. Teor\u00eda de la unidad de la buena fe<\/li>\n<li style=\"font-weight: 400;\"><b><strong> \u00bfSe define la buena fe en nuestro C\u00f3digo Tributario?<\/strong><\/b><\/li>\n<li style=\"font-weight: 400;\"><b><strong> \u00bfEs la protecci\u00f3n de la buena fe un principio general del derecho tributario?<\/strong><\/b><\/li>\n<li style=\"font-weight: 400;\">La relevancia del problema<br \/>\n2. \u00bfC\u00f3mo se reconocen los principios generales del Derecho?<br \/>\n3. Nuestra opini\u00f3n<br \/>\n4. \u00bfCu\u00e1l ser\u00e1 el alcance preciso del principio?<\/li>\n<li style=\"font-weight: 400;\"><b><strong> Buena fe objetiva en materia tributaria. La interpretaci\u00f3n administrativa de las leyes tributarias<\/strong><\/b><\/li>\n<li style=\"font-weight: 400;\">La confianza leg\u00edtima<br \/>\n2. La buena fe en la interpretaci\u00f3n administrativa de las leyes tributarias. El principio general<br \/>\n3. La certeza jur\u00eddica<\/li>\n<\/ol>\n<p style=\"font-weight: 400;\"><b><strong>VII. \u00bfMala fe objetiva en materia tributaria? No hay buena fe si existe elusi\u00f3n<\/strong><\/b><\/p>\n<ol>\n<li style=\"font-weight: 400;\">Sobre el concepto de elusi\u00f3n\n<p>2. Normas antielusi\u00f3n. Concepto unitario de la elusi\u00f3n<br \/>\na. Facultad de tasar el precio de venta o el valor de la operaci\u00f3n<br \/>\nb. Facultad de verificar la efectividad de las condiciones fijadas en un contrato<\/li>\n<li style=\"font-weight: 400;\">Casos en que la elusi\u00f3n es siempre l\u00edcita<\/li>\n<li style=\"font-weight: 400;\">Sobre el abuso de las formas (o el abuso de un derecho)<\/li>\n<li style=\"font-weight: 400;\">Sobre el fraude a la ley y el abuso de un derecho<\/li>\n<li style=\"font-weight: 400;\">Sobre la simulaci\u00f3n<\/li>\n<li style=\"font-weight: 400;\">El elemento subjetivo en los actos de elusi\u00f3n<\/li>\n<li style=\"font-weight: 400;\">Sobre la prueba de la elusi\u00f3n<br \/>\na. La prueba de la buena fe subjetiva<br \/>\nb. La prueba de la buena fe objetiva<br \/>\nc. Nuestra posici\u00f3n<br \/>\nd. La prueba de los meros hechos jur\u00eddicos y la elusi\u00f3n<\/li>\n<\/ol>\n<p style=\"font-weight: 400;\"><b><strong>VIII. La presunci\u00f3n de buena fe<\/strong><\/b><\/p>\n<ol>\n<li style=\"font-weight: 400;\"><b><strong> Qu\u00e9 debe probarse por parte del SII: la mala fe<\/strong><\/b><\/li>\n<li style=\"font-weight: 400;\">El dolo\n<p>2. La prueba del dolo<\/p>\n<p>3. La culpa<\/p>\n<p>4. \u00bfDe qu\u00e9 tipo de culpa responde el contribuyente?<br \/>\na. La culpa grave<br \/>\nb. La culpa leve y la lev\u00edsima<\/li>\n<li style=\"font-weight: 400;\">La prueba de la culpa<\/li>\n<li style=\"font-weight: 400;\">La prueba de la debida diligencia<\/li>\n<li style=\"font-weight: 400;\"><b><strong> El error de hecho<\/strong><\/b><\/li>\n<li style=\"font-weight: 400;\"><b><strong> El error de derecho<\/strong><\/b><\/li>\n<\/ol>\n<p style=\"font-weight: 400;\"><b><strong>XII. \u00bfC\u00f3mo se prueba la mala fe?<\/strong><\/b><\/p>\n<p style=\"font-weight: 400;\"><b><strong>XIII. El caso fortuito o fuerza mayor<\/strong><\/b><\/p>\n<ol>\n<li style=\"font-weight: 400;\">Concepto de caso fortuito o fuerza mayor<\/li>\n<li style=\"font-weight: 400;\">Caso fortuito y nacimiento del hecho jur\u00eddico tributario<\/li>\n<li style=\"font-weight: 400;\">Caso fortuito o fuerza mayor y cobranza de los impuestos en mora<\/li>\n<li style=\"font-weight: 400;\">Disposiciones legales que dan cuenta de la aplicaci\u00f3n de la instituci\u00f3n del caso fortuito o fuerza mayor en la legislaci\u00f3n tributaria<br \/>\na. Caso fortuito o fuerza mayor que impide una adecuada fiscalizaci\u00f3n del contribuyente<br \/>\nb. Caso fortuito o fuerza mayor como causal de no sujeci\u00f3n al hecho gravado del impuesto<br \/>\nc. Improcedencia del cobro de intereses en situaciones de caso fortuito o fuerza mayor<br \/>\nd. El Derecho al debido proceso y el caso fortuito o fuerza mayor<br \/>\ne. Exclusi\u00f3n de los casos de caso fortuito o fuerza mayor<\/li>\n<\/ol>\n<p style=\"font-weight: 400;\"><b><strong>XIV. Efectos de la buena fe<\/strong><\/b><\/p>\n<ol>\n<li style=\"font-weight: 400;\"><b><strong> Posible antinomia entre el art\u00edculo 21 del C\u00f3digo Tributario y la presunci\u00f3n de buena fe<\/strong><\/b><\/li>\n<li style=\"font-weight: 400;\">Posici\u00f3n de la Corte Suprema<br \/>\n2. Nuestra opini\u00f3n<br \/>\n3. Posici\u00f3n del Servicio de Impuestos Internos<br \/>\n4. La situaci\u00f3n actual<\/li>\n<\/ol>\n<p style=\"font-weight: 400;\"><b><strong>XVI. \u00bfResponsabilidad objetiva o subjetiva en las infracciones tributarias administrativas?<\/strong><\/b><\/p>\n<p>1. Sobre la responsabilidad subjetiva en materia de infracciones tributarias administrativas<br \/>\n2. Sobre la responsabilidad objetiva en materia de infracciones tributarias administrativas<br \/>\n3. Jurisprudencia sobre la responsabilidad subjetiva u objetiva en materia de infracciones tributarias administrativas<\/p>\n<p style=\"font-weight: 400;\"><b><strong>XVII. Presunci\u00f3n de buena fe y delitos tributarios<\/strong><\/b><\/p>\n<ol>\n<li style=\"font-weight: 400;\">Cuesti\u00f3n previa sobre el dolo, la culpa o negligencia en materia de infracciones o delitos tributarios<\/li>\n<li style=\"font-weight: 400;\">Sobre el concepto de malicia<\/li>\n<li style=\"font-weight: 400;\">Sobre la ignorancia de la Ley y el error de derecho<br \/>\na. El problema en general<br \/>\nb. El problema en los delitos tributarios<\/li>\n<\/ol>\n<p style=\"font-weight: 400;\"><b><strong>XVIII. La malicia como causal de determinaci\u00f3n del plazo de prescripci\u00f3n<\/strong><\/b><\/p>\n<ol>\n<li style=\"font-weight: 400;\">La jurisprudencia al respecto<br \/>\n2. La opini\u00f3n del Servicio de Impuestos Internos<br \/>\n3. Nuestra opini\u00f3n<\/li>\n<\/ol>\n","protected":false},"excerpt":{"rendered":"<p>La ley 20.780 (09\/2014) introduce nuevas normas anti-elusi\u00f3n, adoptando la Realidad Econ\u00f3mica, por la cual los hechos imponibles son calificados seg\u00fan el fondo del negocio jur\u00eddico y la intenci\u00f3n de los contratantes. El objetivo de este trabajo era investigar el concepto de buena o mala fe del contribuyente y sus efectos en las figuras antielusivas, pero se extendi\u00f3 a averiguar si las nuevas normas son excepciones o un principio general del Derecho Tributario; si la responsabilidad puede morigerarse por haber incurrido en alguna causal de justificaci\u00f3n o de exenci\u00f3n de responsabilidad, y qu\u00e9 sucede cuando el hecho gravado que se le imputa no est\u00e1 comprendido dentro de su esfera de control debido a un caso fortuito o fuerza mayor en materia tributaria, a todo lo cual se dirige el presente trabajo. La buena fe del contribuyente. El nuevo principio II. Sobre el concepto de la buena fe III. Tipos de buena fe 1. La buena fe subjetiva 2. La buena fe objetiva 3. Teor\u00eda de la unidad de la buena fe \u00bfSe define la buena fe en nuestro C\u00f3digo Tributario? \u00bfEs la protecci\u00f3n de la buena fe un principio general del derecho tributario? La relevancia del problema 2. \u00bfC\u00f3mo se reconocen los principios generales del Derecho? 3. Nuestra opini\u00f3n 4. \u00bfCu\u00e1l ser\u00e1 el alcance preciso del principio? Buena fe objetiva en materia tributaria. La interpretaci\u00f3n administrativa de las leyes tributarias La confianza leg\u00edtima 2. La buena fe en la interpretaci\u00f3n administrativa de las leyes tributarias. El principio general 3. La certeza jur\u00eddica VII. \u00bfMala fe objetiva en materia tributaria? No hay buena fe si existe elusi\u00f3n Sobre el concepto de elusi\u00f3n 2. Normas antielusi\u00f3n. Concepto unitario de la elusi\u00f3n a. Facultad de tasar el precio de venta o el valor de la operaci\u00f3n b. Facultad de verificar la efectividad de las condiciones fijadas en un contrato Casos en que la elusi\u00f3n es siempre l\u00edcita Sobre el abuso de las formas (o el abuso de un derecho) Sobre el fraude a la ley y el abuso de un derecho Sobre la simulaci\u00f3n El elemento subjetivo en los actos de elusi\u00f3n Sobre la prueba de la elusi\u00f3n a. La prueba de la buena fe subjetiva b. La prueba de la buena fe objetiva c. Nuestra posici\u00f3n d. La prueba de los meros hechos jur\u00eddicos y la elusi\u00f3n VIII. La presunci\u00f3n de buena fe Qu\u00e9 debe probarse por parte del SII: la mala fe El dolo 2. La prueba del dolo 3. La culpa 4. \u00bfDe qu\u00e9 tipo de culpa responde el contribuyente? a. La culpa grave b. La culpa leve y la lev\u00edsima La prueba de la culpa La prueba de la debida diligencia El error de hecho El error de derecho XII. \u00bfC\u00f3mo se prueba la mala fe? XIII. El caso fortuito o fuerza mayor Concepto de caso fortuito o fuerza mayor Caso fortuito y nacimiento del hecho jur\u00eddico tributario Caso fortuito o fuerza mayor y cobranza de los impuestos en mora Disposiciones legales que dan cuenta de la aplicaci\u00f3n de la instituci\u00f3n del caso fortuito o fuerza mayor en la legislaci\u00f3n tributaria a. Caso fortuito o fuerza mayor que impide una adecuada fiscalizaci\u00f3n del contribuyente b. Caso fortuito o fuerza mayor como causal de no sujeci\u00f3n al hecho gravado del impuesto c. Improcedencia del cobro de intereses en situaciones de caso fortuito o fuerza mayor d. El Derecho al debido proceso y el caso fortuito o fuerza mayor e. Exclusi\u00f3n de los casos de caso fortuito o fuerza mayor XIV. Efectos de la buena fe Posible antinomia entre el art\u00edculo 21 del C\u00f3digo Tributario y la presunci\u00f3n de buena fe Posici\u00f3n de la Corte Suprema 2. Nuestra opini\u00f3n 3. Posici\u00f3n del Servicio de Impuestos Internos 4. La situaci\u00f3n actual XVI. \u00bfResponsabilidad objetiva o subjetiva en las infracciones tributarias administrativas? 1. Sobre la responsabilidad subjetiva en materia de infracciones tributarias administrativas 2. Sobre la responsabilidad objetiva en materia de infracciones tributarias administrativas 3. Jurisprudencia sobre la responsabilidad subjetiva u objetiva en materia de infracciones tributarias administrativas XVII. Presunci\u00f3n de buena fe y delitos tributarios Cuesti\u00f3n previa sobre el dolo, la culpa o negligencia en materia de infracciones o delitos tributarios Sobre el concepto de malicia Sobre la ignorancia de la Ley y el error de derecho a. El problema en general b. El problema en los delitos tributarios XVIII. La malicia como causal de determinaci\u00f3n del plazo de prescripci\u00f3n La jurisprudencia al respecto 2. La opini\u00f3n del Servicio de Impuestos Internos 3. Nuestra opini\u00f3n<\/p>\n","protected":false},"featured_media":4036,"comment_status":"open","ping_status":"closed","template":"","meta":{"inline_featured_image":false,"_joinchat":[]},"product_brand":[],"product_cat":[42,28],"product_tag":[],"class_list":{"0":"post-4006","1":"product","2":"type-product","3":"status-publish","4":"has-post-thumbnail","6":"product_cat-thomson-reuters","7":"product_cat-tributario","8":"product_shipping_class-a-convenir","10":"first","11":"instock","12":"shipping-taxable","13":"purchasable","14":"product-type-simple"},"_links":{"self":[{"href":"https:\/\/bibliotecajuridicavirtual.cl\/index.php\/wp-json\/wp\/v2\/product\/4006","targetHints":{"allow":["GET"]}}],"collection":[{"href":"https:\/\/bibliotecajuridicavirtual.cl\/index.php\/wp-json\/wp\/v2\/product"}],"about":[{"href":"https:\/\/bibliotecajuridicavirtual.cl\/index.php\/wp-json\/wp\/v2\/types\/product"}],"replies":[{"embeddable":true,"href":"https:\/\/bibliotecajuridicavirtual.cl\/index.php\/wp-json\/wp\/v2\/comments?post=4006"}],"wp:featuredmedia":[{"embeddable":true,"href":"https:\/\/bibliotecajuridicavirtual.cl\/index.php\/wp-json\/wp\/v2\/media\/4036"}],"wp:attachment":[{"href":"https:\/\/bibliotecajuridicavirtual.cl\/index.php\/wp-json\/wp\/v2\/media?parent=4006"}],"wp:term":[{"taxonomy":"product_brand","embeddable":true,"href":"https:\/\/bibliotecajuridicavirtual.cl\/index.php\/wp-json\/wp\/v2\/product_brand?post=4006"},{"taxonomy":"product_cat","embeddable":true,"href":"https:\/\/bibliotecajuridicavirtual.cl\/index.php\/wp-json\/wp\/v2\/product_cat?post=4006"},{"taxonomy":"product_tag","embeddable":true,"href":"https:\/\/bibliotecajuridicavirtual.cl\/index.php\/wp-json\/wp\/v2\/product_tag?post=4006"}],"curies":[{"name":"wp","href":"https:\/\/api.w.org\/{rel}","templated":true}]}}