{"id":4008,"date":"2026-02-28T01:22:13","date_gmt":"2026-02-28T04:22:13","guid":{"rendered":"https:\/\/bibliotecajuridicavirtual.cl\/?post_type=product&#038;p=4008"},"modified":"2026-02-28T01:22:37","modified_gmt":"2026-02-28T04:22:37","slug":"derecho-de-compras-publicas-ano-2022-604-pag-autor-gabriel-celis-danzinger","status":"publish","type":"product","link":"https:\/\/bibliotecajuridicavirtual.cl\/index.php\/product\/derecho-de-compras-publicas-ano-2022-604-pag-autor-gabriel-celis-danzinger\/","title":{"rendered":"Derecho de Compras P\u00fablicas. A\u00f1o 2022 \/ 604 P\u00e1g. Autor Gabriel Celis Danzinger"},"content":{"rendered":"<p style=\"font-weight: 400;\">El presente texto tiene por objeto una versi\u00f3n sistem\u00e1tica y actualizada sobre el denominado Derecho de Compras P\u00fablicas, referido particularmente a la categor\u00eda de los contratos administrativos de suministro y prestaci\u00f3n de servicios, con especial \u00e9nfasis en el r\u00e9gimen de la Ley N\u00ba 19.886 y su Reglamento, sin excluir, la revisi\u00f3n de otros sistemas normativos de adquisiciones y servicios especiales para la Administraci\u00f3n del Estado.<\/p>\n<p>El trabajo, privilegia un enfoque pragm\u00e1tico, profesional y forense, de manera que, el prisma de estudio se centra en una sistematizaci\u00f3n de la normativa legal y reglamentaria sobre compras p\u00fablicas, adoptando un enfoque operativo, a la luz de los criterios adoptados por la jurisprudencia judicial, constitucional y administrativa, por lo que sus principales destinatarios naturales son abogados y profesionales que participan en este tipo de contrataciones o brindan asesor\u00eda, dentro o fuera de la Administraci\u00f3n P\u00fablica.<\/p>\n<p>Finalmente, cabe destacar que, a diferencia de otros trabajos anteriores, en esta oportunidad, el autor ha incursionado en la fase contractual o de ejecuci\u00f3n del contrato de suministro y\/o servicios, con especial hincapi\u00e9, en el r\u00e9gimen sancionatorio y de aplicaci\u00f3n de multas.<\/p>\n<p style=\"font-weight: 400;\"><b><strong>CAP\u00cdTULO I<\/strong><\/b><br \/>\n<b><strong>LOS CONTRATOS DE SUMINISTRO Y DE SERVICIOS Y EL R\u00c9GIMEN GENERAL DE COMPRAS P\u00daBLICAS<\/strong><\/b><\/p>\n<p style=\"font-weight: 400;\"><b><strong>SECCI\u00d3N I<\/strong><\/b><br \/>\n<b><strong>GENERALIDADES<\/strong><\/b><\/p>\n<ol>\n<li style=\"font-weight: 400;\">EL CONTRATO DE SUMINISTRO Y EL DE PRESTACI\u00d3N DE SERVICIOS<\/li>\n<li style=\"font-weight: 400;\">NORMAS FINANCIERAS COMUNES A LOS CONTRATOS DE ADQUISICI\u00d3N DE BIENES Y\/O PRESTACI\u00d3N DE SERVICIOS<\/li>\n<\/ol>\n<p style=\"font-weight: 400;\"><b><strong>SECCI\u00d3N II<\/strong><\/b><br \/>\n<b><strong>EL CONTRATO DE SUMINISTRO Y DE PRESTACI\u00d3N DE SERVICIOS BAJO LA LEY DE COMPRAS P\u00daBLICAS<\/strong><\/b><\/p>\n<ol>\n<li style=\"font-weight: 400;\">GENERALIDADES<\/li>\n<li style=\"font-weight: 400;\">R\u00e9gimen general de contrataci\u00f3n de suministro y servicios por la Ley de Compras P\u00fablicas<br \/>\n1.1. \u00c1mbito de aplicaci\u00f3n de la Ley de Compras P\u00fablicas<br \/>\n1.1.1. Aplicaci\u00f3n directa de la Ley de Compras P\u00fablicas<br \/>\n1.1.1.1. Aplicaci\u00f3n directa e integral<br \/>\n1.1.2. Contrataci\u00f3n que celebre la Administraci\u00f3n del Estado<br \/>\n1.1.2.1. Contrataci\u00f3n a t\u00edtulo oneroso<br \/>\n1.1.2.2. Contrataci\u00f3n para el suministro de bienes muebles, y\/o prestaci\u00f3n de servicios<br \/>\n1.1.2.3. Contrataci\u00f3n para el desarrollo de las funciones de la entidad p\u00fablica<br \/>\n1.1.3. Aplicaci\u00f3n directa, a modo parcial de la Ley de Compras<br \/>\n1.1.4. Aplicaci\u00f3n indirecta o supletoria de la Ley de Compras P\u00fablicas<br \/>\n1.2. Exclusiones a la aplicaci\u00f3n de la Ley de Compras P\u00fablicas<br \/>\n1.2.1. Generalidades<br \/>\n1.2.2. Exclusiones a la aplicaci\u00f3n de la Ley de Compras P\u00fablicas \u2013An\u00e1lisis en particular\u2013<br \/>\n1.2.3. Contratos de personal y a honorarios<br \/>\n1.2.3.1. Contrataci\u00f3n de personal<br \/>\n1.2.3.2. Los contratos a honorarios con personas naturales<br \/>\n1.2.4. Los convenios interadministrativos<br \/>\n1.2.5. Los contratos relativos a aportes o cr\u00e9ditos celebrados con un organismo internacional<br \/>\n1.2.5.1. Las donaciones internacionales<br \/>\n1.2.5.2. Los cr\u00e9ditos internacionales<br \/>\n1.2.6. Los contratos de compraventa y transferencia de instrumentos financieros<br \/>\n1.2.6.1. R\u00e9gimen general de inversi\u00f3n en el mercado de valores del Decreto Ley No 1.056, de 1975<br \/>\n1.2.6.2. R\u00e9gimen especial de inversi\u00f3n en el mercado de valores por parte de las universidades estatales v\u00eda Ley No 18.2671.2.6.3. R\u00e9gimen especial de inversi\u00f3n en el mercado de valores por parte de entidades previsionales estatales<br \/>\n1.2.6.4. R\u00e9gimen de inversi\u00f3n en el mercado de valores de fondos soberanos por parte de entidades estatales v\u00eda Ley No 20.128<br \/>\n1.2.6.5. Los contratos de administraci\u00f3n de carteras de inversi\u00f3n regulados en la Ley No 19.908<br \/>\n1.2.7. Los contratos de obra p\u00fablica<br \/>\n1.2.8. Los contratos sobre material de guerra<br \/>\n1.2.8.1. Los contratos que versen sobre material de guerra<br \/>\n1.2.8.2. Los contratos celebrados en virtud de las Leyes Nos. 7.144, y 13.196<br \/>\n1.2.8.3. Los contratos que se celebren para la adquisici\u00f3n de determinadas especies por las Fuerzas Armadas o por las Fuerzas de Orden y Seguridad P\u00fablica<br \/>\n1.2.8.4. Los contratos sobre bienes y servicios necesarios para prevenir riesgos excepcionales a la seguridad nacional o a la seguridad p\u00fablica<br \/>\n1.2.9. Normas de la Ley de Compras P\u00fablicas aplicable a los contratos excluidos por su art\u00edculo 3o<\/li>\n<li style=\"font-weight: 400;\">El contrato de suministro y de servicios bajo la Ley de Compras P\u00fablicas<br \/>\n2.1. Generalidades<br \/>\n2.2. Elementos del contrato de suministro y de servicios bajo la Ley de Compras P\u00fablicas<br \/>\n2.2.1. Elementos subjetivos<br \/>\n2.1.1.1. La Administraci\u00f3n del Estado<br \/>\n2.1.1.1.1 Actuaci\u00f3n previa investidura regular<br \/>\n2.1.1.1.2. Actuaci\u00f3n de la autoridad dentro de su competencia<br \/>\n2.1.1.2. El cocontratante particular \u2013Cualquier persona natural o jur\u00eddica, nacional o extranjera\u2013<br \/>\n2.1.1.2.1. Requisitos de los oferentes y el cocontratente<br \/>\n2.1.1.2.2. Inhabilidades<br \/>\n2.1.2. Elementos objetivos<br \/>\n2.1.3. Elementos formales<\/li>\n<li style=\"font-weight: 400;\">PROCEDIMIENTOS ADMINISTRATIVOS DE CONTRATACI\u00d3N<\/li>\n<li style=\"font-weight: 400;\">Generalidades<\/li>\n<\/ol>\n<p style=\"font-weight: 400;\">III. MECANISMOS DE CONTRATACI\u00d3N ADMINISTRATIVA<\/p>\n<ol>\n<li style=\"font-weight: 400;\">El Convenio marco<br \/>\n1.1. Generalidades<br \/>\n1.2. Procedimiento<br \/>\n1.2.1. Suscripci\u00f3n de convenios por parte de la Direcci\u00f3n de Compras \u2013Licitaci\u00f3n de convenios marco\u2013<br \/>\n1.2.2. Suscripci\u00f3n de convenios a trav\u00e9s de la Direcci\u00f3n de Compras \u2013Adquisiciones v\u00eda convenio marco por las entidades\u2013<br \/>\n1.2.2.1. Procedimiento general de adquisici\u00f3n v\u00eda Convenio Marco<br \/>\n1.2.2.1.1. Consulta del cat\u00e1logo de Convenios Marco<br \/>\n1.2.2.1.2. Emisi\u00f3n de la orden de compra<br \/>\n1.2.2.1.3. El Convenio Marco<br \/>\n1.2.2.2. Adquisiciones v\u00eda Convenio Marco mediante Grandes Compras<br \/>\n1.2.2.2.1. Comunicaci\u00f3n de la intenci\u00f3n de compra<br \/>\n1.2.2.2.2. Presentaci\u00f3n de ofertas<br \/>\n1.2.2.2.3. Evaluaci\u00f3n de las ofertas<br \/>\n1.2.2.2.4. Selecci\u00f3n de la oferta<br \/>\n1.2.2.1.4. Emisi\u00f3n de la orden de compra<br \/>\n1.2.2.2.6. Omisi\u00f3n del procedimiento de Grandes Compras<br \/>\n1.2.3. Normas comunes para las Adquisiciones v\u00eda convenio marco por las entidades<\/li>\n<li style=\"font-weight: 400;\">La licitaci\u00f3n p\u00fablica<br \/>\n2.1. Generalidades<br \/>\n2.2. Procedimiento<br \/>\n2.2.1. Los estudios preliminares<br \/>\n2.2.1.1. Realizaci\u00f3n de los estudios relativos al contrato<br \/>\n2.2.1.2. Elaboraci\u00f3n del plan anual de compras<br \/>\n2.2.1.3. Estimaci\u00f3n de los gastos asociados y recursos presupuestarios<br \/>\n2.2.1.4. Revisi\u00f3n previa del cat\u00e1logo de convenios marco<br \/>\n2.2.1.5. Otras actuaciones preparatorias de la licitaci\u00f3n<br \/>\n2.2.1.5.1. Consultas al mercado o reuniones con proveedores \u2013Licitaciones iguales o inferiores a 5.000 UTM\u2013<br \/>\n2.2.1.5.2. Consultas al mercado u otro mecanismo \u2013Licitaciones superiores a 5.000 UTM\u2013<br \/>\n2.2.2. La elaboraci\u00f3n de las bases<br \/>\n2.2.2.1. Generalidades<br \/>\n2.2.2.2. Contenido de las bases de licitaci\u00f3n<br \/>\n2.2.2.3. Otras normas comunes relativas a las bases de licitaci\u00f3n<br \/>\n2.2.3. Llamado a presentar propuestas<br \/>\n2.2.3.1. Generalidades<br \/>\n2.2.3.2. Tramitaci\u00f3n<br \/>\n2.2.4. La aclaraci\u00f3n de las bases<br \/>\n2.2.4.1. Generalidades<br \/>\n2.2.4.2. Tramitaci\u00f3n<br \/>\n2.2.5. Recepci\u00f3n de ofertas y apertura de ofertas<br \/>\n2.2.5.1. La recepci\u00f3n de ofertas<br \/>\n2.2.5.1.1. Generalidades<br \/>\n2.2.5.1.2. Tramitaci\u00f3n<br \/>\n1.2.5.1.3. Admisibilidad e inadmisibilidad de las ofertas<br \/>\n2.2.5.2. La apertura de las ofertas<br \/>\n2.2.5.2.1. Generalidades<br \/>\n2.2.5.2.2. Tramitaci\u00f3n<br \/>\n2.2.6. La evaluaci\u00f3n de las ofertas<br \/>\n2.2.6.1. Precalificaci\u00f3n t\u00e9cnica y mecanismos de preselecci\u00f3n \u2013con antelaci\u00f3n a la evaluaci\u00f3n<br \/>\n2.2.6.2. Determinaci\u00f3n de la oferta m\u00e1s conveniente<br \/>\n2.2.6.2.1. Factores y subfactores de evaluaci\u00f3n<br \/>\n2.2.6.2.2. Asignaci\u00f3n de puntajes y ponderadores<br \/>\n2.2.6.2.3. Reglas para para determinar la oferta m\u00e1s conveniente<br \/>\n2.2.6.2.4. Mecanismos para resolver empates en la evaluaci\u00f3n<br \/>\n2.2.6.2.5. Errores u omisiones detectados durante la evaluaci\u00f3n<br \/>\n2.2.6.3. La Comisi\u00f3n Evaluadora<br \/>\n2.2.6.3.1. Generalidades<br \/>\n2.2.6.3.2. El informe de la Comisi\u00f3n Evaluadora<br \/>\n2.2.7. La adjudicaci\u00f3n<br \/>\n2.2.7.1. La adjudicaci\u00f3n\u2013modo normal de concluir la licitaci\u00f3n\u2013<br \/>\n2.2.7.1.1. Generalidades<br \/>\n2.2.7.1.2. Reglas y normas comunes a la adjudicaci\u00f3n<br \/>\n2.2.7.1.3. L\u00edmites a la adjudicaci\u00f3n<br \/>\n2.2.7.1.4. Efectos de la adjudicaci\u00f3n<br \/>\n2.2.7.1.5. Convalidaci\u00f3n e invalidaci\u00f3n de la adjudicaci\u00f3n<br \/>\n2.2.7.2. La licitaci\u00f3n fallida \u2013modo anormal de concluir la licitaci\u00f3n\u2013<br \/>\n2.2.7.2.1. La inadmisibilidad de las ofertas<br \/>\n2.2.7.2.1.1. Generalidades<br \/>\n2.2.7.2.1.2. Casos en que resulta procedente declarar inadmisible la licitaci\u00f3n<br \/>\n2.2.7.2.1.3. Casos en que no resulta procedente declarar inadmisible la licitaci\u00f3n<br \/>\n2.2.7.2.2. La licitaci\u00f3n desierta<br \/>\n2.2.7.2.2.1. Generalidades<br \/>\n2.2.7.2.2.2. Formalidades de la licitaci\u00f3n desierta<br \/>\n2.2.7.2.2.3. Primera causal \u2013La ausencia de ofertas\u2013<br \/>\n2.2.7.2.2.4. Segunda causal \u2013Las ofertas no resultan convenientes a los intereses de la Administraci\u00f3n\u2013<br \/>\n2.2.7.2.2.5. Tercera causal \u2013Adjudicada la propuesta el oferente seleccionado no acepta dicha adjudicaci\u00f3n\u2013<br \/>\n2.2.7.2.3. Normas comunes a la licitaci\u00f3n fallida<br \/>\n2.2.7.2.4. Efectos de la licitaci\u00f3n fallida<br \/>\n2.2.7.3. La revocaci\u00f3n e invalidaci\u00f3n \u2013como modos anormales de concluir la licitaci\u00f3n\u2013<br \/>\n2.2.7.3.1. Generalidades<br \/>\n1.2.7.3.2. La revocaci\u00f3n de la licitaci\u00f3n<br \/>\n2.2.7.3.3. Invalidaci\u00f3n del procedimiento licitatorio<br \/>\n2.2.8. La suscripci\u00f3n del contrato<br \/>\n2.2.8.1. Generalidades<br \/>\n2.2.8.2. Tr\u00e1mites y formalidades del contrato<\/li>\n<li style=\"font-weight: 400;\">La licitaci\u00f3n privada<br \/>\n3.1. Generalidades<br \/>\n3.2. Procedimiento<br \/>\n3.2.1. Los estudios preliminares<br \/>\n3.2.2. La fundamentaci\u00f3n de la licitaci\u00f3n privada<br \/>\n3.3.3. La invitaci\u00f3n a participar en una licitaci\u00f3n privada<br \/>\n3.3.4. La recepci\u00f3n y apertura de ofertas<br \/>\n3.3.5. La adjudicaci\u00f3n<br \/>\n3.3.6. La suscripci\u00f3n del contrato<\/li>\n<li style=\"font-weight: 400;\">El trato directo<br \/>\n4.1. Generalidades<br \/>\n4.2. Procedimiento<br \/>\n4.1.2. Elaboraci\u00f3n del pliego de condiciones<br \/>\n4.1.2. Requerimiento de cotizaciones previas<br \/>\n4.1.3. La fundamentaci\u00f3n del trato directo<br \/>\n4.1.4. Publicaci\u00f3n de la resoluci\u00f3n fundada que explicite la causal<br \/>\n4.1.5. La negociaci\u00f3n directa<br \/>\n4.1.6. La suscripci\u00f3n del contrato<br \/>\n4.3. Causales de licitaci\u00f3n privada y\/o trato directo \u2013An\u00e1lisis en particular\u2013<br \/>\n4.3.1. Falta de interesados en la licitaci\u00f3n p\u00fablica<br \/>\n4.3.2. Realizaci\u00f3n o terminaci\u00f3n de un contrato que haya debido resolverse o terminarse anticipadamente<br \/>\n4.3.3. Emergencia o urgencia<br \/>\n4.3.4. \u00danico proveedor<br \/>\n4.3.5. Convenios de servicios con personas jur\u00eddicas extranjeras para el extranjero<br \/>\n4.3.6. Servicios de naturaleza confidencial o cuya difusi\u00f3n pueda afectar la seguridad o el inter\u00e9s nacional<br \/>\n4.3.7. Causales de trato directo por la naturaleza de la negociaci\u00f3n conforme al Reglamento de la Ley de Compras P\u00fablicas<\/li>\n<li style=\"font-weight: 400;\">Trato directo mediante Compra \u00c1gil<\/li>\n<li style=\"font-weight: 400;\">Normas comunes a los mecanismos de contrataci\u00f3n<br \/>\n6.1. Deber de abstenci\u00f3n de los intervinientes de la respectiva entidad<br \/>\n6.2. Principio de prohibici\u00f3n de fragmentaci\u00f3n<br \/>\n6.3. El Manual de Procedimientos de Adquisiciones<\/li>\n<\/ol>\n<p style=\"font-weight: 400;\">III. EFECTOS DEL CONTRATO DE SUMINISTRO Y SERVICIO<\/p>\n<p style=\"font-weight: 400;\">Generalidades<\/p>\n<ol>\n<li style=\"font-weight: 400;\">Potestades de la administraci\u00f3n<br \/>\n1.1. Exigir el suministro y\/o prestaci\u00f3n de servicios<br \/>\n1.1.1. Generalidades<br \/>\n1.2. La interpretaci\u00f3n del contrato<br \/>\n1.3. Aplicar sanciones y multas<br \/>\n1.3.1. Generalidades<br \/>\n1.3.2.1. La multa<br \/>\n1.3.2.2. La cl\u00e1usula penal<br \/>\n1.3.2. Principios para la aplicaci\u00f3n de las sanciones y multas<br \/>\n1.3.2.1. El principio de legalidad<br \/>\n1.3.2.2. Tipicidad de las sanciones<br \/>\n1.3.2.3. Proporcionalidad de las sanciones<br \/>\n1.3.2.4. Otros principios<br \/>\n1.3.2.4.1. El principio de irretroactividad de la sanci\u00f3n<br \/>\n1.3.2.4.2. El principio de presunci\u00f3n de inocencia<br \/>\n1.3.2.4.3. El principio de interdicci\u00f3n de agravar el ius puniendi administrativo m\u00e1s all\u00e1 del Derecho Penal<br \/>\n1.3.2.4.4. El principio de contradictoriedad en la aplicaci\u00f3n de sanciones<br \/>\n1.3.2.4.5. El principio de prohibici\u00f3n de doble incriminaci\u00f3n<br \/>\n1.3.3. Procedimiento administrativo para la aplicaci\u00f3n de sanciones y multas<br \/>\n1.3.3.1. Inicio del procedimiento<br \/>\n1.3.3.2. Etapa de cargos y de defensa<br \/>\n1.3.3.3. Etapa de sanci\u00f3n<br \/>\n1.3.3.4. Etapa de impugnaci\u00f3n<br \/>\n1.3.3.5. Etapa de ejecuci\u00f3n<br \/>\n1.4. Modificar unilateralmente el contrato<br \/>\n1.4.1. Generalidades<br \/>\n1.4.2. Normas comunes al ius variandi y al t\u00e9rmino anticipado<br \/>\n1.4.3. Causales de modificaci\u00f3n del contrato \u2013An\u00e1lisis en particular\u2013<br \/>\n1.4.3.1. Modificaci\u00f3n por mutuo acuerdo<br \/>\n1.4.3.2. Incumplimiento grave de obligaciones del contratante<br \/>\n1.4.3.3. Notoria insolvencia del contratante<br \/>\n1.4.3.4. Cuando lo exige el Inter\u00e9s p\u00fablico o la seguridad nacional<br \/>\n1.4.3.5. Dem\u00e1s causales que establezcan las Bases<br \/>\n1.4.3.6. La renuncia del contrato \u00bfProcede en el r\u00e9gimen de la Ley de Compras P\u00fablicas?<br \/>\n1.5. T\u00e9rmino anticipado al contrato<br \/>\n1.5.1. Generalidades<br \/>\n1.5.2. Causales de t\u00e9rmino anticipado del contrato \u2013An\u00e1lisis en particular\u2013<br \/>\n1.5.2.1. Resciliaci\u00f3n o t\u00e9rmino por mutuo acuerdo<br \/>\n1.5.2.2. Incumplimiento grave de obligaciones del contratante<br \/>\n1.5.2.3. Notoria insolvencia<br \/>\n1.5.2.4. Inter\u00e9s p\u00fablico o seguridad nacional<br \/>\n1.5.2.5. Dem\u00e1s causales que se\u00f1alen las bases<br \/>\n1.5.3. Procedimiento<\/li>\n<li style=\"font-weight: 400;\">Derechos del cocontratante<br \/>\n2.1. El derecho al pago del precio del contrato<br \/>\n2.1.1. Generalidades<br \/>\n2.2. El derecho a percibir anticipos<br \/>\n2.2.1. Generalidades<br \/>\n2.3. El derecho a subcontratar<br \/>\n2.3.1. Generalidades<br \/>\n2.4. El derecho a la cesi\u00f3n del contrato<br \/>\n2.4.1. Generalidades<br \/>\n2.4.2. Cesi\u00f3n de los documentos justificativos de los cr\u00e9ditos<br \/>\n2.4.3. El mandato para el cobro no constituye cesi\u00f3n de derechos y obligaciones<br \/>\n2.5. El derecho a indemnizaci\u00f3n por modificaci\u00f3n o t\u00e9rmino anticipado del contrato<br \/>\n2.5.1. Generalidades<\/li>\n<li style=\"font-weight: 400;\">Obligaciones del cocontratante<br \/>\n3.1. Otorgar los suministros y\/o prestar los servicios<br \/>\n3.1.1. Generalidades<br \/>\n3.2. Otorgar garant\u00edas<br \/>\n3.2.1. Generalidades<br \/>\n3.2.1.1. Garant\u00eda de seriedad de la oferta<br \/>\n3.2.1.2. Garant\u00eda de fiel cumplimiento del contrato<br \/>\n3.2.1.3. Garant\u00eda por anticipos<br \/>\n3.2.2. Principios que rigen las garant\u00edas<br \/>\n3.2.2.1. Principio de proporcionalidad de las garant\u00edas<br \/>\n3.2.2.2. Principio de universalidad de los instrumentos de cauci\u00f3n<br \/>\n3.2.2.3. Principio de la equivalencia funcional de los instrumentos de cauci\u00f3n<br \/>\n3.2.2.4. La igualdad de los instrumentos de cauci\u00f3n<br \/>\n3.2.3. Reglas comunes que rigen las garant\u00edas<\/li>\n<li style=\"font-weight: 400;\">LA DIRECCI\u00d3N DE COMPRAS Y CONTRATACI\u00d3N P\u00daBLICA<\/li>\n<li style=\"font-weight: 400;\">Generalidades<\/li>\n<li style=\"font-weight: 400;\">Patrimonio de la direcci\u00f3n de compras<\/li>\n<li style=\"font-weight: 400;\">R\u00e9gimen estatutario y de remuneraciones<\/li>\n<li style=\"font-weight: 400;\">El sistema de informaci\u00f3n electr\u00f3nica<br \/>\n4.1. Generalidades<br \/>\n4.2. Contrataci\u00f3n electr\u00f3nica<br \/>\n4.3. El registro de proveedores<br \/>\n4.4. Transparencia en las compras p\u00fablicas<\/li>\n<li style=\"font-weight: 400;\">SOLUCI\u00d3N DE CONTROVERSIAS \u2013EL TRIBUNAL DE CONTRATACI\u00d3N P\u00daBLICA<\/li>\n<li style=\"font-weight: 400;\">Generalidades<\/li>\n<li style=\"font-weight: 400;\">Competencia<\/li>\n<li style=\"font-weight: 400;\">Procedimiento<br \/>\n3.1. Etapa de discusi\u00f3n<br \/>\n3.2. Etapa probatoria<br \/>\n3.2.1. T\u00e9rmino probatorio<br \/>\n3.2.2. Medidas para mejor resolver<br \/>\n3.3. Etapa de sentencia<br \/>\n3.4. Etapa de impugnaci\u00f3n<br \/>\n3.4.1. La conciliaci\u00f3n \u00bfProcede en materia de compras p\u00fablicas?<br \/>\n3.4.2. El arbitraje \u00bfProcede en materia de compras p\u00fablicas?<br \/>\n3.4.3. La Transacci\u00f3n \u00bfProcede en materia de compras p\u00fablicas?<\/li>\n<\/ol>\n<p style=\"font-weight: 400;\"><b><strong>SECCI\u00d3N III<\/strong><\/b><br \/>\n<b><strong>R\u00c9GIMEN DE CONTROL DE LOS CONTRATOS ADMINISTRATIVOS DE SUMINISTRO<\/strong><\/b><\/p>\n<ol>\n<li style=\"font-weight: 400;\">GENERALIDADES<\/li>\n<li style=\"font-weight: 400;\">MECANISMOS DE CONTROL EN LAS COMPRAS P\u00daBLICAS1. El control previo de juridicidad en sede administrativa\n<p>2. Los controles de reemplazo<br \/>\n3. El control de gesti\u00f3n<br \/>\n3.1. Evaluaci\u00f3n de las compras p\u00fablicas<\/li>\n<li style=\"font-weight: 400;\">El control jurisdiccional<\/li>\n<li style=\"font-weight: 400;\">El control ciudadano v\u00eda transparencia activa<\/li>\n<\/ol>\n<p style=\"font-weight: 400;\"><b><strong>CAP\u00cdTULO II<\/strong><\/b><br \/>\n<b><strong>CONTRATOS ESPECIALES DE SUMINISTRO Y DE SERVICIOS<\/strong><\/b><\/p>\n<p style=\"font-weight: 400;\"><b><strong>SECCI\u00d3N I<\/strong><\/b><br \/>\n<b><strong>LOS CONTRATOS PARA LA PRESTACI\u00d3N DE SERVICIOS PERSONALES<\/strong><\/b><\/p>\n<ol>\n<li style=\"font-weight: 400;\">CONVENIOS PARA LA PRESTACI\u00d3N DE SERVICIOS PERSONALES POR PERSONAS JUR\u00cdDICAS<\/li>\n<li style=\"font-weight: 400;\">Generalidades<\/li>\n<li style=\"font-weight: 400;\">Procedimiento de contrataci\u00f3n<br \/>\n2.1. Preselecci\u00f3n<br \/>\n2.2. Presentaci\u00f3n de ofertas, selecci\u00f3n y negociaci\u00f3n<br \/>\n2.3. Anteproyectos y proyectos de Arquitectura o Urbanismo<\/li>\n<li style=\"font-weight: 400;\">CONVENIOS PARA LA PRESTACI\u00d3N DE SERVICIOS PERSONALES POR PERSONAS NATURALES<\/li>\n<li style=\"font-weight: 400;\">Generalidades<\/li>\n<\/ol>\n<p style=\"font-weight: 400;\"><b><strong>SECCI\u00d3N II<\/strong><\/b><br \/>\n<b><strong>EL CONTRATO DE EXTERNALIZACI\u00d3N DE SERVICIOS SOBRE ACCIONES DE APOYO<\/strong><\/b><\/p>\n<ol>\n<li style=\"font-weight: 400;\">GENERALIDADES<\/li>\n<li style=\"font-weight: 400;\">PROCEDIMIENTOS ADMINISTRATIVOS DE CONTRATACI\u00d3N1. Normas Generales<br \/>\n2. Normas comunes a los mecanismos de contrataci\u00f3n<br \/>\n3. Normas especiales de contrataci\u00f3n<\/li>\n<\/ol>\n<p style=\"font-weight: 400;\"><b><strong>SECCI\u00d3N III<\/strong><\/b><br \/>\n<b><strong>LOS CONTRATOS PARA LAS ADQUISICIONES DE BIENES Y SERVICIOS POR LAS FUERZAS ARMADAS<\/strong><\/b><\/p>\n<ol>\n<li style=\"font-weight: 400;\">GENERALIDADES<\/li>\n<li style=\"font-weight: 400;\">PROCEDIMIENTOS ADMINISTRATIVOS DE CONTRATACI\u00d3N<\/li>\n<\/ol>\n<p style=\"font-weight: 400;\">2.1. Normas generales<br \/>\n2.2. Convenio marco<br \/>\n2.3. Licitaci\u00f3n p\u00fablica<br \/>\n2.4. Licitaci\u00f3n privada<br \/>\n2.5. Trato directo<br \/>\n2.5. Aplicaci\u00f3n de las Leyes Nos. 18.928 y 19.886 a los contratos de suministro y\/o de servicios por las fuerzas de orden y seguridad<\/p>\n<p style=\"font-weight: 400;\"><b><strong>SECCI\u00d3N IV<\/strong><\/b><br \/>\n<b><strong>LOS CONTRATOS PARA LAS ADQUISICIONES DE BIENES Y SERVICIOS POR LAS MUNICIPALIDADES<\/strong><\/b><\/p>\n<ol>\n<li style=\"font-weight: 400;\">GENERALIDADES<\/li>\n<\/ol>\n<p style=\"font-weight: 400;\"><b><strong>SECCI\u00d3N V<\/strong><\/b><br \/>\n<b><strong>LOS CONTRATOS PARA LAS ADQUISICIONES DE BIENES Y SERVICIOS POR LAS UNIVERSIDADES ESTATALES<\/strong><\/b><\/p>\n<ol>\n<li style=\"font-weight: 400;\">GENERALIDADES<\/li>\n<li style=\"font-weight: 400;\">MECANISMOS DE CONTRATACI\u00d3N<\/li>\n<\/ol>\n","protected":false},"excerpt":{"rendered":"<p>Buscas un libro Jur\u00eddico.? Lo puedes encontrar en nuestra tienda virtual.<br \/>\nContamos con prestigiosos autores y muchas alternativas en sus diferentes materias al igual que grandes descuentos.! Vis\u00edtanos en www.bibliotecajuridicavirtual.cl<\/p>\n<p>Escr\u00edbenos al +56930565235 \/ <a class=\"ZTcrntcqbDvbpzWbVzMNjBnEpZoVnlAqXHScQ \" href=\"mailto:ventaslegallexglobal@gmail.com\" target=\"_self\" data-test-app-aware-link=\"\">ventaslegallexglobal@gmail.com<\/a><br \/>\nHacemos env\u00edos a todo Chile &#8211; Starken o Correos Chile \/ Te esperamos.<\/p>\n","protected":false},"featured_media":4056,"comment_status":"open","ping_status":"closed","template":"","meta":{"inline_featured_image":false,"_joinchat":[]},"product_brand":[],"product_cat":[45,42],"product_tag":[],"class_list":{"0":"post-4008","1":"product","2":"type-product","3":"status-publish","4":"has-post-thumbnail","6":"product_cat-administrativo","7":"product_cat-thomson-reuters","8":"product_shipping_class-a-convenir","10":"first","11":"instock","12":"shipping-taxable","13":"purchasable","14":"product-type-simple"},"_links":{"self":[{"href":"https:\/\/bibliotecajuridicavirtual.cl\/index.php\/wp-json\/wp\/v2\/product\/4008","targetHints":{"allow":["GET"]}}],"collection":[{"href":"https:\/\/bibliotecajuridicavirtual.cl\/index.php\/wp-json\/wp\/v2\/product"}],"about":[{"href":"https:\/\/bibliotecajuridicavirtual.cl\/index.php\/wp-json\/wp\/v2\/types\/product"}],"replies":[{"embeddable":true,"href":"https:\/\/bibliotecajuridicavirtual.cl\/index.php\/wp-json\/wp\/v2\/comments?post=4008"}],"wp:featuredmedia":[{"embeddable":true,"href":"https:\/\/bibliotecajuridicavirtual.cl\/index.php\/wp-json\/wp\/v2\/media\/4056"}],"wp:attachment":[{"href":"https:\/\/bibliotecajuridicavirtual.cl\/index.php\/wp-json\/wp\/v2\/media?parent=4008"}],"wp:term":[{"taxonomy":"product_brand","embeddable":true,"href":"https:\/\/bibliotecajuridicavirtual.cl\/index.php\/wp-json\/wp\/v2\/product_brand?post=4008"},{"taxonomy":"product_cat","embeddable":true,"href":"https:\/\/bibliotecajuridicavirtual.cl\/index.php\/wp-json\/wp\/v2\/product_cat?post=4008"},{"taxonomy":"product_tag","embeddable":true,"href":"https:\/\/bibliotecajuridicavirtual.cl\/index.php\/wp-json\/wp\/v2\/product_tag?post=4008"}],"curies":[{"name":"wp","href":"https:\/\/api.w.org\/{rel}","templated":true}]}}