{"id":4009,"date":"2026-02-28T01:22:13","date_gmt":"2026-02-28T04:22:13","guid":{"rendered":"https:\/\/bibliotecajuridicavirtual.cl\/?post_type=product&#038;p=4009"},"modified":"2026-02-28T01:22:37","modified_gmt":"2026-02-28T04:22:37","slug":"estados-financieros-8va-edicion-ano-2021-350-pag-autor-gabriel-torres-salazar","status":"publish","type":"product","link":"https:\/\/bibliotecajuridicavirtual.cl\/index.php\/product\/estados-financieros-8va-edicion-ano-2021-350-pag-autor-gabriel-torres-salazar\/","title":{"rendered":"Estados Financieros. 8va Edici\u00f3n. A\u00f1o 2021\/ 350 P\u00e1g. Autor Gabriel Torres Salazar"},"content":{"rendered":"<p style=\"font-weight: 400;\">Los temas financieros no son hoy en d\u00eda solo materias de profesionales y expertos. La pandemia COVID-19 ha dejado claro que este es un conocimiento muy necesario para la poblaci\u00f3n en general, que debe enfrentar a diario necesidades y usos de los fondos en empresas de todo tipo y tama\u00f1o y en la vida de los ciudadanos. En tal sentido, estados financieros aporta informaci\u00f3n financiera y econ\u00f3mica \u00fatil por igual a empresas y personas, como a estudiantes, contribuyendo a mejorar la cultura financiera de la ciudadan\u00eda.<\/p>\n<p><b><strong>CAP\u00cdTULO I<\/strong><\/b><br \/>\n<b><strong>ESTADOS FINANCIEROS B\u00c1SICOS<\/strong><\/b><\/p>\n<ol>\n<li style=\"font-weight: 400;\">Concepto y Alcance de los Estados Financieros<br \/>\n2. Balance o Estado de Situaci\u00f3n Financiera<br \/>\n3. Estado de Resultados<br \/>\n4. Estado de Flujo de Efectivo<br \/>\n5. Estado de Cambios en el Patrimonio<br \/>\n6. Otros Informes Financieros<br \/>\n7. Formato de Estados Financieros de Sociedades<br \/>\n8. Similitudes y Diferencias entre los Estados Financieros<br \/>\n9. Preguntas<\/li>\n<\/ol>\n<p style=\"font-weight: 400;\"><b><strong>CAP\u00cdTULO II<\/strong><\/b><br \/>\n<b><strong>PREPARACI\u00d3N Y PRESENTACI\u00d3N DE ESTADOS FINANCIEROS<\/strong><\/b><\/p>\n<ol>\n<li style=\"font-weight: 400;\">Fuente de Informaci\u00f3n<br \/>\n2. Hoja de Trabajo y Ajustes para Balance y Estado de Resultados<br \/>\n3. Presentaci\u00f3n del Balance<br \/>\n4. Presentaci\u00f3n del Estado de Resultados<br \/>\n5. Presentaci\u00f3n del Estado de Flujo de Efectivo<br \/>\n6. Estado de Cambios en el Patrimonio<br \/>\n7. Notas a los Estados Financieros<br \/>\n8. Presentaci\u00f3n Gr\u00e1fica de Informes Financieros<br \/>\n9. Preguntas<\/li>\n<\/ol>\n<p style=\"font-weight: 400;\"><b><strong>CAP\u00cdTULO III<\/strong><\/b><br \/>\n<b><strong>INFLACI\u00d3N Y T\u00c9CNICAS DE CORRECCI\u00d3N MONETARIA<\/strong><\/b><\/p>\n<ol>\n<li style=\"font-weight: 400;\">Inflaci\u00f3n: Conceptos, Causas y Efectos<br \/>\n2. T\u00e9cnicas de Correcci\u00f3n Monetaria<br \/>\n3. Finalidad y Metodolog\u00eda<br \/>\n4. Valores Monetarios y No Monetarios<br \/>\n5. Factores o Indicadores de Correcci\u00f3n<br \/>\n6. Normas de Correcci\u00f3n Monetaria Financiera y Tributaria<br \/>\n7. Tratamiento de Cuentas por Correcci\u00f3n Monetaria<br \/>\n8. Grupos de Cuentas con sus Factores de Correcci\u00f3n<br \/>\n9. Preguntas<\/li>\n<\/ol>\n<p style=\"font-weight: 400;\"><b><strong>CAP\u00cdTULO IV<\/strong><\/b><br \/>\n<b><strong>CORRECCI\u00d3N MONETARIA DE ESTADOS FINANCIEROS<\/strong><\/b><\/p>\n<ol>\n<li style=\"font-weight: 400;\">Correcci\u00f3n Monetaria del Balance<br \/>\n2. Actualizaci\u00f3n Monetaria del Estado de Resultados<br \/>\n3. Actualizaci\u00f3n Monetaria en el Estado de Flujo de Efectivo<br \/>\n4. Notas por Correcci\u00f3n Monetaria<br \/>\n5. Preguntas<\/li>\n<\/ol>\n<p style=\"font-weight: 400;\"><b><strong>CAP\u00cdTULO V<\/strong><\/b><br \/>\n<b><strong>CONSOLIDACI\u00d3N DE ESTADOS FINANCIEROS<\/strong><\/b><\/p>\n<ol>\n<li style=\"font-weight: 400;\">Inversiones y Consolidaciones<br \/>\n2. Empresas Relacionadas<br \/>\n3. Objetivos y Metodolog\u00eda de Consolidaci\u00f3n<br \/>\n4. Consolidaci\u00f3n del Balance<br \/>\n5. Consolidaci\u00f3n del Estado de Resultados<br \/>\n6. Consolidaci\u00f3n del Estado de Flujo de Efectivo<br \/>\n7. Preguntas<\/li>\n<\/ol>\n<p style=\"font-weight: 400;\"><b><strong>CAP\u00cdTULO VI<\/strong><\/b><br \/>\n<b><strong>AN\u00c1LISIS DE ESTADOS FINANCIEROS<\/strong><\/b><\/p>\n<ol>\n<li style=\"font-weight: 400;\">Conceptos y tipos de An\u00e1lisis Financiero<br \/>\n2. Razones Financieras<br \/>\n3. \u00cdndices de Liquidez y Rotaci\u00f3n<br \/>\n4. \u00cdndices de Apalancamiento o Endeudamiento<br \/>\n5. \u00cdndices de Rentabilidad<br \/>\n6. \u00cdndices de Cobertura<br \/>\n7. EVA y EBITDA<br \/>\n8. An\u00e1lisis de Estados Financieros Comparados<br \/>\n9. Preguntas<\/li>\n<\/ol>\n<p style=\"font-weight: 400;\"><b><strong>CAP\u00cdTULO VII<\/strong><\/b><br \/>\n<b><strong>ESTADOS FINANCIEROS PROYECTADOS<\/strong><\/b><\/p>\n<ol>\n<li style=\"font-weight: 400;\">El Futuro y la Planificaci\u00f3n en las Empresas<br \/>\n2. T\u00e9cnicas para Proyectar Estados Financieros<br \/>\n3. Proyecciones sobre la Base de Punto de Equilibrio<br \/>\n4. Proyecciones con Empleo de Razones Financieras<br \/>\n5. Proyecciones sobre Bases Presupuestarias<br \/>\n6. Integraci\u00f3n de T\u00e9cnicas para Proyecciones<br \/>\n7. Preguntas<\/li>\n<\/ol>\n","protected":false},"excerpt":{"rendered":"<p>Los temas financieros no son hoy en d\u00eda solo materias de profesionales y expertos. La pandemia COVID-19 ha dejado claro que este es un conocimiento muy necesario para la poblaci\u00f3n en general, que debe enfrentar a diario necesidades y usos de los fondos en empresas de todo tipo y tama\u00f1o y en la vida de los ciudadanos. En tal sentido, estados financieros aporta informaci\u00f3n financiera y econ\u00f3mica \u00fatil por igual a empresas y personas, como a estudiantes, contribuyendo a mejorar la cultura financiera de la ciudadan\u00eda. CAP\u00cdTULO I ESTADOS FINANCIEROS B\u00c1SICOS Concepto y Alcance de los Estados Financieros 2. Balance o Estado de Situaci\u00f3n Financiera 3. Estado de Resultados 4. Estado de Flujo de Efectivo 5. Estado de Cambios en el Patrimonio 6. Otros Informes Financieros 7. Formato de Estados Financieros de Sociedades 8. Similitudes y Diferencias entre los Estados Financieros 9. Preguntas CAP\u00cdTULO II PREPARACI\u00d3N Y PRESENTACI\u00d3N DE ESTADOS FINANCIEROS Fuente de Informaci\u00f3n 2. Hoja de Trabajo y Ajustes para Balance y Estado de Resultados 3. Presentaci\u00f3n del Balance 4. Presentaci\u00f3n del Estado de Resultados 5. Presentaci\u00f3n del Estado de Flujo de Efectivo 6. Estado de Cambios en el Patrimonio 7. Notas a los Estados Financieros 8. Presentaci\u00f3n Gr\u00e1fica de Informes Financieros 9. Preguntas CAP\u00cdTULO III INFLACI\u00d3N Y T\u00c9CNICAS DE CORRECCI\u00d3N MONETARIA Inflaci\u00f3n: Conceptos, Causas y Efectos 2. T\u00e9cnicas de Correcci\u00f3n Monetaria 3. Finalidad y Metodolog\u00eda 4. Valores Monetarios y No Monetarios 5. Factores o Indicadores de Correcci\u00f3n 6. Normas de Correcci\u00f3n Monetaria Financiera y Tributaria 7. Tratamiento de Cuentas por Correcci\u00f3n Monetaria 8. Grupos de Cuentas con sus Factores de Correcci\u00f3n 9. Preguntas CAP\u00cdTULO IV CORRECCI\u00d3N MONETARIA DE ESTADOS FINANCIEROS Correcci\u00f3n Monetaria del Balance 2. Actualizaci\u00f3n Monetaria del Estado de Resultados 3. Actualizaci\u00f3n Monetaria en el Estado de Flujo de Efectivo 4. Notas por Correcci\u00f3n Monetaria 5. Preguntas CAP\u00cdTULO V CONSOLIDACI\u00d3N DE ESTADOS FINANCIEROS Inversiones y Consolidaciones 2. Empresas Relacionadas 3. Objetivos y Metodolog\u00eda de Consolidaci\u00f3n 4. Consolidaci\u00f3n del Balance 5. Consolidaci\u00f3n del Estado de Resultados 6. Consolidaci\u00f3n del Estado de Flujo de Efectivo 7. Preguntas CAP\u00cdTULO VI AN\u00c1LISIS DE ESTADOS FINANCIEROS Conceptos y tipos de An\u00e1lisis Financiero 2. Razones Financieras 3. \u00cdndices de Liquidez y Rotaci\u00f3n 4. \u00cdndices de Apalancamiento o Endeudamiento 5. \u00cdndices de Rentabilidad 6. \u00cdndices de Cobertura 7. EVA y EBITDA 8. An\u00e1lisis de Estados Financieros Comparados 9. Preguntas CAP\u00cdTULO VII ESTADOS FINANCIEROS PROYECTADOS El Futuro y la Planificaci\u00f3n en las Empresas 2. T\u00e9cnicas para Proyectar Estados Financieros 3. Proyecciones sobre la Base de Punto de Equilibrio 4. Proyecciones con Empleo de Razones Financieras 5. Proyecciones sobre Bases Presupuestarias 6. Integraci\u00f3n de T\u00e9cnicas para Proyecciones 7. Preguntas<\/p>\n","protected":false},"featured_media":4057,"comment_status":"open","ping_status":"closed","template":"","meta":{"inline_featured_image":false,"_joinchat":[]},"product_brand":[],"product_cat":[48,42],"product_tag":[],"class_list":{"0":"post-4009","1":"product","2":"type-product","3":"status-publish","4":"has-post-thumbnail","6":"product_cat-comercial","7":"product_cat-thomson-reuters","8":"product_shipping_class-a-convenir","10":"first","11":"instock","12":"shipping-taxable","13":"purchasable","14":"product-type-simple"},"_links":{"self":[{"href":"https:\/\/bibliotecajuridicavirtual.cl\/index.php\/wp-json\/wp\/v2\/product\/4009","targetHints":{"allow":["GET"]}}],"collection":[{"href":"https:\/\/bibliotecajuridicavirtual.cl\/index.php\/wp-json\/wp\/v2\/product"}],"about":[{"href":"https:\/\/bibliotecajuridicavirtual.cl\/index.php\/wp-json\/wp\/v2\/types\/product"}],"replies":[{"embeddable":true,"href":"https:\/\/bibliotecajuridicavirtual.cl\/index.php\/wp-json\/wp\/v2\/comments?post=4009"}],"wp:featuredmedia":[{"embeddable":true,"href":"https:\/\/bibliotecajuridicavirtual.cl\/index.php\/wp-json\/wp\/v2\/media\/4057"}],"wp:attachment":[{"href":"https:\/\/bibliotecajuridicavirtual.cl\/index.php\/wp-json\/wp\/v2\/media?parent=4009"}],"wp:term":[{"taxonomy":"product_brand","embeddable":true,"href":"https:\/\/bibliotecajuridicavirtual.cl\/index.php\/wp-json\/wp\/v2\/product_brand?post=4009"},{"taxonomy":"product_cat","embeddable":true,"href":"https:\/\/bibliotecajuridicavirtual.cl\/index.php\/wp-json\/wp\/v2\/product_cat?post=4009"},{"taxonomy":"product_tag","embeddable":true,"href":"https:\/\/bibliotecajuridicavirtual.cl\/index.php\/wp-json\/wp\/v2\/product_tag?post=4009"}],"curies":[{"name":"wp","href":"https:\/\/api.w.org\/{rel}","templated":true}]}}