{"id":4012,"date":"2026-02-28T01:22:13","date_gmt":"2026-02-28T04:22:13","guid":{"rendered":"https:\/\/bibliotecajuridicavirtual.cl\/?post_type=product&#038;p=4012"},"modified":"2026-02-28T01:22:40","modified_gmt":"2026-02-28T04:22:40","slug":"estrategia-y-practica-profesional-procesal-civil-ordinario-ejecutivo-voluntarios-ano-2022-300-pag-autor-equipo-editorial-thomson-reuters","status":"publish","type":"product","link":"https:\/\/bibliotecajuridicavirtual.cl\/index.php\/product\/estrategia-y-practica-profesional-procesal-civil-ordinario-ejecutivo-voluntarios-ano-2022-300-pag-autor-equipo-editorial-thomson-reuters\/","title":{"rendered":"Estrategia y Pr\u00e1ctica Profesional. Procesal Civil ( Ordinario, Ejecutivo, Voluntarios). A\u00f1o 2022\/300 P\u00e1g. Autor Equipo Editorial Thomson Reuters"},"content":{"rendered":"<p style=\"font-weight: 400;\">En esta nueva edici\u00f3n de Estrategia y Pr\u00e1ctica Profesional: Procesal Civil se tratan las siguientes tem\u00e1ticas:<\/p>\n<p style=\"font-weight: 400;\">\n<b><strong>PROCEDIMIENTO ORDINARIO:<\/strong><\/b><\/p>\n<ul>\n<li style=\"font-weight: 400;\"><b><strong> Medidas prejudiciales \u2022 Demandas \u2022 Contestaciones \u2022 R\u00e9plica \u2022 D\u00faplica \u2022 T\u00e9rmino probatorio\n<p>PROCEDIMIENTO EJECUTIVO:<\/strong><\/b><\/li>\n<li style=\"font-weight: 400;\"><b><strong> Gesti\u00f3n preparatoria \u2022 Cuaderno principal \u2022 Cuaderno de apremio\n<p>PROCEDIMIENTO VOLUNTARIO:<\/strong><\/b><\/li>\n<li style=\"font-weight: 400;\"><b><strong> Autorizaciones \u2022 Cambio de nombre \u2022 Extrav\u00edo de t\u00edtulo de cr\u00e9dito \u2022 Inscripci\u00f3n en registro veh\u00edculos motorizados \u2022 Muerte presunta \u2022 Posesi\u00f3n efectiva \u2022 Reclamo en Conservador de Bienes Ra\u00edces<\/strong><\/b>\n<p><b><strong>RECURSOS EN MATERIA CIVIL<\/strong><\/b><\/p>\n<p>Esta obra mantiene su car\u00e1cter completamente pr\u00e1ctico, al reunir en un volumen toda la documentaci\u00f3n necesaria para el ejercicio profesional en esta materia.<\/li>\n<\/ul>\n<p style=\"font-weight: 400;\">Esta versi\u00f3n ha sido elaborada por el abogado An\u00edbal Cataldo S.<\/p>\n<p style=\"font-weight: 400;\">\n<p style=\"font-weight: 400;\"><b><strong>CAP\u00cdTULO I<br \/>\nPROCEDIMIENTO ORDINARIO<\/strong><\/b><\/p>\n<ol>\n<li style=\"font-weight: 400;\"><b><strong> MEDIDAS PREJUDICIALES<\/strong><\/b><\/li>\n<li style=\"font-weight: 400;\">Medida prejudicial certificaci\u00f3n de ministro de fe gesti\u00f3n preparatoria<br \/>\n2. Medida prejudicial constituci\u00f3n de apoderado gesti\u00f3n preparatoria<br \/>\n3. Medida prejudicial de absoluci\u00f3n de posiciones<br \/>\n4. Medida prejudicial declaraci\u00f3n de testigos gesti\u00f3n preparatoria<br \/>\n5. Medida prejudicial exhibici\u00f3n de documentos gesti\u00f3n preparatoria<br \/>\n6. Medida prejudicial informe de peritos gesti\u00f3n preparatoria<br \/>\n7. Medida prejudicial inspecci\u00f3n personal del tribunal gesti\u00f3n preparatoria<br \/>\n8. Prohibici\u00f3n de celebrar actos y contratos<br \/>\n9. Retenci\u00f3n de especies<br \/>\n10. Secuestro de especies<\/li>\n<li style=\"font-weight: 400;\"><b><strong> DEMANDAS<\/strong><\/b><\/li>\n<li style=\"font-weight: 400;\">Demanda cobro de pesos en dinero reajustable<br \/>\n12. Demanda de cobro de pesos ordinario<br \/>\n13. Demanda de indemnizaci\u00f3n de perjuicios en juicio ordinario<br \/>\n14. Demanda en juicio ordinario<br \/>\n15. Demanda indemnizaci\u00f3n de perjuicios da\u00f1os ordinario<br \/>\n16. Demanda indemnizaci\u00f3n de perjuicios ordinario<br \/>\n17. Demanda nulidad de contrato y reivindicaci\u00f3n ordinario<br \/>\n18. Demanda nulidad lesi\u00f3n enorme ordinario<br \/>\n19. Demanda ordinaria de prescripci\u00f3n de cheques<br \/>\n20. Demanda resoluci\u00f3n de contrato con indemnizaci\u00f3n de perjuicios ordinario<br \/>\n21. Prescripci\u00f3n de la deuda<br \/>\n22. Prescripci\u00f3n extintiva pagar\u00e9 menor cuant\u00eda<br \/>\n23. Reclamo judicial por monto de la indemnizaci\u00f3n por expropiaci\u00f3n sumario<\/li>\n<\/ol>\n<p style=\"font-weight: 400;\"><b><strong>III. CONTESTACIONES<\/strong><\/b><\/p>\n<ol start=\"24\">\n<li style=\"font-weight: 400;\">Contesta demanda ordinaria con demanda reconvencional<br \/>\n25. Contesta demanda ordinario<\/li>\n<li style=\"font-weight: 400;\"><b><strong> EXCEPCIONES<\/strong><\/b><\/li>\n<\/ol>\n<p style=\"font-weight: 400;\">IV.1. EXCEPCIONES DILATORIAS<br \/>\n26. Excepci\u00f3n dilatoria correcci\u00f3n del procedimiento<br \/>\n27. Excepci\u00f3n dilatoria de falta de capacidad del demandante<br \/>\n28. Excepci\u00f3n dilatoria de litis pendencia<br \/>\n29. Falta de designaci\u00f3n del tribunal incidente<br \/>\n30. Falta de hechos de derecho incidente<br \/>\n31. Incompetencia por declinatoria<br \/>\n32. Incompetencia por inhibitoria ineptitud del libelo<br \/>\n33. Opone beneficio de excusi\u00f3n ordinario<br \/>\n34. Opone la excepci\u00f3n dilatoria que indica<\/p>\n<p style=\"font-weight: 400;\">IV.2. EXCEPCIONES PERENTORIAS<br \/>\n35. Perentoria de cosa juzgada<br \/>\n36. Perentoria de pago efectivo<br \/>\n37. Perentoria de prescripci\u00f3n<br \/>\n38. Perentoria de transacci\u00f3n<\/p>\n<ol>\n<li style=\"font-weight: 400;\"><b><strong> R\u00c9PLICA<\/strong><\/b><\/li>\n<li style=\"font-weight: 400;\">R\u00e9plica<\/li>\n<li style=\"font-weight: 400;\"><b><strong> D\u00daPLICA<\/strong><\/b><\/li>\n<li style=\"font-weight: 400;\">D\u00faplica<br \/>\n41. D\u00faplica reconvencional<\/p>\n<p><b><strong>VII. T\u00c9RMINO PROBATORIO<\/p>\n<p><\/strong><\/b>42. Acompa\u00f1a documento privado bajo apercibimiento<br \/>\n43. Acompa\u00f1a documento, con citaci\u00f3n<br \/>\n44. Aumento extraordinario del t\u00e9rmino de prueba para rendirla en la ciudad que indica<br \/>\n45. Aumento extraordinario del t\u00e9rmino de prueba para rendirla fuera del pa\u00eds<br \/>\n46. D\u00eda y hora para absoluci\u00f3n de posiciones<br \/>\n47. Designaci\u00f3n de un Receptor ad hoc, subsidio entorpecimiento<br \/>\n48. Fijaci\u00f3n de honorarios perito<br \/>\n49. Impugna documentos<br \/>\n50. Minuta de puntos de prueba<br \/>\n51. Presta declaraci\u00f3n de oficio<br \/>\n52. Reducen, de consuno, el t\u00e9rmino probatorio<br \/>\n53. Renuncian al t\u00e9rmino probatorio<br \/>\n54. Se decrete la exhibici\u00f3n del documento que indica<br \/>\n55. Se tengan por confesados los hechos que indica<br \/>\n56. Solicita arresto de testigo<br \/>\n57. Solicita certificaci\u00f3n de hechos en autos<br \/>\n58. Solicita designaci\u00f3n de peritos<br \/>\n59. Solicita designaci\u00f3n de un perito adjunto<br \/>\n60. Solicita d\u00eda y hora para rendir la prueba testimonial<br \/>\n61. Solicita fijaci\u00f3n previa de honorarios perito<br \/>\n62. Solicita inspecci\u00f3n personal del Tribunal<br \/>\n63. Solicita ordene al ministro de Fe que se indica, certificar hechos, con citaci\u00f3n<br \/>\n64. Solicita se cite a testigo que indica<br \/>\n65. Solicita t\u00e9rmino probatorio especial<br \/>\n66. Suspenden el t\u00e9rmino probatorio, de consuno<br \/>\n67. T\u00e9rmino probatorio especial<br \/>\n68. F\u00f3rmula observaciones a la prueba<\/li>\n<\/ol>\n<p style=\"font-weight: 400;\"><b><strong>CAP\u00cdTULO II<\/strong><\/b><br \/>\n<b><strong>PROCEDIMIENTO EJECUTIVO<\/strong><\/b><\/p>\n<ol>\n<li style=\"font-weight: 400;\"><b><strong> GESTI\u00d3N PREPARATORIA<\/strong><\/b><\/li>\n<li style=\"font-weight: 400;\">Citaci\u00f3n a confesar deuda<br \/>\n70. Citaci\u00f3n a reconocer firma y confesar deuda cheque<br \/>\n71. Citaci\u00f3n a reconocer firma y confesar deuda letra de cambio<br \/>\n72. Citaci\u00f3n a reconocer firma y confesar deuda<br \/>\n73. Notificaci\u00f3n de desposeimiento<br \/>\n74. Notificaci\u00f3n de protesto de cheque<br \/>\n75. Notificaci\u00f3n de protesto de letra<br \/>\n76. Opone tacha de falsedad cheque<br \/>\n77. Opone tacha de falsedad letra de cambio<br \/>\n78. Opone tacha de falsedad pagar\u00e9<\/li>\n<li style=\"font-weight: 400;\"><b><strong> CUADERNO PRINCIPAL<\/strong><\/b><\/li>\n<\/ol>\n<p style=\"font-weight: 400;\">II.1. DEMANDAS<br \/>\n79. Acci\u00f3n desposeimiento<br \/>\n80. Acci\u00f3n hipotecaria seg\u00fan Ley de Bancos<br \/>\n81. Cobro de cheque<br \/>\n82. Cobro de letra de cambio<br \/>\n83. Cumplimiento de contrato de compraventa<br \/>\n84. Cumplimiento de contrato de promesa<br \/>\n85. Cumplimiento obligaci\u00f3n de dar<br \/>\n86. Cumplimiento de obligaci\u00f3n de hacer<br \/>\n87. Cumplimiento obligaci\u00f3n de dar o de hacer o de no hacer<br \/>\n88. Demanda ejecutiva de prenda civil<br \/>\n89. Demanda ejecutiva de prenda de valores mobiliarios<br \/>\n90. Demanda ejecutiva otros<br \/>\n91. Demanda ejecutiva y mandamiento cobro pagar\u00e9<br \/>\n92. Realizaci\u00f3n de prenda sin desplazamiento<br \/>\n93. Requerimiento hipotecario de la Ley General de Bancos<\/p>\n<p style=\"font-weight: 400;\">II.2. OPOSICI\u00d3N DE EXCEPCIONES<\/p>\n<ol start=\"94\">\n<li style=\"font-weight: 400;\">Opone excepciones<br \/>\n95. Evacua traslado respecto de las excepciones opuestas por la ejecutada<\/li>\n<\/ol>\n<p style=\"font-weight: 400;\"><b><strong>III. CUADERNO DE APREMIO<\/strong><\/b><\/p>\n<p style=\"font-weight: 400;\">III.1. EMBARGO<br \/>\n96. Embargo de fondos en cuenta corriente bancaria<br \/>\n97. Fuerza p\u00fablica para embargar<br \/>\n98. Se alce el embargo<br \/>\n99. Se excluyan del embargo los bienes que indica<br \/>\n100. Se\u00f1ala bienes para la traba del embargo<br \/>\n101. Solicita ampliaci\u00f3n de embargo<\/p>\n<p style=\"font-weight: 400;\">III.2. REMATE<br \/>\n102. Bases para la subasta<br \/>\n103. Consigna con citaci\u00f3n<br \/>\n104. D\u00eda y hora para la subasta<br \/>\n105. Nuevo m\u00ednimo para la subasta<br \/>\n106. Remate por requerimiento hipotecario de la Ley General de Bancos<br \/>\n107. Solicita reducci\u00f3n del aval\u00fao y nuevo d\u00eda y hora para la subasta<br \/>\n108. Solicita que se ordene retiro de especies<\/p>\n<p style=\"font-weight: 400;\">III.3. TASACI\u00d3N<\/p>\n<ol start=\"109\">\n<li style=\"font-weight: 400;\">Tasaci\u00f3n y certificado, con citaci\u00f3n<br \/>\n110. Tasaci\u00f3n<\/li>\n<li style=\"font-weight: 400;\"><b><strong> ESCRITOS VARIOS<\/strong><\/b><\/li>\n<li style=\"font-weight: 400;\">Certifique no haber opuesto tacha de falsedad de firma Gesti\u00f3n Notificaci\u00f3n Protesto de Letra<br \/>\n112. Se declara abandonado el procedimiento<br \/>\n113. Se desiste de la demanda ejecutiva, con reserva de derechos<br \/>\n114. Tasaci\u00f3n de costas<br \/>\n115. Tasaci\u00f3n y regulaci\u00f3n de costas<\/li>\n<\/ol>\n<p style=\"font-weight: 400;\"><b><strong>CAP\u00cdTULO III<\/strong><\/b><br \/>\n<b><strong>PROCEDIMIENTO VOLUNTARIO<\/strong><\/b><\/p>\n<ol>\n<li style=\"font-weight: 400;\"><b><strong> AUTORIZACIONES<\/strong><\/b><\/li>\n<li style=\"font-weight: 400;\">Autorizaci\u00f3n arrendar bienes ra\u00edces<br \/>\n117. Autorizaci\u00f3n enajenar bienes ra\u00edces<br \/>\n118. Autorizaci\u00f3n gravar bienes ra\u00edces<br \/>\n119. Autorizaci\u00f3n para constituir sociedad<br \/>\n120. Autorizaci\u00f3n para litigar<\/li>\n<li style=\"font-weight: 400;\"><b><strong> CAMBIO DE NOMBRE<\/strong><\/b><\/li>\n<li style=\"font-weight: 400;\">Rectificaci\u00f3n partida de nacimiento<br \/>\n122. Solicita cambio de nombre<\/li>\n<\/ol>\n<p style=\"font-weight: 400;\"><b><strong>III. EXTRAV\u00cdO DE T\u00cdTULO DE CR\u00c9DITO<\/strong><\/b><\/p>\n<ol start=\"123\">\n<li style=\"font-weight: 400;\">Se declare extrav\u00edo de documento que indica<\/li>\n<li style=\"font-weight: 400;\"><b><strong> INSCRIPCI\u00d3N EN REGISTRO VEH\u00cdCULOS MOTORIZADOS<\/strong><\/b><\/li>\n<li style=\"font-weight: 400;\">Inscripci\u00f3n presuntiva de veh\u00edculo<\/li>\n<li style=\"font-weight: 400;\"><b><strong> MUERTE PRESUNTA<\/strong><\/b><\/li>\n<li style=\"font-weight: 400;\">Declaraci\u00f3n de muerte presunta<\/li>\n<li style=\"font-weight: 400;\"><b><strong> POSESI\u00d3N EFECTIVA<\/strong><\/b><\/li>\n<li style=\"font-weight: 400;\">Acompa\u00f1a copia de la protocolizaci\u00f3n de inventario, y solicita la inscripci\u00f3n de la posesi\u00f3n efectiva<br \/>\n127. Ampliaci\u00f3n de inventario<br \/>\n128. Aprobaci\u00f3n del pago del impuesto de herencia<br \/>\n129. Con los documentos que acompa\u00f1a, solicita la posesi\u00f3n efectiva de la herencia que indica<br \/>\n130. Declaraci\u00f3n de herencia yacente<br \/>\n131. Inventario solemne presentaci\u00f3n judicial<br \/>\n132. Inventario solemne<br \/>\n133. Se tasen los bienes que indica, para el objeto que expresa<br \/>\n134. Solicita, para sus herederos, la posesi\u00f3n efectiva de la herencia que indica<br \/>\n135. Tasaci\u00f3n de bienes<\/li>\n<\/ol>\n<p style=\"font-weight: 400;\"><b><strong>VII. RECLAMO CONSERVADOR DE BIENES RA\u00cdCES<\/strong><\/b><\/p>\n<ol start=\"136\">\n<li style=\"font-weight: 400;\">Reclamo a negativa, conservador<br \/>\n137. Rectificaci\u00f3n de inscripciones<\/li>\n<\/ol>\n<p style=\"font-weight: 400;\"><b><strong>CAP\u00cdTULO IV<br \/>\nRECURSOS MATERIA CIVIL<\/strong><\/b><\/p>\n<p style=\"font-weight: 400;\"><b><strong>RECURSOS<\/strong><\/b><\/p>\n<ol start=\"138\">\n<li style=\"font-weight: 400;\">Recurso de apelaci\u00f3n<br \/>\n139. Recurso de casaci\u00f3n en el fondo<br \/>\n140. Recurso de casaci\u00f3n en la forma<br \/>\n141. Falso recurso de hecho inadmisible apelaci\u00f3n infundada<br \/>\n142. Falso recurso de hecho inadmisible apelaci\u00f3n resoluci\u00f3n inapelable<br \/>\n143. Recurso de hecho inadmisible apelaci\u00f3n por extempor\u00e1nea<br \/>\n144. Recurso de hecho falso recurso de hecho<br \/>\n145. Reposici\u00f3n, apelando en subsidio<br \/>\n146. Reposici\u00f3n<\/li>\n<\/ol>\n","protected":false},"excerpt":{"rendered":"<p>En esta nueva edici\u00f3n de Estrategia y Pr\u00e1ctica Profesional: Procesal Civil se tratan las siguientes tem\u00e1ticas: PROCEDIMIENTO ORDINARIO: Medidas prejudiciales \u2022 Demandas \u2022 Contestaciones \u2022 R\u00e9plica \u2022 D\u00faplica \u2022 T\u00e9rmino probatorio PROCEDIMIENTO EJECUTIVO: Gesti\u00f3n preparatoria \u2022 Cuaderno principal \u2022 Cuaderno de apremio PROCEDIMIENTO VOLUNTARIO: Autorizaciones \u2022 Cambio de nombre \u2022 Extrav\u00edo de t\u00edtulo de cr\u00e9dito \u2022 Inscripci\u00f3n en registro veh\u00edculos motorizados \u2022 Muerte presunta \u2022 Posesi\u00f3n efectiva \u2022 Reclamo en Conservador de Bienes Ra\u00edces RECURSOS EN MATERIA CIVIL Esta obra mantiene su car\u00e1cter completamente pr\u00e1ctico, al reunir en un volumen toda la documentaci\u00f3n necesaria para el ejercicio profesional en esta materia. Esta versi\u00f3n ha sido elaborada por el abogado An\u00edbal Cataldo S. CAP\u00cdTULO I PROCEDIMIENTO ORDINARIO MEDIDAS PREJUDICIALES Medida prejudicial certificaci\u00f3n de ministro de fe gesti\u00f3n preparatoria 2. Medida prejudicial constituci\u00f3n de apoderado gesti\u00f3n preparatoria 3. Medida prejudicial de absoluci\u00f3n de posiciones 4. Medida prejudicial declaraci\u00f3n de testigos gesti\u00f3n preparatoria 5. Medida prejudicial exhibici\u00f3n de documentos gesti\u00f3n preparatoria 6. Medida prejudicial informe de peritos gesti\u00f3n preparatoria 7. Medida prejudicial inspecci\u00f3n personal del tribunal gesti\u00f3n preparatoria 8. Prohibici\u00f3n de celebrar actos y contratos 9. Retenci\u00f3n de especies 10. Secuestro de especies DEMANDAS Demanda cobro de pesos en dinero reajustable 12. Demanda de cobro de pesos ordinario 13. Demanda de indemnizaci\u00f3n de perjuicios en juicio ordinario 14. Demanda en juicio ordinario 15. Demanda indemnizaci\u00f3n de perjuicios da\u00f1os ordinario 16. Demanda indemnizaci\u00f3n de perjuicios ordinario 17. Demanda nulidad de contrato y reivindicaci\u00f3n ordinario 18. Demanda nulidad lesi\u00f3n enorme ordinario 19. Demanda ordinaria de prescripci\u00f3n de cheques 20. Demanda resoluci\u00f3n de contrato con indemnizaci\u00f3n de perjuicios ordinario 21. Prescripci\u00f3n de la deuda 22. Prescripci\u00f3n extintiva pagar\u00e9 menor cuant\u00eda 23. Reclamo judicial por monto de la indemnizaci\u00f3n por expropiaci\u00f3n sumario III. CONTESTACIONES Contesta demanda ordinaria con demanda reconvencional 25. Contesta demanda ordinario EXCEPCIONES IV.1. EXCEPCIONES DILATORIAS 26. Excepci\u00f3n dilatoria correcci\u00f3n del procedimiento 27. Excepci\u00f3n dilatoria de falta de capacidad del demandante 28. Excepci\u00f3n dilatoria de litis pendencia 29. Falta de designaci\u00f3n del tribunal incidente 30. Falta de hechos de derecho incidente 31. Incompetencia por declinatoria 32. Incompetencia por inhibitoria ineptitud del libelo 33. Opone beneficio de excusi\u00f3n ordinario 34. Opone la excepci\u00f3n dilatoria que indica IV.2. EXCEPCIONES PERENTORIAS 35. Perentoria de cosa juzgada 36. Perentoria de pago efectivo 37. Perentoria de prescripci\u00f3n 38. Perentoria de transacci\u00f3n R\u00c9PLICA R\u00e9plica D\u00daPLICA D\u00faplica 41. D\u00faplica reconvencional VII. T\u00c9RMINO PROBATORIO 42. Acompa\u00f1a documento privado bajo apercibimiento 43. Acompa\u00f1a documento, con citaci\u00f3n 44. Aumento extraordinario del t\u00e9rmino de prueba para rendirla en la ciudad que indica 45. Aumento extraordinario del t\u00e9rmino de prueba para rendirla fuera del pa\u00eds 46. D\u00eda y hora para absoluci\u00f3n de posiciones 47. Designaci\u00f3n de un Receptor ad hoc, subsidio entorpecimiento 48. Fijaci\u00f3n de honorarios perito 49. Impugna documentos 50. Minuta de puntos de prueba 51. Presta declaraci\u00f3n de oficio 52. Reducen, de consuno, el t\u00e9rmino probatorio 53. Renuncian al t\u00e9rmino probatorio 54. Se decrete la exhibici\u00f3n del documento que indica 55. Se tengan por confesados los hechos que indica 56. Solicita arresto de testigo 57. Solicita certificaci\u00f3n de hechos en autos 58. Solicita designaci\u00f3n de peritos 59. Solicita designaci\u00f3n de un perito adjunto 60. Solicita d\u00eda y hora para rendir la prueba testimonial 61. Solicita fijaci\u00f3n previa de honorarios perito 62. Solicita inspecci\u00f3n personal del Tribunal 63. Solicita ordene al ministro de Fe que se indica, certificar hechos, con citaci\u00f3n 64. Solicita se cite a testigo que indica 65. Solicita t\u00e9rmino probatorio especial 66. Suspenden el t\u00e9rmino probatorio, de consuno 67. T\u00e9rmino probatorio especial 68. F\u00f3rmula observaciones a la prueba CAP\u00cdTULO II PROCEDIMIENTO EJECUTIVO GESTI\u00d3N PREPARATORIA Citaci\u00f3n a confesar deuda 70. Citaci\u00f3n a reconocer firma y confesar deuda cheque 71. Citaci\u00f3n a reconocer firma y confesar deuda letra de cambio 72. Citaci\u00f3n a reconocer firma y confesar deuda 73. Notificaci\u00f3n de desposeimiento 74. Notificaci\u00f3n de protesto de cheque 75. Notificaci\u00f3n de protesto de letra 76. Opone tacha de falsedad cheque 77. Opone tacha de falsedad letra de cambio 78. Opone tacha de falsedad pagar\u00e9 CUADERNO PRINCIPAL II.1. DEMANDAS 79. Acci\u00f3n desposeimiento 80. Acci\u00f3n hipotecaria seg\u00fan Ley de Bancos 81. Cobro de cheque 82. Cobro de letra de cambio 83. Cumplimiento de contrato de compraventa 84. Cumplimiento de contrato de promesa 85. Cumplimiento obligaci\u00f3n de dar 86. Cumplimiento de obligaci\u00f3n de hacer 87. Cumplimiento obligaci\u00f3n de dar o de hacer o de no hacer 88. Demanda ejecutiva de prenda civil 89. Demanda ejecutiva de prenda de valores mobiliarios 90. Demanda ejecutiva otros 91. Demanda ejecutiva y mandamiento cobro pagar\u00e9 92. Realizaci\u00f3n de prenda sin desplazamiento 93. Requerimiento hipotecario de la Ley General de Bancos II.2. OPOSICI\u00d3N DE EXCEPCIONES Opone excepciones 95. Evacua traslado respecto de las excepciones opuestas por la ejecutada III. CUADERNO DE APREMIO III.1. EMBARGO 96. Embargo de fondos en cuenta corriente bancaria 97. Fuerza p\u00fablica para embargar 98. Se alce el embargo 99. Se excluyan del embargo los bienes que indica 100. Se\u00f1ala bienes para la traba del embargo 101. Solicita ampliaci\u00f3n de embargo III.2. REMATE 102. Bases para la subasta 103. Consigna con citaci\u00f3n 104. D\u00eda y hora para la subasta 105. Nuevo m\u00ednimo para la subasta 106. Remate por requerimiento hipotecario de la Ley General de Bancos 107. Solicita reducci\u00f3n del aval\u00fao y nuevo d\u00eda y hora para la subasta 108. Solicita que se ordene retiro de especies III.3. TASACI\u00d3N Tasaci\u00f3n y certificado, con citaci\u00f3n 110. Tasaci\u00f3n ESCRITOS VARIOS Certifique no haber opuesto tacha de falsedad de firma Gesti\u00f3n Notificaci\u00f3n Protesto de Letra 112. Se declara abandonado el procedimiento 113. Se desiste de la demanda ejecutiva, con reserva de derechos 114. Tasaci\u00f3n de costas 115. Tasaci\u00f3n y regulaci\u00f3n de costas CAP\u00cdTULO III PROCEDIMIENTO VOLUNTARIO AUTORIZACIONES Autorizaci\u00f3n arrendar bienes ra\u00edces 117. Autorizaci\u00f3n enajenar bienes ra\u00edces 118. Autorizaci\u00f3n gravar bienes ra\u00edces 119. Autorizaci\u00f3n para constituir sociedad 120. Autorizaci\u00f3n para litigar CAMBIO DE NOMBRE Rectificaci\u00f3n partida de nacimiento 122. Solicita cambio de nombre III. EXTRAV\u00cdO DE T\u00cdTULO DE CR\u00c9DITO Se declare extrav\u00edo de documento que indica INSCRIPCI\u00d3N EN REGISTRO VEH\u00cdCULOS MOTORIZADOS Inscripci\u00f3n presuntiva de veh\u00edculo MUERTE PRESUNTA Declaraci\u00f3n de muerte presunta POSESI\u00d3N EFECTIVA<\/p>\n","protected":false},"featured_media":4060,"comment_status":"open","ping_status":"closed","template":"","meta":{"inline_featured_image":false,"_joinchat":[]},"product_brand":[],"product_cat":[39,42],"product_tag":[],"class_list":{"0":"post-4012","1":"product","2":"type-product","3":"status-publish","4":"has-post-thumbnail","6":"product_cat-procesal-civil","7":"product_cat-thomson-reuters","8":"product_shipping_class-a-convenir","10":"first","11":"instock","12":"shipping-taxable","13":"purchasable","14":"product-type-simple"},"_links":{"self":[{"href":"https:\/\/bibliotecajuridicavirtual.cl\/index.php\/wp-json\/wp\/v2\/product\/4012","targetHints":{"allow":["GET"]}}],"collection":[{"href":"https:\/\/bibliotecajuridicavirtual.cl\/index.php\/wp-json\/wp\/v2\/product"}],"about":[{"href":"https:\/\/bibliotecajuridicavirtual.cl\/index.php\/wp-json\/wp\/v2\/types\/product"}],"replies":[{"embeddable":true,"href":"https:\/\/bibliotecajuridicavirtual.cl\/index.php\/wp-json\/wp\/v2\/comments?post=4012"}],"wp:featuredmedia":[{"embeddable":true,"href":"https:\/\/bibliotecajuridicavirtual.cl\/index.php\/wp-json\/wp\/v2\/media\/4060"}],"wp:attachment":[{"href":"https:\/\/bibliotecajuridicavirtual.cl\/index.php\/wp-json\/wp\/v2\/media?parent=4012"}],"wp:term":[{"taxonomy":"product_brand","embeddable":true,"href":"https:\/\/bibliotecajuridicavirtual.cl\/index.php\/wp-json\/wp\/v2\/product_brand?post=4012"},{"taxonomy":"product_cat","embeddable":true,"href":"https:\/\/bibliotecajuridicavirtual.cl\/index.php\/wp-json\/wp\/v2\/product_cat?post=4012"},{"taxonomy":"product_tag","embeddable":true,"href":"https:\/\/bibliotecajuridicavirtual.cl\/index.php\/wp-json\/wp\/v2\/product_tag?post=4012"}],"curies":[{"name":"wp","href":"https:\/\/api.w.org\/{rel}","templated":true}]}}