{"id":4016,"date":"2026-02-28T01:22:13","date_gmt":"2026-02-28T04:22:13","guid":{"rendered":"https:\/\/bibliotecajuridicavirtual.cl\/?post_type=product&#038;p=4016"},"modified":"2026-02-28T01:22:44","modified_gmt":"2026-02-28T04:22:44","slug":"problemas-actuales-sobre-la-ejecucion-viii-jornadas-nacionales-de-derecho-procesal-ano-2022-790-pag-autor-raul-nunez-ojeda","status":"publish","type":"product","link":"https:\/\/bibliotecajuridicavirtual.cl\/index.php\/product\/problemas-actuales-sobre-la-ejecucion-viii-jornadas-nacionales-de-derecho-procesal-ano-2022-790-pag-autor-raul-nunez-ojeda\/","title":{"rendered":"Problemas Actuales sobre la Ejecuci\u00f3n- VIII Jornadas Nacionales de Derecho Procesal . A\u00f1o 2022\/ 790 P\u00e1g. Autor Ra\u00fal N\u00fa\u00f1ez Ojeda"},"content":{"rendered":"<p style=\"font-weight: 400;\">Los trabajos reunidos en la presente obra discurren sobre la ejecuci\u00f3n, tanto en materia civil, penal y en otras especiales como el contencioso-administrativo, laboral, familia, consumo, arbitraje, medidas cautelares, por nombrar algunas. En ellos, los lectores podr\u00e1n apreciar las actuales discusiones dogm\u00e1ticas, pr\u00e1cticas y jurisprudenciales sobre la ejecuci\u00f3n, tanto en Chile como en pa\u00edses de Europa. Los trabajos constituyen las versiones escritas de las conferencias y ponencias presentadas durante las VIII Jornadas Nacionales de Derecho Procesal, celebradas en Valpara\u00edso en noviembre de 2021, organizadas por la Facultad y Escuela de Derecho de la Pontificia Universidad Cat\u00f3lica de Valpara\u00edso.<\/p>\n<p style=\"font-weight: 400;\"><b><strong>PRIMERA SECCI\u00d3N<\/strong><\/b><br \/>\n<b><strong>CONFERENCIAS<\/strong><\/b><\/p>\n<p style=\"font-weight: 400;\"><em>Ejecuci\u00f3n y Teor\u00eda General del Proceso<\/em><br \/>\nSoraya Amrani-Mekki<\/p>\n<p style=\"font-weight: 400;\"><em>La nueva cara de la ejecuci\u00f3n penal en Italia: desarrollos y perspectivas<\/em><br \/>\nLuca Lup\u00e1ria<\/p>\n<p style=\"font-weight: 400;\"><em>El Derecho Procesal: Los principios en tiempos de cambio con orden a consolidarse en el texto de una nueva Constituci\u00f3n<\/em><br \/>\nCristi\u00e1n Maturana Miquel<\/p>\n<p style=\"font-weight: 400;\"><em>Orden p\u00fablico procesal<\/em><br \/>\nRa\u00fal Tavolari Oliveros<\/p>\n<p style=\"font-weight: 400;\"><b><strong>SEGUNDA SECCI\u00d3N<br \/>\nPONENCIAS<\/strong><\/b><\/p>\n<p style=\"font-weight: 400;\"><b><strong>CAP\u00cdTULO I<\/strong><\/b><br \/>\n<b><strong>LA EJECUCI\u00d3N CIVIL<\/strong><\/b><\/p>\n<p style=\"font-weight: 400;\"><em>La tutela de los intereses del deudor en la ejecuci\u00f3n civil. Bases para una comprensi\u00f3n dogm\u00e1tica<\/em><br \/>\nThomas Vogt Geisse<\/p>\n<p style=\"font-weight: 400;\"><em>La extensi\u00f3n subjetiva de la sentencia contra un codeudor solidario respecto de los dem\u00e1s no emplazados y el efecto ejecutivo de las sentencias<\/em><br \/>\nPablo Jos\u00e9 Recabarren Vial<\/p>\n<p style=\"font-weight: 400;\"><em>El cumplimiento incidental de las sentencias<\/em><br \/>\nClaudio D\u00edaz Uribe<\/p>\n<p style=\"font-weight: 400;\"><em>La cosa juzgada progresiva y la ejecuci\u00f3n parcial de la sentencia en el proceso civil chileno<\/em><br \/>\nPriscila Machado Martins<\/p>\n<p style=\"font-weight: 400;\"><em>Problemas de la ejecuci\u00f3n de sentencias recurridas de casaci\u00f3n<\/em><br \/>\nGonzalo Cortez Matcovich<\/p>\n<p style=\"font-weight: 400;\"><em>La incidencia de la procedencia gen\u00e9rica del recurso de apelaci\u00f3n y sus efectos en el retardo de la ejecuci\u00f3n de las resoluciones judiciales<\/em><br \/>\nJaviera Contreras Franichevic<\/p>\n<p style=\"font-weight: 400;\"><em>El cumplimiento de las medidas cautelares dictadas en el extranjero en el proceso civil chileno<\/em><br \/>\nAlejandro Romero Seguel &#8211; Pablo Recabarren Vial<\/p>\n<p style=\"font-weight: 400;\"><b><strong>CAP\u00cdTULO II<\/strong><\/b><br \/>\n<b><strong>REFORMAS A LA EJECUCI\u00d3N CIVIL<\/strong><\/b><\/p>\n<p style=\"font-weight: 400;\"><em>Nuevo procedimiento ejecutivo en el proyecto de C\u00f3digo Procesal Civil chileno<\/em><br \/>\nJos\u00e9 Pedro Silva Prado<\/p>\n<p style=\"font-weight: 400;\"><em>Mejoras a la ejecuci\u00f3n civil y comercial: bienestar general y profundizaci\u00f3n del derecho de acceso a la justicia<\/em><br \/>\nCristi\u00e1n Letelier G\u00e1lvez<\/p>\n<p style=\"font-weight: 400;\"><em>Desjudicializaci\u00f3n: el camino hacia una tutela judicial efectiva<\/em><br \/>\nMonserrat C\u00e1rcamo Escobar<\/p>\n<p style=\"font-weight: 400;\"><em>Los derechos de deudores y deudoras en los procesos de ejecuci\u00f3n civil<\/em><br \/>\nMacarena Vargas Pavez<\/p>\n<p style=\"font-weight: 400;\"><em>El procedimiento monitorio en materia civil<\/em><br \/>\nBel\u00e9n Paz Carri\u00f3n Griffiths<\/p>\n<p style=\"font-weight: 400;\"><b><strong>CAP\u00cdTULO III<\/strong><\/b><br \/>\n<b><strong>LA EJECUCI\u00d3N PENAL<\/strong><\/b><\/p>\n<p style=\"font-weight: 400;\"><em>La presunci\u00f3n de inocencia en la fase de ejecuci\u00f3n penal<\/em><br \/>\nSilvana Adaros Rojas<\/p>\n<p style=\"font-weight: 400;\"><em>La participaci\u00f3n de la v\u00edctima en la ejecuci\u00f3n de las penas privativas de libertad. Fundamento y l\u00edmite<\/em><br \/>\nRa\u00fal N\u00fa\u00f1ez Ojeda<\/p>\n<p style=\"font-weight: 400;\"><em>Consideraciones jur\u00eddicas respecto a la incorporaci\u00f3n de la v\u00edctima en la etapa de ejecuci\u00f3n penal en Chile<\/em><br \/>\nBarbara Tafur Chirinos &#8211; Ignacia Vergara Caroca<\/p>\n<p style=\"font-weight: 400;\"><b><strong>CAP\u00cdTULO IV<\/strong><\/b><br \/>\n<b><strong>EJECUCI\u00d3N DE SENTENCIAS DEL TRIBUNAL CONSTITUCIONAL<\/strong><\/b><\/p>\n<p style=\"font-weight: 400;\"><em>La acci\u00f3n de incumplimiento como una propuesta para garantizar la ejecuci\u00f3n de las sentencias constitucionales<\/em><br \/>\nEdison Calahorrano Latorre<\/p>\n<p style=\"font-weight: 400;\"><em>\u00bfEjecuci\u00f3n o cumplimiento? de las sentencias de inaplicabilidad por inconstitucionalidad<\/em><br \/>\nJos\u00e9 Francisco Leyton Jim\u00e9nez<\/p>\n<p style=\"font-weight: 400;\"><b><strong>CAP\u00cdTULO V<\/strong><\/b><br \/>\n<b><strong>LA EJECUCI\u00d3N EN PROCEDIMIENTOS ESPECIALES<\/strong><\/b><\/p>\n<p style=\"font-weight: 400;\"><em>Ejecuci\u00f3n de las sentencias de reparaci\u00f3n del da\u00f1o ambiental: desaf\u00edos para el derecho procesal<\/em><br \/>\nIv\u00e1n Hunter Ampuero<\/p>\n<p style=\"font-weight: 400;\"><em>Cumplimiento de las resoluciones que decretan la demolici\u00f3n de una obra material: entre la autotutela administrativa y la ejecuci\u00f3n de las obligaciones de hacer<\/em><br \/>\nSoph\u00eda Romero Rodr\u00edguez<\/p>\n<p style=\"font-weight: 400;\"><em>Algunas reflexiones sobre la ejecuci\u00f3n de las pensiones de alimentos para ni\u00f1os en Chile: \u00bfhacia un sistema de garant\u00eda p\u00fablica por incumplimiento?<\/em><br \/>\nFrancesco Carretta Mu\u00f1oz<\/p>\n<p style=\"font-weight: 400;\"><b><strong>CAP\u00cdTULO VI<\/strong><\/b><br \/>\n<b><strong>CUMPLIMIENTO EN EL \u00c1MBITO DE PROCESOS DE PROTECCI\u00d3N DE DERECHOS COLECTIVOS Y DIFUSOS<\/strong><\/b><\/p>\n<p style=\"font-weight: 400;\"><em>Mediaci\u00f3n y otros problemas de la ejecuci\u00f3n colectiva en Chile<\/em><br \/>\nJordi Delgado Castro<\/p>\n<p style=\"font-weight: 400;\"><em>Algunos problemas sobre la ejecuci\u00f3n forzada del acuerdo logrado en un procedimiento voluntario colectivo<\/em><br \/>\nJaime Carrasco Poblete<\/p>\n<p style=\"font-weight: 400;\"><em>Liquidaci\u00f3n, ejecuci\u00f3n e implementaci\u00f3n de la sentencia colectiva<\/em><br \/>\nMaite Aguirrezabal Gr\u00fcnstein<\/p>\n<p><em>Cumplimiento de la sentencia y de los acuerdos alcanzados en los procedimientos de tutela de los derechos de los consumidores<\/em><br \/>\nMaximiliano Landeros Fern\u00e1ndez<\/p>\n<p style=\"font-weight: 400;\"><b><strong>CAP\u00cdTULO VII<\/strong><\/b><br \/>\n<b><strong>EJECUCI\u00d3N CONCURSAL E INSOLVENCIA<\/strong><\/b><\/p>\n<p style=\"font-weight: 400;\"><em>Tendencias en la Uni\u00f3n Europea en materia de procesos concursales<\/em><br \/>\nMa Jes\u00fas Ariza Colmenarejo<\/p>\n<p style=\"font-weight: 400;\"><em>Ejecuci\u00f3n concursal y eficiencia concursal ex post<br \/>\n<\/em>Nicol\u00e1s Ignacio Ariel Carrasco Delgado<em><br \/>\n<\/em><\/p>\n<p style=\"font-weight: 400;\"><b><strong>CAP\u00cdTULO VIII<\/strong><\/b><br \/>\n<b><strong>EJECUCI\u00d3N LABORAL<\/strong><\/b><\/p>\n<p style=\"font-weight: 400;\"><em>Algunas notas sobre el control de legitimaci\u00f3n y la ejecuci\u00f3n laboral<\/em><br \/>\nPablo Mart\u00ednez Z\u00fa\u00f1iga<\/p>\n<p style=\"font-weight: 400;\"><em>(Im)procedencia del recurso de apelaci\u00f3n en el procedimiento ejecutivo laboral<\/em><br \/>\nEnrique Letelier Loyola &#8211; Javiera Torres Jara<\/p>\n<p style=\"font-weight: 400;\"><em>La resoluci\u00f3n que acoge la pretensi\u00f3n del demandante en el procedimiento monitorio laboral: \u00bfUna hip\u00f3tesis de ejecuci\u00f3n provisional?<\/em><br \/>\nEsteban Torres Chinchilla<\/p>\n<p style=\"font-weight: 400;\"><em>\u201cNadie sabe para qui\u00e9n trabaja\u201d: la funci\u00f3n cautelar identificatoria en la ejecuci\u00f3n laboral<\/em><br \/>\nOscar Silva \u00c1lvarez<\/p>\n<p style=\"font-weight: 400;\"><b><strong>CAP\u00cdTULO IX<\/strong><\/b><br \/>\n<b><strong>EJECUCI\u00d3N Y ARBITRAJE<\/strong><\/b><\/p>\n<p style=\"font-weight: 400;\"><em>Algunos problemas ligados al sistema recursivo y de ejecuci\u00f3n planteado en Chile, respecto de laudos arbitrales comerciales internacionales. Revisi\u00f3n de sentencias pronunciadas por tribunales estatales en la \u00faltima d\u00e9cada<\/em><br \/>\nM. Fernanda V\u00e1squez Palma<\/p>\n<p style=\"font-weight: 400;\"><em>Ejecuci\u00f3n de Laudos Arbitrales del CIADI y Privilegios Procesales de la Administraci\u00f3n del Estado: \u00bfIncumplimiento de los art\u00edculos 53 y 54 del CIADI?<\/em><br \/>\nLukas Hudson Herranz<\/p>\n<p style=\"font-weight: 400;\"><em>La ejecuci\u00f3n de un laudo extranjero y la inarbitrabilidad: Reflexiones en torno a las disputas de propiedad industrial<\/em><br \/>\nAyllen Gil Seaton<\/p>\n","protected":false},"excerpt":{"rendered":"<p>Los trabajos reunidos en la presente obra discurren sobre la ejecuci\u00f3n, tanto en materia civil, penal y en otras especiales como el contencioso-administrativo, laboral, familia, consumo, arbitraje, medidas cautelares, por nombrar algunas. En ellos, los lectores podr\u00e1n apreciar las actuales discusiones dogm\u00e1ticas, pr\u00e1cticas y jurisprudenciales sobre la ejecuci\u00f3n, tanto en Chile como en pa\u00edses de Europa. Los trabajos constituyen las versiones escritas de las conferencias y ponencias presentadas durante las VIII Jornadas Nacionales de Derecho Procesal, celebradas en Valpara\u00edso en noviembre de 2021, organizadas por la Facultad y Escuela de Derecho de la Pontificia Universidad Cat\u00f3lica de Valpara\u00edso. PRIMERA SECCI\u00d3N CONFERENCIAS Ejecuci\u00f3n y Teor\u00eda General del Proceso Soraya Amrani-Mekki La nueva cara de la ejecuci\u00f3n penal en Italia: desarrollos y perspectivas Luca Lup\u00e1ria El Derecho Procesal: Los principios en tiempos de cambio con orden a consolidarse en el texto de una nueva Constituci\u00f3n Cristi\u00e1n Maturana Miquel Orden p\u00fablico procesal Ra\u00fal Tavolari Oliveros SEGUNDA SECCI\u00d3N PONENCIAS CAP\u00cdTULO I LA EJECUCI\u00d3N CIVIL La tutela de los intereses del deudor en la ejecuci\u00f3n civil. Bases para una comprensi\u00f3n dogm\u00e1tica Thomas Vogt Geisse La extensi\u00f3n subjetiva de la sentencia contra un codeudor solidario respecto de los dem\u00e1s no emplazados y el efecto ejecutivo de las sentencias Pablo Jos\u00e9 Recabarren Vial El cumplimiento incidental de las sentencias Claudio D\u00edaz Uribe La cosa juzgada progresiva y la ejecuci\u00f3n parcial de la sentencia en el proceso civil chileno Priscila Machado Martins Problemas de la ejecuci\u00f3n de sentencias recurridas de casaci\u00f3n Gonzalo Cortez Matcovich La incidencia de la procedencia gen\u00e9rica del recurso de apelaci\u00f3n y sus efectos en el retardo de la ejecuci\u00f3n de las resoluciones judiciales Javiera Contreras Franichevic El cumplimiento de las medidas cautelares dictadas en el extranjero en el proceso civil chileno Alejandro Romero Seguel &#8211; Pablo Recabarren Vial CAP\u00cdTULO II REFORMAS A LA EJECUCI\u00d3N CIVIL Nuevo procedimiento ejecutivo en el proyecto de C\u00f3digo Procesal Civil chileno Jos\u00e9 Pedro Silva Prado Mejoras a la ejecuci\u00f3n civil y comercial: bienestar general y profundizaci\u00f3n del derecho de acceso a la justicia Cristi\u00e1n Letelier G\u00e1lvez Desjudicializaci\u00f3n: el camino hacia una tutela judicial efectiva Monserrat C\u00e1rcamo Escobar Los derechos de deudores y deudoras en los procesos de ejecuci\u00f3n civil Macarena Vargas Pavez El procedimiento monitorio en materia civil Bel\u00e9n Paz Carri\u00f3n Griffiths CAP\u00cdTULO III LA EJECUCI\u00d3N PENAL La presunci\u00f3n de inocencia en la fase de ejecuci\u00f3n penal Silvana Adaros Rojas La participaci\u00f3n de la v\u00edctima en la ejecuci\u00f3n de las penas privativas de libertad. Fundamento y l\u00edmite Ra\u00fal N\u00fa\u00f1ez Ojeda Consideraciones jur\u00eddicas respecto a la incorporaci\u00f3n de la v\u00edctima en la etapa de ejecuci\u00f3n penal en Chile Barbara Tafur Chirinos &#8211; Ignacia Vergara Caroca CAP\u00cdTULO IV EJECUCI\u00d3N DE SENTENCIAS DEL TRIBUNAL CONSTITUCIONAL La acci\u00f3n de incumplimiento como una propuesta para garantizar la ejecuci\u00f3n de las sentencias constitucionales Edison Calahorrano Latorre \u00bfEjecuci\u00f3n o cumplimiento? de las sentencias de inaplicabilidad por inconstitucionalidad Jos\u00e9 Francisco Leyton Jim\u00e9nez CAP\u00cdTULO V LA EJECUCI\u00d3N EN PROCEDIMIENTOS ESPECIALES Ejecuci\u00f3n de las sentencias de reparaci\u00f3n del da\u00f1o ambiental: desaf\u00edos para el derecho procesal Iv\u00e1n Hunter Ampuero Cumplimiento de las resoluciones que decretan la demolici\u00f3n de una obra material: entre la autotutela administrativa y la ejecuci\u00f3n de las obligaciones de hacer Soph\u00eda Romero Rodr\u00edguez Algunas reflexiones sobre la ejecuci\u00f3n de las pensiones de alimentos para ni\u00f1os en Chile: \u00bfhacia un sistema de garant\u00eda p\u00fablica por incumplimiento? Francesco Carretta Mu\u00f1oz CAP\u00cdTULO VI CUMPLIMIENTO EN EL \u00c1MBITO DE PROCESOS DE PROTECCI\u00d3N DE DERECHOS COLECTIVOS Y DIFUSOS Mediaci\u00f3n y otros problemas de la ejecuci\u00f3n colectiva en Chile Jordi Delgado Castro Algunos problemas sobre la ejecuci\u00f3n forzada del acuerdo logrado en un procedimiento voluntario colectivo Jaime Carrasco Poblete Liquidaci\u00f3n, ejecuci\u00f3n e implementaci\u00f3n de la sentencia colectiva Maite Aguirrezabal Gr\u00fcnstein Cumplimiento de la sentencia y de los acuerdos alcanzados en los procedimientos de tutela de los derechos de los consumidores Maximiliano Landeros Fern\u00e1ndez CAP\u00cdTULO VII EJECUCI\u00d3N CONCURSAL E INSOLVENCIA Tendencias en la Uni\u00f3n Europea en materia de procesos concursales Ma Jes\u00fas Ariza Colmenarejo Ejecuci\u00f3n concursal y eficiencia concursal ex post Nicol\u00e1s Ignacio Ariel Carrasco Delgado CAP\u00cdTULO VIII EJECUCI\u00d3N LABORAL Algunas notas sobre el control de legitimaci\u00f3n y la ejecuci\u00f3n laboral Pablo Mart\u00ednez Z\u00fa\u00f1iga (Im)procedencia del recurso de apelaci\u00f3n en el procedimiento ejecutivo laboral Enrique Letelier Loyola &#8211; Javiera Torres Jara La resoluci\u00f3n que acoge la pretensi\u00f3n del demandante en el procedimiento monitorio laboral: \u00bfUna hip\u00f3tesis de ejecuci\u00f3n provisional? Esteban Torres Chinchilla \u201cNadie sabe para qui\u00e9n trabaja\u201d: la funci\u00f3n cautelar identificatoria en la ejecuci\u00f3n laboral Oscar Silva \u00c1lvarez CAP\u00cdTULO IX EJECUCI\u00d3N Y ARBITRAJE Algunos problemas ligados al sistema recursivo y de ejecuci\u00f3n planteado en Chile, respecto de laudos arbitrales comerciales internacionales. Revisi\u00f3n de sentencias pronunciadas por tribunales estatales en la \u00faltima d\u00e9cada M. Fernanda V\u00e1squez Palma Ejecuci\u00f3n de Laudos Arbitrales del CIADI y Privilegios Procesales de la Administraci\u00f3n del Estado: \u00bfIncumplimiento de los art\u00edculos 53 y 54 del CIADI? Lukas Hudson Herranz La ejecuci\u00f3n de un laudo extranjero y la inarbitrabilidad: Reflexiones en torno a las disputas de propiedad industrial Ayllen Gil Seaton<\/p>\n","protected":false},"featured_media":4064,"comment_status":"open","ping_status":"closed","template":"","meta":{"inline_featured_image":false,"_joinchat":[]},"product_brand":[],"product_cat":[42],"product_tag":[],"class_list":{"0":"post-4016","1":"product","2":"type-product","3":"status-publish","4":"has-post-thumbnail","6":"product_cat-thomson-reuters","7":"product_shipping_class-a-convenir","9":"first","10":"instock","11":"shipping-taxable","12":"purchasable","13":"product-type-simple"},"_links":{"self":[{"href":"https:\/\/bibliotecajuridicavirtual.cl\/index.php\/wp-json\/wp\/v2\/product\/4016","targetHints":{"allow":["GET"]}}],"collection":[{"href":"https:\/\/bibliotecajuridicavirtual.cl\/index.php\/wp-json\/wp\/v2\/product"}],"about":[{"href":"https:\/\/bibliotecajuridicavirtual.cl\/index.php\/wp-json\/wp\/v2\/types\/product"}],"replies":[{"embeddable":true,"href":"https:\/\/bibliotecajuridicavirtual.cl\/index.php\/wp-json\/wp\/v2\/comments?post=4016"}],"wp:featuredmedia":[{"embeddable":true,"href":"https:\/\/bibliotecajuridicavirtual.cl\/index.php\/wp-json\/wp\/v2\/media\/4064"}],"wp:attachment":[{"href":"https:\/\/bibliotecajuridicavirtual.cl\/index.php\/wp-json\/wp\/v2\/media?parent=4016"}],"wp:term":[{"taxonomy":"product_brand","embeddable":true,"href":"https:\/\/bibliotecajuridicavirtual.cl\/index.php\/wp-json\/wp\/v2\/product_brand?post=4016"},{"taxonomy":"product_cat","embeddable":true,"href":"https:\/\/bibliotecajuridicavirtual.cl\/index.php\/wp-json\/wp\/v2\/product_cat?post=4016"},{"taxonomy":"product_tag","embeddable":true,"href":"https:\/\/bibliotecajuridicavirtual.cl\/index.php\/wp-json\/wp\/v2\/product_tag?post=4016"}],"curies":[{"name":"wp","href":"https:\/\/api.w.org\/{rel}","templated":true}]}}