{"id":4039,"date":"2026-02-28T01:22:34","date_gmt":"2026-02-28T04:22:34","guid":{"rendered":"https:\/\/bibliotecajuridicavirtual.cl\/?post_type=product&#038;p=4039"},"modified":"2026-02-28T01:22:48","modified_gmt":"2026-02-28T04:22:48","slug":"contabilidad-ifrs-niif-para-pymes-y-grandes-empresas-casos-practicos-y-ejercicios-ano-2022-244-pag-autor-pedro-daniel-retamal-gonzalez","status":"publish","type":"product","link":"https:\/\/bibliotecajuridicavirtual.cl\/index.php\/product\/contabilidad-ifrs-niif-para-pymes-y-grandes-empresas-casos-practicos-y-ejercicios-ano-2022-244-pag-autor-pedro-daniel-retamal-gonzalez\/","title":{"rendered":"Contabilidad IFRS (NIIF) para PYMES y Grandes Empresas- Casos Pr\u00e1cticos y ejercicios. A\u00f1o 2022\/ 244 P\u00e1g. Autor Pedro Daniel Retamal Gonz\u00e1lez"},"content":{"rendered":"<p style=\"font-weight: 400;\">La disciplina contable requiere del conocimiento de variadas materias que contribuyan al mejor desarrollo profesional.<\/p>\n<p style=\"font-weight: 400;\">El objetivo de esta obra es facilitar la aplicaci\u00f3n de las Normas Contables que pasaron a llamarse Normas Internacionales de Informaci\u00f3n Financiera (NIIF) y sus siglas en ingl\u00e9s IFRS.<\/p>\n<p style=\"font-weight: 400;\">Establecemos en forma did\u00e1ctica la presentaci\u00f3n y desarrollo de ejercicios y casos pr\u00e1cticos de la contabilidad para peque\u00f1as y medianas empresas (pymes) y grandes empresas con el fin de apoyar y dar a entender de forma simple y directa su aplicaci\u00f3n, proporcionando una gu\u00eda de apoyo \u00fatil a los usuarios Contables, Ingenieros y Administrativos en general.<\/p>\n<p style=\"font-weight: 400;\">Las transacciones deben cumplir con la aplicaci\u00f3n de los principios contables y de todas las Normas Internacionales de Informaci\u00f3n Financiera (NIIF), que le corresponde aplicar a cada entidad para reflejar razonablemente la situaci\u00f3n financiera, su desempe\u00f1o y los movimientos de flujo efectivo de la empresa.<\/p>\n<p style=\"font-weight: 400;\">Esta norma establece requisitos generales para la presentaci\u00f3n de los Estados Financieros (Balance y Estado de Resultados) y ofrece directrices para determinar su estructura.<\/p>\n<p style=\"font-weight: 400;\">Es importante suministrar informaci\u00f3n que sea \u00fatil a los usuarios, que sea comprensible, relevante, fiable y comparable. Adem\u00e1s, se deben considerar dos hip\u00f3tesis fundamentales como son el principio de \u201cdevengado\u201d y \u201cnegocio en marcha\u201d.<\/p>\n<p style=\"font-weight: 400;\">NIC 1 Presentaci\u00f3n de los Estados Financieros<br \/>\nNIC 2 Inventarios<br \/>\nNIC 7 Estado de flujos efectivos<br \/>\nNIC 8 Pol\u00edticas contables, cambios en las estimaciones contables y errores<br \/>\nNIC 10 Hechos ocurridos despu\u00e9s de la fecha del balance<br \/>\nNIC 11 Contratos de construcci\u00f3n<br \/>\nNIC 12 Impuesto a las ganancias<br \/>\nNIC 16 Propiedad, planta y equipos<br \/>\nNIIF 5 Activos no corrientes mantenidos para la venta y operaciones discontinuadas<br \/>\nNIC 18 Ingresos ordinarios<br \/>\nNIC 23 Costos por pr\u00e9stamos<br \/>\nNIC 29 Informaci\u00f3n financiera en econom\u00edas hiperinflacionarias<br \/>\nNIC 33 Ganancia por acci\u00f3n<br \/>\nNIC 36 Deterioro del valor de los activos<br \/>\nNIC 37 Provisiones, pasivos contingentes y activos contingentes<br \/>\nNIC 38 Activos intangibles<br \/>\nNIC 40 Propiedad de inversi\u00f3n<br \/>\nNIC 41 Agricultura<\/p>\n","protected":false},"excerpt":{"rendered":"<p>La disciplina contable requiere del conocimiento de variadas materias que contribuyan al mejor desarrollo profesional. El objetivo de esta obra es facilitar la aplicaci\u00f3n de las Normas Contables que pasaron a llamarse Normas Internacionales de Informaci\u00f3n Financiera (NIIF) y sus siglas en ingl\u00e9s IFRS. Establecemos en forma did\u00e1ctica la presentaci\u00f3n y desarrollo de ejercicios y casos pr\u00e1cticos de la contabilidad para peque\u00f1as y medianas empresas (pymes) y grandes empresas con el fin de apoyar y dar a entender de forma simple y directa su aplicaci\u00f3n, proporcionando una gu\u00eda de apoyo \u00fatil a los usuarios Contables, Ingenieros y Administrativos en general. Las transacciones deben cumplir con la aplicaci\u00f3n de los principios contables y de todas las Normas Internacionales de Informaci\u00f3n Financiera (NIIF), que le corresponde aplicar a cada entidad para reflejar razonablemente la situaci\u00f3n financiera, su desempe\u00f1o y los movimientos de flujo efectivo de la empresa. Esta norma establece requisitos generales para la presentaci\u00f3n de los Estados Financieros (Balance y Estado de Resultados) y ofrece directrices para determinar su estructura. Es importante suministrar informaci\u00f3n que sea \u00fatil a los usuarios, que sea comprensible, relevante, fiable y comparable. Adem\u00e1s, se deben considerar dos hip\u00f3tesis fundamentales como son el principio de \u201cdevengado\u201d y \u201cnegocio en marcha\u201d. NIC 1 Presentaci\u00f3n de los Estados Financieros NIC 2 Inventarios NIC 7 Estado de flujos efectivos NIC 8 Pol\u00edticas contables, cambios en las estimaciones contables y errores NIC 10 Hechos ocurridos despu\u00e9s de la fecha del balance NIC 11 Contratos de construcci\u00f3n NIC 12 Impuesto a las ganancias NIC 16 Propiedad, planta y equipos NIIF 5 Activos no corrientes mantenidos para la venta y operaciones discontinuadas NIC 18 Ingresos ordinarios NIC 23 Costos por pr\u00e9stamos NIC 29 Informaci\u00f3n financiera en econom\u00edas hiperinflacionarias NIC 33 Ganancia por acci\u00f3n NIC 36 Deterioro del valor de los activos NIC 37 Provisiones, pasivos contingentes y activos contingentes NIC 38 Activos intangibles NIC 40 Propiedad de inversi\u00f3n NIC 41 Agricultura<\/p>\n","protected":false},"featured_media":4069,"comment_status":"open","ping_status":"closed","template":"","meta":{"inline_featured_image":false,"_joinchat":[]},"product_brand":[],"product_cat":[48],"product_tag":[],"class_list":{"0":"post-4039","1":"product","2":"type-product","3":"status-publish","4":"has-post-thumbnail","6":"product_cat-comercial","7":"product_shipping_class-a-convenir","9":"first","10":"instock","11":"shipping-taxable","12":"purchasable","13":"product-type-simple"},"_links":{"self":[{"href":"https:\/\/bibliotecajuridicavirtual.cl\/index.php\/wp-json\/wp\/v2\/product\/4039","targetHints":{"allow":["GET"]}}],"collection":[{"href":"https:\/\/bibliotecajuridicavirtual.cl\/index.php\/wp-json\/wp\/v2\/product"}],"about":[{"href":"https:\/\/bibliotecajuridicavirtual.cl\/index.php\/wp-json\/wp\/v2\/types\/product"}],"replies":[{"embeddable":true,"href":"https:\/\/bibliotecajuridicavirtual.cl\/index.php\/wp-json\/wp\/v2\/comments?post=4039"}],"wp:featuredmedia":[{"embeddable":true,"href":"https:\/\/bibliotecajuridicavirtual.cl\/index.php\/wp-json\/wp\/v2\/media\/4069"}],"wp:attachment":[{"href":"https:\/\/bibliotecajuridicavirtual.cl\/index.php\/wp-json\/wp\/v2\/media?parent=4039"}],"wp:term":[{"taxonomy":"product_brand","embeddable":true,"href":"https:\/\/bibliotecajuridicavirtual.cl\/index.php\/wp-json\/wp\/v2\/product_brand?post=4039"},{"taxonomy":"product_cat","embeddable":true,"href":"https:\/\/bibliotecajuridicavirtual.cl\/index.php\/wp-json\/wp\/v2\/product_cat?post=4039"},{"taxonomy":"product_tag","embeddable":true,"href":"https:\/\/bibliotecajuridicavirtual.cl\/index.php\/wp-json\/wp\/v2\/product_tag?post=4039"}],"curies":[{"name":"wp","href":"https:\/\/api.w.org\/{rel}","templated":true}]}}