{"id":4040,"date":"2026-02-28T01:22:34","date_gmt":"2026-02-28T04:22:34","guid":{"rendered":"https:\/\/bibliotecajuridicavirtual.cl\/?post_type=product&#038;p=4040"},"modified":"2026-02-28T01:22:49","modified_gmt":"2026-02-28T04:22:49","slug":"contabilidad-costos-y-presupuestos-para-gestion-financiera-4-edicion-ano-2022-500-pag-autor-gabriel-torres-s","status":"publish","type":"product","link":"https:\/\/bibliotecajuridicavirtual.cl\/index.php\/product\/contabilidad-costos-y-presupuestos-para-gestion-financiera-4-edicion-ano-2022-500-pag-autor-gabriel-torres-s\/","title":{"rendered":"Contabilidad, Costos y Presupuestos para Gesti\u00f3n Financiera  4 Edici\u00f3n. A\u00f1o 2022\/ 500 P\u00e1g. Autor Gabriel Torres S"},"content":{"rendered":"<p style=\"font-weight: 400;\">El primer m\u00e9rito de esta obra consiste en presentar en un solo texto estas tres materias, Contabilidad Financiera, Contabilidad de Costos y Presupuestos, que generalmente la literatura trata por separado, de modo de potenciar la revisi\u00f3n de sus m\u00faltiples nexos y puntos de concatenaci\u00f3n y aplicarlas en una perspectiva sist\u00e9mica y de conjunto.<\/p>\n<p style=\"font-weight: 400;\">Este manual se encuentra dividido en tres partes. La primera describe los sistemas contables, en una explicaci\u00f3n que va m\u00e1s all\u00e1 de los expertos en esta materia, pues hoy interesa en forma transversal a j\u00f3venes y adultos, en todos los niveles de las empresas e instituciones, quienes deben proveer de informaci\u00f3n necesaria para su control. La segunda parte trata los sistemas de costos y la ventaja que significa para quien logra costos bajos en sus operaciones y como medio de control en la administraci\u00f3n de los recursos econ\u00f3micos y financieros.<\/p>\n<p style=\"font-weight: 400;\">La tercera unidad trata sobre el presupuesto como instrumento vital de uni\u00f3n entre la planificaci\u00f3n y gesti\u00f3n. Representa la materializaci\u00f3n de planes, proyectos y actividades de una empresa o negocio y herramienta fundamental en su proyecci\u00f3n y control. Por \u00faltimo, y como es caracter\u00edsticos en los libros de Gabriel Torres Salazar, cada unidad tiene su bibliograf\u00eda y un set de preguntas, casos y ejercicios para autoevaluar el entendimiento de lo le\u00eddo.<\/p>\n<p style=\"font-weight: 400;\"><b><strong>PRIMERA PARTE<\/strong><\/b><br \/>\n<b><strong>SISTEMA DE CONTABILIDAD<\/strong><\/b><\/p>\n<ol>\n<li style=\"font-weight: 400;\">Funci\u00f3n y objetivos de la contabilidadRelaciones con otras disciplinas<br \/>\nLa empresa y la contabilidad<br \/>\nUsuarios y requisitos de la informaci\u00f3n contable<br \/>\nPregunta<\/li>\n<li style=\"font-weight: 400;\">Estados financierosAspectos conceptuales<br \/>\nBalance<br \/>\nEstado de resultados<br \/>\nEstado de flujo de efectivo<br \/>\nEstado de cambios en el patrimonio<br \/>\nSimilitudes y diferencias entre los estados financieros<br \/>\nPreguntas y ejercicios<\/li>\n<li style=\"font-weight: 400;\">Principios y normas de contabilidad<\/li>\n<\/ol>\n<p style=\"font-weight: 400;\">Teor\u00eda contable<br \/>\nPCGA y aplicaciones en los estados financieros<br \/>\nNormas internacionales y nacionales (NIIF-IFRS)<br \/>\nNormativa legal sobre contabilidad<br \/>\nPreguntas<\/p>\n<ol start=\"4\">\n<li style=\"font-weight: 400;\">Sistemas contables<\/li>\n<\/ol>\n<p style=\"font-weight: 400;\">Estructura y elementos de los sistemas<br \/>\nManual de contabilidad y plan de cuentas<br \/>\nDocumentaci\u00f3n mercantil<br \/>\nComprobantes, libros e informes<br \/>\nNormas y procedimientos<br \/>\nOrganizaci\u00f3n del sistema contable<br \/>\nPreguntas y ejercicios<\/p>\n<ol start=\"5\">\n<li style=\"font-weight: 400;\">Proceso contable<\/li>\n<\/ol>\n<p style=\"font-weight: 400;\">Ecuaci\u00f3n de inventario<br \/>\nInvariabilidad del capital<br \/>\nLa cuenta contable y su tratamiento<br \/>\nEl asiento contable<br \/>\nFases del proceso contable<br \/>\nFlujo de transacciones<br \/>\nPreguntas y ejercicios<\/p>\n<ol start=\"6\">\n<li style=\"font-weight: 400;\">An\u00e1lisis de transacciones y rectificaciones<\/li>\n<\/ol>\n<p style=\"font-weight: 400;\">Transacciones, proceso de an\u00e1lisis y registros<br \/>\nTraspasos al mayor<br \/>\nPresentaci\u00f3n del balance<br \/>\nPresentaci\u00f3n del estado de resultados<br \/>\nAn\u00e1lisis de cuentas y saldos<br \/>\nTransacciones con IVA<br \/>\nLocalizaci\u00f3n de errores y correcciones<br \/>\nRectificaci\u00f3n en los libros<br \/>\nPreguntas y ejercicios<\/p>\n<ol start=\"7\">\n<li style=\"font-weight: 400;\">Ajustes de cierre<\/li>\n<\/ol>\n<p style=\"font-weight: 400;\">Conceptos y tipos de ajustes<br \/>\nCorrecci\u00f3n monetaria<br \/>\nDeudas incobrables<br \/>\nDepreciaciones<br \/>\nAmortizaciones<br \/>\nIngresos diferidos<br \/>\nProvisiones<br \/>\nPreguntas y ejercicios<\/p>\n<ol start=\"8\">\n<li style=\"font-weight: 400;\">Presentaci\u00f3n de los estados financieros<\/li>\n<\/ol>\n<p style=\"font-weight: 400;\">Fuentes de datos<br \/>\nHoja de trabajo y ajustes<br \/>\nPresentaci\u00f3n del balance<br \/>\nPresentaci\u00f3n del estado de resultados<br \/>\nPresentaci\u00f3n del estado de flujo de efectivo<br \/>\nNotas a los estados financieros<br \/>\nPresentaci\u00f3n gr\u00e1fica de los estados financieros<br \/>\nPreguntas y ejercicios<br \/>\n9. T\u00e9rmino e inicio de ejercicios<br \/>\nCierre de las cuentas y de los libros<br \/>\nRegistros en el libro de inventarios y balances<br \/>\nReapertura de las cuentas y de los libros<br \/>\nDistribuci\u00f3n de resultados<br \/>\nTratamiento de utilidades y p\u00e9rdidas en sociedades<br \/>\nPreguntas y ejercicios<\/p>\n<p style=\"font-weight: 400;\"><b><strong>SEGUNDA PARTE<\/strong><\/b><br \/>\n<b><strong>SISTEMA DE COSTOS<\/strong><\/b><\/p>\n<ol start=\"10\">\n<li style=\"font-weight: 400;\">Aspectos conceptuales de los costosTipos y clasificaciones de costos<br \/>\nResumen de expresiones de costos<br \/>\nFlujo de costos, cuentas involucradas y sistemas de inventarios<br \/>\nPreguntas y ejercicios<\/li>\n<li style=\"font-weight: 400;\">Control y valuaci\u00f3n de existencias<\/li>\n<\/ol>\n<p style=\"font-weight: 400;\">Sistema de inventarios peri\u00f3dicos<br \/>\nSistema de inventario permanente<br \/>\nMayor auxiliar de existencias<br \/>\nM\u00e9todos de valorizaci\u00f3n de existencias<br \/>\nEfectos comparativos de los m\u00e9todos FIFO, LIFO y PMP<br \/>\nOtros m\u00e9todos de valorizaci\u00f3n<br \/>\nPreguntas y ejercicios<\/p>\n<ol start=\"12\">\n<li style=\"font-weight: 400;\">Costos por \u00f3rdenes de trabajo<\/li>\n<\/ol>\n<p style=\"font-weight: 400;\">Flujo de costos por \u00f3rdenes de trabajo<br \/>\nMateriales<br \/>\nMano de obra de la f\u00e1brica<br \/>\nCostos de f\u00e1brica<br \/>\nTasas predeterminadas para costos de f\u00e1brica<br \/>\nCostos de f\u00e1brica sobreaplicados o subaplicados<br \/>\nMercanc\u00edas en proceso<br \/>\nInventario de mercanc\u00edas terminadas<br \/>\nPreguntas y ejercicios<\/p>\n<ol start=\"13\">\n<li style=\"font-weight: 400;\">Costos por proceso<\/li>\n<\/ol>\n<p style=\"font-weight: 400;\">Caracter\u00edsticas de un sistema de costos por proceso<br \/>\nCostos directos y costos indirectos por proceso<br \/>\nFlujo de costos en un sistema de procesos<br \/>\nMateriales<br \/>\nMano de obra de la planta<br \/>\nCostos de planta<br \/>\nCostos unitarios para la valuaci\u00f3n y control de inventarios<br \/>\nUnidades equivalentes<br \/>\nPreguntas y ejercicios<\/p>\n<ol start=\"14\">\n<li style=\"font-weight: 400;\">Costos est\u00e1ndares<\/li>\n<\/ol>\n<p style=\"font-weight: 400;\">Establecimiento y revisi\u00f3n de los costos est\u00e1ndares<br \/>\nDesviaciones en el costo<br \/>\nDesviaciones en el precio y en la cantidad de los materiales<br \/>\nDesviaciones en los sueldos y en la utilizaci\u00f3n de mano de obra<br \/>\nDesviaciones en los costos de f\u00e1brica<br \/>\nTransferencia del costo de unidades terminadas al inventario de mercanc\u00edas terminadas<br \/>\nManejo de las cuentas de desviaciones<br \/>\nResumen de las ventajas de un sistema de costos est\u00e1ndar<br \/>\nPreguntas y ejercicios<\/p>\n<ol start=\"15\">\n<li style=\"font-weight: 400;\">Costeo directo<\/li>\n<\/ol>\n<p style=\"font-weight: 400;\">Costos en el estado de resultados<br \/>\nComparativo entre el costeo por absorci\u00f3n y el costeo directo<br \/>\nC\u00e1lculos y soluci\u00f3n<br \/>\nCosteo directo en la proyecci\u00f3n de resultados<br \/>\nC\u00e1lculo del punto de equilibrio<br \/>\nNivel de ventas requerido para obtener utilidad programada<br \/>\nEfecto de cambios en la estructura de precio de ventas y costos<br \/>\nPreguntas y ejercicios<\/p>\n<ol start=\"16\">\n<li style=\"font-weight: 400;\">Nuevas tendencias en costos<\/li>\n<\/ol>\n<p style=\"font-weight: 400;\">Costos ABC<br \/>\nTarget cost<br \/>\nJust in time<br \/>\nPrecios de transferencia<br \/>\nDepartamentalizaci\u00f3n de costos<\/p>\n<p style=\"font-weight: 400;\"><b><strong>TERCERA PARTE<\/strong><\/b><br \/>\n<b><strong>SISTEMA DE PRESUPUESTOS<\/strong><\/b><\/p>\n<ol start=\"17\">\n<li style=\"font-weight: 400;\">Aspectos conceptuales de presupuestos\u00bfQu\u00e9 es el presupuesto?<br \/>\nPresupuesto y plan estrat\u00e9gico<br \/>\nPresupuesto y riesgo decisional<br \/>\nDefiniciones<br \/>\nVentajas de los presupuestos<br \/>\nDesventajas de los presupuestos<br \/>\nSistema presupuestario<br \/>\nPreguntas<\/li>\n<li style=\"font-weight: 400;\">Presupuestos de ventas<\/li>\n<\/ol>\n<p style=\"font-weight: 400;\">Aspectos generales<br \/>\nPresupuesto de resultados<br \/>\nPron\u00f3sticos de ventas<br \/>\nM\u00e9todos no estad\u00edsticos<br \/>\nC\u00e1lculo de Pron\u00f3sticos<br \/>\nAlcances al factor de ajuste<br \/>\nM\u00e9todos estad\u00edsticos<br \/>\nPresupuesto de ventas<br \/>\nPreguntas<\/p>\n<ol start=\"19\">\n<li style=\"font-weight: 400;\">Presupuestos de producci\u00f3n, costo de ventas, Inventarios y compras<\/li>\n<\/ol>\n<p style=\"font-weight: 400;\">Tipos de presupuestos<br \/>\nPresupuesto de costo de ventas<br \/>\nMargen de comercializaci\u00f3n<br \/>\nPresupuesto de costo de ventas para una empresa comercial o distribuidora<br \/>\nPresupuestos de costo de ventas para empresas productoras o manufactureras<br \/>\nPresupuestos de inventarios y de compras<br \/>\nPresupuestos de inventarios y de compras para una empresa comercial<br \/>\nPresupuestos de inventarios y de compras para una empresa manufacturera<br \/>\nPreguntas<\/p>\n<ol start=\"20\">\n<li style=\"font-weight: 400;\">Presupuestos de gastos<\/li>\n<\/ol>\n<p style=\"font-weight: 400;\">Gastos por resultados y por flujos<br \/>\nRequerimientos para elaboraci\u00f3n<br \/>\nElaboraci\u00f3n de presupuesto de gastos<br \/>\nPreguntas<\/p>\n<ol start=\"21\">\n<li style=\"font-weight: 400;\">Presupuesto de efectivo<\/li>\n<\/ol>\n<p style=\"font-weight: 400;\">Cobranzas y de estimaci\u00f3n de incobrables<br \/>\nImpuestos y de pagos a proveedores<br \/>\nPresupuestos de inversiones y de pagos a acreedores<br \/>\nPresupuesto de caja<br \/>\nPreguntas<\/p>\n<ol start=\"22\">\n<li style=\"font-weight: 400;\">Presupuesto maestro y an\u00e1lisis de variaciones<\/li>\n<\/ol>\n<p style=\"font-weight: 400;\">Presupuesto maestro<br \/>\nAn\u00e1lisis de variaciones<br \/>\nPreguntas<\/p>\n<ol start=\"23\">\n<li style=\"font-weight: 400;\">Proyecci\u00f3n del balance y cuenta de resultados<\/li>\n<\/ol>\n<p style=\"font-weight: 400;\">Objetivos de la proyecci\u00f3n de estados financieros<br \/>\nProcedimiento<br \/>\nCaso de una proyecci\u00f3n<br \/>\nPreguntas<\/p>\n<ol start=\"24\">\n<li style=\"font-weight: 400;\">Presupuestos sector p\u00fablico<\/li>\n<\/ol>\n<p style=\"font-weight: 400;\">Direcci\u00f3n de presupuestos<br \/>\nObjetivos estrat\u00e9gicos<br \/>\nProductos relevantes<br \/>\nPrincipales usuarios<br \/>\nAspectos metodol\u00f3gicos y definiciones estrat\u00e9gicas<br \/>\nClasificador presupuestario<br \/>\nPreguntas<\/p>\n","protected":false},"excerpt":{"rendered":"<p>El primer m\u00e9rito de esta obra consiste en presentar en un solo texto estas tres materias, Contabilidad Financiera, Contabilidad de Costos y Presupuestos, que generalmente la literatura trata por separado, de modo de potenciar la revisi\u00f3n de sus m\u00faltiples nexos y puntos de concatenaci\u00f3n y aplicarlas en una perspectiva sist\u00e9mica y de conjunto. Este manual se encuentra dividido en tres partes. La primera describe los sistemas contables, en una explicaci\u00f3n que va m\u00e1s all\u00e1 de los expertos en esta materia, pues hoy interesa en forma transversal a j\u00f3venes y adultos, en todos los niveles de las empresas e instituciones, quienes deben proveer de informaci\u00f3n necesaria para su control. La segunda parte trata los sistemas de costos y la ventaja que significa para quien logra costos bajos en sus operaciones y como medio de control en la administraci\u00f3n de los recursos econ\u00f3micos y financieros. La tercera unidad trata sobre el presupuesto como instrumento vital de uni\u00f3n entre la planificaci\u00f3n y gesti\u00f3n. Representa la materializaci\u00f3n de planes, proyectos y actividades de una empresa o negocio y herramienta fundamental en su proyecci\u00f3n y control. Por \u00faltimo, y como es caracter\u00edsticos en los libros de Gabriel Torres Salazar, cada unidad tiene su bibliograf\u00eda y un set de preguntas, casos y ejercicios para autoevaluar el entendimiento de lo le\u00eddo. PRIMERA PARTE SISTEMA DE CONTABILIDAD Funci\u00f3n y objetivos de la contabilidadRelaciones con otras disciplinas La empresa y la contabilidad Usuarios y requisitos de la informaci\u00f3n contable Pregunta Estados financierosAspectos conceptuales Balance Estado de resultados Estado de flujo de efectivo Estado de cambios en el patrimonio Similitudes y diferencias entre los estados financieros Preguntas y ejercicios Principios y normas de contabilidad Teor\u00eda contable PCGA y aplicaciones en los estados financieros Normas internacionales y nacionales (NIIF-IFRS) Normativa legal sobre contabilidad Preguntas Sistemas contables Estructura y elementos de los sistemas Manual de contabilidad y plan de cuentas Documentaci\u00f3n mercantil Comprobantes, libros e informes Normas y procedimientos Organizaci\u00f3n del sistema contable Preguntas y ejercicios Proceso contable Ecuaci\u00f3n de inventario Invariabilidad del capital La cuenta contable y su tratamiento El asiento contable Fases del proceso contable Flujo de transacciones Preguntas y ejercicios An\u00e1lisis de transacciones y rectificaciones Transacciones, proceso de an\u00e1lisis y registros Traspasos al mayor Presentaci\u00f3n del balance Presentaci\u00f3n del estado de resultados An\u00e1lisis de cuentas y saldos Transacciones con IVA Localizaci\u00f3n de errores y correcciones Rectificaci\u00f3n en los libros Preguntas y ejercicios Ajustes de cierre Conceptos y tipos de ajustes Correcci\u00f3n monetaria Deudas incobrables Depreciaciones Amortizaciones Ingresos diferidos Provisiones Preguntas y ejercicios Presentaci\u00f3n de los estados financieros Fuentes de datos Hoja de trabajo y ajustes Presentaci\u00f3n del balance Presentaci\u00f3n del estado de resultados Presentaci\u00f3n del estado de flujo de efectivo Notas a los estados financieros Presentaci\u00f3n gr\u00e1fica de los estados financieros Preguntas y ejercicios 9. T\u00e9rmino e inicio de ejercicios Cierre de las cuentas y de los libros Registros en el libro de inventarios y balances Reapertura de las cuentas y de los libros Distribuci\u00f3n de resultados Tratamiento de utilidades y p\u00e9rdidas en sociedades Preguntas y ejercicios SEGUNDA PARTE SISTEMA DE COSTOS Aspectos conceptuales de los costosTipos y clasificaciones de costos Resumen de expresiones de costos Flujo de costos, cuentas involucradas y sistemas de inventarios Preguntas y ejercicios Control y valuaci\u00f3n de existencias Sistema de inventarios peri\u00f3dicos Sistema de inventario permanente Mayor auxiliar de existencias M\u00e9todos de valorizaci\u00f3n de existencias Efectos comparativos de los m\u00e9todos FIFO, LIFO y PMP Otros m\u00e9todos de valorizaci\u00f3n Preguntas y ejercicios Costos por \u00f3rdenes de trabajo Flujo de costos por \u00f3rdenes de trabajo Materiales Mano de obra de la f\u00e1brica Costos de f\u00e1brica Tasas predeterminadas para costos de f\u00e1brica Costos de f\u00e1brica sobreaplicados o subaplicados Mercanc\u00edas en proceso Inventario de mercanc\u00edas terminadas Preguntas y ejercicios Costos por proceso Caracter\u00edsticas de un sistema de costos por proceso Costos directos y costos indirectos por proceso Flujo de costos en un sistema de procesos Materiales Mano de obra de la planta Costos de planta Costos unitarios para la valuaci\u00f3n y control de inventarios Unidades equivalentes Preguntas y ejercicios Costos est\u00e1ndares Establecimiento y revisi\u00f3n de los costos est\u00e1ndares Desviaciones en el costo Desviaciones en el precio y en la cantidad de los materiales Desviaciones en los sueldos y en la utilizaci\u00f3n de mano de obra Desviaciones en los costos de f\u00e1brica Transferencia del costo de unidades terminadas al inventario de mercanc\u00edas terminadas Manejo de las cuentas de desviaciones Resumen de las ventajas de un sistema de costos est\u00e1ndar Preguntas y ejercicios Costeo directo Costos en el estado de resultados Comparativo entre el costeo por absorci\u00f3n y el costeo directo C\u00e1lculos y soluci\u00f3n Costeo directo en la proyecci\u00f3n de resultados C\u00e1lculo del punto de equilibrio Nivel de ventas requerido para obtener utilidad programada Efecto de cambios en la estructura de precio de ventas y costos Preguntas y ejercicios Nuevas tendencias en costos Costos ABC Target cost Just in time Precios de transferencia Departamentalizaci\u00f3n de costos TERCERA PARTE SISTEMA DE PRESUPUESTOS Aspectos conceptuales de presupuestos\u00bfQu\u00e9 es el presupuesto? Presupuesto y plan estrat\u00e9gico Presupuesto y riesgo decisional Definiciones Ventajas de los presupuestos Desventajas de los presupuestos Sistema presupuestario Preguntas Presupuestos de ventas Aspectos generales Presupuesto de resultados Pron\u00f3sticos de ventas M\u00e9todos no estad\u00edsticos C\u00e1lculo de Pron\u00f3sticos Alcances al factor de ajuste M\u00e9todos estad\u00edsticos Presupuesto de ventas Preguntas Presupuestos de producci\u00f3n, costo de ventas, Inventarios y compras Tipos de presupuestos Presupuesto de costo de ventas Margen de comercializaci\u00f3n Presupuesto de costo de ventas para una empresa comercial o distribuidora Presupuestos de costo de ventas para empresas productoras o manufactureras Presupuestos de inventarios y de compras Presupuestos de inventarios y de compras para una empresa comercial Presupuestos de inventarios y de compras para una empresa manufacturera Preguntas Presupuestos de gastos Gastos por resultados y por flujos Requerimientos para elaboraci\u00f3n Elaboraci\u00f3n de presupuesto de gastos Preguntas Presupuesto de efectivo Cobranzas y de estimaci\u00f3n de incobrables Impuestos y de pagos a proveedores Presupuestos de inversiones y de pagos a acreedores Presupuesto de caja Preguntas Presupuesto maestro y an\u00e1lisis de variaciones Presupuesto maestro An\u00e1lisis de variaciones Preguntas Proyecci\u00f3n del balance y cuenta de resultados Objetivos<\/p>\n","protected":false},"featured_media":4070,"comment_status":"open","ping_status":"closed","template":"","meta":{"inline_featured_image":false,"_joinchat":[]},"product_brand":[],"product_cat":[48],"product_tag":[],"class_list":{"0":"post-4040","1":"product","2":"type-product","3":"status-publish","4":"has-post-thumbnail","6":"product_cat-comercial","7":"product_shipping_class-a-convenir","9":"first","10":"instock","11":"shipping-taxable","12":"purchasable","13":"product-type-simple"},"_links":{"self":[{"href":"https:\/\/bibliotecajuridicavirtual.cl\/index.php\/wp-json\/wp\/v2\/product\/4040","targetHints":{"allow":["GET"]}}],"collection":[{"href":"https:\/\/bibliotecajuridicavirtual.cl\/index.php\/wp-json\/wp\/v2\/product"}],"about":[{"href":"https:\/\/bibliotecajuridicavirtual.cl\/index.php\/wp-json\/wp\/v2\/types\/product"}],"replies":[{"embeddable":true,"href":"https:\/\/bibliotecajuridicavirtual.cl\/index.php\/wp-json\/wp\/v2\/comments?post=4040"}],"wp:featuredmedia":[{"embeddable":true,"href":"https:\/\/bibliotecajuridicavirtual.cl\/index.php\/wp-json\/wp\/v2\/media\/4070"}],"wp:attachment":[{"href":"https:\/\/bibliotecajuridicavirtual.cl\/index.php\/wp-json\/wp\/v2\/media?parent=4040"}],"wp:term":[{"taxonomy":"product_brand","embeddable":true,"href":"https:\/\/bibliotecajuridicavirtual.cl\/index.php\/wp-json\/wp\/v2\/product_brand?post=4040"},{"taxonomy":"product_cat","embeddable":true,"href":"https:\/\/bibliotecajuridicavirtual.cl\/index.php\/wp-json\/wp\/v2\/product_cat?post=4040"},{"taxonomy":"product_tag","embeddable":true,"href":"https:\/\/bibliotecajuridicavirtual.cl\/index.php\/wp-json\/wp\/v2\/product_tag?post=4040"}],"curies":[{"name":"wp","href":"https:\/\/api.w.org\/{rel}","templated":true}]}}