{"id":4043,"date":"2026-02-28T01:22:34","date_gmt":"2026-02-28T04:22:34","guid":{"rendered":"https:\/\/bibliotecajuridicavirtual.cl\/?post_type=product&#038;p=4043"},"modified":"2026-02-28T01:22:51","modified_gmt":"2026-02-28T04:22:51","slug":"fiscalizacion-laboral-y-reclamo-de-multas-administrativas-3-era-edicion-ano-2022-300-pag-autor-cristian-aguayo-mohr-y-ivo-skoknic-larrazabal","status":"publish","type":"product","link":"https:\/\/bibliotecajuridicavirtual.cl\/index.php\/product\/fiscalizacion-laboral-y-reclamo-de-multas-administrativas-3-era-edicion-ano-2022-300-pag-autor-cristian-aguayo-mohr-y-ivo-skoknic-larrazabal\/","title":{"rendered":"Fiscalizaci\u00f3n Laboral y Reclamo de Multas Administrativas 3 era Edici\u00f3n. A\u00f1o 2022\/ 300 P\u00e1g. Autor Cristi\u00e1n Aguayo Mohr y Ivo Skoknic Larraz\u00e1bal"},"content":{"rendered":"<p style=\"font-weight: 400;\">El objetivo de este trabajo es dar a conocer a los empleadores los diversos aspectos que podr\u00eda implicar una fiscalizaci\u00f3n de car\u00e1cter laboral efectuada por alguna Inspecci\u00f3n del Trabajo y precaver la aplicaci\u00f3n de multas administrativas, adem\u00e1s de lo cual se pretende poner en conocimiento del ciudadano fiscalizado los derechos, tanto administrativos como judiciales, que puede ejercer ante una fiscalizaci\u00f3n y respecto de las multas que con ocasi\u00f3n de ella se le pudieran imponer, de tal forma que sus derechos no se vean conculcados con motivo de la intervenci\u00f3n de la autoridad administrativa, en especial cuando las sanciones se impongan con arbitrariedad y\/o carencia de fundamentos f\u00e1cticos o legales.<\/p>\n<p style=\"font-weight: 400;\">\n<p style=\"font-weight: 400;\"><b><strong>CAP\u00cdTULO I<\/strong><\/b><br \/>\n<b><strong>LA DIRECCI\u00d3N DEL TRABAJO<\/strong><\/b><\/p>\n<ol>\n<li style=\"font-weight: 400;\">Antecedentes generales\n<p>B. Su organizaci\u00f3n<\/p>\n<p>C. Atribuciones y funciones<\/p>\n<p>1. Funci\u00f3n fiscalizadora<\/p>\n<p>2. Funci\u00f3n normativa<\/p>\n<p>3. Otras funciones<br \/>\na) Ministro de fe<br \/>\nb) Funci\u00f3n registral<br \/>\nc) Mediaci\u00f3n<br \/>\nd) Emisi\u00f3n de informes<\/li>\n<li style=\"font-weight: 400;\">Atribuciones especiales conferidas por la reforma procesal laboral<br \/>\na) Procedimiento de tutela laboral<br \/>\nb) Procedimiento monitorio<\/li>\n<\/ol>\n<p style=\"font-weight: 400;\"><b><strong>CAP\u00cdTULO II<\/strong><\/b><br \/>\n<b><strong>LA FISCALIZACI\u00d3N<\/strong><\/b><\/p>\n<ol>\n<li style=\"font-weight: 400;\">Generalidades<\/li>\n<li style=\"font-weight: 400;\">Concepto\n<p>2. El Fiscalizador<br \/>\na) Concepto<br \/>\nb) Prohibiciones a que est\u00e1 afecto<br \/>\nc) Responsabilidad del fiscalizador<\/li>\n<li style=\"font-weight: 400;\">Tipos de fiscalizaci\u00f3n<\/li>\n<li style=\"font-weight: 400;\">Fiscalizaci\u00f3n ordinaria<br \/>\nA) General<br \/>\n1) A petici\u00f3n de parte o solicitada<br \/>\n2) Fiscalizaci\u00f3n de oficio<br \/>\nB) Especial<br \/>\nII. Fiscalizaci\u00f3n Extraordinaria<\/p>\n<p>4. Generalidades de la fiscalizaci\u00f3n<\/li>\n<li style=\"font-weight: 400;\">a) Simple<br \/>\nb) De efectos provisionales, esencialmente revisables al nivel jurisdiccional, sin perjuicio de la posibilidad de revisi\u00f3n administrativa<br \/>\nc) R\u00e1pido<br \/>\nd) De aplicaci\u00f3n masiva y general<br \/>\ne) A bajo costo<br \/>\nf) Con alto impacto disuasivo y demostrativo<br \/>\ng) Con aplicaci\u00f3n preponderante en las fases preventivas de la conflictividad laboral o en las primeras etapas de su manifestaci\u00f3n<br \/>\nh) La fiscalizaci\u00f3n percibe y aprecia los hechos en forma directa e inmediata<br \/>\ni) La fiscalizaci\u00f3n se orienta por una pol\u00edtica construida a partir de un diagn\u00f3stico acabado de la realidad sobre la que se aplicar\u00e1<\/li>\n<li style=\"font-weight: 400;\">Caracter\u00edsticas, principios y reglas generales del procedimiento<\/li>\n<li style=\"font-weight: 400;\">Derechos del ciudadano fiscalizado<\/li>\n<li style=\"font-weight: 400;\">Derechos de los trabajadores, de sus representantes y de las organizaciones sindicales, durante un procedimiento inspectivo<\/li>\n<li style=\"font-weight: 400;\">El procedimiento de fiscalizaci\u00f3n<\/li>\n<li style=\"font-weight: 400;\">Reglamentaci\u00f3n de la fiscalizaci\u00f3n<\/li>\n<li style=\"font-weight: 400;\">Facultades o labores del fiscalizador<br \/>\na) Labor fiscalizadora<br \/>\nb) Labor sancionadora<br \/>\nc) Labor preventiva o previa al conflicto<\/li>\n<li style=\"font-weight: 400;\">Etapas de la fiscalizaci\u00f3n en modalidad presencial o semipresencial<br \/>\na) Presentaci\u00f3n con el fiscalizado<br \/>\nb) Entrevista al empleador<br \/>\nc) Actuaciones realizadas por el fiscalizador<br \/>\nInspecci\u00f3n perceptiva<br \/>\nEntrevista a trabajadores<br \/>\nRevisi\u00f3n documental<br \/>\nRevisi\u00f3n en oficina<\/li>\n<li style=\"font-weight: 400;\">An\u00e1lisis de la documentaci\u00f3n que puede requerir el fiscalizador<br \/>\na) Contrato de trabajo<br \/>\nb) Registro control de asistencia<br \/>\nc) Libro auxiliar de remuneraciones<br \/>\nd) Reglamento interno de orden, higiene y seguridad<br \/>\ne) Comprobante de pago de remuneraciones<br \/>\nf) Comprobantes de feriado<br \/>\ng) Instrumentos colectivos<br \/>\nh) Finiquitos<br \/>\ni) Documentaci\u00f3n comercial<br \/>\nj) Documentaci\u00f3n previsional<br \/>\nk) Otros documentos previsionales<\/li>\n<li style=\"font-weight: 400;\">Casos especiales de fiscalizaci\u00f3n<br \/>\na) Fiscalizaci\u00f3n en domicilios particulares<br \/>\nb) Fiscalizaci\u00f3n en modalidad a distancia<br \/>\ni. Inicio de la investigaci\u00f3n<br \/>\nii. Presentaci\u00f3n con el fiscalizado<br \/>\niii. Entrevistas<br \/>\niv. Revisi\u00f3n documental<\/li>\n<li style=\"font-weight: 400;\">La refiscalizaci\u00f3n<\/li>\n<li style=\"font-weight: 400;\">La fiscalizaci\u00f3n electr\u00f3nica<\/li>\n<li style=\"font-weight: 400;\">Disposiciones especiales aplicables a la fiscalizaci\u00f3n para la Micro y Peque\u00f1a Empresa (MYPE)<\/li>\n<\/ol>\n<p style=\"font-weight: 400;\"><b><strong>CAP\u00cdTULO III<\/strong><\/b><br \/>\n<b><strong>DE LAS INFRACCIONES A LA NORMATIVA LABORAL Y DE SEGURIDAD SOCIAL<\/strong><\/b><\/p>\n<ol>\n<li style=\"font-weight: 400;\">Ente sancionador<br \/>\nB. Tipo de sanciones<br \/>\nC. Monto de las sanciones de car\u00e1cter pecuniario<br \/>\nD. Formalidades de la sanci\u00f3n<br \/>\nE. Notificaci\u00f3n de la resoluci\u00f3n que aplica una multa<\/li>\n<\/ol>\n<p style=\"font-weight: 400;\"><b><strong>CAP\u00cdTULO IV<\/strong><\/b><br \/>\n<b><strong>DEL RECLAMO POR SANCIONES DE CAR\u00c1CTER ADMINISTRATIVO<\/strong><\/b><\/p>\n<ol>\n<li style=\"font-weight: 400;\">En sede administrativa<\/li>\n<li style=\"font-weight: 400;\">Recursos establecidos en la Ley N\u00ba 18.575<br \/>\na) Recurso de reconsideraci\u00f3n general<br \/>\nb) Recurso jer\u00e1rquico<\/li>\n<li style=\"font-weight: 400;\">Recursos contemplados en la Ley N\u00ba 19.880<\/li>\n<li style=\"font-weight: 400;\">Recursos contemplados en el C\u00f3digo del Trabajo<br \/>\na) Reconsideraci\u00f3n<br \/>\nb) Rebaja obligatoria<br \/>\nc) Recurso Administrativo Simplificado (RAS)<\/li>\n<li style=\"font-weight: 400;\">En sede judicial<\/li>\n<li style=\"font-weight: 400;\">Recurso de protecci\u00f3n<\/li>\n<li style=\"font-weight: 400;\">Recursos contemplados en el D.F.L. N\u00ba 2 de 1967, que contiene la Ley Org\u00e1nica de la Direcci\u00f3n del Trabajo (L.O.D.T.)<\/li>\n<li style=\"font-weight: 400;\">Procedimiento especial para reclamo de multas contemplado en el C\u00f3digo del Trabajo<br \/>\na) Reglas generales<br \/>\n1) Tribunal competente<br \/>\n2) Sujeto pasivo de la acci\u00f3n<br \/>\n3) Plazo para reclamar<br \/>\n4) Contenido de la demanda de reclamo<br \/>\n5) Documentos que deben acompa\u00f1arse al reclamo<br \/>\n6) Examen de admisibilidad<br \/>\n7) Contestaci\u00f3n<br \/>\n8) La prueba en el reclamo judicial<br \/>\ni. Rebaja de la multa aplicada<br \/>\nii. Ilegalidad de la multa aplicada<br \/>\niii. Inexistencia de la infracci\u00f3n<br \/>\n9) La sentencia definitiva<br \/>\n10) Recursos<br \/>\nb) Reglas especiales seg\u00fan el procedimiento seguido<br \/>\n1) Procedimiento ordinario laboral<br \/>\n2) Procedimiento monitorio<br \/>\nc) Casos especiales<\/li>\n<\/ol>\n<p style=\"font-weight: 400;\"><b><strong>CAP\u00cdTULO V<\/strong><\/b><br \/>\n<b><strong>JURISPRUDENCIA<\/strong><\/b><\/p>\n<ol>\n<li style=\"font-weight: 400;\">Jurisprudencia Administrativa<\/li>\n<li style=\"font-weight: 400;\">Interpretaci\u00f3n de contrato colectivo<\/li>\n<li style=\"font-weight: 400;\">Documentaci\u00f3n laboral<\/li>\n<li style=\"font-weight: 400;\">Facultades de administraci\u00f3n<br \/>\na) Respecto de correos electr\u00f3nicos<br \/>\nb) Respecto de sistemas computacionales de control<br \/>\nc) Respecto de entrega de Comprobante electr\u00f3nico de remuneraci\u00f3n<br \/>\nd) En cuanto a elaboraci\u00f3n de protocolos de atenci\u00f3n a p\u00fablico<br \/>\ne) Respecto de controles audiovisuales<br \/>\nf) Respecto de revisi\u00f3n corporal<br \/>\ng) Respecto de medidas de control antidrogas y detecci\u00f3n de metales<br \/>\nh) Posibilidad de pactar en un contrato de trabajo cl\u00e1usula de confidencialidad<br \/>\ni) Preguntas del empleador sobre estado de salud del trabajador<br \/>\nj) Autorizaci\u00f3n para la toma de muestra ant\u00edgeno para SARS-CoV-2<br \/>\nk) Resultado de negativo de un examen PCR para detecci\u00f3n del virus COVID-19<\/li>\n<li style=\"font-weight: 400;\">Protecci\u00f3n a las remuneraciones\n<p>B. Obligatoriedad de entregar un anexo a las liquidaciones de remuneraciones. Detalles del anexo<br \/>\nDict\u00e1menes generales sobre otras materias<\/li>\n<li style=\"font-weight: 400;\">Jurisprudencia Judicial<\/li>\n<li style=\"font-weight: 400;\">Fiscalizaci\u00f3n\n<p>A) Facultades de la Direcci\u00f3n del Trabajo<br \/>\n1) Contrato individual<br \/>\na) Cl\u00e1usulas t\u00e1citas<br \/>\nb) Atribuci\u00f3n de dependiente<br \/>\nc) Semana corrida<br \/>\nd) Falta de escrituraci\u00f3n del contrato de trabajo<br \/>\ne) Descuentos en remuneraciones<br \/>\n2) Interpretaci\u00f3n de contratos colectivos<br \/>\n3) Higiene y Seguridad<br \/>\n4) Accidentes del trabajo<br \/>\n5) Sindicatos<br \/>\na) Contrato colectivo<br \/>\nb) Pr\u00e1cticas antisindicales<br \/>\nc) Permisos sindicales<br \/>\nd) Delegado sindical<br \/>\n6) Negociaci\u00f3n colectiva<br \/>\na) Qu\u00f3rum para negociar<br \/>\nb) Trabajadores excluidos del proceso de negociaci\u00f3n colectiva<br \/>\nc) Objeci\u00f3n de legalidad<br \/>\nd) Pr\u00e1cticas desleales<br \/>\ne) Reemplazo de trabajadores en huelga<br \/>\n7) Subcontrataci\u00f3n<br \/>\n8) Base de c\u00e1lculo de indemnizaci\u00f3n por a\u00f1os de servicios<br \/>\n9) Non bis in idem<\/li>\n<li style=\"font-weight: 400;\">B) Informe de Fiscalizaci\u00f3n<\/li>\n<li style=\"font-weight: 400;\">Multa administrativa<\/li>\n<li style=\"font-weight: 400;\">A) Impugnaci\u00f3n por v\u00eda de recurso de protecci\u00f3n<br \/>\n1) Procedencia<br \/>\n2) Improcedencia<\/li>\n<li style=\"font-weight: 400;\">B) Impugnaci\u00f3n por v\u00eda de reconsideraci\u00f3n administrativa<br \/>\n1) Rebaja obligatoria<br \/>\n2) Resoluci\u00f3n que resuelve la reconsideraci\u00f3n<br \/>\n3) Notificaci\u00f3n<br \/>\n4) Reclamo judicial<br \/>\n5) Fundamentaci\u00f3n<br \/>\n6) Prescripci\u00f3n<\/li>\n<li style=\"font-weight: 400;\">C) Otras decisiones administrativas<br \/>\n1) Corte Suprema, 4\u00aa Sala, rol N\u00ba 10466-2013, 12.03.14<br \/>\n2) Corte Suprema, 4\u00aa Sala, rol N\u00ba 8062-2017, 26.04.2017 (Voto de minor\u00eda)<\/li>\n<\/ol>\n<p style=\"font-weight: 400;\"><b><strong>CAP\u00cdTULO VI<\/strong><\/b><br \/>\n<b><strong>ANEXOS<\/strong><\/b><\/p>\n<ol>\n<li style=\"font-weight: 400;\">Normativa\n<p>1. Ley Org\u00e1nica de la Direcci\u00f3n del Trabajo<br \/>\n2. Ley N\u00ba 21.327. Modernizaci\u00f3n de la Direcci\u00f3n del Trabajo<br \/>\n3. Ley N\u00ba 21.361. Adecua el C\u00f3digo del Trabajo en materia de documentos electr\u00f3nicos laborales<\/li>\n<li style=\"font-weight: 400;\">Resoluciones Administrativas<\/li>\n<li style=\"font-weight: 400;\">Resoluci\u00f3n N\u00ba 1.241 de fecha 28 de septiembre de 2021, publicado en el Diario Oficial el 1 de octubre de 2021<br \/>\n2. Manual del Procedimiento de Fiscalizaci\u00f3n de la Direcci\u00f3n del Trabajo<br \/>\n3. Decreto N\u00ba 37 del Ministerio del Trabajo. Aprueba Reglamento que determina los datos y la documentaci\u00f3n que los empleadores deber\u00e1n mantener obligatoriamente en el registro electr\u00f3nico laboral, y las modalidades y procedimientos mediante los cuales se implementar\u00e1 y mantendr\u00e1 actualizado dicho registro<br \/>\n4. Resoluci\u00f3n Exenta N\u00ba 681. Establece y sistematiza nueva estructura org\u00e1nica y funcional del Departamento de Relaciones Laborales de la Direcci\u00f3n del Trabajo<br \/>\n5. Resoluci\u00f3n Exenta N\u00ba 1.340. Fija los procedimientos para ratificaci\u00f3n de finiquito, renuncia y mutuo acuerdo en el portal electr\u00f3nico de la Direcci\u00f3n del Trabajo<br \/>\n6. Orden de Servicio N\u00ba 5. Moderniza y actualiza normas vinculadas a procedimientos de inspecci\u00f3n.<\/li>\n<\/ol>\n","protected":false},"excerpt":{"rendered":"<p>El objetivo de este trabajo es dar a conocer a los empleadores los diversos aspectos que podr\u00eda implicar una fiscalizaci\u00f3n de car\u00e1cter laboral efectuada por alguna Inspecci\u00f3n del Trabajo y precaver la aplicaci\u00f3n de multas administrativas, adem\u00e1s de lo cual se pretende poner en conocimiento del ciudadano fiscalizado los derechos, tanto administrativos como judiciales, que puede ejercer ante una fiscalizaci\u00f3n y respecto de las multas que con ocasi\u00f3n de ella se le pudieran imponer, de tal forma que sus derechos no se vean conculcados con motivo de la intervenci\u00f3n de la autoridad administrativa, en especial cuando las sanciones se impongan con arbitrariedad y\/o carencia de fundamentos f\u00e1cticos o legales. CAP\u00cdTULO I LA DIRECCI\u00d3N DEL TRABAJO Antecedentes generales B. Su organizaci\u00f3n C. Atribuciones y funciones 1. Funci\u00f3n fiscalizadora 2. Funci\u00f3n normativa 3. Otras funciones a) Ministro de fe b) Funci\u00f3n registral c) Mediaci\u00f3n d) Emisi\u00f3n de informes Atribuciones especiales conferidas por la reforma procesal laboral a) Procedimiento de tutela laboral b) Procedimiento monitorio CAP\u00cdTULO II LA FISCALIZACI\u00d3N Generalidades Concepto 2. El Fiscalizador a) Concepto b) Prohibiciones a que est\u00e1 afecto c) Responsabilidad del fiscalizador Tipos de fiscalizaci\u00f3n Fiscalizaci\u00f3n ordinaria A) General 1) A petici\u00f3n de parte o solicitada 2) Fiscalizaci\u00f3n de oficio B) Especial II. Fiscalizaci\u00f3n Extraordinaria 4. Generalidades de la fiscalizaci\u00f3n a) Simple b) De efectos provisionales, esencialmente revisables al nivel jurisdiccional, sin perjuicio de la posibilidad de revisi\u00f3n administrativa c) R\u00e1pido d) De aplicaci\u00f3n masiva y general e) A bajo costo f) Con alto impacto disuasivo y demostrativo g) Con aplicaci\u00f3n preponderante en las fases preventivas de la conflictividad laboral o en las primeras etapas de su manifestaci\u00f3n h) La fiscalizaci\u00f3n percibe y aprecia los hechos en forma directa e inmediata i) La fiscalizaci\u00f3n se orienta por una pol\u00edtica construida a partir de un diagn\u00f3stico acabado de la realidad sobre la que se aplicar\u00e1 Caracter\u00edsticas, principios y reglas generales del procedimiento Derechos del ciudadano fiscalizado Derechos de los trabajadores, de sus representantes y de las organizaciones sindicales, durante un procedimiento inspectivo El procedimiento de fiscalizaci\u00f3n Reglamentaci\u00f3n de la fiscalizaci\u00f3n Facultades o labores del fiscalizador a) Labor fiscalizadora b) Labor sancionadora c) Labor preventiva o previa al conflicto Etapas de la fiscalizaci\u00f3n en modalidad presencial o semipresencial a) Presentaci\u00f3n con el fiscalizado b) Entrevista al empleador c) Actuaciones realizadas por el fiscalizador Inspecci\u00f3n perceptiva Entrevista a trabajadores Revisi\u00f3n documental Revisi\u00f3n en oficina An\u00e1lisis de la documentaci\u00f3n que puede requerir el fiscalizador a) Contrato de trabajo b) Registro control de asistencia c) Libro auxiliar de remuneraciones d) Reglamento interno de orden, higiene y seguridad e) Comprobante de pago de remuneraciones f) Comprobantes de feriado g) Instrumentos colectivos h) Finiquitos i) Documentaci\u00f3n comercial j) Documentaci\u00f3n previsional k) Otros documentos previsionales Casos especiales de fiscalizaci\u00f3n a) Fiscalizaci\u00f3n en domicilios particulares b) Fiscalizaci\u00f3n en modalidad a distancia i. Inicio de la investigaci\u00f3n ii. Presentaci\u00f3n con el fiscalizado iii. Entrevistas iv. Revisi\u00f3n documental La refiscalizaci\u00f3n La fiscalizaci\u00f3n electr\u00f3nica Disposiciones especiales aplicables a la fiscalizaci\u00f3n para la Micro y Peque\u00f1a Empresa (MYPE) CAP\u00cdTULO III DE LAS INFRACCIONES A LA NORMATIVA LABORAL Y DE SEGURIDAD SOCIAL Ente sancionador B. Tipo de sanciones C. Monto de las sanciones de car\u00e1cter pecuniario D. Formalidades de la sanci\u00f3n E. Notificaci\u00f3n de la resoluci\u00f3n que aplica una multa CAP\u00cdTULO IV DEL RECLAMO POR SANCIONES DE CAR\u00c1CTER ADMINISTRATIVO En sede administrativa Recursos establecidos en la Ley N\u00ba 18.575 a) Recurso de reconsideraci\u00f3n general b) Recurso jer\u00e1rquico Recursos contemplados en la Ley N\u00ba 19.880 Recursos contemplados en el C\u00f3digo del Trabajo a) Reconsideraci\u00f3n b) Rebaja obligatoria c) Recurso Administrativo Simplificado (RAS) En sede judicial Recurso de protecci\u00f3n Recursos contemplados en el D.F.L. N\u00ba 2 de 1967, que contiene la Ley Org\u00e1nica de la Direcci\u00f3n del Trabajo (L.O.D.T.) Procedimiento especial para reclamo de multas contemplado en el C\u00f3digo del Trabajo a) Reglas generales 1) Tribunal competente 2) Sujeto pasivo de la acci\u00f3n 3) Plazo para reclamar 4) Contenido de la demanda de reclamo 5) Documentos que deben acompa\u00f1arse al reclamo 6) Examen de admisibilidad 7) Contestaci\u00f3n 8) La prueba en el reclamo judicial i. Rebaja de la multa aplicada ii. Ilegalidad de la multa aplicada iii. Inexistencia de la infracci\u00f3n 9) La sentencia definitiva 10) Recursos b) Reglas especiales seg\u00fan el procedimiento seguido 1) Procedimiento ordinario laboral 2) Procedimiento monitorio c) Casos especiales CAP\u00cdTULO V JURISPRUDENCIA Jurisprudencia Administrativa Interpretaci\u00f3n de contrato colectivo Documentaci\u00f3n laboral Facultades de administraci\u00f3n a) Respecto de correos electr\u00f3nicos b) Respecto de sistemas computacionales de control c) Respecto de entrega de Comprobante electr\u00f3nico de remuneraci\u00f3n d) En cuanto a elaboraci\u00f3n de protocolos de atenci\u00f3n a p\u00fablico e) Respecto de controles audiovisuales f) Respecto de revisi\u00f3n corporal g) Respecto de medidas de control antidrogas y detecci\u00f3n de metales h) Posibilidad de pactar en un contrato de trabajo cl\u00e1usula de confidencialidad i) Preguntas del empleador sobre estado de salud del trabajador j) Autorizaci\u00f3n para la toma de muestra ant\u00edgeno para SARS-CoV-2 k) Resultado de negativo de un examen PCR para detecci\u00f3n del virus COVID-19 Protecci\u00f3n a las remuneraciones B. Obligatoriedad de entregar un anexo a las liquidaciones de remuneraciones. Detalles del anexo Dict\u00e1menes generales sobre otras materias Jurisprudencia Judicial Fiscalizaci\u00f3n A) Facultades de la Direcci\u00f3n del Trabajo 1) Contrato individual a) Cl\u00e1usulas t\u00e1citas b) Atribuci\u00f3n de dependiente c) Semana corrida d) Falta de escrituraci\u00f3n del contrato de trabajo e) Descuentos en remuneraciones 2) Interpretaci\u00f3n de contratos colectivos 3) Higiene y Seguridad 4) Accidentes del trabajo 5) Sindicatos a) Contrato colectivo b) Pr\u00e1cticas antisindicales c) Permisos sindicales d) Delegado sindical 6) Negociaci\u00f3n colectiva a) Qu\u00f3rum para negociar b) Trabajadores excluidos del proceso de negociaci\u00f3n colectiva c) Objeci\u00f3n de legalidad d) Pr\u00e1cticas desleales e) Reemplazo de trabajadores en huelga 7) Subcontrataci\u00f3n 8) Base de c\u00e1lculo de indemnizaci\u00f3n por a\u00f1os de servicios 9) Non bis in idem B) Informe de Fiscalizaci\u00f3n Multa administrativa A) Impugnaci\u00f3n por v\u00eda de recurso de protecci\u00f3n 1) Procedencia 2) Improcedencia B) Impugnaci\u00f3n por v\u00eda de reconsideraci\u00f3n administrativa 1) Rebaja obligatoria 2) Resoluci\u00f3n que resuelve la reconsideraci\u00f3n 3) Notificaci\u00f3n 4) Reclamo judicial 5) Fundamentaci\u00f3n 6) Prescripci\u00f3n C) Otras decisiones administrativas 1)<\/p>\n","protected":false},"featured_media":4073,"comment_status":"open","ping_status":"closed","template":"","meta":{"inline_featured_image":false,"_joinchat":[]},"product_brand":[],"product_cat":[41,42],"product_tag":[],"class_list":{"0":"post-4043","1":"product","2":"type-product","3":"status-publish","4":"has-post-thumbnail","6":"product_cat-laboral","7":"product_cat-thomson-reuters","8":"product_shipping_class-a-convenir","10":"first","11":"instock","12":"shipping-taxable","13":"purchasable","14":"product-type-simple"},"_links":{"self":[{"href":"https:\/\/bibliotecajuridicavirtual.cl\/index.php\/wp-json\/wp\/v2\/product\/4043","targetHints":{"allow":["GET"]}}],"collection":[{"href":"https:\/\/bibliotecajuridicavirtual.cl\/index.php\/wp-json\/wp\/v2\/product"}],"about":[{"href":"https:\/\/bibliotecajuridicavirtual.cl\/index.php\/wp-json\/wp\/v2\/types\/product"}],"replies":[{"embeddable":true,"href":"https:\/\/bibliotecajuridicavirtual.cl\/index.php\/wp-json\/wp\/v2\/comments?post=4043"}],"wp:featuredmedia":[{"embeddable":true,"href":"https:\/\/bibliotecajuridicavirtual.cl\/index.php\/wp-json\/wp\/v2\/media\/4073"}],"wp:attachment":[{"href":"https:\/\/bibliotecajuridicavirtual.cl\/index.php\/wp-json\/wp\/v2\/media?parent=4043"}],"wp:term":[{"taxonomy":"product_brand","embeddable":true,"href":"https:\/\/bibliotecajuridicavirtual.cl\/index.php\/wp-json\/wp\/v2\/product_brand?post=4043"},{"taxonomy":"product_cat","embeddable":true,"href":"https:\/\/bibliotecajuridicavirtual.cl\/index.php\/wp-json\/wp\/v2\/product_cat?post=4043"},{"taxonomy":"product_tag","embeddable":true,"href":"https:\/\/bibliotecajuridicavirtual.cl\/index.php\/wp-json\/wp\/v2\/product_tag?post=4043"}],"curies":[{"name":"wp","href":"https:\/\/api.w.org\/{rel}","templated":true}]}}