{"id":4044,"date":"2026-02-28T01:22:34","date_gmt":"2026-02-28T04:22:34","guid":{"rendered":"https:\/\/bibliotecajuridicavirtual.cl\/?post_type=product&#038;p=4044"},"modified":"2026-02-28T01:22:52","modified_gmt":"2026-02-28T04:22:52","slug":"doctrina-y-jurisprudencia-penal-n-48-problemas-actuales-de-derecho-penal-internacional-ano-2022-138-pag-autor-varios-autores","status":"publish","type":"product","link":"https:\/\/bibliotecajuridicavirtual.cl\/index.php\/product\/doctrina-y-jurisprudencia-penal-n-48-problemas-actuales-de-derecho-penal-internacional-ano-2022-138-pag-autor-varios-autores\/","title":{"rendered":"Doctrina y Jurisprudencia Penal N\u00b0 48 &#8211; Problemas Actuales de Derecho Penal Internacional. A\u00f1o 2022\/ 138 P\u00e1g. Autor Varios Autores"},"content":{"rendered":"<ol>\n<li style=\"font-weight: 400;\"><b><strong> ESTUDIOS<\/strong><\/b><\/li>\n<\/ol>\n<p style=\"font-weight: 400;\"><em>Los \u201cmatrimonios forzados\u201d en las resoluciones de la Corte Penal Internacional<\/em><br \/>\nClaudia Marcela C\u00e1rdenas Aravena<\/p>\n<p style=\"font-weight: 400;\"><em>La coherencia intradogm\u00e1tica del sistema internacional penal ante la inexorable inconsistencia del relato pol\u00edtico. Reflexiones a cuenta de la improcedente denuncia ante la corte penal internacional por los sucesos de octubre de 2019<\/em><br \/>\nMario M. Pereira Garmendia<\/p>\n<ol>\n<li style=\"font-weight: 400;\"><b><strong> COMENTARIOS DE SENTENCIAS<\/strong><\/b><\/li>\n<\/ol>\n<p style=\"font-weight: 400;\"><em>Comentario a la SCA de santiago de 17 de noviembre de 2021 (rol No 4741-2019)<\/em><br \/>\nFrancisco F\u00e9lix Bustos Bustos<\/p>\n<p style=\"font-weight: 400;\"><em>Comentario a la SSA de la CPI de 8 de junio de 2018 (ICC-01\/05-01\/08 a)<\/em><br \/>\nJorge Cabrera Guirao<\/p>\n<p style=\"font-weight: 400;\"><em>Comentario a la SCS de 27 de septiembre de 2021 (rol No 92043-2020)<\/em><br \/>\nCatalina Fern\u00e1ndez Carter<\/p>\n<p style=\"font-weight: 400;\"><b><strong>III. SENTENCIAS CLASIFICADAS<\/strong><\/b><\/p>\n<p style=\"font-weight: 400;\">Agravante en delitos de lesa humanidad<br \/>\nBeneficios y l\u00edmites de penas<br \/>\nCelo de la justicia y otras atenuantes<br \/>\nCumplimiento del deber y otras eximentes<br \/>\nCrimen de lesa humanidad<br \/>\nImprescriptibilidad de la acci\u00f3n penal<br \/>\nObediencia debida<br \/>\nReparaci\u00f3n de las v\u00edctimas<br \/>\nRestricciones de derechos<\/p>\n","protected":false},"excerpt":{"rendered":"<p>ESTUDIOS Los \u201cmatrimonios forzados\u201d en las resoluciones de la Corte Penal Internacional Claudia Marcela C\u00e1rdenas Aravena La coherencia intradogm\u00e1tica del sistema internacional penal ante la inexorable inconsistencia del relato pol\u00edtico. Reflexiones a cuenta de la improcedente denuncia ante la corte penal internacional por los sucesos de octubre de 2019 Mario M. Pereira Garmendia COMENTARIOS DE SENTENCIAS Comentario a la SCA de santiago de 17 de noviembre de 2021 (rol No 4741-2019) Francisco F\u00e9lix Bustos Bustos Comentario a la SSA de la CPI de 8 de junio de 2018 (ICC-01\/05-01\/08 a) Jorge Cabrera Guirao Comentario a la SCS de 27 de septiembre de 2021 (rol No 92043-2020) Catalina Fern\u00e1ndez Carter III. SENTENCIAS CLASIFICADAS Agravante en delitos de lesa humanidad Beneficios y l\u00edmites de penas Celo de la justicia y otras atenuantes Cumplimiento del deber y otras eximentes Crimen de lesa humanidad Imprescriptibilidad de la acci\u00f3n penal Obediencia debida Reparaci\u00f3n de las v\u00edctimas Restricciones de derechos<\/p>\n","protected":false},"featured_media":4074,"comment_status":"open","ping_status":"closed","template":"","meta":{"inline_featured_image":false,"_joinchat":[]},"product_brand":[],"product_cat":[30,42],"product_tag":[],"class_list":{"0":"post-4044","1":"product","2":"type-product","3":"status-publish","4":"has-post-thumbnail","6":"product_cat-penal","7":"product_cat-thomson-reuters","8":"product_shipping_class-a-convenir","10":"first","11":"instock","12":"shipping-taxable","13":"purchasable","14":"product-type-simple"},"_links":{"self":[{"href":"https:\/\/bibliotecajuridicavirtual.cl\/index.php\/wp-json\/wp\/v2\/product\/4044","targetHints":{"allow":["GET"]}}],"collection":[{"href":"https:\/\/bibliotecajuridicavirtual.cl\/index.php\/wp-json\/wp\/v2\/product"}],"about":[{"href":"https:\/\/bibliotecajuridicavirtual.cl\/index.php\/wp-json\/wp\/v2\/types\/product"}],"replies":[{"embeddable":true,"href":"https:\/\/bibliotecajuridicavirtual.cl\/index.php\/wp-json\/wp\/v2\/comments?post=4044"}],"wp:featuredmedia":[{"embeddable":true,"href":"https:\/\/bibliotecajuridicavirtual.cl\/index.php\/wp-json\/wp\/v2\/media\/4074"}],"wp:attachment":[{"href":"https:\/\/bibliotecajuridicavirtual.cl\/index.php\/wp-json\/wp\/v2\/media?parent=4044"}],"wp:term":[{"taxonomy":"product_brand","embeddable":true,"href":"https:\/\/bibliotecajuridicavirtual.cl\/index.php\/wp-json\/wp\/v2\/product_brand?post=4044"},{"taxonomy":"product_cat","embeddable":true,"href":"https:\/\/bibliotecajuridicavirtual.cl\/index.php\/wp-json\/wp\/v2\/product_cat?post=4044"},{"taxonomy":"product_tag","embeddable":true,"href":"https:\/\/bibliotecajuridicavirtual.cl\/index.php\/wp-json\/wp\/v2\/product_tag?post=4044"}],"curies":[{"name":"wp","href":"https:\/\/api.w.org\/{rel}","templated":true}]}}