{"id":4046,"date":"2026-02-28T01:22:34","date_gmt":"2026-02-28T04:22:34","guid":{"rendered":"https:\/\/bibliotecajuridicavirtual.cl\/?post_type=product&#038;p=4046"},"modified":"2026-02-28T01:22:54","modified_gmt":"2026-02-28T04:22:54","slug":"delitos-contra-la-propiedad-en-la-actividad-minera-perspectiva-politico-criminal-y-dogmatica-ano-2022-150-pag-autor-froilan-urbina-labra","status":"publish","type":"product","link":"https:\/\/bibliotecajuridicavirtual.cl\/index.php\/product\/delitos-contra-la-propiedad-en-la-actividad-minera-perspectiva-politico-criminal-y-dogmatica-ano-2022-150-pag-autor-froilan-urbina-labra\/","title":{"rendered":"Delitos Contra La Propiedad en la Actividad Minera. Perspectiva Pol\u00edtico Criminal y Dogm\u00e1tica. A\u00f1o 2022\/ 150 P\u00e1g. Autor Froil\u00e1n Urbina Labra"},"content":{"rendered":"<p style=\"font-weight: 400;\">Esta obra se enfoca principalmente en los delitos relacionados con la actividad minera y, en ese sentido, comienza con un an\u00e1lisis hist\u00f3rico de dichas acciones punibles.<\/p>\n<p style=\"font-weight: 400;\">Luego se analiza desde la perspectiva pol\u00edtico-criminal y de bien jur\u00eddico afectado, para, finalmente, entrar al an\u00e1lisis en concreto de cada delito que pudiera afectar a quienes desarrollan la actividad minera.<\/p>\n<p style=\"font-weight: 400;\">\n<p style=\"font-weight: 400;\"><b><strong>CAP\u00cdTULO I<\/strong><\/b><br \/>\n<b><strong>ANTECEDENTES HIST\u00d3RICOS DE LA MINER\u00cdA, LA PROPIEDAD MINERA Y LOS DELITOS CONTRA LA PROPIEDAD MINERA EN CHILE<\/strong><\/b><\/p>\n<p style=\"font-weight: 400;\">1.1. Per\u00edodo Precolombino<br \/>\n1.2. Per\u00edodo Poscolombino<br \/>\n1.3. Carrizal Alto y Cha\u00f1arcillo<br \/>\n1.4. Explotaci\u00f3n de Cha\u00f1arcillo: desorden y hurto de minerales<br \/>\n1.5. Mineral de Tres Puntas: ambici\u00f3n, producci\u00f3n y robo de minerales<\/p>\n<p style=\"font-weight: 400;\"><b><strong>CAP\u00cdTULO II<\/strong><\/b><br \/>\n<b><strong>AN\u00c1LISIS DOGM\u00c1TICO DEL BIEN JUR\u00cdDICO PROPIEDAD Y SUS ALCANCES EN LA ACTIVIDAD MINERA<\/strong><\/b><\/p>\n<p style=\"font-weight: 400;\">2.1. Aproximaciones al concepto de Bien Jur\u00eddico protegido<br \/>\n2.2. Aproximaciones al concepto de propiedad y su protecci\u00f3n como bien jur\u00eddico en la miner\u00eda<\/p>\n<p style=\"font-weight: 400;\"><b><strong>CAP\u00cdTULO III<\/strong><\/b><br \/>\n<b><strong>LEGISLACI\u00d3N MINERA VIGENTE EN CHILE Y SU IMPLICANCIA CRIMINOL\u00d3GICA EN LOS DELITOS CONTRA LA PROPIEDAD EN MINER\u00cdA<\/strong><\/b><\/p>\n<p style=\"font-weight: 400;\">3.1. Aspectos que muestran desigualdad en el acceso a la propiedad minera, en el procedimiento de la Legislaci\u00f3n Minera<br \/>\n3.2. Incidencia de la Legislaci\u00f3n Minera vigente, dentro del an\u00e1lisis criminol\u00f3gico, respecto de la comisi\u00f3n de los delitos contra la propiedad en miner\u00eda<\/p>\n<p style=\"font-weight: 400;\"><b><strong>CAP\u00cdTULO IV<\/strong><\/b><br \/>\n<b><strong>DELITOS CONTRA LA PROPIEDAD EN MINER\u00cdA<\/strong><\/b><\/p>\n<p style=\"font-weight: 400;\">4.1. El hurto en la actividad minera, cr\u00edticas y elementos<br \/>\n4.2. Perspectiva Pol\u00edtico Criminal<br \/>\n4.3. Elementos del hurto y tipolog\u00eda<br \/>\nI. Elementos objetivos del tipo<br \/>\nII. Elemento subjetivo del tipo Dolo<br \/>\n4.4. El perjuicio en los delitos contra la propiedad en miner\u00eda<br \/>\n4.5. Tipos de hurto y su relevancia para la actividad minera<br \/>\nI. Hurto simple<br \/>\nII. Los hurtos agravados<br \/>\nIII. Hurto de hallazgo<br \/>\n4.6. Robo de productos mineros<br \/>\nI. Robo con fuerza en las cosas<br \/>\nII. Tipo objetivo del robo con fuerza en las cosas<br \/>\nIII. Tipo subjetivo del robo de productos mineros<br \/>\n4.7. Robo de productos mineros, con fuerza en las cosas en lugar habitado, destinado a la habitaci\u00f3n o en las dependencias de uno y otro<br \/>\n4.8. Robo de productos mineros con fuerza en las cosas en lugar no habitado<br \/>\n4.9. Usurpaci\u00f3n de concesi\u00f3n minera<br \/>\nI. Usurpaci\u00f3n violenta<br \/>\nII. Usurpaci\u00f3n no violenta<br \/>\nIII. Culpabilidad en la usurpaci\u00f3n<br \/>\n4.10. Alteraci\u00f3n o destrucci\u00f3n de deslindes<br \/>\nI. Elementos Objetivos del Tipo<br \/>\nII. Elementos Subjetivos del Tipo<br \/>\n4.11. Las internaciones<\/p>\n<p style=\"font-weight: 400;\"><b><strong>CAP\u00cdTULO V<\/strong><\/b><br \/>\n<b><strong>ASPECTOS PR\u00c1CTICOS DE LA ACTIVIDAD PROCESAL, RELATIVA A LOS DELITOS CONTRA LA PROPIEDAD EN MINER\u00cdA<\/strong><\/b><\/p>\n","protected":false},"excerpt":{"rendered":"<p>Esta obra se enfoca principalmente en los delitos relacionados con la actividad minera y, en ese sentido, comienza con un an\u00e1lisis hist\u00f3rico de dichas acciones punibles. Luego se analiza desde la perspectiva pol\u00edtico-criminal y de bien jur\u00eddico afectado, para, finalmente, entrar al an\u00e1lisis en concreto de cada delito que pudiera afectar a quienes desarrollan la actividad minera. CAP\u00cdTULO I ANTECEDENTES HIST\u00d3RICOS DE LA MINER\u00cdA, LA PROPIEDAD MINERA Y LOS DELITOS CONTRA LA PROPIEDAD MINERA EN CHILE 1.1. Per\u00edodo Precolombino 1.2. Per\u00edodo Poscolombino 1.3. Carrizal Alto y Cha\u00f1arcillo 1.4. Explotaci\u00f3n de Cha\u00f1arcillo: desorden y hurto de minerales 1.5. Mineral de Tres Puntas: ambici\u00f3n, producci\u00f3n y robo de minerales CAP\u00cdTULO II AN\u00c1LISIS DOGM\u00c1TICO DEL BIEN JUR\u00cdDICO PROPIEDAD Y SUS ALCANCES EN LA ACTIVIDAD MINERA 2.1. Aproximaciones al concepto de Bien Jur\u00eddico protegido 2.2. Aproximaciones al concepto de propiedad y su protecci\u00f3n como bien jur\u00eddico en la miner\u00eda CAP\u00cdTULO III LEGISLACI\u00d3N MINERA VIGENTE EN CHILE Y SU IMPLICANCIA CRIMINOL\u00d3GICA EN LOS DELITOS CONTRA LA PROPIEDAD EN MINER\u00cdA 3.1. Aspectos que muestran desigualdad en el acceso a la propiedad minera, en el procedimiento de la Legislaci\u00f3n Minera 3.2. Incidencia de la Legislaci\u00f3n Minera vigente, dentro del an\u00e1lisis criminol\u00f3gico, respecto de la comisi\u00f3n de los delitos contra la propiedad en miner\u00eda CAP\u00cdTULO IV DELITOS CONTRA LA PROPIEDAD EN MINER\u00cdA 4.1. El hurto en la actividad minera, cr\u00edticas y elementos 4.2. Perspectiva Pol\u00edtico Criminal 4.3. Elementos del hurto y tipolog\u00eda I. Elementos objetivos del tipo II. Elemento subjetivo del tipo Dolo 4.4. El perjuicio en los delitos contra la propiedad en miner\u00eda 4.5. Tipos de hurto y su relevancia para la actividad minera I. Hurto simple II. Los hurtos agravados III. Hurto de hallazgo 4.6. Robo de productos mineros I. Robo con fuerza en las cosas II. Tipo objetivo del robo con fuerza en las cosas III. Tipo subjetivo del robo de productos mineros 4.7. Robo de productos mineros, con fuerza en las cosas en lugar habitado, destinado a la habitaci\u00f3n o en las dependencias de uno y otro 4.8. Robo de productos mineros con fuerza en las cosas en lugar no habitado 4.9. Usurpaci\u00f3n de concesi\u00f3n minera I. Usurpaci\u00f3n violenta II. Usurpaci\u00f3n no violenta III. Culpabilidad en la usurpaci\u00f3n 4.10. Alteraci\u00f3n o destrucci\u00f3n de deslindes I. Elementos Objetivos del Tipo II. Elementos Subjetivos del Tipo 4.11. Las internaciones CAP\u00cdTULO V ASPECTOS PR\u00c1CTICOS DE LA ACTIVIDAD PROCESAL, RELATIVA A LOS DELITOS CONTRA LA PROPIEDAD EN MINER\u00cdA<\/p>\n","protected":false},"featured_media":4076,"comment_status":"open","ping_status":"closed","template":"","meta":{"inline_featured_image":false,"_joinchat":[]},"product_brand":[],"product_cat":[30,42],"product_tag":[],"class_list":{"0":"post-4046","1":"product","2":"type-product","3":"status-publish","4":"has-post-thumbnail","6":"product_cat-penal","7":"product_cat-thomson-reuters","8":"product_shipping_class-a-convenir","10":"first","11":"instock","12":"shipping-taxable","13":"purchasable","14":"product-type-simple"},"_links":{"self":[{"href":"https:\/\/bibliotecajuridicavirtual.cl\/index.php\/wp-json\/wp\/v2\/product\/4046","targetHints":{"allow":["GET"]}}],"collection":[{"href":"https:\/\/bibliotecajuridicavirtual.cl\/index.php\/wp-json\/wp\/v2\/product"}],"about":[{"href":"https:\/\/bibliotecajuridicavirtual.cl\/index.php\/wp-json\/wp\/v2\/types\/product"}],"replies":[{"embeddable":true,"href":"https:\/\/bibliotecajuridicavirtual.cl\/index.php\/wp-json\/wp\/v2\/comments?post=4046"}],"wp:featuredmedia":[{"embeddable":true,"href":"https:\/\/bibliotecajuridicavirtual.cl\/index.php\/wp-json\/wp\/v2\/media\/4076"}],"wp:attachment":[{"href":"https:\/\/bibliotecajuridicavirtual.cl\/index.php\/wp-json\/wp\/v2\/media?parent=4046"}],"wp:term":[{"taxonomy":"product_brand","embeddable":true,"href":"https:\/\/bibliotecajuridicavirtual.cl\/index.php\/wp-json\/wp\/v2\/product_brand?post=4046"},{"taxonomy":"product_cat","embeddable":true,"href":"https:\/\/bibliotecajuridicavirtual.cl\/index.php\/wp-json\/wp\/v2\/product_cat?post=4046"},{"taxonomy":"product_tag","embeddable":true,"href":"https:\/\/bibliotecajuridicavirtual.cl\/index.php\/wp-json\/wp\/v2\/product_tag?post=4046"}],"curies":[{"name":"wp","href":"https:\/\/api.w.org\/{rel}","templated":true}]}}