{"id":4047,"date":"2026-02-28T01:22:34","date_gmt":"2026-02-28T04:22:34","guid":{"rendered":"https:\/\/bibliotecajuridicavirtual.cl\/?post_type=product&#038;p=4047"},"modified":"2026-02-28T01:22:57","modified_gmt":"2026-02-28T04:22:57","slug":"franquicias-tributarias-para-zonas-extremas-territorios-especiales-ano-2022-340-pag-autor-anggie-flies-anon-y-christian-garcia-castillo","status":"publish","type":"product","link":"https:\/\/bibliotecajuridicavirtual.cl\/index.php\/product\/franquicias-tributarias-para-zonas-extremas-territorios-especiales-ano-2022-340-pag-autor-anggie-flies-anon-y-christian-garcia-castillo\/","title":{"rendered":"Franquicias Tributarias para Zonas Extremas Territorios Especiales. A\u00f1o 2022\/ 340 P\u00e1g. Autor Anggie Flies A\u00f1\u00f3n y Christian Garc\u00eda Castillo"},"content":{"rendered":"<p style=\"font-weight: 400;\">Las zonas extremas del pa\u00eds cuentan con una gama de franquicias tributarias, llamadas habitualmente \u201cleyes de excepci\u00f3n\u201d, dispersas en m\u00faltiples cuerpos jur\u00eddicos, lo que ha dificultado su entendimiento y estudio en forma conjunta. Esta obra detalla cada una de dichas normas, profundizando en los beneficios que ellas entregan y sus destinatarios, que m\u00e1s que una enumeraci\u00f3n de las franquicias, se centra en delimitar sus contornos, mostrando la interpretaci\u00f3n administrativa y la jurisprudencia que permiten al lector entender el real \u00e1mbito de aplicaci\u00f3n de cada beneficio.<\/p>\n<p style=\"font-weight: 400;\">As\u00ed tambi\u00e9n, hay comparaciones de los variados textos legales, que acercan al lector a la comprensi\u00f3n de las diferencias entre los diversos cuerpos jur\u00eddicos que aplican en un mismo territorio para revisar la compatibilidad entre unas y otras franquicias, constituyendo una aut\u00e9ntica gu\u00eda para asesores e inversionistas, as\u00ed como para los entes fiscalizadores y promotores de estas franquicias.<\/p>\n<p style=\"font-weight: 400;\">\n<p style=\"font-weight: 400;\"><b><strong>CAP\u00cdTULO I<br \/>\nREG\u00cdMENES TRIBUTARIOS Y ADUANEROS VIGENTES PARA ZONAS EXTREMAS Y TERRITORIOS ESPECIALES<\/strong><\/b><\/p>\n<ol>\n<li style=\"font-weight: 400;\"><b><strong> Zona Franca<\/strong><\/b><\/li>\n<\/ol>\n<p style=\"font-weight: 400;\">1.1. Tipos de zonas geogr\u00e1ficas<br \/>\n1.2. Reg\u00edmenes especiales de Zona Franca<br \/>\n1.2.1. Recinto remoto<br \/>\n1.2.2. Normas especiales de Zona Franca para Arica<br \/>\n1.2.3. Normas Especiales de Zona Franca para Alto Hospicio<br \/>\n1.2.4. R\u00e9gimen especial de Zona Franca para Tocopilla<br \/>\n1.2.5. Centros de exportaci\u00f3n<br \/>\n1.2.6. Recintos francos para regiones aisladas<\/p>\n<ol start=\"2\">\n<li style=\"font-weight: 400;\"><b><strong> Bonificaciones y rebajas impositivas<\/strong><\/b><\/li>\n<\/ol>\n<p style=\"font-weight: 400;\">2.1. Bonificaci\u00f3n por contrataci\u00f3n de mano de obra<br \/>\n2.2. Bonificaci\u00f3n por inversi\u00f3n y reinversi\u00f3n<br \/>\n2.3. Presunci\u00f3n de gratificaci\u00f3n de zona<\/p>\n<ol start=\"3\">\n<li style=\"font-weight: 400;\"><b><strong> Cr\u00e9ditos tributarios por radicaci\u00f3n de inversiones<\/strong><\/b><\/li>\n<\/ol>\n<p style=\"font-weight: 400;\">3.1. Cr\u00e9dito tributario de la Ley Arica<br \/>\n3.2. Cr\u00e9dito tributario de la Ley Austral<\/p>\n<ol start=\"4\">\n<li style=\"font-weight: 400;\"><b><strong> Otros estatutos especiales<\/strong><\/b><\/li>\n<\/ol>\n<p style=\"font-weight: 400;\">4.1. Estatuto de Isla de Pascua<br \/>\n4.2. Ley Navarino<br \/>\n4.2.1. Beneficiarias<br \/>\n4.2.2. Franquicias para las empresas<br \/>\n4.2.3. Franquicias para el territorio<br \/>\n4.3. Ley Tierra del Fuego<br \/>\n4.3.1. Beneficiarias<br \/>\n4.3.2. Franquicias para empresas<br \/>\n4.3.3. Franquicias para comerciantes<\/p>\n<p style=\"font-weight: 400;\"><b><strong>CAP\u00cdTULO II<br \/>\nZONA FRANCA<\/strong><\/b><\/p>\n<ol>\n<li style=\"font-weight: 400;\"><b><strong> An\u00e1lisis del texto legal<\/strong><\/b><\/li>\n<\/ol>\n<p style=\"font-weight: 400;\">1.1. Legislaci\u00f3n de Zona Franca<br \/>\n1.2. Centros de exportaci\u00f3n<br \/>\n1.3. Zona Franca Industrial de Tocopilla<br \/>\n1.4. Zonas Francas para regiones geogr\u00e1ficamente aisladas<\/p>\n<ol start=\"2\">\n<li style=\"font-weight: 400;\"><b><strong> Franquicias del sistema<\/strong><\/b><\/li>\n<\/ol>\n<p style=\"font-weight: 400;\">2.1. Exenciones dentro del recinto franco<br \/>\n2.1.1. Exenci\u00f3n de aranceles aduaneros<br \/>\n2.1.2. Exenci\u00f3n de los impuestos a las ventas y servicios<br \/>\n2.1.3. Exenci\u00f3n del impuesto a la renta<br \/>\n2.1.4. Invariabilidad de franquicias para la Zona Franca de Iquique<br \/>\n2.2. Beneficios para la zona de extensi\u00f3n<br \/>\n2.2.1. Exenci\u00f3n de Arancel e IVA<br \/>\n2.2.2. Cr\u00e9dito fiscal de IVA por impuesto de Zona Franca<br \/>\n2.2.3. Exenci\u00f3n del impuesto verde para los veh\u00edculos<br \/>\n2.3. Mercanc\u00eda nacional o nacionalizada<br \/>\n2.4. Devoluci\u00f3n de IVA a turistas de zona de extensi\u00f3n<br \/>\n2.5. Franquicias para los centros de exportaci\u00f3n<br \/>\n2.6. Franquicias para la zona franca industrial de Tocopilla<\/p>\n<p style=\"font-weight: 400;\"><b><strong>CAP\u00cdTULO III<br \/>\nBONIFICACIONES Y REBAJAS IMPOSITIVAS<\/strong><\/b><\/p>\n<ol>\n<li style=\"font-weight: 400;\"><b><strong> An\u00e1lisis del texto legal\n<p><\/strong><\/b>1.1. D.L. N\u00ba 889, de 1975<br \/>\n1.2. Ley N\u00ba 19.853<br \/>\n1.3. D.F.L. N\u00ba 15, de 1981, del Ministerio de Hacienda<\/li>\n<li style=\"font-weight: 400;\"><b><strong> Rebajas y subvenciones<\/strong><\/b><\/li>\n<\/ol>\n<p style=\"font-weight: 400;\">2.1. Rebaja por presunci\u00f3n de gratificaci\u00f3n de zona<br \/>\n2.2. Bonificaci\u00f3n a la contrataci\u00f3n de mano de obra<br \/>\n2.3. Bonificaci\u00f3n por inversi\u00f3n y reinversi\u00f3n<br \/>\n2.4. Bonificaciones de la Ley Navarino<\/p>\n<p style=\"font-weight: 400;\"><b><strong>CAP\u00cdTULO IV<br \/>\nCR\u00c9DITOS TRIBUTARIOS POR RADICACI\u00d3N DE INVERSIONES<\/strong><\/b><\/p>\n<ol>\n<li style=\"font-weight: 400;\"><b><strong> Ley Arica<\/strong><\/b><\/li>\n<\/ol>\n<p style=\"font-weight: 400;\">1.1. An\u00e1lisis del texto legal<br \/>\n1.2. Franquicias<br \/>\n1.2.1. Beneficiarios<br \/>\n1.2.2. Bienes objeto del cr\u00e9dito tributario<br \/>\n1.2.3. Territorio y vigencia<br \/>\n1.2.4. Restricciones y prohibiciones<br \/>\n1.2.5. Formas de acceder al beneficio<br \/>\n1.3. Historia y modificaciones<br \/>\n1.3.1. Mensaje del Ejecutivo<br \/>\na) El establecimiento de un cr\u00e9dito tributario a la inversi\u00f3n<br \/>\nb) La normativa jur\u00eddica para la habilitaci\u00f3n de centros de exportaci\u00f3n<br \/>\nc) La autorizaci\u00f3n para la adquisici\u00f3n de inmuebles situados en lugares espec\u00edficos de la zona fronteriza, por parte de personas naturales y jur\u00eddicas de pa\u00edses lim\u00edtrofes<br \/>\nd) Dictaci\u00f3n y modificaci\u00f3n de diversas normas legales, relativas a las siguientes materias<br \/>\ne) La readecuaci\u00f3n del incentivo a la mano de obra en la Primera Regi\u00f3n<br \/>\n1.3.2. La ley y sus modificaciones<br \/>\n1.4. Interpretaci\u00f3n del SII<br \/>\n1.4.1. Sobre los contribuyentes acogidos a las normas especiales para Arica, del R\u00e9gimen de Zona Franca<br \/>\n1.4.2. Sobre los veh\u00edculos motorizados<br \/>\n1.4.3. Sobre algunos conceptos<br \/>\n1.4.4. Incompatibilidades con otros beneficios<br \/>\n1.4.5. Mecanismo de consulta previa<br \/>\n1.4.6. Sobre la actividad de la construcci\u00f3n<br \/>\n1.4.7. Sobre operaciones complejas<br \/>\n1.4.8. Prevenciones de la Ley Arica<\/p>\n<ol start=\"2\">\n<li style=\"font-weight: 400;\"><b><strong> Ley Austral<\/strong><\/b><\/li>\n<\/ol>\n<p style=\"font-weight: 400;\">2.1. An\u00e1lisis del texto legal<br \/>\n2.2. Franquicias<br \/>\n2.2.1. Requisitos<br \/>\n2.2.2. Territorio y vigencia<br \/>\n2.2.3. Restricciones y prohibiciones<br \/>\n2.2.4. Formas de acceder al beneficio<br \/>\n2.2.5. Bienes excluidos<br \/>\n2.3. Historia y modificaciones<br \/>\n2.4. Interpretaci\u00f3n del SII<br \/>\n2.4.1. Compatibilidad del cr\u00e9dito tributario con otros beneficios<br \/>\n2.4.2. Sobre las atribuciones del Director Regional<br \/>\n2.4.3. Sobre el incumplimiento de obligaciones<br \/>\n2.4.4. Sobre la prestaci\u00f3n de servicios de transporte<br \/>\n2.4.5. Sobre la actividad de la construcci\u00f3n<br \/>\n2.4.6. Sobre el arrendamiento de inmuebles<br \/>\n2.4.7. Cambio de destino<br \/>\n2.4.8. M\u00e1ximo de cr\u00e9dito tributario a impetrar<br \/>\n2.4.9. Situaci\u00f3n del cr\u00e9dito tributario frente a procesos de reorganizaci\u00f3n empresarial<\/p>\n<p style=\"font-weight: 400;\"><b><strong>CAP\u00cdTULO V<br \/>\nOTROS ESTATUTOS ESPECIALES<\/strong><\/b><\/p>\n<ol>\n<li style=\"font-weight: 400;\"><b><strong> Isla de Pascua<\/strong><\/b><\/li>\n<\/ol>\n<p style=\"font-weight: 400;\">1.1. An\u00e1lisis de los textos legales<br \/>\n1.2. Territorio y vigencia<br \/>\n1.3. Franquicias<br \/>\n1.3.1. Liberaci\u00f3n de los impuestos de la Ley de Renta<br \/>\n1.3.2. Exenci\u00f3n de los impuestos del D.L. N\u00ba 825, de 1974<br \/>\n1.3.3. Exenci\u00f3n de impuesto territorial<br \/>\n1.3.4. Exenci\u00f3n de Impuesto de Timbres y Estampillas<br \/>\n1.3.5. Recuperaci\u00f3n de impuesto al di\u00e9sel<br \/>\n1.3.6. Exenci\u00f3n de cualquier otro impuesto<br \/>\n1.4. Pronunciamientos del SII<br \/>\n1.4.1. Exenci\u00f3n del Impuesto \u00danico de Segunda Categor\u00eda<br \/>\n1.4.2. Exenci\u00f3n del Impuesto de Primera Categor\u00eda<br \/>\n1.4.3. Exenci\u00f3n del IVA<br \/>\n1.4.4. Exenci\u00f3n de impuesto territorial<br \/>\n1.4.5. Franquicia por impuesto al di\u00e9sel<br \/>\n1.4.6. Exenci\u00f3n de Impuesto de Timbres y Estampillas<br \/>\n1.4.7. Exenci\u00f3n de otros impuestos<\/p>\n<ol start=\"2\">\n<li style=\"font-weight: 400;\"><b><strong> Ley Navarino<\/strong><\/b><\/li>\n<\/ol>\n<p style=\"font-weight: 400;\">2.1. Gobernador Regional como continuador del Intendente Regional<br \/>\n2.2. An\u00e1lisis del texto legal<br \/>\n2.3. Vigencia y territorio favorecido<br \/>\n2.4. Tipos de beneficiarios y franquicias<br \/>\n2.4.1. Beneficios para empresas con resoluci\u00f3n aprobatoria de instalaci\u00f3n<br \/>\n2.4.1.1. Exenci\u00f3n de impuesto a la renta de Primera Categor\u00eda<br \/>\n2.4.1.2. Exenci\u00f3n de IVA, arancel e impuesto de Zona Franca<br \/>\n2.4.1.3. Bonificaci\u00f3n a las ventas y servicios<br \/>\n2.4.2. Beneficios para el territorio y sus habitantes<br \/>\n2.4.2.1. Exenci\u00f3n de contribuciones de bienes ra\u00edces<br \/>\n2.4.2.2. Exenci\u00f3n de IVA por operaciones dentro del territorio<br \/>\n2.4.2.3. Exenci\u00f3n de IVA y Arancel para ciertas importaciones, as\u00ed como del impuesto de Zona Franca<br \/>\n2.5. Requisitos que deben cumplir las empresas<br \/>\n2.5.1. La empresa<br \/>\n2.5.2. Instalaci\u00f3n en el \u00e1rea especial<br \/>\n2.5.3. Lugar de establecimiento<br \/>\n2.5.4. Actividades permitidas<br \/>\n2.5.5. Uso racional de los recursos naturales y preservaci\u00f3n de la naturaleza y del<br \/>\nmedio ambiente<br \/>\n2.6. Instalaci\u00f3n, ampliaci\u00f3n y renovaci\u00f3n<br \/>\n2.7. Invariabilidad de las franquicias<br \/>\n2.8. T\u00e9rmino de los beneficios<br \/>\n2.9. Interpretaciones administrativas<br \/>\n2.9.1. Sobre las exenciones de impuesto a la renta<br \/>\n2.9.2. Sobre las exenciones de IVA y otros impuestos<\/p>\n<ol start=\"3\">\n<li style=\"font-weight: 400;\"><b><strong> Ley Tierra del Fuego<\/strong><\/b><\/li>\n<\/ol>\n<p style=\"font-weight: 400;\">3.1. Resoluci\u00f3n del Gobernador Regional como continuador del Intendente<br \/>\n3.2. An\u00e1lisis del texto legal<br \/>\n3.3. Territorio y vigencia<br \/>\n3.4. Tipos de beneficiarios y franquicias<br \/>\n3.4.1. Empresas con resoluci\u00f3n aprobatoria de instalaci\u00f3n<br \/>\n3.4.2. Comerciantes proveedores de empresas acogidas al sistema<br \/>\n3.5. Franquicias para empresas con resoluci\u00f3n aprobatoria de instalaci\u00f3n<br \/>\n3.5.1. Exenci\u00f3n de impuesto a la renta de Primera Categor\u00eda<br \/>\n3.5.2. Exenci\u00f3n de IVA, arancel e impuesto de Zona Franca<br \/>\n3.6. Exenci\u00f3n de IVA para comerciantes con resoluci\u00f3n aprobatoria de instalaci\u00f3n<br \/>\n3.7. Requisitos que deben cumplir las empresas<br \/>\n3.8. Interpretaciones administrativas<\/p>\n","protected":false},"excerpt":{"rendered":"<p>Las zonas extremas del pa\u00eds cuentan con una gama de franquicias tributarias, llamadas habitualmente \u201cleyes de excepci\u00f3n\u201d, dispersas en m\u00faltiples cuerpos jur\u00eddicos, lo que ha dificultado su entendimiento y estudio en forma conjunta. Esta obra detalla cada una de dichas normas, profundizando en los beneficios que ellas entregan y sus destinatarios, que m\u00e1s que una enumeraci\u00f3n de las franquicias, se centra en delimitar sus contornos, mostrando la interpretaci\u00f3n administrativa y la jurisprudencia que permiten al lector entender el real \u00e1mbito de aplicaci\u00f3n de cada beneficio. As\u00ed tambi\u00e9n, hay comparaciones de los variados textos legales, que acercan al lector a la comprensi\u00f3n de las diferencias entre los diversos cuerpos jur\u00eddicos que aplican en un mismo territorio para revisar la compatibilidad entre unas y otras franquicias, constituyendo una aut\u00e9ntica gu\u00eda para asesores e inversionistas, as\u00ed como para los entes fiscalizadores y promotores de estas franquicias. CAP\u00cdTULO I REG\u00cdMENES TRIBUTARIOS Y ADUANEROS VIGENTES PARA ZONAS EXTREMAS Y TERRITORIOS ESPECIALES Zona Franca 1.1. Tipos de zonas geogr\u00e1ficas 1.2. Reg\u00edmenes especiales de Zona Franca 1.2.1. Recinto remoto 1.2.2. Normas especiales de Zona Franca para Arica 1.2.3. Normas Especiales de Zona Franca para Alto Hospicio 1.2.4. R\u00e9gimen especial de Zona Franca para Tocopilla 1.2.5. Centros de exportaci\u00f3n 1.2.6. Recintos francos para regiones aisladas Bonificaciones y rebajas impositivas 2.1. Bonificaci\u00f3n por contrataci\u00f3n de mano de obra 2.2. Bonificaci\u00f3n por inversi\u00f3n y reinversi\u00f3n 2.3. Presunci\u00f3n de gratificaci\u00f3n de zona Cr\u00e9ditos tributarios por radicaci\u00f3n de inversiones 3.1. Cr\u00e9dito tributario de la Ley Arica 3.2. Cr\u00e9dito tributario de la Ley Austral Otros estatutos especiales 4.1. Estatuto de Isla de Pascua 4.2. Ley Navarino 4.2.1. Beneficiarias 4.2.2. Franquicias para las empresas 4.2.3. Franquicias para el territorio 4.3. Ley Tierra del Fuego 4.3.1. Beneficiarias 4.3.2. Franquicias para empresas 4.3.3. Franquicias para comerciantes CAP\u00cdTULO II ZONA FRANCA An\u00e1lisis del texto legal 1.1. Legislaci\u00f3n de Zona Franca 1.2. Centros de exportaci\u00f3n 1.3. Zona Franca Industrial de Tocopilla 1.4. Zonas Francas para regiones geogr\u00e1ficamente aisladas Franquicias del sistema 2.1. Exenciones dentro del recinto franco 2.1.1. Exenci\u00f3n de aranceles aduaneros 2.1.2. Exenci\u00f3n de los impuestos a las ventas y servicios 2.1.3. Exenci\u00f3n del impuesto a la renta 2.1.4. Invariabilidad de franquicias para la Zona Franca de Iquique 2.2. Beneficios para la zona de extensi\u00f3n 2.2.1. Exenci\u00f3n de Arancel e IVA 2.2.2. Cr\u00e9dito fiscal de IVA por impuesto de Zona Franca 2.2.3. Exenci\u00f3n del impuesto verde para los veh\u00edculos 2.3. Mercanc\u00eda nacional o nacionalizada 2.4. Devoluci\u00f3n de IVA a turistas de zona de extensi\u00f3n 2.5. Franquicias para los centros de exportaci\u00f3n 2.6. Franquicias para la zona franca industrial de Tocopilla CAP\u00cdTULO III BONIFICACIONES Y REBAJAS IMPOSITIVAS An\u00e1lisis del texto legal 1.1. D.L. N\u00ba 889, de 1975 1.2. Ley N\u00ba 19.853 1.3. D.F.L. N\u00ba 15, de 1981, del Ministerio de Hacienda Rebajas y subvenciones 2.1. Rebaja por presunci\u00f3n de gratificaci\u00f3n de zona 2.2. Bonificaci\u00f3n a la contrataci\u00f3n de mano de obra 2.3. Bonificaci\u00f3n por inversi\u00f3n y reinversi\u00f3n 2.4. Bonificaciones de la Ley Navarino CAP\u00cdTULO IV CR\u00c9DITOS TRIBUTARIOS POR RADICACI\u00d3N DE INVERSIONES Ley Arica 1.1. An\u00e1lisis del texto legal 1.2. Franquicias 1.2.1. Beneficiarios 1.2.2. Bienes objeto del cr\u00e9dito tributario 1.2.3. Territorio y vigencia 1.2.4. Restricciones y prohibiciones 1.2.5. Formas de acceder al beneficio 1.3. Historia y modificaciones 1.3.1. Mensaje del Ejecutivo a) El establecimiento de un cr\u00e9dito tributario a la inversi\u00f3n b) La normativa jur\u00eddica para la habilitaci\u00f3n de centros de exportaci\u00f3n c) La autorizaci\u00f3n para la adquisici\u00f3n de inmuebles situados en lugares espec\u00edficos de la zona fronteriza, por parte de personas naturales y jur\u00eddicas de pa\u00edses lim\u00edtrofes d) Dictaci\u00f3n y modificaci\u00f3n de diversas normas legales, relativas a las siguientes materias e) La readecuaci\u00f3n del incentivo a la mano de obra en la Primera Regi\u00f3n 1.3.2. La ley y sus modificaciones 1.4. Interpretaci\u00f3n del SII 1.4.1. Sobre los contribuyentes acogidos a las normas especiales para Arica, del R\u00e9gimen de Zona Franca 1.4.2. Sobre los veh\u00edculos motorizados 1.4.3. Sobre algunos conceptos 1.4.4. Incompatibilidades con otros beneficios 1.4.5. Mecanismo de consulta previa 1.4.6. Sobre la actividad de la construcci\u00f3n 1.4.7. Sobre operaciones complejas 1.4.8. Prevenciones de la Ley Arica Ley Austral 2.1. An\u00e1lisis del texto legal 2.2. Franquicias 2.2.1. Requisitos 2.2.2. Territorio y vigencia 2.2.3. Restricciones y prohibiciones 2.2.4. Formas de acceder al beneficio 2.2.5. Bienes excluidos 2.3. Historia y modificaciones 2.4. Interpretaci\u00f3n del SII 2.4.1. Compatibilidad del cr\u00e9dito tributario con otros beneficios 2.4.2. Sobre las atribuciones del Director Regional 2.4.3. Sobre el incumplimiento de obligaciones 2.4.4. Sobre la prestaci\u00f3n de servicios de transporte 2.4.5. Sobre la actividad de la construcci\u00f3n 2.4.6. Sobre el arrendamiento de inmuebles 2.4.7. Cambio de destino 2.4.8. M\u00e1ximo de cr\u00e9dito tributario a impetrar 2.4.9. Situaci\u00f3n del cr\u00e9dito tributario frente a procesos de reorganizaci\u00f3n empresarial CAP\u00cdTULO V OTROS ESTATUTOS ESPECIALES Isla de Pascua 1.1. An\u00e1lisis de los textos legales 1.2. Territorio y vigencia 1.3. Franquicias 1.3.1. Liberaci\u00f3n de los impuestos de la Ley de Renta 1.3.2. Exenci\u00f3n de los impuestos del D.L. N\u00ba 825, de 1974 1.3.3. Exenci\u00f3n de impuesto territorial 1.3.4. Exenci\u00f3n de Impuesto de Timbres y Estampillas 1.3.5. Recuperaci\u00f3n de impuesto al di\u00e9sel 1.3.6. Exenci\u00f3n de cualquier otro impuesto 1.4. Pronunciamientos del SII 1.4.1. Exenci\u00f3n del Impuesto \u00danico de Segunda Categor\u00eda 1.4.2. Exenci\u00f3n del Impuesto de Primera Categor\u00eda 1.4.3. Exenci\u00f3n del IVA 1.4.4. Exenci\u00f3n de impuesto territorial 1.4.5. Franquicia por impuesto al di\u00e9sel 1.4.6. Exenci\u00f3n de Impuesto de Timbres y Estampillas 1.4.7. Exenci\u00f3n de otros impuestos Ley Navarino 2.1. Gobernador Regional como continuador del Intendente Regional 2.2. An\u00e1lisis del texto legal 2.3. Vigencia y territorio favorecido 2.4. Tipos de beneficiarios y franquicias 2.4.1. Beneficios para empresas con resoluci\u00f3n aprobatoria de instalaci\u00f3n 2.4.1.1. Exenci\u00f3n de impuesto a la renta de Primera Categor\u00eda 2.4.1.2. Exenci\u00f3n de IVA, arancel e impuesto de Zona Franca 2.4.1.3. Bonificaci\u00f3n a las ventas y servicios 2.4.2. Beneficios para el territorio y sus habitantes 2.4.2.1. Exenci\u00f3n de contribuciones de bienes ra\u00edces 2.4.2.2. Exenci\u00f3n de IVA por operaciones dentro del territorio 2.4.2.3. Exenci\u00f3n de IVA y Arancel para ciertas importaciones, as\u00ed como del impuesto de Zona Franca 2.5. Requisitos que deben cumplir las empresas 2.5.1. La empresa 2.5.2. Instalaci\u00f3n en el \u00e1rea especial<\/p>\n","protected":false},"featured_media":4099,"comment_status":"open","ping_status":"closed","template":"","meta":{"inline_featured_image":false,"_joinchat":[]},"product_brand":[],"product_cat":[42,28],"product_tag":[],"class_list":{"0":"post-4047","1":"product","2":"type-product","3":"status-publish","4":"has-post-thumbnail","6":"product_cat-thomson-reuters","7":"product_cat-tributario","8":"product_shipping_class-a-convenir","10":"first","11":"instock","12":"shipping-taxable","13":"purchasable","14":"product-type-simple"},"_links":{"self":[{"href":"https:\/\/bibliotecajuridicavirtual.cl\/index.php\/wp-json\/wp\/v2\/product\/4047","targetHints":{"allow":["GET"]}}],"collection":[{"href":"https:\/\/bibliotecajuridicavirtual.cl\/index.php\/wp-json\/wp\/v2\/product"}],"about":[{"href":"https:\/\/bibliotecajuridicavirtual.cl\/index.php\/wp-json\/wp\/v2\/types\/product"}],"replies":[{"embeddable":true,"href":"https:\/\/bibliotecajuridicavirtual.cl\/index.php\/wp-json\/wp\/v2\/comments?post=4047"}],"wp:featuredmedia":[{"embeddable":true,"href":"https:\/\/bibliotecajuridicavirtual.cl\/index.php\/wp-json\/wp\/v2\/media\/4099"}],"wp:attachment":[{"href":"https:\/\/bibliotecajuridicavirtual.cl\/index.php\/wp-json\/wp\/v2\/media?parent=4047"}],"wp:term":[{"taxonomy":"product_brand","embeddable":true,"href":"https:\/\/bibliotecajuridicavirtual.cl\/index.php\/wp-json\/wp\/v2\/product_brand?post=4047"},{"taxonomy":"product_cat","embeddable":true,"href":"https:\/\/bibliotecajuridicavirtual.cl\/index.php\/wp-json\/wp\/v2\/product_cat?post=4047"},{"taxonomy":"product_tag","embeddable":true,"href":"https:\/\/bibliotecajuridicavirtual.cl\/index.php\/wp-json\/wp\/v2\/product_tag?post=4047"}],"curies":[{"name":"wp","href":"https:\/\/api.w.org\/{rel}","templated":true}]}}