{"id":4048,"date":"2026-02-28T01:22:34","date_gmt":"2026-02-28T04:22:34","guid":{"rendered":"https:\/\/bibliotecajuridicavirtual.cl\/?post_type=product&#038;p=4048"},"modified":"2026-02-28T01:22:58","modified_gmt":"2026-02-28T04:22:58","slug":"tributacion-de-expatriados-de-gestion-de-global-mobility-ano-2022-215-pag-autor-rodrigo-herrera-avila","status":"publish","type":"product","link":"https:\/\/bibliotecajuridicavirtual.cl\/index.php\/product\/tributacion-de-expatriados-de-gestion-de-global-mobility-ano-2022-215-pag-autor-rodrigo-herrera-avila\/","title":{"rendered":"Tributaci\u00f3n de Expatriados  de Gesti\u00f3n de &#8211; GLOBAL MOBILITY-. A\u00f1o 2022\/ 215 P\u00e1g. Autor Rodrigo Herrera \u00c1vila"},"content":{"rendered":"<p style=\"font-weight: 400;\">La Movilidad Global (\u201cGlobal Mobility\u201d) es una tendencia cada vez m\u00e1s potente en el mundo. Por m\u00faltiples razones, grandes compa\u00f1\u00edas deciden enviar trabajadores y ejecutivos desde un pa\u00eds a otro, aunque esta alternativa sea m\u00e1s costosa. Dentro de las razones m\u00e1s comunes encontramos la confianza, la experiencia, el plan de carrera de un ejecutivo, etc.<\/p>\n<p style=\"font-weight: 400;\">Trasladar a un ejecutivo desde un pa\u00eds a otro, trae consigo varios desaf\u00edos en cuanto al cumplimiento legal y normativo, tales como:<\/p>\n<p style=\"font-weight: 400;\">Cumplimiento migratorio,<br \/>\nCumplimiento laboral,<br \/>\nCumplimiento en seguridad social,<br \/>\nCumplimiento tributario.<\/p>\n<p style=\"font-weight: 400;\">Este libro, identifica el ciclo de vida de una asignaci\u00f3n internacional, abordando los cuatro carriles legales de cumplimiento antes mencionados e intentaremos abordarlos desde dos pilares relevantes para cada organizaci\u00f3n, la optimizaci\u00f3n del costo de asignaci\u00f3n y la excelencia en la experiencia del expatriado.<\/p>\n<ol>\n<li style=\"font-weight: 400;\"><b><strong> ASIGNACIONES INTERNACIONALES (GLOBAL MOBILITY)<\/strong><\/b><\/li>\n<li style=\"font-weight: 400;\">Business Travelers<br \/>\nB. Short-Term Assignments (Up to 6 month)<br \/>\nC. Long-Term International Assignments (From 6 month)<br \/>\nD. \u201cPermanent Transfers\u201d<\/li>\n<li style=\"font-weight: 400;\"><b><strong> CUMPLIMIENTO LABORAL<\/strong><\/b><\/li>\n<li style=\"font-weight: 400;\">Asignaciones desde el exterior hacia Chile &#8211; \u201cInbounds\u201dB. Asignaciones desde Chile hacia el exterior &#8211; \u201cOutbounds\u201d<br \/>\nI. Suspensi\u00f3n o interrupci\u00f3n de la relaci\u00f3n laboral y formalizaci\u00f3n de un contrato de trabajo con la empresa de destino<br \/>\nII. Terminaci\u00f3n de la relaci\u00f3n laboral y formalizaci\u00f3n de un contrato de trabajo con la empresa de destino<\/li>\n<li style=\"font-weight: 400;\"><b><strong> CUMPLIMIENTO EN SEGURIDAD SOCIAL<\/strong><\/b><\/li>\n<li style=\"font-weight: 400;\">Seguridad social para \u201cInbounds\u201d<br \/>\nB. Seguridad social para \u201cOutbounds\u201d<\/li>\n<li style=\"font-weight: 400;\"><b><strong> CUMPLIMIENTO TRIBUTARIO EN LAS REMUNERACIONES<\/strong><\/b><\/li>\n<li style=\"font-weight: 400;\">Primera y Segunda Categor\u00eda<br \/>\nB. Impuesto \u00danico de Segunda Categor\u00eda<br \/>\nC. Tratamiento laboral de las rentas del trabajo<br \/>\nD. Determinaci\u00f3n del Impuesto \u00danico de Segunda Categor\u00eda<br \/>\nE. Determinaci\u00f3n del monto del impuesto<\/li>\n<li style=\"font-weight: 400;\"><b><strong> AN\u00c1LISIS DE BENEFICIOS COMUNES<\/strong><\/b><\/li>\n<li style=\"font-weight: 400;\">Beneficios que constituyen renta afecta<br \/>\nI. Sobresueldo<br \/>\nII. Gratificaci\u00f3n (art. 42, CDT)<br \/>\nIII. Aguinaldos de Fiestas Patrias y Navidad.<br \/>\nIV. Canastas y regalos de Navidad y Fiestas Patrias.<br \/>\nV. Asignaci\u00f3n de casa.<br \/>\nVI. Asignaci\u00f3n de escolaridad.<br \/>\nVII. Asignaci\u00f3n de licencia m\u00e9dica.<br \/>\nVIII. Asignaci\u00f3n de zona<br \/>\nIX. Asignaci\u00f3n de representaci\u00f3n.<br \/>\nX. Premio.<\/li>\n<li style=\"font-weight: 400;\">Beneficios que no constituyen renta<br \/>\nI. Vi\u00e1ticos<br \/>\nII. Asignaci\u00f3n de representaci\u00f3n con rendici\u00f3n de cuentas<br \/>\nIII. Bono de sala cuna<br \/>\nIV. Gastos de traslado a sala cuna<br \/>\nV. Asignaci\u00f3n de p\u00e9rdida de caja<br \/>\nVI. Arrendamiento de casa<br \/>\nVII. Asignaci\u00f3n de desgaste de herramientas<br \/>\nVIII. Beca de estudio<br \/>\nIX. Bono por diferencia de subsidio<br \/>\nX. Reembolso de gastos<\/li>\n<li style=\"font-weight: 400;\"><b><strong> CUMPLIMIENTO TRIBUTARIO DE LAS ASIGNACIONES INTERNACIONALES<\/strong><\/b><\/li>\n<li style=\"font-weight: 400;\">Residencia y domicilio tributario<br \/>\nI. Residencia tributaria<br \/>\nII. Domicilio tributario<br \/>\nIII. Domicilio, residencia y Convenios para evitar la Doble Imposici\u00f3n (CDI)<br \/>\nIV. Ejemplo de p\u00e9rdida de domicilio y residencia en Chile<br \/>\nV. Aviso de p\u00e9rdida de domicilio y residencia (Resoluci\u00f3n Exenta N\u00ba 133)<\/li>\n<li style=\"font-weight: 400;\">Tributaci\u00f3n aplicable a trabajadores expatriados<br \/>\nI. Principio de renta mundial<br \/>\nII. Fuente de la renta<br \/>\nIII. Tributaci\u00f3n aplicable a trabajadores expatriados con domicilio o residencia en Chile.<br \/>\nIV. Tributaci\u00f3n aplicable a trabajadores expatriados sin domicilio ni residencia en Chile.<br \/>\nV. Obligaci\u00f3n de reporte<br \/>\nVI. Convenios para evitar la Doble Imposici\u00f3n (CDI)<\/li>\n<li style=\"font-weight: 400;\"><b><strong> GESTI\u00d3N DE ASIGNACIONES INTERNACIONALES<\/strong><\/b><\/li>\n<li style=\"font-weight: 400;\">Pol\u00edtica de asignaciones internacionales<\/li>\n<li style=\"font-weight: 400;\">Proceso de \u201cTax Equalization\u201d<br \/>\nI. \u00bfQu\u00e9 es una pol\u00edtica de \u201cTax Equalization\u201d?<br \/>\nII. M\u00e9todo de ecualizaci\u00f3n tributaria en pa\u00eds de origen (\u201cHome Country Tax Equalization\u201d)<br \/>\nIII. Procedimiento de \u201cTax Equalization\u201d<\/li>\n<li style=\"font-weight: 400;\"><b><strong> TRIBUTACI\u00d3N COMPARADA PARA EXPATRIADOS<\/strong><\/b><\/li>\n<li style=\"font-weight: 400;\">Espa\u00f1a<br \/>\nB. Canad\u00e1<br \/>\nC. Estados Unidos<\/li>\n<li style=\"font-weight: 400;\"><b><strong> TRIBUTACI\u00d3N DE LOS DEPORTISTAS EN CHILE Y ESPA\u00d1A<\/strong><\/b><\/li>\n<li style=\"font-weight: 400;\">Fiscalidad internacional para los deportistasB. Concepto de deportista\n<p>C. Reglas de localizaci\u00f3n<br \/>\nI. Residencia fiscal en Espa\u00f1a<br \/>\nII. Residencia fiscal en Chile<br \/>\nIII. \u00c1mbito subjetivo de la aplicaci\u00f3n del art\u00edculo 4\u00ba MC OCDE<\/li>\n<li style=\"font-weight: 400;\">R\u00e9gimen fiscal de deportistas en Espa\u00f1a<br \/>\nI. Impuesto sobre los Rendimientos de las Personas F\u00edsicas (IRPF)<br \/>\nII. Impuesto a los Rendimientos de las personas No Residentes (IRNR)<br \/>\nIII. Tributaci\u00f3n con base en el MC OCDE<\/li>\n<li style=\"font-weight: 400;\">R\u00e9gimen fiscal de futbolistas en Chile<br \/>\nI. Impuesto a la renta a los residentes<br \/>\nII. Impuesto a la renta a los no residentes<\/li>\n<\/ol>\n<p style=\"font-weight: 400;\">Tabla 7. Tabla de determinaci\u00f3n del Impuesto Adicional anual. (Elaboraci\u00f3n propia)<\/p>\n<ol>\n<li style=\"font-weight: 400;\">Comparativo de carga impositiva entre Chile y Espa\u00f1a &#8211; Caso<\/li>\n<li style=\"font-weight: 400;\"><b><strong> ANEXO 1 &#8211; EJEMPLO DE POL\u00cdTICA DE ASIGNACI\u00d3N<\/strong><\/b><\/li>\n<\/ol>\n<p style=\"font-weight: 400;\">Anexo 1 &#8211; Modelo de Pol\u00edtica de Asignaciones Internacionales<\/p>\n<ol start=\"11\">\n<li style=\"font-weight: 400;\"><b><strong> ANEXO 2 &#8211; EJEMPLO DE CARTA DE ASIGNACI\u00d3N<\/strong><\/b><\/li>\n<\/ol>\n<p style=\"font-weight: 400;\">Anexo 2 &#8211; Modelo de Carta de Asignaci\u00f3n<\/p>\n<ol start=\"12\">\n<li style=\"font-weight: 400;\"><b><strong> ANEXO 3 &#8211; EJERCICIOS<\/strong><\/b><\/li>\n<\/ol>\n","protected":false},"excerpt":{"rendered":"<p>La Movilidad Global (\u201cGlobal Mobility\u201d) es una tendencia cada vez m\u00e1s potente en el mundo. Por m\u00faltiples razones, grandes compa\u00f1\u00edas deciden enviar trabajadores y ejecutivos desde un pa\u00eds a otro, aunque esta alternativa sea m\u00e1s costosa. Dentro de las razones m\u00e1s comunes encontramos la confianza, la experiencia, el plan de carrera de un ejecutivo, etc. Trasladar a un ejecutivo desde un pa\u00eds a otro, trae consigo varios desaf\u00edos en cuanto al cumplimiento legal y normativo, tales como: Cumplimiento migratorio, Cumplimiento laboral, Cumplimiento en seguridad social, Cumplimiento tributario. Este libro, identifica el ciclo de vida de una asignaci\u00f3n internacional, abordando los cuatro carriles legales de cumplimiento antes mencionados e intentaremos abordarlos desde dos pilares relevantes para cada organizaci\u00f3n, la optimizaci\u00f3n del costo de asignaci\u00f3n y la excelencia en la experiencia del expatriado. ASIGNACIONES INTERNACIONALES (GLOBAL MOBILITY) Business Travelers B. Short-Term Assignments (Up to 6 month) C. Long-Term International Assignments (From 6 month) D. \u201cPermanent Transfers\u201d CUMPLIMIENTO LABORAL Asignaciones desde el exterior hacia Chile &#8211; \u201cInbounds\u201dB. Asignaciones desde Chile hacia el exterior &#8211; \u201cOutbounds\u201d I. Suspensi\u00f3n o interrupci\u00f3n de la relaci\u00f3n laboral y formalizaci\u00f3n de un contrato de trabajo con la empresa de destino II. Terminaci\u00f3n de la relaci\u00f3n laboral y formalizaci\u00f3n de un contrato de trabajo con la empresa de destino CUMPLIMIENTO EN SEGURIDAD SOCIAL Seguridad social para \u201cInbounds\u201d B. Seguridad social para \u201cOutbounds\u201d CUMPLIMIENTO TRIBUTARIO EN LAS REMUNERACIONES Primera y Segunda Categor\u00eda B. Impuesto \u00danico de Segunda Categor\u00eda C. Tratamiento laboral de las rentas del trabajo D. Determinaci\u00f3n del Impuesto \u00danico de Segunda Categor\u00eda E. Determinaci\u00f3n del monto del impuesto AN\u00c1LISIS DE BENEFICIOS COMUNES Beneficios que constituyen renta afecta I. Sobresueldo II. Gratificaci\u00f3n (art. 42, CDT) III. Aguinaldos de Fiestas Patrias y Navidad. IV. Canastas y regalos de Navidad y Fiestas Patrias. V. Asignaci\u00f3n de casa. VI. Asignaci\u00f3n de escolaridad. VII. Asignaci\u00f3n de licencia m\u00e9dica. VIII. Asignaci\u00f3n de zona IX. Asignaci\u00f3n de representaci\u00f3n. X. Premio. Beneficios que no constituyen renta I. Vi\u00e1ticos II. Asignaci\u00f3n de representaci\u00f3n con rendici\u00f3n de cuentas III. Bono de sala cuna IV. Gastos de traslado a sala cuna V. Asignaci\u00f3n de p\u00e9rdida de caja VI. Arrendamiento de casa VII. Asignaci\u00f3n de desgaste de herramientas VIII. Beca de estudio IX. Bono por diferencia de subsidio X. Reembolso de gastos CUMPLIMIENTO TRIBUTARIO DE LAS ASIGNACIONES INTERNACIONALES Residencia y domicilio tributario I. Residencia tributaria II. Domicilio tributario III. Domicilio, residencia y Convenios para evitar la Doble Imposici\u00f3n (CDI) IV. Ejemplo de p\u00e9rdida de domicilio y residencia en Chile V. Aviso de p\u00e9rdida de domicilio y residencia (Resoluci\u00f3n Exenta N\u00ba 133) Tributaci\u00f3n aplicable a trabajadores expatriados I. Principio de renta mundial II. Fuente de la renta III. Tributaci\u00f3n aplicable a trabajadores expatriados con domicilio o residencia en Chile. IV. Tributaci\u00f3n aplicable a trabajadores expatriados sin domicilio ni residencia en Chile. V. Obligaci\u00f3n de reporte VI. Convenios para evitar la Doble Imposici\u00f3n (CDI) GESTI\u00d3N DE ASIGNACIONES INTERNACIONALES Pol\u00edtica de asignaciones internacionales Proceso de \u201cTax Equalization\u201d I. \u00bfQu\u00e9 es una pol\u00edtica de \u201cTax Equalization\u201d? II. M\u00e9todo de ecualizaci\u00f3n tributaria en pa\u00eds de origen (\u201cHome Country Tax Equalization\u201d) III. Procedimiento de \u201cTax Equalization\u201d TRIBUTACI\u00d3N COMPARADA PARA EXPATRIADOS Espa\u00f1a B. Canad\u00e1 C. Estados Unidos TRIBUTACI\u00d3N DE LOS DEPORTISTAS EN CHILE Y ESPA\u00d1A Fiscalidad internacional para los deportistasB. Concepto de deportista C. Reglas de localizaci\u00f3n I. Residencia fiscal en Espa\u00f1a II. Residencia fiscal en Chile III. \u00c1mbito subjetivo de la aplicaci\u00f3n del art\u00edculo 4\u00ba MC OCDE R\u00e9gimen fiscal de deportistas en Espa\u00f1a I. Impuesto sobre los Rendimientos de las Personas F\u00edsicas (IRPF) II. Impuesto a los Rendimientos de las personas No Residentes (IRNR) III. Tributaci\u00f3n con base en el MC OCDE R\u00e9gimen fiscal de futbolistas en Chile I. Impuesto a la renta a los residentes II. Impuesto a la renta a los no residentes Tabla 7. Tabla de determinaci\u00f3n del Impuesto Adicional anual. (Elaboraci\u00f3n propia) Comparativo de carga impositiva entre Chile y Espa\u00f1a &#8211; Caso ANEXO 1 &#8211; EJEMPLO DE POL\u00cdTICA DE ASIGNACI\u00d3N Anexo 1 &#8211; Modelo de Pol\u00edtica de Asignaciones Internacionales ANEXO 2 &#8211; EJEMPLO DE CARTA DE ASIGNACI\u00d3N Anexo 2 &#8211; Modelo de Carta de Asignaci\u00f3n ANEXO 3 &#8211; EJERCICIOS<\/p>\n","protected":false},"featured_media":4100,"comment_status":"open","ping_status":"closed","template":"","meta":{"inline_featured_image":false,"_joinchat":[]},"product_brand":[],"product_cat":[42,28],"product_tag":[],"class_list":{"0":"post-4048","1":"product","2":"type-product","3":"status-publish","4":"has-post-thumbnail","6":"product_cat-thomson-reuters","7":"product_cat-tributario","8":"product_shipping_class-a-convenir","10":"first","11":"instock","12":"shipping-taxable","13":"purchasable","14":"product-type-simple"},"_links":{"self":[{"href":"https:\/\/bibliotecajuridicavirtual.cl\/index.php\/wp-json\/wp\/v2\/product\/4048","targetHints":{"allow":["GET"]}}],"collection":[{"href":"https:\/\/bibliotecajuridicavirtual.cl\/index.php\/wp-json\/wp\/v2\/product"}],"about":[{"href":"https:\/\/bibliotecajuridicavirtual.cl\/index.php\/wp-json\/wp\/v2\/types\/product"}],"replies":[{"embeddable":true,"href":"https:\/\/bibliotecajuridicavirtual.cl\/index.php\/wp-json\/wp\/v2\/comments?post=4048"}],"wp:featuredmedia":[{"embeddable":true,"href":"https:\/\/bibliotecajuridicavirtual.cl\/index.php\/wp-json\/wp\/v2\/media\/4100"}],"wp:attachment":[{"href":"https:\/\/bibliotecajuridicavirtual.cl\/index.php\/wp-json\/wp\/v2\/media?parent=4048"}],"wp:term":[{"taxonomy":"product_brand","embeddable":true,"href":"https:\/\/bibliotecajuridicavirtual.cl\/index.php\/wp-json\/wp\/v2\/product_brand?post=4048"},{"taxonomy":"product_cat","embeddable":true,"href":"https:\/\/bibliotecajuridicavirtual.cl\/index.php\/wp-json\/wp\/v2\/product_cat?post=4048"},{"taxonomy":"product_tag","embeddable":true,"href":"https:\/\/bibliotecajuridicavirtual.cl\/index.php\/wp-json\/wp\/v2\/product_tag?post=4048"}],"curies":[{"name":"wp","href":"https:\/\/api.w.org\/{rel}","templated":true}]}}