{"id":4052,"date":"2026-02-28T01:22:34","date_gmt":"2026-02-28T04:22:34","guid":{"rendered":"https:\/\/bibliotecajuridicavirtual.cl\/?post_type=product&#038;p=4052"},"modified":"2026-02-28T01:23:01","modified_gmt":"2026-02-28T04:23:01","slug":"teoria-general-del-contrato-doctrina-y-jurisprudencia-2-tomos-ano-2021-1-034-pag-autor-enrique-alcalde-r-y-cristian-boetsch-g","status":"publish","type":"product","link":"https:\/\/bibliotecajuridicavirtual.cl\/index.php\/product\/teoria-general-del-contrato-doctrina-y-jurisprudencia-2-tomos-ano-2021-1-034-pag-autor-enrique-alcalde-r-y-cristian-boetsch-g\/","title":{"rendered":"Teor\u00eda General del Contrato. Doctrina y Jurisprudencia 2 Tomos. A\u00f1o 2021\/ 1.034 P\u00e1g. Autor Enrique Alcalde R. y Cristi\u00e1n Boetsch G."},"content":{"rendered":"<p>Siguiendo la tradici\u00f3n de autores italianos cl\u00e1sicos como Francesco Messineo, por primera vez en la literatura nacional nos encontramos con un libro que trata sistem\u00e1ticamente y a un mismo tiempo aquellas materias que suelen incluirse en la \u201cteor\u00eda general del acto jur\u00eddico\u201d y aquellas que habitualmente se reservan a la \u201cteor\u00eda general del contrato\u201d.<\/p>\n<p>De esta manera, se abordan, entre otros temas, la formaci\u00f3n, estructura y requisitos del contrato, as\u00ed como sus causales de ineficacia, con especial atenci\u00f3n en la nulidad y la resoluci\u00f3n, profundizando en materias que habitualmente no se desarrollan en obras generales, como la causa, la simulaci\u00f3n y el fraude a la ley. Asimismo, se examina en detalle la funci\u00f3n, clasificaci\u00f3n y efectos de los contratos, los principios que los rigen, las reglas que gobiernan su interpretaci\u00f3n e integraci\u00f3n y las causales de terminaci\u00f3n de los mismos.<\/p>\n<p>Para estos efectos, los autores se han servido no solo de su amplia experiencia acad\u00e9mica como profesores de Derecho Civil de la Pontificia Universidad Cat\u00f3lica de Chile, sino que tambi\u00e9n de su extensa trayectoria como abogados litigantes, lo cual les ha permitido aproximarse con un sentido pr\u00e1ctico a los diversos t\u00f3picos tratados en esta obra.<\/p>\n<p>Este libro no solo prestar\u00e1 utilidad a los prestadores jur\u00eddicos \u2013 jueces y abogados \u2013 sino tambi\u00e9n a profesores y estudiantes.<\/p>\n<p>Autores: Enrique Alcalde R., Cristi\u00e1n Boetsch G.<\/p>\n<p><em><strong>Editorial Jur\u00eddica de Chile<\/strong><\/em><\/p>\n<hr \/>\n<p><b><strong>TOMO I<\/strong><\/b><\/p>\n<p><b><strong>I. CONCEPTO Y FUNCIONES DEL CONTRATO<\/strong><\/b><\/p>\n<p>a. Conceptos generales<br \/>\nb. La noci\u00f3n de contrato del C\u00f3digo Civil<br \/>\nc. Funciones del contrato<br \/>\nd. La declaraci\u00f3n unilateral de voluntad<\/p>\n<p><b><strong>II. ESTRUCTURA Y ELEMENTOS CONSTITUTIVOS DEL CONTRATO<\/strong><\/b><\/p>\n<p>a. Conceptos generales<br \/>\nb. Elementos o cosas esenciales<br \/>\nc. Elementos o cosas de la naturaleza<br \/>\nd. Elementos o cosas accidentales<\/p>\n<p><b><strong>III. REQUISITOS DE LOS CONTRATOS<\/strong><\/b><\/p>\n<p>1. Doctrina que afirma la distinci\u00f3n entre requisitos de existencia y de validez de los contratos<\/p>\n<p>2. Doctrina que afirma que el C\u00f3digo \u00fanicamente se refiere a requisitos de eficacia de los contratos<\/p>\n<p>A. La voluntad<\/p>\n<p>1. Conceptos generales<br \/>\n2. Requisitos de la voluntad<br \/>\n2.1. Seriedad de la voluntad<br \/>\n2.2. Manifestaci\u00f3n de la voluntad<br \/>\n3. El consentimiento<br \/>\n3.1. La voluntad de los actos jur\u00eddicos bilaterales<br \/>\n3.2. Casos especiales de formaci\u00f3n del consentimiento<br \/>\n4. Los vicios del consentimiento<br \/>\n5. El error<br \/>\n5.1. Concepto<br \/>\n5.2. Error de derecho y error de hecho<br \/>\n5.3. Diversas clases de error de hecho y sus efectos<br \/>\n5.4. Consideraciones particulares sobre el error en los actos bilaterales<br \/>\n5.5. El error com\u00fan<br \/>\n5.6. Caso especial de los errores u omisiones: Las declaraciones y garant\u00edas de un contrato de compraventa\u00a0 de acciones o de derechos sociales (venta de empresas)<br \/>\n6. El dolo<br \/>\n6.1. Concepto<br \/>\n6.2. Clases de dolo<br \/>\n6.3. Cu\u00e1ndo el dolo vicia el consentimiento<br \/>\n6.4. Prueba del dolo<br \/>\n6.5. Condonaci\u00f3n o renuncia del dolo<br \/>\n6.6. Sanci\u00f3n del dolo<br \/>\n6.7. Acci\u00f3n de dolo<br \/>\n6.8. Acci\u00f3n por provecho de dolo ajeno y responsabilidad concurrente con el autor del dolo<br \/>\n7. La fuerza<br \/>\n7.1. Concepto<br \/>\n7.2. Clases<br \/>\n7.3. Cu\u00e1ndo la fuerza vicia el consentimiento<br \/>\n7.4. Indiferencia de la persona que ejerce la fuerza<br \/>\n7.5. Prueba de la fuerza<br \/>\n7.6. Efectos de la fuerza<br \/>\n7.7. Prescripci\u00f3n de la acci\u00f3n de nulidad<br \/>\n7.8. Temor reverencial<br \/>\n7.9. El estado de necesidad<br \/>\n8. La lesi\u00f3n<br \/>\n8.1. Concepto doctrinal<br \/>\n8.2. La lesi\u00f3n en el C\u00f3digo Civil chileno: \u00bfconstituye un vicio del consentimiento?<br \/>\n8.3. Casos de lesi\u00f3n regulados en el C\u00f3digo Civil<br \/>\n9. La simulaci\u00f3n en los contratos<br \/>\n9.1. Concepto, clases y sanci\u00f3n<br \/>\n9.2. La prueba de la simulaci\u00f3n<br \/>\nVI. Clasificaci\u00f3n legal y doctrinal de los contratos<br \/>\nVII. Principios jur\u00eddicos que informan la teor\u00eda general del contrato<br \/>\nVIII. Contenido e integraci\u00f3n del contrato<br \/>\nIX. Interpretaci\u00f3n del contrato<br \/>\nX. Modificaci\u00f3n y cesi\u00f3n del contrato<br \/>\nXI. Terminaci\u00f3n del contrato<\/p>\n<p>B. La capacidad<\/p>\n<p>1. Concepto<br \/>\n2. Clases de capacidad<br \/>\n2.1. Capacidad de goce<br \/>\n2.2. Capacidad de ejercicio<br \/>\n3. Las incapacidades de ejercicio<br \/>\n3.1. Incapacidad absoluta<br \/>\n3.2. Incapacidad relativa<br \/>\n3.3. Incapacidades particulares o especiales<\/p>\n<p>C. El objeto<\/p>\n<p>1. Concepto<br \/>\n2. Requisitos que debe reunir el objeto que recae sobre una cosa<br \/>\n3. Requisitos del objeto que recae sobre un hecho<br \/>\n3.1. Requisitos del objeto que recae sobre un hecho<br \/>\n3.2. Hecho f\u00edsicamente posible<br \/>\n3.3. \u00bfInter\u00e9s pecuniario en la realizaci\u00f3n del hecho que es objeto de la obligaci\u00f3n?<br \/>\n3.4. Hecho moralmente posible<br \/>\n4. Objeto il\u00edcito<br \/>\n4.1. Actos que contravienen el derecho p\u00fablico chileno<br \/>\n4.2. Pactos sobre sucesiones futuras<br \/>\n4.3. Enajenaci\u00f3n de las cosas enumeradas en el art. 1464<br \/>\n4.4. Condonaci\u00f3n del dolo futuro<br \/>\n4.5. Deudas contra\u00eddas en juego de azar<br \/>\n4.6. Venta de libros prohibidos, de objetos considerados inmorales y de impresos condenados como abusivos a la libertad de prensa<br \/>\n4.7. Actos prohibidos por la ley<\/p>\n<p>D. La causa<\/p>\n<ol>\n<li>A) Introducci\u00f3n<br \/>\nB) La ense\u00f1anza tradicional de nuestra doctrina en materia de causa<br \/>\nC) S\u00edntesis de las concepciones de causa en la doctrina extranjera<br \/>\nD) Posici\u00f3n de los autores nacionales actuales<br \/>\nE) Jurisprudencia nacional sobre la causa<br \/>\nF) Nuestro concepto y aproximaci\u00f3n a la causa<br \/>\nG) Proyecci\u00f3n del concepto de causa propuesto por nosotros<br \/>\nH) Actos abstractos o no causados<br \/>\nI) Alteraciones sustanciales en el objeto y la causa en los contratos de tracto sucesivo. Imposibilidad o incomerciabilidad del objeto, desaparici\u00f3n de la base del negocio y frustraci\u00f3n del fin del contrato<br \/>\nJ) Los contratos y el fraude a la leyLas formalidades1. Concepto<br \/>\n2. Clases de formalidades<b><strong>IV. LAS CAUSALES DE INEFICACIA DE LOS CONTRATOS<\/strong><\/b>A. La \u201cinexistencia jur\u00eddica\u201d<\/p>\n<p>1. Conceptos generales<br \/>\n2. Origen de la teor\u00eda de la inexistencia jur\u00eddica y discusi\u00f3n acerca de su recepci\u00f3n en el C\u00f3digo Civil<br \/>\n3. Diferencias entre la inexistencia y la nulidad (para quienes sostienen que la inexistencia jur\u00eddica est\u00e1 reconocida en el C\u00f3digo Civil)<br \/>\n4. \u00bfDistingue el C\u00f3digo Civil chileno entre inexistencia y nulidad absoluta?<\/p>\n<p>B. La nulidad<\/p>\n<p>B.1. Aspectos generales<br \/>\n1. Reglas del C\u00f3digo Civil sobre la nulidad de los actos y contratos<br \/>\n2. Concepto general de nulidad<br \/>\n3. Especies de nulidad: absoluta y relativa<br \/>\n4. Terminolog\u00eda<br \/>\n5. Diferencias entre la nulidad absoluta y la relativa<br \/>\n6. Principios aplicables a ambas clases de nulidad<br \/>\n7. Nulidad total y nulidad parcial<\/p>\n<p>B.2. La nulidad absoluta<br \/>\n1. Concepto<br \/>\n2. Causales<br \/>\n3. Fundamento y caracteres de nulidad absoluta<br \/>\n4. Declaraci\u00f3n de nulidad absoluta<br \/>\n5. La nulidad absoluta no puede sanearse por la ratificaci\u00f3n de las partes<br \/>\n6. Del \u201csaneamiento\u201d de la nulidad absoluta por el transcurso del tiempo<br \/>\n7. La nulidad absoluta no se produce de pleno derecho<\/p>\n<p>B.3. La nulidad relativa<\/p>\n<p>1. Definici\u00f3n y fundamento<br \/>\n2. Causales<br \/>\n3. Caracter\u00edsticas<br \/>\n4. Personas legitimadas para alegar la nulidad relativa<br \/>\n5. La nulidad relativa que puede sanearse por el transcurso del tiempo<br \/>\n6. La nulidad relativa puede sanearse por la ratificaci\u00f3n o confirmaci\u00f3n de las partes<\/p>\n<p>B.4. Los efectos de la nulidad<\/p>\n<p>1. Conceptos generales<br \/>\n2. Efectos de la nulidad con respecto a las partes<br \/>\n3. Efectos de la nulidad respecto de terceros<br \/>\n4. Acciones a que da origen la nulidad<br \/>\n5. La conversi\u00f3n del acto nulo<\/p>\n<p><b><strong>V. LA PRESENTACI\u00d3N<\/strong><\/b><\/p>\n<p>1. Concepto<br \/>\n2. Utilidad y \u00e1mbito de aplicaci\u00f3n de la representaci\u00f3n<br \/>\n3. Poder de representaci\u00f3n<br \/>\n4. Naturaleza jur\u00eddica de la representaci\u00f3n<br \/>\n5. Influencia de las circunstancias personales del representante o del representado en el acto jur\u00eddico<br \/>\n6. Requisitos necesarios para que exista representaci\u00f3n y para que esta produzca plenamente sus efectos<br \/>\n7. Efectos de la representaci\u00f3n<br \/>\n8. Sanci\u00f3n de los actos ejecutados sin poder o con extralimitaci\u00f3n de este<br \/>\n9. La ratificaci\u00f3n<\/p>\n<p><b><strong>TOMO II<\/strong><\/b><\/p>\n<p><b><strong>VI. CLASIFICACI\u00d3N LEGAL Y DOCTRINAL DE LOS CONTRATOS<\/strong><\/b><\/p>\n<p>1. Contratos unilaterales y bilaterales<br \/>\n1.1. Consideraciones generales<br \/>\n1.2. Contratos unilaterales y \u201csinalagm\u00e1ticos imperfectos\u201d<br \/>\n1.3. Contratos bilaterales o sinalagm\u00e1ticos, e instituciones jur\u00eddicas que les resultan especialmente aplicables<br \/>\n1.4. Contratos plurilaterales<\/p>\n<p>2. Contratos gratuitos y onerosos<br \/>\n2.1. El cuanto al criterio para distinguir entre contratos gratuitos y onerosos<br \/>\n2.2. Relaci\u00f3n entre los contratos bilaterales y unilaterales, con los contratos gratuitos y onerosos<br \/>\n2.3. Relaci\u00f3n entre los contratos a t\u00edtulo gratuito, a t\u00edtulo lucrativo y la donaci\u00f3n<br \/>\n2.4. Relevancia de la clasificaci\u00f3n<\/p>\n<p>3. Contratos onerosos conmutativos y onerosos aleatorios<br \/>\n3.1. Criterio para distinguir entre contratos conmutativos y aleatorios<br \/>\n3.2. Distinci\u00f3n entre contratos aleatorios y condicionales<br \/>\n3.3. Relevancia de la clasificaci\u00f3n entre contratos conmutativos y aleatorios<\/p>\n<p>4. Contratos principales y accesorios<br \/>\n4.1. Criterio de clasificaci\u00f3n<br \/>\n4.2. Contratos accesorios de garant\u00eda y dependientes<br \/>\n4.3. Importancia de la clasificaci\u00f3n<\/p>\n<p>5. Contratos consensuales, reales y solemnes<br \/>\n5.1. Contratos consensuales. El aparente principio del consensualismo, y el incentivo legal a la escrituraci\u00f3n de los contratos<br \/>\n5.2. Contratos solemnes<br \/>\n5.3. Contratos reales<\/p>\n<p>6. Contratos de ejecuci\u00f3n instant\u00e1nea, de ejecuci\u00f3n diferida y de tracto sucesivo<br \/>\n6.1. Precisiones conceptuales y diferencias entre los contratos de ejecuci\u00f3n instant\u00e1nea, ejecuci\u00f3n diferida y de tracto sucesivo<br \/>\n6.2. Relevancia de la clasificaci\u00f3n<\/p>\n<p>7. Contratos t\u00edpicos y at\u00edpicos<\/p>\n<p>8. Contratos independientes y conexos<br \/>\n8.1. Consideraciones generales<br \/>\n8.2. Presupuestos doctrinales de aplicaci\u00f3n de la teor\u00eda de los contratos conexos<br \/>\n8.3. Efectos jur\u00eddicos de la doctrina de los contratos conexos<br \/>\n8.4. Controversias en torno a la aplicaci\u00f3n de la doctrina de los contratos conexos (y sus especiales efectos) en el ordenamiento jur\u00eddico chileno<\/p>\n<p>9. Contratos de libre discusi\u00f3n y contratos de adhesi\u00f3n<br \/>\n9.1. Contratos de libre discusi\u00f3n<br \/>\n9.2. Contratos de adhesi\u00f3n<\/p>\n<p>10. Contratos preparatorios y definitivos<\/p>\n<p>11. Contratos individuales y colectivos<\/p>\n<p><b><strong>VII. PRINCIPIOS JUR\u00cdDICOS QUE INFORMAN LA TEOR\u00cdA GENERAL DEL CONTRATO<\/strong><\/b><\/p>\n<p>1. Los principios generales del derecho<br \/>\n2. Principio de la libertad contractual<br \/>\n3. El principio de la obligatoriedad e intangibilidad de los contratos: pacta sunt servanda<br \/>\n4. El principio del efecto relativo del contrato<br \/>\n5. El principio de la buena fe contractual<\/p>\n<p><b><strong>VIII. CONTENIDO E INTEGRACI\u00d3N DEL CONTRATO<\/strong><\/b><\/p>\n<p>1. Contenido del contrato<br \/>\n2. Integraci\u00f3n del contrato<\/p>\n<p><b><strong>IX. INTERPRETACI\u00d3N DEL CONTRATO<\/strong><\/b><\/p>\n<p>1. Conceptos generales<\/p>\n<p>2. Reglas del C\u00f3digo Civil de interpretaci\u00f3n de los contratos<br \/>\n2.1. Consideraciones generales sobre las reglas del C\u00f3digo Civil sobre interpretaci\u00f3n de los contratos<br \/>\n2.2. Regla y principio del Art. 1560 \u201cConocida claramente la intenci\u00f3n de los contratantes, debe estarse a ella m\u00e1s que a lo literal de las palabras\u201d<br \/>\n2.3. Art. 1561: Regla de la extensi\u00f3n del contrato a la materia que se ha contratado<br \/>\n2.4. Art. 1562: Regla de preferencia del sentido que produzca alg\u00fan efecto<br \/>\n2.5. Art. 1563, inciso primero: Regla de preferencia de interpretaci\u00f3n que mejor cuadre con la naturaleza del contrato<br \/>\n2.6. Art. 1564, inciso primero: Regla de interpretaci\u00f3n arm\u00f3nica del contrato<br \/>\n2.7. Art. 1564, inciso segundo: Regla de interpretaci\u00f3n fundada en contratos entre las mismas partes y sobre la misma materia<br \/>\n2.8. Art. 1564, inciso segundo: Regla de interpretaci\u00f3n aut\u00e9ntica<br \/>\n2.9. Art. 1965: Regla de la natural extensi\u00f3n del contrato<br \/>\n2.10. Art. 1566: Regla subsidiaria, o de la \u00faltima alternativa<\/p>\n<p>3. Interpretaci\u00f3n de los contratos conforme al principio de buena fe<\/p>\n<p>4. Reglas de interpretaci\u00f3n contractual, recurso de casaci\u00f3n en el fondo y recurso de queja<br \/>\n4.1. Interpretaci\u00f3n de contrato y recurso de casaci\u00f3n en el fondo<br \/>\n4.2. Interpretaci\u00f3n de contrato y recurso de queja<\/p>\n<p>5. En cuanto a la posibilidad de aplicar las normas y argumentos de hermen\u00e9utica de la ley a la interpretaci\u00f3n de los contratos<\/p>\n<p>6. En cuanto a la posibilidad de aplicar las reglas de interpretaci\u00f3n contractual en la interpretaci\u00f3n de los testamentos<\/p>\n<p><b><strong>X. MODIFICACI\u00d3N Y CESI\u00d3N DEL CONTRATO<\/strong><\/b><\/p>\n<p>1. Modificaci\u00f3n del contrato<br \/>\n1.1. Modificaci\u00f3n del contrato convenida por las partes<br \/>\n1.2. Causales especiales de modificaci\u00f3n del contrato previstas por el legislador<br \/>\n1.3. En cuanto a la posibilidad de que el juez pueda revisar el contenido del contrato fundado en circunstancias no previstas por el legislador. Remisi\u00f3n<\/p>\n<p>2. Cesi\u00f3n del contrato<br \/>\n2.1. Conceptos generales<br \/>\n2.2. La cesi\u00f3n de contrato en el ordenamiento jur\u00eddico chileno<br \/>\n2.3. Requisitos, presupuestos y efectos de la cesi\u00f3n de contrato<br \/>\n2.4. Cesi\u00f3n o traspaso legal del contrato<\/p>\n<p><b><strong>XI. TERMINACI\u00d3N DEL CONTRATO<\/strong><\/b><\/p>\n<p>1. Causas convencionales de terminaci\u00f3n del contrato<br \/>\n1.1. Resciliaci\u00f3n o mutuo disenso<br \/>\n1.2. Pacto Comisorio Calificado At\u00edpico<br \/>\n1.3. Terminaci\u00f3n por Decisi\u00f3n Unilateral de una de las partes<\/p>\n<p>2. Causas legales de terminaci\u00f3n del contrato<br \/>\n2.1. La resoluci\u00f3n<br \/>\n2.2. Caso fortuito en los contratos de tracto sucesivo: destrucci\u00f3n (material o jur\u00eddica) de la cosa e imposibilidad de ejecuci\u00f3n de la prestaci\u00f3n debida. Remisi\u00f3n<br \/>\n2.3. Terminaci\u00f3n unilateral consagrada en la ley<\/p>\n<p>3. Causas doctrinales de terminaci\u00f3n del contrato<br \/>\n3.1. Consideraciones de orden general<br \/>\n3.2. Teor\u00eda de la imprevisi\u00f3n<br \/>\n3.3. Teor\u00eda de la frustraci\u00f3n del fin del contrato<\/li>\n<\/ol>\n","protected":false},"excerpt":{"rendered":"<p>Siguiendo la tradici\u00f3n de autores italianos cl\u00e1sicos como Francesco Messineo, por primera vez en la literatura nacional nos encontramos con un libro que trata sistem\u00e1ticamente y a un mismo tiempo aquellas materias que suelen incluirse en la \u201cteor\u00eda general del acto jur\u00eddico\u201d y aquellas que habitualmente se reservan a la \u201cteor\u00eda general del contrato\u201d. De esta manera, se abordan, entre otros temas, la formaci\u00f3n, estructura y requisitos del contrato, as\u00ed como sus causales de ineficacia, con especial atenci\u00f3n en la nulidad y la resoluci\u00f3n, profundizando en materias que habitualmente no se desarrollan en obras generales, como la causa, la simulaci\u00f3n y el fraude a la ley. Asimismo, se examina en detalle la funci\u00f3n, clasificaci\u00f3n y efectos de los contratos, los principios que los rigen, las reglas que gobiernan su interpretaci\u00f3n e integraci\u00f3n y las causales de terminaci\u00f3n de los mismos. Para estos efectos, los autores se han servido no solo de su amplia experiencia acad\u00e9mica como profesores de Derecho Civil de la Pontificia Universidad Cat\u00f3lica de Chile, sino que tambi\u00e9n de su extensa trayectoria como abogados litigantes, lo cual les ha permitido aproximarse con un sentido pr\u00e1ctico a los diversos t\u00f3picos tratados en esta obra. Este libro no solo prestar\u00e1 utilidad a los prestadores jur\u00eddicos \u2013 jueces y abogados \u2013 sino tambi\u00e9n a profesores y estudiantes. Autores: Enrique Alcalde R., Cristi\u00e1n Boetsch G. Editorial Jur\u00eddica de Chile TOMO I I. CONCEPTO Y FUNCIONES DEL CONTRATO a. Conceptos generales b. La noci\u00f3n de contrato del C\u00f3digo Civil c. Funciones del contrato d. La declaraci\u00f3n unilateral de voluntad II. ESTRUCTURA Y ELEMENTOS CONSTITUTIVOS DEL CONTRATO a. Conceptos generales b. Elementos o cosas esenciales c. Elementos o cosas de la naturaleza d. Elementos o cosas accidentales III. REQUISITOS DE LOS CONTRATOS 1. Doctrina que afirma la distinci\u00f3n entre requisitos de existencia y de validez de los contratos 2. Doctrina que afirma que el C\u00f3digo \u00fanicamente se refiere a requisitos de eficacia de los contratos A. La voluntad 1. Conceptos generales 2. Requisitos de la voluntad 2.1. Seriedad de la voluntad 2.2. Manifestaci\u00f3n de la voluntad 3. El consentimiento 3.1. La voluntad de los actos jur\u00eddicos bilaterales 3.2. Casos especiales de formaci\u00f3n del consentimiento 4. Los vicios del consentimiento 5. El error 5.1. Concepto 5.2. Error de derecho y error de hecho 5.3. Diversas clases de error de hecho y sus efectos 5.4. Consideraciones particulares sobre el error en los actos bilaterales 5.5. El error com\u00fan 5.6. Caso especial de los errores u omisiones: Las declaraciones y garant\u00edas de un contrato de compraventa\u00a0 de acciones o de derechos sociales (venta de empresas) 6. El dolo 6.1. Concepto 6.2. Clases de dolo 6.3. Cu\u00e1ndo el dolo vicia el consentimiento 6.4. Prueba del dolo 6.5. Condonaci\u00f3n o renuncia del dolo 6.6. Sanci\u00f3n del dolo 6.7. Acci\u00f3n de dolo 6.8. Acci\u00f3n por provecho de dolo ajeno y responsabilidad concurrente con el autor del dolo 7. La fuerza 7.1. Concepto 7.2. Clases 7.3. Cu\u00e1ndo la fuerza vicia el consentimiento 7.4. Indiferencia de la persona que ejerce la fuerza 7.5. Prueba de la fuerza 7.6. Efectos de la fuerza 7.7. Prescripci\u00f3n de la acci\u00f3n de nulidad 7.8. Temor reverencial 7.9. El estado de necesidad 8. La lesi\u00f3n 8.1. Concepto doctrinal 8.2. La lesi\u00f3n en el C\u00f3digo Civil chileno: \u00bfconstituye un vicio del consentimiento? 8.3. Casos de lesi\u00f3n regulados en el C\u00f3digo Civil 9. La simulaci\u00f3n en los contratos 9.1. Concepto, clases y sanci\u00f3n 9.2. La prueba de la simulaci\u00f3n VI. Clasificaci\u00f3n legal y doctrinal de los contratos VII. Principios jur\u00eddicos que informan la teor\u00eda general del contrato VIII. Contenido e integraci\u00f3n del contrato IX. Interpretaci\u00f3n del contrato X. Modificaci\u00f3n y cesi\u00f3n del contrato XI. Terminaci\u00f3n del contrato B. La capacidad 1. Concepto 2. Clases de capacidad 2.1. Capacidad de goce 2.2. Capacidad de ejercicio 3. Las incapacidades de ejercicio 3.1. Incapacidad absoluta 3.2. Incapacidad relativa 3.3. Incapacidades particulares o especiales C. El objeto 1. Concepto 2. Requisitos que debe reunir el objeto que recae sobre una cosa 3. Requisitos del objeto que recae sobre un hecho 3.1. Requisitos del objeto que recae sobre un hecho 3.2. Hecho f\u00edsicamente posible 3.3. \u00bfInter\u00e9s pecuniario en la realizaci\u00f3n del hecho que es objeto de la obligaci\u00f3n? 3.4. Hecho moralmente posible 4. Objeto il\u00edcito 4.1. Actos que contravienen el derecho p\u00fablico chileno 4.2. Pactos sobre sucesiones futuras 4.3. Enajenaci\u00f3n de las cosas enumeradas en el art. 1464 4.4. Condonaci\u00f3n del dolo futuro 4.5. Deudas contra\u00eddas en juego de azar 4.6. Venta de libros prohibidos, de objetos considerados inmorales y de impresos condenados como abusivos a la libertad de prensa 4.7. Actos prohibidos por la ley D. La causa A) Introducci\u00f3n B) La ense\u00f1anza tradicional de nuestra doctrina en materia de causa C) S\u00edntesis de las concepciones de causa en la doctrina extranjera D) Posici\u00f3n de los autores nacionales actuales E) Jurisprudencia nacional sobre la causa F) Nuestro concepto y aproximaci\u00f3n a la causa G) Proyecci\u00f3n del concepto de causa propuesto por nosotros H) Actos abstractos o no causados I) Alteraciones sustanciales en el objeto y la causa en los contratos de tracto sucesivo. Imposibilidad o incomerciabilidad del objeto, desaparici\u00f3n de la base del negocio y frustraci\u00f3n del fin del contrato J) Los contratos y el fraude a la leyLas formalidades1. Concepto 2. Clases de formalidadesIV. LAS CAUSALES DE INEFICACIA DE LOS CONTRATOSA. La \u201cinexistencia jur\u00eddica\u201d 1. Conceptos generales 2. Origen de la teor\u00eda de la inexistencia jur\u00eddica y discusi\u00f3n acerca de su recepci\u00f3n en el C\u00f3digo Civil 3. Diferencias entre la inexistencia y la nulidad (para quienes sostienen que la inexistencia jur\u00eddica est\u00e1 reconocida en el C\u00f3digo Civil) 4. \u00bfDistingue el C\u00f3digo Civil chileno entre inexistencia y nulidad absoluta? B. La nulidad B.1. Aspectos generales 1. Reglas del C\u00f3digo Civil sobre la nulidad de los actos y contratos 2. Concepto general de nulidad 3. Especies de nulidad: absoluta y relativa 4. Terminolog\u00eda 5. Diferencias entre la nulidad absoluta y la relativa 6. Principios aplicables a ambas clases de nulidad 7. Nulidad total y nulidad parcial B.2. La nulidad absoluta 1. Concepto 2.<\/p>\n","protected":false},"featured_media":4104,"comment_status":"open","ping_status":"closed","template":"","meta":{"inline_featured_image":false,"_joinchat":[]},"product_brand":[],"product_cat":[27],"product_tag":[],"class_list":{"0":"post-4052","1":"product","2":"type-product","3":"status-publish","4":"has-post-thumbnail","6":"product_cat-civil","7":"product_shipping_class-a-convenir","9":"first","10":"instock","11":"shipping-taxable","12":"purchasable","13":"product-type-simple"},"_links":{"self":[{"href":"https:\/\/bibliotecajuridicavirtual.cl\/index.php\/wp-json\/wp\/v2\/product\/4052","targetHints":{"allow":["GET"]}}],"collection":[{"href":"https:\/\/bibliotecajuridicavirtual.cl\/index.php\/wp-json\/wp\/v2\/product"}],"about":[{"href":"https:\/\/bibliotecajuridicavirtual.cl\/index.php\/wp-json\/wp\/v2\/types\/product"}],"replies":[{"embeddable":true,"href":"https:\/\/bibliotecajuridicavirtual.cl\/index.php\/wp-json\/wp\/v2\/comments?post=4052"}],"wp:featuredmedia":[{"embeddable":true,"href":"https:\/\/bibliotecajuridicavirtual.cl\/index.php\/wp-json\/wp\/v2\/media\/4104"}],"wp:attachment":[{"href":"https:\/\/bibliotecajuridicavirtual.cl\/index.php\/wp-json\/wp\/v2\/media?parent=4052"}],"wp:term":[{"taxonomy":"product_brand","embeddable":true,"href":"https:\/\/bibliotecajuridicavirtual.cl\/index.php\/wp-json\/wp\/v2\/product_brand?post=4052"},{"taxonomy":"product_cat","embeddable":true,"href":"https:\/\/bibliotecajuridicavirtual.cl\/index.php\/wp-json\/wp\/v2\/product_cat?post=4052"},{"taxonomy":"product_tag","embeddable":true,"href":"https:\/\/bibliotecajuridicavirtual.cl\/index.php\/wp-json\/wp\/v2\/product_tag?post=4052"}],"curies":[{"name":"wp","href":"https:\/\/api.w.org\/{rel}","templated":true}]}}