{"id":4053,"date":"2026-02-28T01:22:34","date_gmt":"2026-02-28T04:22:34","guid":{"rendered":"https:\/\/bibliotecajuridicavirtual.cl\/?post_type=product&#038;p=4053"},"modified":"2026-02-28T01:23:02","modified_gmt":"2026-02-28T04:23:02","slug":"la-sociedad-anonima-tomo-i-3era-edicion-actualizada-y-aumentada-ano-2020-1-607-pag-autor-juan-esteban-puga-vial","status":"publish","type":"product","link":"https:\/\/bibliotecajuridicavirtual.cl\/index.php\/product\/la-sociedad-anonima-tomo-i-3era-edicion-actualizada-y-aumentada-ano-2020-1-607-pag-autor-juan-esteban-puga-vial\/","title":{"rendered":"La Sociedad An\u00f3nima. Tomo I &#8211;  3era Edici\u00f3n actualizada y aumentada. A\u00f1o 2020\/ 1.607 P\u00e1g. Autor Juan Esteban Puga Vial"},"content":{"rendered":"<p>Las sociedad de capital en general y la sociedad an\u00f3nima en particular, son sin dudas los instrumentos jur\u00eddicos por antonomasia para el emprendimiento de inversiones y proyectos, los que de otro modo ser\u00edan virtualmente imposibles. Sin embargo, la literatura nacional dedicada a este tema es escasa.<\/p>\n<p>Esta nueva edici\u00f3n viene enriquecida con el complemento de asuntos de inter\u00e9s penal muy relevantes para los tiempos que corren, tratando la responsabilidad penal de las personas jur\u00eddicas con una profundidad\u00a0 in\u00e9dita y abordando los novedosos tipos penales de negociaci\u00f3n incompatibles y de administraci\u00f3n desleal. Tambi\u00e9n profundiza su acercamiento y critica la teor\u00eda\u00a0 de la supremac\u00eda de los accionistas para dejar espacio a los deberes fiduciarios de los directores otros factores extra econ\u00f3micos. Por \u00faltimo, actualiza tambi\u00e9n el texto en todo lo que la Ley N\u00b0 21.000 afect\u00f3 a la estructura de la otrora Superintendencia de Valores y Seguros, hoy Comisi\u00f3n para el Mercadeo Financiero.<\/p>\n<p>El autor de esta obra -con cinco publicaciones anteriores asociadas al derecho comercial y muy bien acogidas en el mercado- aborda extensamente el an\u00e1lisis dogm\u00e1tico de la sociedad an\u00f3nima desde esa perspectiva, esto es, como un instrumento jur\u00eddico para la inversi\u00f3n, alej\u00e1ndose de una visi\u00f3n contractualista o societaria de este instituto, extremo de desconocerle la calidad de sociedad, afirmando que ella \u00abtiene muy poco de sociedad y mucho de an\u00f3nima\u00bb.<\/p>\n<p>Como herramienta de inversi\u00f3n, este libro profundiza en materias que normalmente no se tratan en los textos jur\u00eddicos en nuestro medio como son las normativas de inversi\u00f3n, las normas sobre mercados de valores accionarios y de bonos, como asimismo una an\u00e1lisis m\u00e1s econ\u00f3mico de las funciones del establecimiento de series de acciones privilegiadas o preferentes.<\/p>\n<p>Adem\u00e1s, la investigaci\u00f3n se extiende a reg\u00edmenes legales con mercados de valores m\u00e1s profundos, no s\u00f3lo para ilustrar mejor la ley patria, sino para dar a los profesionales chilenos herramientas de compresi\u00f3n de dichos reg\u00edmenes del derecho comparado con lo que la globalizaci\u00f3n nos obliga a lidiar diariamente.<\/p>\n<p>Esta obra, altamente especializada y copiosa en material y fuentes, actualizada adem\u00e1s por la entrada en vigencia del nuevo Reglamento de la Ley de Sociedades An\u00f3nimas\u00a0 y \u00faltimas normativas emitidas por la Superintendencia de Valores y Seguros y lo \u00faltimos desarrollos a nivel global en materia de gobiernos corporativos, viene a llenar un gran vac\u00edo en nuestra literatura jur\u00eddica, manteniendo los mismo niveles de rigurosidad que anteriores obras del autor.<\/p>\n","protected":false},"excerpt":{"rendered":"<p>Las sociedad de capital en general y la sociedad an\u00f3nima en particular, son sin dudas los instrumentos jur\u00eddicos por antonomasia para el emprendimiento de inversiones y proyectos, los que de otro modo ser\u00edan virtualmente imposibles. Sin embargo, la literatura nacional dedicada a este tema es escasa. Esta nueva edici\u00f3n viene enriquecida con el complemento de asuntos de inter\u00e9s penal muy relevantes para los tiempos que corren, tratando la responsabilidad penal de las personas jur\u00eddicas con una profundidad\u00a0 in\u00e9dita y abordando los novedosos tipos penales de negociaci\u00f3n incompatibles y de administraci\u00f3n desleal. Tambi\u00e9n profundiza su acercamiento y critica la teor\u00eda\u00a0 de la supremac\u00eda de los accionistas para dejar espacio a los deberes fiduciarios de los directores otros factores extra econ\u00f3micos. Por \u00faltimo, actualiza tambi\u00e9n el texto en todo lo que la Ley N\u00b0 21.000 afect\u00f3 a la estructura de la otrora Superintendencia de Valores y Seguros, hoy Comisi\u00f3n para el Mercadeo Financiero. El autor de esta obra -con cinco publicaciones anteriores asociadas al derecho comercial y muy bien acogidas en el mercado- aborda extensamente el an\u00e1lisis dogm\u00e1tico de la sociedad an\u00f3nima desde esa perspectiva, esto es, como un instrumento jur\u00eddico para la inversi\u00f3n, alej\u00e1ndose de una visi\u00f3n contractualista o societaria de este instituto, extremo de desconocerle la calidad de sociedad, afirmando que ella \u00abtiene muy poco de sociedad y mucho de an\u00f3nima\u00bb. Como herramienta de inversi\u00f3n, este libro profundiza en materias que normalmente no se tratan en los textos jur\u00eddicos en nuestro medio como son las normativas de inversi\u00f3n, las normas sobre mercados de valores accionarios y de bonos, como asimismo una an\u00e1lisis m\u00e1s econ\u00f3mico de las funciones del establecimiento de series de acciones privilegiadas o preferentes. Adem\u00e1s, la investigaci\u00f3n se extiende a reg\u00edmenes legales con mercados de valores m\u00e1s profundos, no s\u00f3lo para ilustrar mejor la ley patria, sino para dar a los profesionales chilenos herramientas de compresi\u00f3n de dichos reg\u00edmenes del derecho comparado con lo que la globalizaci\u00f3n nos obliga a lidiar diariamente. Esta obra, altamente especializada y copiosa en material y fuentes, actualizada adem\u00e1s por la entrada en vigencia del nuevo Reglamento de la Ley de Sociedades An\u00f3nimas\u00a0 y \u00faltimas normativas emitidas por la Superintendencia de Valores y Seguros y lo \u00faltimos desarrollos a nivel global en materia de gobiernos corporativos, viene a llenar un gran vac\u00edo en nuestra literatura jur\u00eddica, manteniendo los mismo niveles de rigurosidad que anteriores obras del autor.<\/p>\n","protected":false},"featured_media":4105,"comment_status":"open","ping_status":"closed","template":"","meta":{"inline_featured_image":false,"_joinchat":[]},"product_brand":[],"product_cat":[48],"product_tag":[],"class_list":{"0":"post-4053","1":"product","2":"type-product","3":"status-publish","4":"has-post-thumbnail","6":"product_cat-comercial","7":"product_shipping_class-a-convenir","9":"first","10":"instock","11":"shipping-taxable","12":"purchasable","13":"product-type-simple"},"_links":{"self":[{"href":"https:\/\/bibliotecajuridicavirtual.cl\/index.php\/wp-json\/wp\/v2\/product\/4053","targetHints":{"allow":["GET"]}}],"collection":[{"href":"https:\/\/bibliotecajuridicavirtual.cl\/index.php\/wp-json\/wp\/v2\/product"}],"about":[{"href":"https:\/\/bibliotecajuridicavirtual.cl\/index.php\/wp-json\/wp\/v2\/types\/product"}],"replies":[{"embeddable":true,"href":"https:\/\/bibliotecajuridicavirtual.cl\/index.php\/wp-json\/wp\/v2\/comments?post=4053"}],"wp:featuredmedia":[{"embeddable":true,"href":"https:\/\/bibliotecajuridicavirtual.cl\/index.php\/wp-json\/wp\/v2\/media\/4105"}],"wp:attachment":[{"href":"https:\/\/bibliotecajuridicavirtual.cl\/index.php\/wp-json\/wp\/v2\/media?parent=4053"}],"wp:term":[{"taxonomy":"product_brand","embeddable":true,"href":"https:\/\/bibliotecajuridicavirtual.cl\/index.php\/wp-json\/wp\/v2\/product_brand?post=4053"},{"taxonomy":"product_cat","embeddable":true,"href":"https:\/\/bibliotecajuridicavirtual.cl\/index.php\/wp-json\/wp\/v2\/product_cat?post=4053"},{"taxonomy":"product_tag","embeddable":true,"href":"https:\/\/bibliotecajuridicavirtual.cl\/index.php\/wp-json\/wp\/v2\/product_tag?post=4053"}],"curies":[{"name":"wp","href":"https:\/\/api.w.org\/{rel}","templated":true}]}}