{"id":4054,"date":"2026-02-28T01:22:34","date_gmt":"2026-02-28T04:22:34","guid":{"rendered":"https:\/\/bibliotecajuridicavirtual.cl\/?post_type=product&#038;p=4054"},"modified":"2026-02-28T01:23:04","modified_gmt":"2026-02-28T04:23:04","slug":"la-sociedad-de-responsabilidad-limitada-la-sociedad-colectiva-y-la-sociedad-en-comandita-simple-en-el-derecho-chileno-y-comparado-ano-2021-373-pag-autor-juan-esteban-puga-vial","status":"publish","type":"product","link":"https:\/\/bibliotecajuridicavirtual.cl\/index.php\/product\/la-sociedad-de-responsabilidad-limitada-la-sociedad-colectiva-y-la-sociedad-en-comandita-simple-en-el-derecho-chileno-y-comparado-ano-2021-373-pag-autor-juan-esteban-puga-vial\/","title":{"rendered":"La Sociedad de Responsabilidad Limitada, La Sociedad Colectiva y la Sociedad en Comandita Simple, en el Derecho Chileno y Comparado. A\u00f1o 2021\/ 373 P\u00e1g. Autor Juan Esteban Puga Vial"},"content":{"rendered":"<p><b><strong>LA SOCIEDAD DE RESPONSABILIDAD LIMITADA, LA SOCIEDAD COLECTIVA Y LA SOCIEDAD EN COMANDITA SIMPLE EN EL DERECHO CHILENO Y COMPARADO<\/strong><\/b><\/p>\n<p>Como se\u00f1ala el autor en su pre\u00e1mbulo, este libro, abocado al estudio de las sociedades de responsabilidad limitada, las colectivas mercantiles, las colectivas civiles y las sociedades en comandita simple, constituye el cierre de un ciclo formado por ya siete textos distintos que, en lo esencial, cubren todas las materias m\u00e1s relevantes no del derecho mercantil, pero s\u00ed de la ense\u00f1anza universitaria de pregrado.<\/p>\n<p>Otro asunto de inter\u00e9s en el derecho comercial como la compraventa, el mandato, la prenda y el contrato cuentas corrientes mercantiles, no son normalmente objeto de atenci\u00f3n en las facultades de derecho y es posible por lo mismo, el autor no se ha dedicado a elaborar un texto sobre dichos t\u00f3picos.<\/p>\n<p>Esta obra es de la misma profundidad, compleci\u00f3n y originalidad a las que nos ha acostumbrado el autor. No es un mero manual o un texto de recopilaci\u00f3n, sino una verdadera teor\u00eda jur\u00eddica sobre la naturaleza y alcances de lo que Juan Esteban Puga Vial entiende como contratos de sociedad de personas, las \u00fanicas a las que les reconoce la calidad de sociedades, pues ya sabemos que en su texto\u00a0<em>La Sociedad An\u00f3nima\u00a0<\/em>explica con s\u00f3lidos argumentos por qu\u00e9 los institutos por acciones no son propiamente sociedades. El libro abunda en an\u00e1lisis hist\u00f3ricos, doctrina y jurisprudencia. Consulta, como es habitual, los desarrollos de estas sociedades en el derecho comparado, tanto continental como del\u00a0<em>common law<\/em>.<\/p>\n<p>Adem\u00e1s, el libro expone latamente el tratamiento de las sociedades de responsabilidad limitada en el derecho comparado, donde a partir de la sociedad de responsabilidad limitada alemana introducida en 1892 (las\u00a0<em>Gesellschaft mit beschr\u00e4nkter Haftung\u00a0<\/em>o<em>\u00a0GmbH)\u00a0<\/em>pr\u00e1cticamente todas son un h\u00edbrido, pero m\u00e1s bien inclinadas a sociedades de capital que de personas. Asimismo, el texto tambi\u00e9n aborda el tratamiento de las sociedades en comandita simples en el derecho latino, germ\u00e1nico y anglosaj\u00f3n.<\/p>\n<p>El autor es muy cr\u00edtico en relaci\u00f3n con el sistema chileno, pues lo estima arcaico e inapropiado, por lo que augura un acelerado declive de estas sociedades y un predominio abrumador de las sociedades por acciones, donde antes se echaba mano a estas sociedades personalistas.<\/p>\n<p>Es una gran obra y un considerable aporte para el estudio de este campo en provecho de jueces, abogados y alumnos.<\/p>\n","protected":false},"excerpt":{"rendered":"<p>LIBRO DISPONIBLE SOLO RESERVAS\/<\/p>\n<p>Buscas un libro Jur\u00eddico.? Lo puedes encontrar en nuestra tienda virtual.<br \/>\nContamos con prestigiosos autores y muchas alternativas en sus diferentes materias al igual que grandes descuentos.! Vis\u00edtanos en <a class=\"eLkeKfLANpCeIaaehlTorHkfbdUHqQFXesk \" tabindex=\"0\" href=\"https:\/\/lnkd.in\/eiAG7jdZ\" target=\"_blank\" rel=\"noopener\" data-test-app-aware-link=\"\">https:\/\/lnkd.in\/eiAG7jdZ<\/a><br \/>\nEscr\u00edbenos al +56930565235 \/ <a class=\"eLkeKfLANpCeIaaehlTorHkfbdUHqQFXesk \" tabindex=\"0\" href=\"mailto:ventaslegallexglobal@gmail.com\" target=\"_self\" data-test-app-aware-link=\"\">ventaslegallexglobal@gmail.com<\/a><br \/>\nHacemos env\u00edos a todo Chile \u2013 Starken o Correos Chile \/ Te esperamos<\/p>\n","protected":false},"featured_media":4106,"comment_status":"open","ping_status":"closed","template":"","meta":{"inline_featured_image":false,"_joinchat":[]},"product_brand":[],"product_cat":[48],"product_tag":[],"class_list":{"0":"post-4054","1":"product","2":"type-product","3":"status-publish","4":"has-post-thumbnail","6":"product_cat-comercial","7":"product_shipping_class-a-convenir","9":"first","10":"instock","11":"shipping-taxable","12":"purchasable","13":"product-type-simple"},"_links":{"self":[{"href":"https:\/\/bibliotecajuridicavirtual.cl\/index.php\/wp-json\/wp\/v2\/product\/4054","targetHints":{"allow":["GET"]}}],"collection":[{"href":"https:\/\/bibliotecajuridicavirtual.cl\/index.php\/wp-json\/wp\/v2\/product"}],"about":[{"href":"https:\/\/bibliotecajuridicavirtual.cl\/index.php\/wp-json\/wp\/v2\/types\/product"}],"replies":[{"embeddable":true,"href":"https:\/\/bibliotecajuridicavirtual.cl\/index.php\/wp-json\/wp\/v2\/comments?post=4054"}],"wp:featuredmedia":[{"embeddable":true,"href":"https:\/\/bibliotecajuridicavirtual.cl\/index.php\/wp-json\/wp\/v2\/media\/4106"}],"wp:attachment":[{"href":"https:\/\/bibliotecajuridicavirtual.cl\/index.php\/wp-json\/wp\/v2\/media?parent=4054"}],"wp:term":[{"taxonomy":"product_brand","embeddable":true,"href":"https:\/\/bibliotecajuridicavirtual.cl\/index.php\/wp-json\/wp\/v2\/product_brand?post=4054"},{"taxonomy":"product_cat","embeddable":true,"href":"https:\/\/bibliotecajuridicavirtual.cl\/index.php\/wp-json\/wp\/v2\/product_cat?post=4054"},{"taxonomy":"product_tag","embeddable":true,"href":"https:\/\/bibliotecajuridicavirtual.cl\/index.php\/wp-json\/wp\/v2\/product_tag?post=4054"}],"curies":[{"name":"wp","href":"https:\/\/api.w.org\/{rel}","templated":true}]}}