{"id":4077,"date":"2026-02-28T01:22:55","date_gmt":"2026-02-28T04:22:55","guid":{"rendered":"https:\/\/bibliotecajuridicavirtual.cl\/?post_type=product&#038;p=4077"},"modified":"2026-02-28T01:23:04","modified_gmt":"2026-02-28T04:23:04","slug":"la-culpa-grave-en-el-derecho-chileno-ano-2022-180-pag-autor-alvaro-awad-sirhan","status":"publish","type":"product","link":"https:\/\/bibliotecajuridicavirtual.cl\/index.php\/product\/la-culpa-grave-en-el-derecho-chileno-ano-2022-180-pag-autor-alvaro-awad-sirhan\/","title":{"rendered":"La Culpa Grave en el Derecho Chileno. A\u00f1o 2022\/ 180 P\u00e1g. Autor \u00c1lvaro Awad Sirhan"},"content":{"rendered":"<p>Es \u201cgravemente culpable\u201d quien no maneja un asunto con el cuidado que incluso las personas negligentes y poco prudentes suelen emplear. Hablamos de temeridad, ineptitud, indiferencia. Se trata de un descuido supino. A tal punto, que a veces cuesta diferenciarlo del comportamiento doloso o intencional. Si bien la teor\u00eda tripartita de la culpa ha sido objeto de fuertes cr\u00edticas en otras jurisdicciones, es un hecho indesmentible que la misma fue consagrada en nuestro pa\u00eds por don Andr\u00e9s Bello tras una profunda reflexi\u00f3n, y que ha estado plenamente vigente por m\u00e1s de 160 a\u00f1os. A la fecha, los estudios sobre la materia no resaltan la independencia de la culpa grave frente al dolo. Pues bien, esta obra se propone elaborar una teor\u00eda sistem\u00e1tica sobre la culpa grave, que reivindica su rol en nuestro sistema de responsabilidad. El autor revisa las particularidades del concepto apoy\u00e1ndose en doctrina y jurisprudencia chilenas y extranjeras. Ello permite conocer \u2014de manera ilustrativa\u2014 en qu\u00e9 casos se ha incurrido en la negligencia m\u00e1s grosera que nuestro ordenamiento jur\u00eddico sanciona. \u00bfSe justifica incluir en la legislaci\u00f3n una categor\u00eda de culpa calificada? \u00bfCu\u00e1ndo se configura, en los hechos, una culpa grave? \u00bfQu\u00e9 significa asimilarla al dolo? Para definir los contornos de esta figura legal, se invita al lector a un recorrido por los intrincados vericuetos de la culpabilidad, ofreciendo respuestas a las interrogantes planteadas y entregando un depurado espectro de la imputaci\u00f3n subjetiva civil.<\/p>\n","protected":false},"excerpt":{"rendered":"<p>Es \u201cgravemente culpable\u201d quien no maneja un asunto con el cuidado que incluso las personas negligentes y poco prudentes suelen emplear. Hablamos de temeridad, ineptitud, indiferencia. Se trata de un descuido supino. A tal punto, que a veces cuesta diferenciarlo del comportamiento doloso o intencional. Si bien la teor\u00eda tripartita de la culpa ha sido objeto de fuertes cr\u00edticas en otras jurisdicciones, es un hecho indesmentible que la misma fue consagrada en nuestro pa\u00eds por don Andr\u00e9s Bello tras una profunda reflexi\u00f3n, y que ha estado plenamente vigente por m\u00e1s de 160 a\u00f1os. A la fecha, los estudios sobre la materia no resaltan la independencia de la culpa grave frente al dolo. Pues bien, esta obra se propone elaborar una teor\u00eda sistem\u00e1tica sobre la culpa grave, que reivindica su rol en nuestro sistema de responsabilidad. El autor revisa las particularidades del concepto apoy\u00e1ndose en doctrina y jurisprudencia chilenas y extranjeras. Ello permite conocer \u2014de manera ilustrativa\u2014 en qu\u00e9 casos se ha incurrido en la negligencia m\u00e1s grosera que nuestro ordenamiento jur\u00eddico sanciona. \u00bfSe justifica incluir en la legislaci\u00f3n una categor\u00eda de culpa calificada? \u00bfCu\u00e1ndo se configura, en los hechos, una culpa grave? \u00bfQu\u00e9 significa asimilarla al dolo? Para definir los contornos de esta figura legal, se invita al lector a un recorrido por los intrincados vericuetos de la culpabilidad, ofreciendo respuestas a las interrogantes planteadas y entregando un depurado espectro de la imputaci\u00f3n subjetiva civil.<\/p>\n","protected":false},"featured_media":4107,"comment_status":"open","ping_status":"closed","template":"","meta":{"inline_featured_image":false,"_joinchat":[]},"product_brand":[],"product_cat":[27],"product_tag":[],"class_list":{"0":"post-4077","1":"product","2":"type-product","3":"status-publish","4":"has-post-thumbnail","6":"product_cat-civil","7":"product_shipping_class-a-convenir","9":"first","10":"instock","11":"shipping-taxable","12":"purchasable","13":"product-type-simple"},"_links":{"self":[{"href":"https:\/\/bibliotecajuridicavirtual.cl\/index.php\/wp-json\/wp\/v2\/product\/4077","targetHints":{"allow":["GET"]}}],"collection":[{"href":"https:\/\/bibliotecajuridicavirtual.cl\/index.php\/wp-json\/wp\/v2\/product"}],"about":[{"href":"https:\/\/bibliotecajuridicavirtual.cl\/index.php\/wp-json\/wp\/v2\/types\/product"}],"replies":[{"embeddable":true,"href":"https:\/\/bibliotecajuridicavirtual.cl\/index.php\/wp-json\/wp\/v2\/comments?post=4077"}],"wp:featuredmedia":[{"embeddable":true,"href":"https:\/\/bibliotecajuridicavirtual.cl\/index.php\/wp-json\/wp\/v2\/media\/4107"}],"wp:attachment":[{"href":"https:\/\/bibliotecajuridicavirtual.cl\/index.php\/wp-json\/wp\/v2\/media?parent=4077"}],"wp:term":[{"taxonomy":"product_brand","embeddable":true,"href":"https:\/\/bibliotecajuridicavirtual.cl\/index.php\/wp-json\/wp\/v2\/product_brand?post=4077"},{"taxonomy":"product_cat","embeddable":true,"href":"https:\/\/bibliotecajuridicavirtual.cl\/index.php\/wp-json\/wp\/v2\/product_cat?post=4077"},{"taxonomy":"product_tag","embeddable":true,"href":"https:\/\/bibliotecajuridicavirtual.cl\/index.php\/wp-json\/wp\/v2\/product_tag?post=4077"}],"curies":[{"name":"wp","href":"https:\/\/api.w.org\/{rel}","templated":true}]}}