{"id":4078,"date":"2026-02-28T01:22:55","date_gmt":"2026-02-28T04:22:55","guid":{"rendered":"https:\/\/bibliotecajuridicavirtual.cl\/?post_type=product&#038;p=4078"},"modified":"2026-02-28T01:23:06","modified_gmt":"2026-02-28T04:23:06","slug":"derecho-de-aguas-identidad-y-transformaciones-ano-2017-346-pag-autor-alejandro-vergara-blanco","status":"publish","type":"product","link":"https:\/\/bibliotecajuridicavirtual.cl\/index.php\/product\/derecho-de-aguas-identidad-y-transformaciones-ano-2017-346-pag-autor-alejandro-vergara-blanco\/","title":{"rendered":"Derecho  De Aguas. Identidad y Transformaciones. A\u00f1o 2017\/ 346 P\u00e1g. Autor Alejandro Vergara Blanco"},"content":{"rendered":"<p>El perfeccionamiento de la institucionalidad de las aguas constituye hoy un debate de gran importancia en Chile, y se ha mantenido durante los \u00faltimos veinticinco a\u00f1os, porque alude a un \u00e1mbito vital para el desarrollo del pa\u00ed\u00ads, el sustento de su poblaci\u00f3n e, incluso, la sana convivencia de sus comunidades. Inciden en \u00e9l innumerables variables pol\u00ed\u00adticas, econ\u00f3micas, filos\u00f3ficas, sociales y jur\u00ed\u00addicas, as\u00ed como intereses muy diversos; de ah\u00ed\u00ad que es f\u00e1cil que se pueda desvirtuar el sentido de las discusiones que se dan en el espacio p\u00fablico respecto de la materia. Este libro del profesor Alejandro Vergara Blanco presenta una serie de art\u00ed\u00adculos y ponencias que pasan revista a los distintos t\u00f3picos presentes en la agenda en los \u00faltimos a\u00f1os y permiten una visi\u00f3n integral de la normativa vigente, as\u00ed\u00ad como una evaluaci\u00f3n de sus contribuciones y falencias ante los desaf\u00ed\u00ados actuales. Los temas expuestos reflexionan sobre las distintas formas de custodiar de manera justa los bienes p\u00fablicos o el uso com\u00fan de determinados recursos, y enfrenta y pondera los argumentos que sustentan las distintas posturas. El autor destaca la importancia de generar una judicatura especializada en vista de las complejidades involucradas y advierte sobre la necesidad de adoptar definiciones que se han postergado ya por mucho tiempo.<\/p>\n<ol>\n<li style=\"font-weight: 400;\"><b><\/b><b><strong>Regulaci\u00f3n de recursos naturales y aguas<\/strong><\/b><\/li>\n<li style=\"font-weight: 400;\">Interconexi\u00f3n regulatoria, servicios p\u00fablicos, bienes y recursos naturales en el neomoderno derecho administrativo econ\u00f3mico<br \/>\nII. Para comprender y regular recursos naturales y bienes de uso p\u00fablico<br \/>\nIII. Para regular los recursos naturales es innecesario declararlos previamente del dominio del Estado<br \/>\nIV. Desestatizando los recursos naturales: una consolidada tendencia legislativa<br \/>\nV. Aguas y recursos naturales en la Constituci\u00f3n<br \/>\nVI. Aguas y cambios constitucionales<br \/>\nVII. Sobre el derecho humano al agua<\/li>\n<li style=\"font-weight: 400;\"><b><\/b><b><strong>Modificaciones legales. Ensayos cr\u00edticos<\/strong><\/b><\/li>\n<li style=\"font-weight: 400;\">El C\u00f3digo de Aguas y quorum calificado<br \/>\nII. Negativo intento legislativo de \u201cperfeccionamientos\u201d expresos y colectivos de derechos de aguas<br \/>\nIII. Discrecionalidad administrativa y nuevas limitaciones a los derechos de agua<br \/>\nIV. \u00bfCrisis o \u201csequias\u201d institucionales del agua?<br \/>\nV. Tradici\u00f3n y cambio en el Derecho de aguas. Sincretismo legislativo y denominaciones del agua<br \/>\nVI. Una agenda nacional para el uso de las aguas<br \/>\nVII. La urgente y necesaria creaci\u00f3n de tribunales especiales de aguas<\/p>\n<p><b><strong>3.Naturaleza jur\u00eddica de las aguas<\/strong><\/b><\/p>\n<p>I. Entre lo p\u00fablico y lo privado, \u00bfqui\u00e9n es el due\u00f1o de las aguas?<br \/>\nII. De qui\u00e9n son las aguas que escurren por las instalaciones sanitarias?<br \/>\nIII. Esp\u00edritu del pueblo como fuente del derecho y el intento de estatizaci\u00f3n de las aguas<br \/>\nIV. \u00bfQu\u00e9 persigue una estatizaci\u00f3n de las aguas?<br \/>\nV. Las aguas son bienes comunes de los usuarios de cada r\u00edo, de cada acui\u00edfero. Entonces, \u00bfpara qu\u00e9 su nacionalizaci\u00f3n?<\/li>\n<li style=\"font-weight: 400;\"><b><\/b><b><strong>Uso com\u00fan y distribuci\u00f3n de aguas<\/strong><\/b><\/li>\n<li style=\"font-weight: 400;\">Derechos sobre aguas acumuladas<br \/>\nII.\u00a0\u00a0Administraci\u00f3n y distribuci\u00f3n de las aguas<br \/>\nIII. Embalses construidos por la Administraci\u00f3n (Fisco) para los particulares<br \/>\nIV. Focalizando la agenda de un recurso com\u00fan: el desaf\u00edo de potenciar la autogesti\u00f3n de las aguas en Chile<br \/>\nV. Autogobierno en la gesti\u00f3n de las aguas (1)<br \/>\nVI. Autogobierno en la gesti\u00f3n de las aguas (2)<\/p>\n<p><b><strong>5. Mercado de derechos de aguas<br \/>\n<\/strong><\/b><br \/>\nI. El mercado de aguas en el derecho chileno. Titularidades privadas y libertad de transacci\u00f3n<br \/>\nII. Perspectiva y prospectiva jur\u00eddica del mercado de derechos de aguas<br \/>\nIII. Perfeccionamiento legal del mercado de derechos de aprovechamiento de aguas<br \/>\nIV. Un aporte contra la corriente del mercado de aguas chileno<br \/>\nV. Modelo y mercado de derechos de aguas. Elementos configuradores<\/p>\n<p><b><strong>6. Derechos consuetudinarios de aguas<\/strong><\/b><\/p>\n<p>I. Un nuevo aporte al estudio de los derechos consuetudinarios de aguas<br \/>\nII. Modificaci\u00f3n al C\u00f3digo de Aguas: desprotecci\u00f3n y caducidad de derechos ancestrales<br \/>\nIII. Regularizaci\u00f3n de derechos consuetudinarios de aguas y suma de posesiones en todo derecho real (Parte I)<br \/>\nIV. Regularizaci\u00f3n de derechos consuetudinarios de aguas: el valor de la posesi\u00f3n y uso ancestral del agua (Parte II)<br \/>\nV. Regularizaci\u00f3n de derechos consuetudinarios de aguas: g\u00e9nesis y efectos de una nueva l\u00ednea jurisprudencial (Parte III)<\/p>\n<p><b><strong>7. Desaf\u00edos de la disciplina de derecho de aguas<br \/>\n<\/strong><\/b><br \/>\nI. Sistema y autonom\u00eda del derecho de aguas<br \/>\nII. Las aguas como experiencia interdisciplinaria<br \/>\nIII. Conservaci\u00f3n y protecci\u00f3n de las aguas<br \/>\nV. Derecho de aguas y un aporte desde el derecho civil<\/li>\n<\/ol>\n","protected":false},"excerpt":{"rendered":"<p>El perfeccionamiento de la institucionalidad de las aguas constituye hoy un debate de gran importancia en Chile, y se ha mantenido durante los \u00faltimos veinticinco a\u00f1os, porque alude a un \u00e1mbito vital para el desarrollo del pa\u00ed\u00ads, el sustento de su poblaci\u00f3n e, incluso, la sana convivencia de sus comunidades. Inciden en \u00e9l innumerables variables pol\u00ed\u00adticas, econ\u00f3micas, filos\u00f3ficas, sociales y jur\u00ed\u00addicas, as\u00ed como intereses muy diversos; de ah\u00ed\u00ad que es f\u00e1cil que se pueda desvirtuar el sentido de las discusiones que se dan en el espacio p\u00fablico respecto de la materia. Este libro del profesor Alejandro Vergara Blanco presenta una serie de art\u00ed\u00adculos y ponencias que pasan revista a los distintos t\u00f3picos presentes en la agenda en los \u00faltimos a\u00f1os y permiten una visi\u00f3n integral de la normativa vigente, as\u00ed\u00ad como una evaluaci\u00f3n de sus contribuciones y falencias ante los desaf\u00ed\u00ados actuales. Los temas expuestos reflexionan sobre las distintas formas de custodiar de manera justa los bienes p\u00fablicos o el uso com\u00fan de determinados recursos, y enfrenta y pondera los argumentos que sustentan las distintas posturas. El autor destaca la importancia de generar una judicatura especializada en vista de las complejidades involucradas y advierte sobre la necesidad de adoptar definiciones que se han postergado ya por mucho tiempo. Regulaci\u00f3n de recursos naturales y aguas Interconexi\u00f3n regulatoria, servicios p\u00fablicos, bienes y recursos naturales en el neomoderno derecho administrativo econ\u00f3mico II. Para comprender y regular recursos naturales y bienes de uso p\u00fablico III. Para regular los recursos naturales es innecesario declararlos previamente del dominio del Estado IV. Desestatizando los recursos naturales: una consolidada tendencia legislativa V. Aguas y recursos naturales en la Constituci\u00f3n VI. Aguas y cambios constitucionales VII. Sobre el derecho humano al agua Modificaciones legales. Ensayos cr\u00edticos El C\u00f3digo de Aguas y quorum calificado II. Negativo intento legislativo de \u201cperfeccionamientos\u201d expresos y colectivos de derechos de aguas III. Discrecionalidad administrativa y nuevas limitaciones a los derechos de agua IV. \u00bfCrisis o \u201csequias\u201d institucionales del agua? V. Tradici\u00f3n y cambio en el Derecho de aguas. Sincretismo legislativo y denominaciones del agua VI. Una agenda nacional para el uso de las aguas VII. La urgente y necesaria creaci\u00f3n de tribunales especiales de aguas 3.Naturaleza jur\u00eddica de las aguas I. Entre lo p\u00fablico y lo privado, \u00bfqui\u00e9n es el due\u00f1o de las aguas? II. De qui\u00e9n son las aguas que escurren por las instalaciones sanitarias? III. Esp\u00edritu del pueblo como fuente del derecho y el intento de estatizaci\u00f3n de las aguas IV. \u00bfQu\u00e9 persigue una estatizaci\u00f3n de las aguas? V. Las aguas son bienes comunes de los usuarios de cada r\u00edo, de cada acui\u00edfero. Entonces, \u00bfpara qu\u00e9 su nacionalizaci\u00f3n? Uso com\u00fan y distribuci\u00f3n de aguas Derechos sobre aguas acumuladas II.\u00a0\u00a0Administraci\u00f3n y distribuci\u00f3n de las aguas III. Embalses construidos por la Administraci\u00f3n (Fisco) para los particulares IV. Focalizando la agenda de un recurso com\u00fan: el desaf\u00edo de potenciar la autogesti\u00f3n de las aguas en Chile V. Autogobierno en la gesti\u00f3n de las aguas (1) VI. Autogobierno en la gesti\u00f3n de las aguas (2) 5. Mercado de derechos de aguas I. El mercado de aguas en el derecho chileno. Titularidades privadas y libertad de transacci\u00f3n II. Perspectiva y prospectiva jur\u00eddica del mercado de derechos de aguas III. Perfeccionamiento legal del mercado de derechos de aprovechamiento de aguas IV. Un aporte contra la corriente del mercado de aguas chileno V. Modelo y mercado de derechos de aguas. Elementos configuradores 6. Derechos consuetudinarios de aguas I. Un nuevo aporte al estudio de los derechos consuetudinarios de aguas II. Modificaci\u00f3n al C\u00f3digo de Aguas: desprotecci\u00f3n y caducidad de derechos ancestrales III. Regularizaci\u00f3n de derechos consuetudinarios de aguas y suma de posesiones en todo derecho real (Parte I) IV. Regularizaci\u00f3n de derechos consuetudinarios de aguas: el valor de la posesi\u00f3n y uso ancestral del agua (Parte II) V. Regularizaci\u00f3n de derechos consuetudinarios de aguas: g\u00e9nesis y efectos de una nueva l\u00ednea jurisprudencial (Parte III) 7. Desaf\u00edos de la disciplina de derecho de aguas I. Sistema y autonom\u00eda del derecho de aguas II. Las aguas como experiencia interdisciplinaria III. Conservaci\u00f3n y protecci\u00f3n de las aguas V. Derecho de aguas y un aporte desde el derecho civil<\/p>\n","protected":false},"featured_media":4108,"comment_status":"open","ping_status":"closed","template":"","meta":{"inline_featured_image":false,"_joinchat":[]},"product_brand":[],"product_cat":[31],"product_tag":[],"class_list":{"0":"post-4078","1":"product","2":"type-product","3":"status-publish","4":"has-post-thumbnail","6":"product_cat-derecho-ambiental","7":"product_shipping_class-a-convenir","9":"first","10":"instock","11":"shipping-taxable","12":"purchasable","13":"product-type-simple"},"_links":{"self":[{"href":"https:\/\/bibliotecajuridicavirtual.cl\/index.php\/wp-json\/wp\/v2\/product\/4078","targetHints":{"allow":["GET"]}}],"collection":[{"href":"https:\/\/bibliotecajuridicavirtual.cl\/index.php\/wp-json\/wp\/v2\/product"}],"about":[{"href":"https:\/\/bibliotecajuridicavirtual.cl\/index.php\/wp-json\/wp\/v2\/types\/product"}],"replies":[{"embeddable":true,"href":"https:\/\/bibliotecajuridicavirtual.cl\/index.php\/wp-json\/wp\/v2\/comments?post=4078"}],"wp:featuredmedia":[{"embeddable":true,"href":"https:\/\/bibliotecajuridicavirtual.cl\/index.php\/wp-json\/wp\/v2\/media\/4108"}],"wp:attachment":[{"href":"https:\/\/bibliotecajuridicavirtual.cl\/index.php\/wp-json\/wp\/v2\/media?parent=4078"}],"wp:term":[{"taxonomy":"product_brand","embeddable":true,"href":"https:\/\/bibliotecajuridicavirtual.cl\/index.php\/wp-json\/wp\/v2\/product_brand?post=4078"},{"taxonomy":"product_cat","embeddable":true,"href":"https:\/\/bibliotecajuridicavirtual.cl\/index.php\/wp-json\/wp\/v2\/product_cat?post=4078"},{"taxonomy":"product_tag","embeddable":true,"href":"https:\/\/bibliotecajuridicavirtual.cl\/index.php\/wp-json\/wp\/v2\/product_tag?post=4078"}],"curies":[{"name":"wp","href":"https:\/\/api.w.org\/{rel}","templated":true}]}}