{"id":4079,"date":"2026-02-28T01:22:55","date_gmt":"2026-02-28T04:22:55","guid":{"rendered":"https:\/\/bibliotecajuridicavirtual.cl\/?post_type=product&#038;p=4079"},"modified":"2026-02-28T01:23:07","modified_gmt":"2026-02-28T04:23:07","slug":"la-tradicion-constitucional-de-la-p-universidad-catolica-de-chile-vol-i-origenes-evolucion-consolidacion-ano-2017-384-pag-autor-jose-francisco-garcia","status":"publish","type":"product","link":"https:\/\/bibliotecajuridicavirtual.cl\/index.php\/product\/la-tradicion-constitucional-de-la-p-universidad-catolica-de-chile-vol-i-origenes-evolucion-consolidacion-ano-2017-384-pag-autor-jose-francisco-garcia\/","title":{"rendered":"La Tradici\u00f3n Constitucional de la P. Universidad Cat\u00f3lica de Chile- Vol. I, Or\u00edgenes, Evoluci\u00f3n- Consolidaci\u00f3n. A\u00f1o 2017\/ 384 P\u00e1g. Autor Jos\u00e9 Francisco Garc\u00eda"},"content":{"rendered":"<p>En medio del debate nacional sobre el cambio de la Constituci\u00f3n ha surgido con fuerza la noci\u00f3n de tradici\u00f3n constitucional chilena como par\u00e1metro de evaluaci\u00f3n del proceso, pero los conceptos ligados a esta tradici\u00f3n han sido poco estudiados desde el constitucionalismo nacional y su contenido es objeto de continua controversia. \u00bfCu\u00e1l es el contexto pol\u00ed\u00adtico-cultural que marca los or\u00ed\u00adgenes y forja los pilares fundamentales de una tradici\u00f3n constitucional espec\u00ed\u00adfica, determinando su rumbo y desarrollo posterior? \u00bfCu\u00e1les son las peculiaridades de esta tradici\u00f3n, sus valores, principios e instituciones? \u00bfQu\u00e9 define la estructura y le da coherencia interna, distingui\u00e9ndola de otras tradiciones rivales? \u00bfCu\u00e1les son, en fin, los mecanismos, instancias y formas a trav\u00e9s de los cuales se transmite y evoluciona una tradici\u00f3n constitucional? El destacado acad\u00e9mico constitucionalista Jos\u00e9 Francisco Garc\u00ed\u00ada busca examinar cr\u00ed\u00adticamente estas preguntas a la luz de la tradici\u00f3n del pensamiento constitucional construido desde la Facultad de Derecho de la Pontificia Universidad Cat\u00f3lica de Chile, que ha sido uno de los referentes m\u00e1s importantes en la tradici\u00f3n constitucional chilena lo largo del tiempo. En este volumen, el autor examina los aportes a dicha tradici\u00f3n constitucional en el periodo 1889-1967 donde distinguen las figuras de Abd\u00f3n Cifuentes, Jos\u00e9 Mar\u00ed\u00ada Cifuentes, Carlos Est\u00e9vez, y Alejandro Silva Bascu\u00f1\u00e1n.<\/p>\n","protected":false},"excerpt":{"rendered":"<p>En medio del debate nacional sobre el cambio de la Constituci\u00f3n ha surgido con fuerza la noci\u00f3n de tradici\u00f3n constitucional chilena como par\u00e1metro de evaluaci\u00f3n del proceso, pero los conceptos ligados a esta tradici\u00f3n han sido poco estudiados desde el constitucionalismo nacional y su contenido es objeto de continua controversia. \u00bfCu\u00e1l es el contexto pol\u00ed\u00adtico-cultural que marca los or\u00ed\u00adgenes y forja los pilares fundamentales de una tradici\u00f3n constitucional espec\u00ed\u00adfica, determinando su rumbo y desarrollo posterior? \u00bfCu\u00e1les son las peculiaridades de esta tradici\u00f3n, sus valores, principios e instituciones? \u00bfQu\u00e9 define la estructura y le da coherencia interna, distingui\u00e9ndola de otras tradiciones rivales? \u00bfCu\u00e1les son, en fin, los mecanismos, instancias y formas a trav\u00e9s de los cuales se transmite y evoluciona una tradici\u00f3n constitucional? El destacado acad\u00e9mico constitucionalista Jos\u00e9 Francisco Garc\u00ed\u00ada busca examinar cr\u00ed\u00adticamente estas preguntas a la luz de la tradici\u00f3n del pensamiento constitucional construido desde la Facultad de Derecho de la Pontificia Universidad Cat\u00f3lica de Chile, que ha sido uno de los referentes m\u00e1s importantes en la tradici\u00f3n constitucional chilena lo largo del tiempo. En este volumen, el autor examina los aportes a dicha tradici\u00f3n constitucional en el periodo 1889-1967 donde distinguen las figuras de Abd\u00f3n Cifuentes, Jos\u00e9 Mar\u00ed\u00ada Cifuentes, Carlos Est\u00e9vez, y Alejandro Silva Bascu\u00f1\u00e1n.<\/p>\n","protected":false},"featured_media":4109,"comment_status":"open","ping_status":"closed","template":"","meta":{"inline_featured_image":false,"_joinchat":[]},"product_brand":[],"product_cat":[33],"product_tag":[],"class_list":{"0":"post-4079","1":"product","2":"type-product","3":"status-publish","4":"has-post-thumbnail","6":"product_cat-constitucional","7":"product_shipping_class-a-convenir","9":"first","10":"instock","11":"shipping-taxable","12":"purchasable","13":"product-type-simple"},"_links":{"self":[{"href":"https:\/\/bibliotecajuridicavirtual.cl\/index.php\/wp-json\/wp\/v2\/product\/4079","targetHints":{"allow":["GET"]}}],"collection":[{"href":"https:\/\/bibliotecajuridicavirtual.cl\/index.php\/wp-json\/wp\/v2\/product"}],"about":[{"href":"https:\/\/bibliotecajuridicavirtual.cl\/index.php\/wp-json\/wp\/v2\/types\/product"}],"replies":[{"embeddable":true,"href":"https:\/\/bibliotecajuridicavirtual.cl\/index.php\/wp-json\/wp\/v2\/comments?post=4079"}],"wp:featuredmedia":[{"embeddable":true,"href":"https:\/\/bibliotecajuridicavirtual.cl\/index.php\/wp-json\/wp\/v2\/media\/4109"}],"wp:attachment":[{"href":"https:\/\/bibliotecajuridicavirtual.cl\/index.php\/wp-json\/wp\/v2\/media?parent=4079"}],"wp:term":[{"taxonomy":"product_brand","embeddable":true,"href":"https:\/\/bibliotecajuridicavirtual.cl\/index.php\/wp-json\/wp\/v2\/product_brand?post=4079"},{"taxonomy":"product_cat","embeddable":true,"href":"https:\/\/bibliotecajuridicavirtual.cl\/index.php\/wp-json\/wp\/v2\/product_cat?post=4079"},{"taxonomy":"product_tag","embeddable":true,"href":"https:\/\/bibliotecajuridicavirtual.cl\/index.php\/wp-json\/wp\/v2\/product_tag?post=4079"}],"curies":[{"name":"wp","href":"https:\/\/api.w.org\/{rel}","templated":true}]}}