{"id":4081,"date":"2026-02-28T01:22:55","date_gmt":"2026-02-28T04:22:55","guid":{"rendered":"https:\/\/bibliotecajuridicavirtual.cl\/?post_type=product&#038;p=4081"},"modified":"2026-02-28T01:23:08","modified_gmt":"2026-02-28T04:23:08","slug":"la-responsabilidad-por-dano-ambiental-ano-2017-476-pag-autor-jorge-femenias","status":"publish","type":"product","link":"https:\/\/bibliotecajuridicavirtual.cl\/index.php\/product\/la-responsabilidad-por-dano-ambiental-ano-2017-476-pag-autor-jorge-femenias\/","title":{"rendered":"La Responsabilidad por Da\u00f1o Ambiental. A\u00f1o 2017 \/ 476 P\u00e1g. Autor Jorge Femen\u00edas"},"content":{"rendered":"<p>Este libro analiza la naturaleza jur\u00ed\u00addica, los l\u00ed\u00admites y la extensi\u00f3n del r\u00e9gimen de responsabilidad por da\u00f1o ambiental consagrado en la Ley N\u00ba 19.300 sobre Bases Generales del Medio Ambiente (LBGMA), a la luz del examen de los principios que informan el derecho ambiental. Esta obra es sin duda una referencia obligada para los ministros de los tribunales superiores de justicia, de los tribunales ambientales y para los abogados que litigan ante esas magistraturas, as\u00ed\u00ad como, para todos los estudiosos del derecho ambiental, disciplina que se torna cada d\u00ed\u00ada m\u00e1s cr\u00ed\u00adtica y que no contaba hasta ahora con un trabajo de estas caracter\u00ed\u00adsticas.<\/p>\n","protected":false},"excerpt":{"rendered":"<p>Este libro analiza la naturaleza jur\u00ed\u00addica, los l\u00ed\u00admites y la extensi\u00f3n del r\u00e9gimen de responsabilidad por da\u00f1o ambiental consagrado en la Ley N\u00ba 19.300 sobre Bases Generales del Medio Ambiente (LBGMA), a la luz del examen de los principios que informan el derecho ambiental. Esta obra es sin duda una referencia obligada para los ministros de los tribunales superiores de justicia, de los tribunales ambientales y para los abogados que litigan ante esas magistraturas, as\u00ed\u00ad como, para todos los estudiosos del derecho ambiental, disciplina que se torna cada d\u00ed\u00ada m\u00e1s cr\u00ed\u00adtica y que no contaba hasta ahora con un trabajo de estas caracter\u00ed\u00adsticas.<\/p>\n","protected":false},"featured_media":4111,"comment_status":"open","ping_status":"closed","template":"","meta":{"inline_featured_image":false,"_joinchat":[]},"product_brand":[],"product_cat":[31],"product_tag":[],"class_list":{"0":"post-4081","1":"product","2":"type-product","3":"status-publish","4":"has-post-thumbnail","6":"product_cat-derecho-ambiental","7":"product_shipping_class-a-convenir","9":"first","10":"instock","11":"shipping-taxable","12":"purchasable","13":"product-type-simple"},"_links":{"self":[{"href":"https:\/\/bibliotecajuridicavirtual.cl\/index.php\/wp-json\/wp\/v2\/product\/4081","targetHints":{"allow":["GET"]}}],"collection":[{"href":"https:\/\/bibliotecajuridicavirtual.cl\/index.php\/wp-json\/wp\/v2\/product"}],"about":[{"href":"https:\/\/bibliotecajuridicavirtual.cl\/index.php\/wp-json\/wp\/v2\/types\/product"}],"replies":[{"embeddable":true,"href":"https:\/\/bibliotecajuridicavirtual.cl\/index.php\/wp-json\/wp\/v2\/comments?post=4081"}],"wp:featuredmedia":[{"embeddable":true,"href":"https:\/\/bibliotecajuridicavirtual.cl\/index.php\/wp-json\/wp\/v2\/media\/4111"}],"wp:attachment":[{"href":"https:\/\/bibliotecajuridicavirtual.cl\/index.php\/wp-json\/wp\/v2\/media?parent=4081"}],"wp:term":[{"taxonomy":"product_brand","embeddable":true,"href":"https:\/\/bibliotecajuridicavirtual.cl\/index.php\/wp-json\/wp\/v2\/product_brand?post=4081"},{"taxonomy":"product_cat","embeddable":true,"href":"https:\/\/bibliotecajuridicavirtual.cl\/index.php\/wp-json\/wp\/v2\/product_cat?post=4081"},{"taxonomy":"product_tag","embeddable":true,"href":"https:\/\/bibliotecajuridicavirtual.cl\/index.php\/wp-json\/wp\/v2\/product_tag?post=4081"}],"curies":[{"name":"wp","href":"https:\/\/api.w.org\/{rel}","templated":true}]}}