{"id":4082,"date":"2026-02-28T01:22:55","date_gmt":"2026-02-28T04:22:55","guid":{"rendered":"https:\/\/bibliotecajuridicavirtual.cl\/?post_type=product&#038;p=4082"},"modified":"2026-02-28T01:23:09","modified_gmt":"2026-02-28T04:23:09","slug":"estudios-de-derecho-penal-economico-chileno-2019-1era-edicion-septiembre-2021-298-pag-autor-jaime-naquira-r-y-veronica-rosenblut-g","status":"publish","type":"product","link":"https:\/\/bibliotecajuridicavirtual.cl\/index.php\/product\/estudios-de-derecho-penal-economico-chileno-2019-1era-edicion-septiembre-2021-298-pag-autor-jaime-naquira-r-y-veronica-rosenblut-g\/","title":{"rendered":"Estudios de Derecho Penal Econ\u00f3mico chileno 2019- 1era Edici\u00f3n Septiembre 2021 \/ 298 P\u00e1g. Autor Jaime Naquira R. y Ver\u00f3nica Rosenblut G."},"content":{"rendered":"<p>Esta obra contin\u00faa aportando al desarrollo del estudio del Derecho Penal Econ\u00f3mico al colocar a disposici\u00f3n de la comunidad jur\u00eddica una serie de trabajos en los que se analizan tanto aspectos vinculados a problemas de la parte general del Derecho Penal presentes en este \u00e1mbito delictivo, como las particularidades que presentan ciertas figuras penales de antigua y reciente data en nuestro derecho, agreg\u00e1ndose, adem\u00e1s, trabajos en los que se abordan aspectos procedimentales y constitucionales que resultan en extremo relevantes en el contexto de su persecuci\u00f3n penal.<\/p>\n<p>Abordando aspectos de la parte general del Derecho Penal, los autores efect\u00faan importantes reflexiones en relaci\u00f3n con los t\u00edtulos y modelos de imputaci\u00f3n de responsabilidad penal aplicables a las personas jur\u00eddicas en el actual sistema imperante en nuestro pa\u00eds, as\u00ed como un aporte relevante al desarrollo de la victimo dogm\u00e1tica del Derecho Penal Econ\u00f3mico a prop\u00f3sito del estudio de los delitos de insolvencia.<\/p>\n<p>En los trabajos que se refieren a aspectos de la parte especial, los autores analizan la vinculaci\u00f3n de la criminalidad econ\u00f3mica con las garant\u00edas constitucionales, los desaf\u00edos que presenta el car\u00e1cter transnacional de esta forma de criminalidad en el proceso de recuperaci\u00f3n de activos y reflexionan acerca de cu\u00e1les ser\u00edan los fundamentos dogm\u00e1ticos que debieran permitir una correcta delimitaci\u00f3n de los principales tipos penales de estafa presentes en nuestro derecho, as\u00ed como la correcta comprensi\u00f3n y aplicaci\u00f3n de la novedosa figura de negociaci\u00f3n incompatible entre particulares<\/p>\n","protected":false},"excerpt":{"rendered":"<p>Esta obra contin\u00faa aportando al desarrollo del estudio del Derecho Penal Econ\u00f3mico al colocar a disposici\u00f3n de la comunidad jur\u00eddica una serie de trabajos en los que se analizan tanto aspectos vinculados a problemas de la parte general del Derecho Penal presentes en este \u00e1mbito delictivo, como las particularidades que presentan ciertas figuras penales de antigua y reciente data en nuestro derecho, agreg\u00e1ndose, adem\u00e1s, trabajos en los que se abordan aspectos procedimentales y constitucionales que resultan en extremo relevantes en el contexto de su persecuci\u00f3n penal. Abordando aspectos de la parte general del Derecho Penal, los autores efect\u00faan importantes reflexiones en relaci\u00f3n con los t\u00edtulos y modelos de imputaci\u00f3n de responsabilidad penal aplicables a las personas jur\u00eddicas en el actual sistema imperante en nuestro pa\u00eds, as\u00ed como un aporte relevante al desarrollo de la victimo dogm\u00e1tica del Derecho Penal Econ\u00f3mico a prop\u00f3sito del estudio de los delitos de insolvencia. En los trabajos que se refieren a aspectos de la parte especial, los autores analizan la vinculaci\u00f3n de la criminalidad econ\u00f3mica con las garant\u00edas constitucionales, los desaf\u00edos que presenta el car\u00e1cter transnacional de esta forma de criminalidad en el proceso de recuperaci\u00f3n de activos y reflexionan acerca de cu\u00e1les ser\u00edan los fundamentos dogm\u00e1ticos que debieran permitir una correcta delimitaci\u00f3n de los principales tipos penales de estafa presentes en nuestro derecho, as\u00ed como la correcta comprensi\u00f3n y aplicaci\u00f3n de la novedosa figura de negociaci\u00f3n incompatible entre particulares<\/p>\n","protected":false},"featured_media":4112,"comment_status":"open","ping_status":"closed","template":"","meta":{"inline_featured_image":false,"_joinchat":[]},"product_brand":[],"product_cat":[30],"product_tag":[],"class_list":{"0":"post-4082","1":"product","2":"type-product","3":"status-publish","4":"has-post-thumbnail","6":"product_cat-penal","7":"product_shipping_class-a-convenir","9":"first","10":"instock","11":"shipping-taxable","12":"purchasable","13":"product-type-simple"},"_links":{"self":[{"href":"https:\/\/bibliotecajuridicavirtual.cl\/index.php\/wp-json\/wp\/v2\/product\/4082","targetHints":{"allow":["GET"]}}],"collection":[{"href":"https:\/\/bibliotecajuridicavirtual.cl\/index.php\/wp-json\/wp\/v2\/product"}],"about":[{"href":"https:\/\/bibliotecajuridicavirtual.cl\/index.php\/wp-json\/wp\/v2\/types\/product"}],"replies":[{"embeddable":true,"href":"https:\/\/bibliotecajuridicavirtual.cl\/index.php\/wp-json\/wp\/v2\/comments?post=4082"}],"wp:featuredmedia":[{"embeddable":true,"href":"https:\/\/bibliotecajuridicavirtual.cl\/index.php\/wp-json\/wp\/v2\/media\/4112"}],"wp:attachment":[{"href":"https:\/\/bibliotecajuridicavirtual.cl\/index.php\/wp-json\/wp\/v2\/media?parent=4082"}],"wp:term":[{"taxonomy":"product_brand","embeddable":true,"href":"https:\/\/bibliotecajuridicavirtual.cl\/index.php\/wp-json\/wp\/v2\/product_brand?post=4082"},{"taxonomy":"product_cat","embeddable":true,"href":"https:\/\/bibliotecajuridicavirtual.cl\/index.php\/wp-json\/wp\/v2\/product_cat?post=4082"},{"taxonomy":"product_tag","embeddable":true,"href":"https:\/\/bibliotecajuridicavirtual.cl\/index.php\/wp-json\/wp\/v2\/product_tag?post=4082"}],"curies":[{"name":"wp","href":"https:\/\/api.w.org\/{rel}","templated":true}]}}