{"id":4083,"date":"2026-02-28T01:22:55","date_gmt":"2026-02-28T04:22:55","guid":{"rendered":"https:\/\/bibliotecajuridicavirtual.cl\/?post_type=product&#038;p=4083"},"modified":"2026-02-28T01:23:10","modified_gmt":"2026-02-28T04:23:10","slug":"instituciones-sin-fines-de-lucro-corporaciones-fundaciones-y-asociaciones-gremiales-ano-2021-154-pag-autor-luis-felipe-hubner","status":"publish","type":"product","link":"https:\/\/bibliotecajuridicavirtual.cl\/index.php\/product\/instituciones-sin-fines-de-lucro-corporaciones-fundaciones-y-asociaciones-gremiales-ano-2021-154-pag-autor-luis-felipe-hubner\/","title":{"rendered":"INSTITUCIONES SIN FINES DE LUCRO. Corporaciones, fundaciones y asociaciones gremiales. A\u00f1o 2021\/ 154 P\u00e1g. Autor   Luis Felipe H\u00fbbner"},"content":{"rendered":"<p>&#8220;Las instituciones sin fines de lucro en Chile y el mundo son cada d\u00eda m\u00e1s importantes y numerosas, representando una parte muy relevante de la econom\u00eda, siendo un gran aporte para el desarrollo de m\u00faltiples proyectos de diferente naturaleza y constituyendo una expresi\u00f3n muy concreta del derecho de asociaci\u00f3n que la Constituci\u00f3n asegura a todas las personas. El objetivo de este libro es analizar las principales instituciones sin fines de lucro \u2013corporaciones, fundaciones y asociaciones gremiales\u2013 desde diferentes puntos de vista, partiendo por los temas de derecho civil y recorriendo los diferentes aspectos vinculados a su existencia: c\u00f3mo se crean y adquieren personalidad jur\u00eddica, cu\u00e1les son sus caracter\u00edsticas distintivas, cu\u00e1l es su objeto, c\u00f3mo se estructuran sus gobiernos corporativos, de qu\u00e9 forma se fiscalizan y, finalmente, c\u00f3mo se extinguen, estudiando tambi\u00e9n importantes temas asociados tales como cuestiones de libre competencia y la regulaci\u00f3n tributaria que les es aplicable. El prop\u00f3sito de esta publicaci\u00f3n es permitir a abogados, profesores y ejecutivos de corporaciones, fundaciones y asociaciones gremiales tener apoyo pr\u00e1ctico en un \u00e1rea poco explotada en la literatura jur\u00eddica, con \u00e9nfasis en temas concretos m\u00e1s que en disquisiciones puramente doctrinarias.&#8221;<\/p>\n<p><strong>La idea de este texto es que sirva como un manual que permita referirnos a los temas fundamentales de las instituciones sin fines de lucro, denominadas corporaciones (o \u201casociaciones\u201d) y fundaciones, incluyendo tambi\u00e9n algunos aspectos de las asociaciones gremiales.<\/strong><\/p>\n","protected":false},"excerpt":{"rendered":"<p>&#8220;Las instituciones sin fines de lucro en Chile y el mundo son cada d\u00eda m\u00e1s importantes y numerosas, representando una parte muy relevante de la econom\u00eda, siendo un gran aporte para el desarrollo de m\u00faltiples proyectos de diferente naturaleza y constituyendo una expresi\u00f3n muy concreta del derecho de asociaci\u00f3n que la Constituci\u00f3n asegura a todas las personas. El objetivo de este libro es analizar las principales instituciones sin fines de lucro \u2013corporaciones, fundaciones y asociaciones gremiales\u2013 desde diferentes puntos de vista, partiendo por los temas de derecho civil y recorriendo los diferentes aspectos vinculados a su existencia: c\u00f3mo se crean y adquieren personalidad jur\u00eddica, cu\u00e1les son sus caracter\u00edsticas distintivas, cu\u00e1l es su objeto, c\u00f3mo se estructuran sus gobiernos corporativos, de qu\u00e9 forma se fiscalizan y, finalmente, c\u00f3mo se extinguen, estudiando tambi\u00e9n importantes temas asociados tales como cuestiones de libre competencia y la regulaci\u00f3n tributaria que les es aplicable. El prop\u00f3sito de esta publicaci\u00f3n es permitir a abogados, profesores y ejecutivos de corporaciones, fundaciones y asociaciones gremiales tener apoyo pr\u00e1ctico en un \u00e1rea poco explotada en la literatura jur\u00eddica, con \u00e9nfasis en temas concretos m\u00e1s que en disquisiciones puramente doctrinarias.&#8221; La idea de este texto es que sirva como un manual que permita referirnos a los temas fundamentales de las instituciones sin fines de lucro, denominadas corporaciones (o \u201casociaciones\u201d) y fundaciones, incluyendo tambi\u00e9n algunos aspectos de las asociaciones gremiales.<\/p>\n","protected":false},"featured_media":4113,"comment_status":"open","ping_status":"closed","template":"","meta":{"inline_featured_image":false,"_joinchat":[]},"product_brand":[],"product_cat":[27],"product_tag":[],"class_list":{"0":"post-4083","1":"product","2":"type-product","3":"status-publish","4":"has-post-thumbnail","6":"product_cat-civil","7":"product_shipping_class-a-convenir","9":"first","10":"instock","11":"shipping-taxable","12":"purchasable","13":"product-type-simple"},"_links":{"self":[{"href":"https:\/\/bibliotecajuridicavirtual.cl\/index.php\/wp-json\/wp\/v2\/product\/4083","targetHints":{"allow":["GET"]}}],"collection":[{"href":"https:\/\/bibliotecajuridicavirtual.cl\/index.php\/wp-json\/wp\/v2\/product"}],"about":[{"href":"https:\/\/bibliotecajuridicavirtual.cl\/index.php\/wp-json\/wp\/v2\/types\/product"}],"replies":[{"embeddable":true,"href":"https:\/\/bibliotecajuridicavirtual.cl\/index.php\/wp-json\/wp\/v2\/comments?post=4083"}],"wp:featuredmedia":[{"embeddable":true,"href":"https:\/\/bibliotecajuridicavirtual.cl\/index.php\/wp-json\/wp\/v2\/media\/4113"}],"wp:attachment":[{"href":"https:\/\/bibliotecajuridicavirtual.cl\/index.php\/wp-json\/wp\/v2\/media?parent=4083"}],"wp:term":[{"taxonomy":"product_brand","embeddable":true,"href":"https:\/\/bibliotecajuridicavirtual.cl\/index.php\/wp-json\/wp\/v2\/product_brand?post=4083"},{"taxonomy":"product_cat","embeddable":true,"href":"https:\/\/bibliotecajuridicavirtual.cl\/index.php\/wp-json\/wp\/v2\/product_cat?post=4083"},{"taxonomy":"product_tag","embeddable":true,"href":"https:\/\/bibliotecajuridicavirtual.cl\/index.php\/wp-json\/wp\/v2\/product_tag?post=4083"}],"curies":[{"name":"wp","href":"https:\/\/api.w.org\/{rel}","templated":true}]}}