{"id":4085,"date":"2026-02-28T01:22:55","date_gmt":"2026-02-28T04:22:55","guid":{"rendered":"https:\/\/bibliotecajuridicavirtual.cl\/?post_type=product&#038;p=4085"},"modified":"2026-02-28T01:23:11","modified_gmt":"2026-02-28T04:23:11","slug":"derecho-penal-parte-general-tomo-i-undecima-edicion-revisada-actualizada-y-con-notas-de-claudio-feller-y-maria-elena-santibanez-ano-2020-756-pag-autor-enrique-cury","status":"publish","type":"product","link":"https:\/\/bibliotecajuridicavirtual.cl\/index.php\/product\/derecho-penal-parte-general-tomo-i-undecima-edicion-revisada-actualizada-y-con-notas-de-claudio-feller-y-maria-elena-santibanez-ano-2020-756-pag-autor-enrique-cury\/","title":{"rendered":"DERECHO PENAL. Parte General. Tomo I. Und\u00e9cima edici\u00f3n revisada, actualizada y con notas de Claudio Feller y Mar\u00eda Elena Santib\u00e1\u00f1ez. A\u00f1o 2020\/ 756 P\u00e1g. Autor   Enrique Cury"},"content":{"rendered":"<p>Este primer tomo de la und\u00e9cima edici\u00f3n de la obra cumbre del profesor Enrique Cury Urz\u00faa incluye los cap\u00edtulos destinados al estudio de las cuestiones introductorias de la Parte General del Derecho penal, la teor\u00eda de la ley penal y, dentro de la teor\u00eda del delito, aquellos que tratan de la acci\u00f3n, tipicidad, antijuridicidad y culpabilidad, todos revisados, actualizados y preservados en medios digitales por el autor. La revisi\u00f3n y adecuaci\u00f3n del texto a las reformas introducidas en la legislaci\u00f3n chilena desde noviembre de 2012 a octubre de 2019 son obra de dos de sus m\u00e1s cercanos disc\u00edpulos, Claudio Feller y Mar\u00eda Elena Santib\u00e1\u00f1ez, quienes lo complementan con algunas notas del editor. Este tomo incorpora el an\u00e1lisis del estado de necesidad, tanto justificante como exculpante, a partir del texto del art\u00edculo 10, N\u00ba 11 del C\u00f3digo penal chileno, agregado por la Ley 20.480, publicada el 18 de diciembre de 2010. Tambi\u00e9n contiene la posici\u00f3n adoptada por el profesor Cury, en la etapa final de su vida, en algunos aspectos de la teor\u00eda del delito.<\/p>\n<p>Alumnos, acad\u00e9micos y aplicadores del Derecho penal encontrar\u00e1n en esta edici\u00f3n un apoyo s\u00f3lido para el desempe\u00f1o de sus respectivas actividades pues es el fruto de m\u00e1s de cuatro d\u00e9cadas de trabajo acad\u00e9mico, de la m\u00e1s alta excelencia, realizado por el profesor Cury, enriquecido por la perspectiva orientada a la soluci\u00f3n de casos que le dio la funci\u00f3n de Ministro de la Corte Suprema que desempe\u00f1\u00f3 durante ocho a\u00f1os.<\/p>\n<p><em><strong>Ya son siete a\u00f1os desde el fallecimiento de nuestro querido maestro, don Enrique Cury Urz\u00faa, y ocho desde la publicaci\u00f3n de la d\u00e9cima edici\u00f3n de su Derecho Penal, Parte General, aparece esta nueva edici\u00f3n, de la que alcanz\u00f3 a revisar y actualizar directamente.<\/strong><\/em><\/p>\n<p><em><strong>Tenemos la certeza de que ser\u00e1 una contribuci\u00f3n significativa a la teor\u00eda y pr\u00e1ctica del Derecho penal.<\/strong><\/em><\/p>\n","protected":false},"excerpt":{"rendered":"<p>Este primer tomo de la und\u00e9cima edici\u00f3n de la obra cumbre del profesor Enrique Cury Urz\u00faa incluye los cap\u00edtulos destinados al estudio de las cuestiones introductorias de la Parte General del Derecho penal, la teor\u00eda de la ley penal y, dentro de la teor\u00eda del delito, aquellos que tratan de la acci\u00f3n, tipicidad, antijuridicidad y culpabilidad, todos revisados, actualizados y preservados en medios digitales por el autor. La revisi\u00f3n y adecuaci\u00f3n del texto a las reformas introducidas en la legislaci\u00f3n chilena desde noviembre de 2012 a octubre de 2019 son obra de dos de sus m\u00e1s cercanos disc\u00edpulos, Claudio Feller y Mar\u00eda Elena Santib\u00e1\u00f1ez, quienes lo complementan con algunas notas del editor. Este tomo incorpora el an\u00e1lisis del estado de necesidad, tanto justificante como exculpante, a partir del texto del art\u00edculo 10, N\u00ba 11 del C\u00f3digo penal chileno, agregado por la Ley 20.480, publicada el 18 de diciembre de 2010. Tambi\u00e9n contiene la posici\u00f3n adoptada por el profesor Cury, en la etapa final de su vida, en algunos aspectos de la teor\u00eda del delito. Alumnos, acad\u00e9micos y aplicadores del Derecho penal encontrar\u00e1n en esta edici\u00f3n un apoyo s\u00f3lido para el desempe\u00f1o de sus respectivas actividades pues es el fruto de m\u00e1s de cuatro d\u00e9cadas de trabajo acad\u00e9mico, de la m\u00e1s alta excelencia, realizado por el profesor Cury, enriquecido por la perspectiva orientada a la soluci\u00f3n de casos que le dio la funci\u00f3n de Ministro de la Corte Suprema que desempe\u00f1\u00f3 durante ocho a\u00f1os. Ya son siete a\u00f1os desde el fallecimiento de nuestro querido maestro, don Enrique Cury Urz\u00faa, y ocho desde la publicaci\u00f3n de la d\u00e9cima edici\u00f3n de su Derecho Penal, Parte General, aparece esta nueva edici\u00f3n, de la que alcanz\u00f3 a revisar y actualizar directamente. Tenemos la certeza de que ser\u00e1 una contribuci\u00f3n significativa a la teor\u00eda y pr\u00e1ctica del Derecho penal.<\/p>\n","protected":false},"featured_media":4115,"comment_status":"open","ping_status":"closed","template":"","meta":{"inline_featured_image":false,"_joinchat":[]},"product_brand":[],"product_cat":[30],"product_tag":[],"class_list":{"0":"post-4085","1":"product","2":"type-product","3":"status-publish","4":"has-post-thumbnail","6":"product_cat-penal","7":"product_shipping_class-a-convenir","9":"first","10":"instock","11":"shipping-taxable","12":"purchasable","13":"product-type-simple"},"_links":{"self":[{"href":"https:\/\/bibliotecajuridicavirtual.cl\/index.php\/wp-json\/wp\/v2\/product\/4085","targetHints":{"allow":["GET"]}}],"collection":[{"href":"https:\/\/bibliotecajuridicavirtual.cl\/index.php\/wp-json\/wp\/v2\/product"}],"about":[{"href":"https:\/\/bibliotecajuridicavirtual.cl\/index.php\/wp-json\/wp\/v2\/types\/product"}],"replies":[{"embeddable":true,"href":"https:\/\/bibliotecajuridicavirtual.cl\/index.php\/wp-json\/wp\/v2\/comments?post=4085"}],"wp:featuredmedia":[{"embeddable":true,"href":"https:\/\/bibliotecajuridicavirtual.cl\/index.php\/wp-json\/wp\/v2\/media\/4115"}],"wp:attachment":[{"href":"https:\/\/bibliotecajuridicavirtual.cl\/index.php\/wp-json\/wp\/v2\/media?parent=4085"}],"wp:term":[{"taxonomy":"product_brand","embeddable":true,"href":"https:\/\/bibliotecajuridicavirtual.cl\/index.php\/wp-json\/wp\/v2\/product_brand?post=4085"},{"taxonomy":"product_cat","embeddable":true,"href":"https:\/\/bibliotecajuridicavirtual.cl\/index.php\/wp-json\/wp\/v2\/product_cat?post=4085"},{"taxonomy":"product_tag","embeddable":true,"href":"https:\/\/bibliotecajuridicavirtual.cl\/index.php\/wp-json\/wp\/v2\/product_tag?post=4085"}],"curies":[{"name":"wp","href":"https:\/\/api.w.org\/{rel}","templated":true}]}}