{"id":4088,"date":"2026-02-28T01:22:55","date_gmt":"2026-02-28T04:22:55","guid":{"rendered":"https:\/\/bibliotecajuridicavirtual.cl\/?post_type=product&#038;p=4088"},"modified":"2026-02-28T01:23:13","modified_gmt":"2026-02-28T04:23:13","slug":"estudios-de-derecho-comercial-sextas-jornadas-chilenas-de-derecho-comercial-ano-2017-596-pag-autor-jaime-alcalde-juan-l-goldenberg-matias-zegers-y-roberto-rios","status":"publish","type":"product","link":"https:\/\/bibliotecajuridicavirtual.cl\/index.php\/product\/estudios-de-derecho-comercial-sextas-jornadas-chilenas-de-derecho-comercial-ano-2017-596-pag-autor-jaime-alcalde-juan-l-goldenberg-matias-zegers-y-roberto-rios\/","title":{"rendered":"Estudios de Derecho Comercial. Sextas jornadas chilenas de Derecho Comercial. A\u00f1o 2017\/ 596 P\u00e1g. Autor Jaime Alcalde, Juan L. Goldenberg, Mat\u00edas Zegers y Roberto R\u00edos"},"content":{"rendered":"<p>Este volumen publica los trabajos presentados en las Sextas jornadas de Derecho Comercial organizadas por la Facultad de Derecho de la Pontificia Universidad Cat\u00f3lica de Chile y cuyo tema central fue el sesquicentenario de la promulgaci\u00f3n del C\u00f3digo de Comercio en nuestro pa\u00ed\u00ads. Los art\u00ed\u00adculos se presentan reunidos en seis cap\u00ed\u00adtulos que abordan temas como los actos de comercio, sociedades, mercado de valores, gobierno corporativo, contrataci\u00f3n mercantil o seguros, y sin duda su lectura ser\u00e1 un referente obligado para estudiantes, profesionales ligados al derecho comercial, ejecutivos y p\u00fablico general interesado en temas de sociedades y empresas.<\/p>\n","protected":false},"excerpt":{"rendered":"<p>Este volumen publica los trabajos presentados en las Sextas jornadas de Derecho Comercial organizadas por la Facultad de Derecho de la Pontificia Universidad Cat\u00f3lica de Chile y cuyo tema central fue el sesquicentenario de la promulgaci\u00f3n del C\u00f3digo de Comercio en nuestro pa\u00ed\u00ads. Los art\u00ed\u00adculos se presentan reunidos en seis cap\u00ed\u00adtulos que abordan temas como los actos de comercio, sociedades, mercado de valores, gobierno corporativo, contrataci\u00f3n mercantil o seguros, y sin duda su lectura ser\u00e1 un referente obligado para estudiantes, profesionales ligados al derecho comercial, ejecutivos y p\u00fablico general interesado en temas de sociedades y empresas.<\/p>\n","protected":false},"featured_media":4118,"comment_status":"open","ping_status":"closed","template":"","meta":{"inline_featured_image":false,"_joinchat":[]},"product_brand":[],"product_cat":[48],"product_tag":[],"class_list":{"0":"post-4088","1":"product","2":"type-product","3":"status-publish","4":"has-post-thumbnail","6":"product_cat-comercial","7":"product_shipping_class-a-convenir","9":"first","10":"instock","11":"shipping-taxable","12":"purchasable","13":"product-type-simple"},"_links":{"self":[{"href":"https:\/\/bibliotecajuridicavirtual.cl\/index.php\/wp-json\/wp\/v2\/product\/4088","targetHints":{"allow":["GET"]}}],"collection":[{"href":"https:\/\/bibliotecajuridicavirtual.cl\/index.php\/wp-json\/wp\/v2\/product"}],"about":[{"href":"https:\/\/bibliotecajuridicavirtual.cl\/index.php\/wp-json\/wp\/v2\/types\/product"}],"replies":[{"embeddable":true,"href":"https:\/\/bibliotecajuridicavirtual.cl\/index.php\/wp-json\/wp\/v2\/comments?post=4088"}],"wp:featuredmedia":[{"embeddable":true,"href":"https:\/\/bibliotecajuridicavirtual.cl\/index.php\/wp-json\/wp\/v2\/media\/4118"}],"wp:attachment":[{"href":"https:\/\/bibliotecajuridicavirtual.cl\/index.php\/wp-json\/wp\/v2\/media?parent=4088"}],"wp:term":[{"taxonomy":"product_brand","embeddable":true,"href":"https:\/\/bibliotecajuridicavirtual.cl\/index.php\/wp-json\/wp\/v2\/product_brand?post=4088"},{"taxonomy":"product_cat","embeddable":true,"href":"https:\/\/bibliotecajuridicavirtual.cl\/index.php\/wp-json\/wp\/v2\/product_cat?post=4088"},{"taxonomy":"product_tag","embeddable":true,"href":"https:\/\/bibliotecajuridicavirtual.cl\/index.php\/wp-json\/wp\/v2\/product_tag?post=4088"}],"curies":[{"name":"wp","href":"https:\/\/api.w.org\/{rel}","templated":true}]}}