{"id":4091,"date":"2026-02-28T01:22:56","date_gmt":"2026-02-28T04:22:56","guid":{"rendered":"https:\/\/bibliotecajuridicavirtual.cl\/?post_type=product&#038;p=4091"},"modified":"2026-02-28T01:23:15","modified_gmt":"2026-02-28T04:23:15","slug":"el-recurso-de-queja-ano-2019-214-pag-autor-jose-alberto-allende-perez-de-arce","status":"publish","type":"product","link":"https:\/\/bibliotecajuridicavirtual.cl\/index.php\/product\/el-recurso-de-queja-ano-2019-214-pag-autor-jose-alberto-allende-perez-de-arce\/","title":{"rendered":"El Recurso de Queja. A\u00f1o 2019\/ 214 P\u00e1g. Autor Jos\u00e9 Alberto Allende P\u00e9rez de Arce"},"content":{"rendered":"<p>Esta obra aborda uno de los recursos menos estudiados de nuestro ordenamiento jur\u00eddico, constituy\u00e9ndose como una herramienta de gran utilidad para los jueces y abogados que cada vez con mayor frecuencia se enfrentan a este medio de impugnaci\u00f3n.<\/p>\n<p>El libro comienza con una exposici\u00f3n general sobre el recurso de queja, abordando sus or\u00edgenes, marco normativo y principales caracter\u00edsticas. Luego, el autor ofrece un detallado an\u00e1lisis de las tendencias actuales del recurso, para finalmente centrase en dilucidar qu\u00e9 es lo que constituye una falta o abuso grave en los t\u00e9rminos establecidos en el C\u00f3digo Org\u00e1nico de Tribunales y, por lo tanto, cu\u00e1ndo es procedente la interposici\u00f3n y acogimiento de este medio de impugnaci\u00f3n. Todo ello, a partir de un pormenorizado estudio de la jurisprudencia reciente de la Corte Suprema.<\/p>\n","protected":false},"excerpt":{"rendered":"<p>Esta obra aborda uno de los recursos menos estudiados de nuestro ordenamiento jur\u00eddico, constituy\u00e9ndose como una herramienta de gran utilidad para los jueces y abogados que cada vez con mayor frecuencia se enfrentan a este medio de impugnaci\u00f3n. El libro comienza con una exposici\u00f3n general sobre el recurso de queja, abordando sus or\u00edgenes, marco normativo y principales caracter\u00edsticas. Luego, el autor ofrece un detallado an\u00e1lisis de las tendencias actuales del recurso, para finalmente centrase en dilucidar qu\u00e9 es lo que constituye una falta o abuso grave en los t\u00e9rminos establecidos en el C\u00f3digo Org\u00e1nico de Tribunales y, por lo tanto, cu\u00e1ndo es procedente la interposici\u00f3n y acogimiento de este medio de impugnaci\u00f3n. Todo ello, a partir de un pormenorizado estudio de la jurisprudencia reciente de la Corte Suprema.<\/p>\n","protected":false},"featured_media":4121,"comment_status":"open","ping_status":"closed","template":"","meta":{"inline_featured_image":false,"_joinchat":[]},"product_brand":[],"product_cat":[39],"product_tag":[],"class_list":{"0":"post-4091","1":"product","2":"type-product","3":"status-publish","4":"has-post-thumbnail","6":"product_cat-procesal-civil","7":"product_shipping_class-a-convenir","9":"first","10":"instock","11":"shipping-taxable","12":"purchasable","13":"product-type-simple"},"_links":{"self":[{"href":"https:\/\/bibliotecajuridicavirtual.cl\/index.php\/wp-json\/wp\/v2\/product\/4091","targetHints":{"allow":["GET"]}}],"collection":[{"href":"https:\/\/bibliotecajuridicavirtual.cl\/index.php\/wp-json\/wp\/v2\/product"}],"about":[{"href":"https:\/\/bibliotecajuridicavirtual.cl\/index.php\/wp-json\/wp\/v2\/types\/product"}],"replies":[{"embeddable":true,"href":"https:\/\/bibliotecajuridicavirtual.cl\/index.php\/wp-json\/wp\/v2\/comments?post=4091"}],"wp:featuredmedia":[{"embeddable":true,"href":"https:\/\/bibliotecajuridicavirtual.cl\/index.php\/wp-json\/wp\/v2\/media\/4121"}],"wp:attachment":[{"href":"https:\/\/bibliotecajuridicavirtual.cl\/index.php\/wp-json\/wp\/v2\/media?parent=4091"}],"wp:term":[{"taxonomy":"product_brand","embeddable":true,"href":"https:\/\/bibliotecajuridicavirtual.cl\/index.php\/wp-json\/wp\/v2\/product_brand?post=4091"},{"taxonomy":"product_cat","embeddable":true,"href":"https:\/\/bibliotecajuridicavirtual.cl\/index.php\/wp-json\/wp\/v2\/product_cat?post=4091"},{"taxonomy":"product_tag","embeddable":true,"href":"https:\/\/bibliotecajuridicavirtual.cl\/index.php\/wp-json\/wp\/v2\/product_tag?post=4091"}],"curies":[{"name":"wp","href":"https:\/\/api.w.org\/{rel}","templated":true}]}}