{"id":4092,"date":"2026-02-28T01:22:56","date_gmt":"2026-02-28T04:22:56","guid":{"rendered":"https:\/\/bibliotecajuridicavirtual.cl\/?post_type=product&#038;p=4092"},"modified":"2026-02-28T01:23:16","modified_gmt":"2026-02-28T04:23:16","slug":"xliv-jornadas-chilenas-de-derecho-publico-facultad-de-derecho-pontificia-universidad-catolica-de-chile-ano-2019-624-pag-autor-arturo-fermandois","status":"publish","type":"product","link":"https:\/\/bibliotecajuridicavirtual.cl\/index.php\/product\/xliv-jornadas-chilenas-de-derecho-publico-facultad-de-derecho-pontificia-universidad-catolica-de-chile-ano-2019-624-pag-autor-arturo-fermandois\/","title":{"rendered":"XLIV Jornadas Chilenas De Derecho P\u00fablico. Facultad de Derecho Pontificia Universidad Cat\u00f3lica de Chile. A\u00f1o 2019\/ 624 P\u00e1g. Autor Arturo Fermandois"},"content":{"rendered":"<p>El 6 y 7 de octubre de 2014 tuvieron lugar en Santiago, en las aulas de la Facultad de Derecho de la Pontificia Universidad Cat\u00f3lica de Chile, las XLIV Jornadas Chilenas de Derecho P\u00fablico. Especialistas del derecho pol\u00edtico, constitucional, administrativo e internacional p\u00fablico expusieron y debatieron sobre las tem\u00e1ticas p\u00fablicas que el derecho a la saz\u00f3n enfrentaba, entre otras, las reformas constitucionales que impulsaba el Poder Ejecutivo.<\/p>\n<p>Este encuentro acad\u00e9mico anual, que se inserta en una larga tradici\u00f3n jur\u00eddica de casi seis d\u00e9cadas de vida, fue registrado en las ponencias y trabajos incluidos en este libro, con el fin de difundir las ideas y propuestas expuestas a un amplio p\u00fablico lector interesado en esta rama del derecho.<\/p>\n<p>&nbsp;<\/p>\n","protected":false},"excerpt":{"rendered":"<p>El 6 y 7 de octubre de 2014 tuvieron lugar en Santiago, en las aulas de la Facultad de Derecho de la Pontificia Universidad Cat\u00f3lica de Chile, las XLIV Jornadas Chilenas de Derecho P\u00fablico. Especialistas del derecho pol\u00edtico, constitucional, administrativo e internacional p\u00fablico expusieron y debatieron sobre las tem\u00e1ticas p\u00fablicas que el derecho a la saz\u00f3n enfrentaba, entre otras, las reformas constitucionales que impulsaba el Poder Ejecutivo. Este encuentro acad\u00e9mico anual, que se inserta en una larga tradici\u00f3n jur\u00eddica de casi seis d\u00e9cadas de vida, fue registrado en las ponencias y trabajos incluidos en este libro, con el fin de difundir las ideas y propuestas expuestas a un amplio p\u00fablico lector interesado en esta rama del derecho. &nbsp;<\/p>\n","protected":false},"featured_media":4122,"comment_status":"open","ping_status":"closed","template":"","meta":{"inline_featured_image":false,"_joinchat":[]},"product_brand":[],"product_cat":[33],"product_tag":[],"class_list":{"0":"post-4092","1":"product","2":"type-product","3":"status-publish","4":"has-post-thumbnail","6":"product_cat-constitucional","7":"product_shipping_class-a-convenir","9":"first","10":"instock","11":"shipping-taxable","12":"purchasable","13":"product-type-simple"},"_links":{"self":[{"href":"https:\/\/bibliotecajuridicavirtual.cl\/index.php\/wp-json\/wp\/v2\/product\/4092","targetHints":{"allow":["GET"]}}],"collection":[{"href":"https:\/\/bibliotecajuridicavirtual.cl\/index.php\/wp-json\/wp\/v2\/product"}],"about":[{"href":"https:\/\/bibliotecajuridicavirtual.cl\/index.php\/wp-json\/wp\/v2\/types\/product"}],"replies":[{"embeddable":true,"href":"https:\/\/bibliotecajuridicavirtual.cl\/index.php\/wp-json\/wp\/v2\/comments?post=4092"}],"wp:featuredmedia":[{"embeddable":true,"href":"https:\/\/bibliotecajuridicavirtual.cl\/index.php\/wp-json\/wp\/v2\/media\/4122"}],"wp:attachment":[{"href":"https:\/\/bibliotecajuridicavirtual.cl\/index.php\/wp-json\/wp\/v2\/media?parent=4092"}],"wp:term":[{"taxonomy":"product_brand","embeddable":true,"href":"https:\/\/bibliotecajuridicavirtual.cl\/index.php\/wp-json\/wp\/v2\/product_brand?post=4092"},{"taxonomy":"product_cat","embeddable":true,"href":"https:\/\/bibliotecajuridicavirtual.cl\/index.php\/wp-json\/wp\/v2\/product_cat?post=4092"},{"taxonomy":"product_tag","embeddable":true,"href":"https:\/\/bibliotecajuridicavirtual.cl\/index.php\/wp-json\/wp\/v2\/product_tag?post=4092"}],"curies":[{"name":"wp","href":"https:\/\/api.w.org\/{rel}","templated":true}]}}