{"id":4094,"date":"2026-02-28T01:22:56","date_gmt":"2026-02-28T04:22:56","guid":{"rendered":"https:\/\/bibliotecajuridicavirtual.cl\/?post_type=product&#038;p=4094"},"modified":"2026-02-28T01:23:20","modified_gmt":"2026-02-28T04:23:20","slug":"derecho-de-energia-identidad-y-transformaciones-ano-2017-278-pag-autor-alejandro-vergara","status":"publish","type":"product","link":"https:\/\/bibliotecajuridicavirtual.cl\/index.php\/product\/derecho-de-energia-identidad-y-transformaciones-ano-2017-278-pag-autor-alejandro-vergara\/","title":{"rendered":"Derecho de Energia. Identidad y Transformaciones. A\u00f1o 2017\/ 278 P\u00e1g. Autor Alejandro Vergara"},"content":{"rendered":"<p>El dinamismo que han demostrado en Chile las inversiones y la innovaci\u00f3n en el sector de la energ\u00ed\u00ada se ha hecho especialmente evidente desde los primeros a\u00f1os del actual siglo XXI. Es una consecuencia del invariable aumento del consumo por parte de la poblaci\u00f3n y del aparato productivo, en una tendencia que con seguridad se mantendr\u00e1 en las d\u00e9cadas venideras. En ese contexto, adem\u00e1s, nuestro pa\u00ed\u00ads ha adquirido liderazgo en el desarrollo de proyectos de energ\u00ed\u00adas limpias, estando a nivel latinoamericano comparativamente bien posicionado para afrontar las metas en esa \u00e1rea. Existen, en todo lo anterior, escenarios novedosos y desafiantes. As\u00ed\u00ad, la legislaci\u00f3n en este sector se encuentra permanentemente tensionada en su capacidad de responder a exigencias adicionales y, a veces, in\u00e9ditas. En tal sentido, muchas nuevas demandas de muy diversa \u00ed\u00adndole son hoy preocupaci\u00f3n de legisladores, juristas y acad\u00e9micos, teniendo alta importancia la g\u00e9nesis y las discusiones de las actuales bases normativas. De esa manera, creemos que este libro puede ser un aporte, una instancia de consulta o de referencia, al reunir escritos que abarcan el conjunto de rasgos peculiares que caracterizan y conforman el perfil del derecho de energ\u00ed\u00ada neomoderno, as\u00ed\u00ad como sus aplicaciones concretas en este \u00e1mbito espec\u00ed\u00adfico. El espacio jur\u00ed\u00addico neomoderno domina actualmente las fuentes y la relaci\u00f3n jur\u00ed\u00addica de la disciplina, factor que ning\u00fan legislador, juez o jurista puede ignorar. Los cap\u00ed\u00adtulos contenidos en estas p\u00e1ginas abarcan temas como el modelo jur\u00ed\u00addico de la energ\u00ed\u00ada, la organizaci\u00f3n administrativa del sector, la jurisdicci\u00f3n especializada y el rol del Panel de Expertos, los requerimientos de coordinaci\u00f3n, el servicio p\u00fablico el\u00e9ctrico, las concesiones y las servidumbres el\u00e9ctricas, en la mirada cr\u00ed\u00adtica de su autor. Concluye con el cap\u00ed\u00adtulo destinado a la disciplina del derecho el\u00e9ctrico, con alusiones a debates recientes y a materias doctrinarias, que reflejan did\u00e1cticamente la importancia de la materia a que se dedica este trabajo editorial.<\/p>\n<p><strong>\u00a71. Modelo jur\u00eddico de la energ\u00eda<br \/>\n<\/strong>I. Modificaciones a la legislaci\u00f3n el\u00e9ctrica<br \/>\nII. La electricidad ante el derecho: recorrido legislativo de quince a\u00f1os<br \/>\nIII. El modelo jur\u00eddico energ\u00e9tico chileno<br \/>\nIV. El neomoderno modelo de la energ\u00eda cumple treinta a\u00f1os: desaf\u00edos jur\u00eddicos actuales<br \/>\nV. A treinta a\u00f1os de la ley general de servicios el\u00e9ctricos. Or\u00edgenes y desaf\u00edos<\/p>\n<p><strong>\u00a72. Organizaci\u00f3n administrativa del sector de energ\u00eda<\/p>\n<p><\/strong>I. La superintendencia de electricidad no es un tribunal administrativo<br \/>\nII. Despotismo administrativo en sector energ\u00eda<br \/>\nIII. Sector energ\u00eda, \u00bfuna autoridad sin contrapesos?<br \/>\nIV. \u00bfHacia un despotismo administrativo en el sector energ\u00eda?<\/p>\n<p><strong>\u00a73. Coordinaci\u00f3n de la electricidad. Evoluci\u00f3n y autonom\u00eda<br \/>\n<\/strong><br \/>\nI. Autonom\u00eda del \u00f3rgano de coordinaci\u00f3n el\u00e9ctrica (CDEC)<br \/>\nII. Autonom\u00eda de los CDEC y car\u00e1cter vinculante de dict\u00e1menes del panel de expertos<br \/>\nIII. Evoluci\u00f3n de la autonom\u00eda del \u00f3rgano coordinador el\u00e9ctrico. Identificaci\u00f3n de cuatro generaciones de CDEC<\/p>\n<p><strong>\u00a74. JURISDICCI\u00d3N ESPECIALIZADA: EL PANEL DE EXPERTOS<br \/>\n<\/strong><br \/>\nI. Naturaleza jurisdiccional de las funciones del panel de expertos<br \/>\nII. Reconocimiento legal de la naturaleza jurisdiccional del panel de expertos. Un excurso<br \/>\nIV. Caracterizaci\u00f3n y l\u00edneas jurisprudenciales del panel de expertos<\/p>\n<p><strong>\u00a75. SERVICIO P\u00daBLICO EL\u00c9CTRICO Y SANCIONES<\/p>\n<p><\/strong>I. Principios del servicio p\u00fablico el\u00e9ctrico: calidad del servicio y operaci\u00f3n interconectada y coordinada<br \/>\nII. Principios del ius pudiende que debe respetar la superintendencia de electricidad<br \/>\nIII. Postes de distribuci\u00f3n de energ\u00eda el\u00e9ctrica y uso accesorio para alumbrado p\u00fablico<\/p>\n<p><strong>\u00a76.PROCEDIMIENTO Y CONCESIONES EL\u00c9CTRICAS<\/p>\n<p><\/strong>I. La concesi\u00f3n el\u00e9ctrica: procedimiento, servidumbres y ocupaci\u00f3n del suelo privado y p\u00fablico. Proposiciones concretas de cambios legislativos<br \/>\nII. Concesiones y servidumbres el\u00e9ctricas: dificultades y desaf\u00edos<br \/>\nIII. Regulaci\u00f3n del procedimiento concesional el\u00e9ctrico. Diagnostico de problemas<\/p>\n<p><strong>\u00a77. SERVIDUMBRES EL\u00c9CTRICAS<br \/>\n<\/strong><br \/>\nI. Modificaci\u00f3n legal necesaria en servidumbre el\u00e9ctricas<br \/>\nII. El suelo atravesado: regular las servidumbres<br \/>\nIII. Servidumbres el\u00e9ctricas y teor\u00eda de juegos<br \/>\nIV. Servidumbre el\u00e9ctricas y especulaci\u00f3n en indemnizaciones<\/p>\n<p><strong>\u00a78. DISCIPLINA DEL DERECHO EL\u00c9CTRICO<\/p>\n<p><\/strong>I. Un aporte al derecho el\u00e9ctrico<br \/>\nII. Origen y aporte doctrinario de las jornadas de derecho el\u00e9ctrico<br \/>\nIII. Las actas de derecho de energ\u00eda<br \/>\nIV. Relato de una \u201cdiscrepancia\u201d editorial en un libro sobre discrepancias<\/p>\n","protected":false},"excerpt":{"rendered":"<p>El dinamismo que han demostrado en Chile las inversiones y la innovaci\u00f3n en el sector de la energ\u00ed\u00ada se ha hecho especialmente evidente desde los primeros a\u00f1os del actual siglo XXI. Es una consecuencia del invariable aumento del consumo por parte de la poblaci\u00f3n y del aparato productivo, en una tendencia que con seguridad se mantendr\u00e1 en las d\u00e9cadas venideras. En ese contexto, adem\u00e1s, nuestro pa\u00ed\u00ads ha adquirido liderazgo en el desarrollo de proyectos de energ\u00ed\u00adas limpias, estando a nivel latinoamericano comparativamente bien posicionado para afrontar las metas en esa \u00e1rea. Existen, en todo lo anterior, escenarios novedosos y desafiantes. As\u00ed\u00ad, la legislaci\u00f3n en este sector se encuentra permanentemente tensionada en su capacidad de responder a exigencias adicionales y, a veces, in\u00e9ditas. En tal sentido, muchas nuevas demandas de muy diversa \u00ed\u00adndole son hoy preocupaci\u00f3n de legisladores, juristas y acad\u00e9micos, teniendo alta importancia la g\u00e9nesis y las discusiones de las actuales bases normativas. De esa manera, creemos que este libro puede ser un aporte, una instancia de consulta o de referencia, al reunir escritos que abarcan el conjunto de rasgos peculiares que caracterizan y conforman el perfil del derecho de energ\u00ed\u00ada neomoderno, as\u00ed\u00ad como sus aplicaciones concretas en este \u00e1mbito espec\u00ed\u00adfico. El espacio jur\u00ed\u00addico neomoderno domina actualmente las fuentes y la relaci\u00f3n jur\u00ed\u00addica de la disciplina, factor que ning\u00fan legislador, juez o jurista puede ignorar. Los cap\u00ed\u00adtulos contenidos en estas p\u00e1ginas abarcan temas como el modelo jur\u00ed\u00addico de la energ\u00ed\u00ada, la organizaci\u00f3n administrativa del sector, la jurisdicci\u00f3n especializada y el rol del Panel de Expertos, los requerimientos de coordinaci\u00f3n, el servicio p\u00fablico el\u00e9ctrico, las concesiones y las servidumbres el\u00e9ctricas, en la mirada cr\u00ed\u00adtica de su autor. Concluye con el cap\u00ed\u00adtulo destinado a la disciplina del derecho el\u00e9ctrico, con alusiones a debates recientes y a materias doctrinarias, que reflejan did\u00e1cticamente la importancia de la materia a que se dedica este trabajo editorial. \u00a71. Modelo jur\u00eddico de la energ\u00eda I. Modificaciones a la legislaci\u00f3n el\u00e9ctrica II. La electricidad ante el derecho: recorrido legislativo de quince a\u00f1os III. El modelo jur\u00eddico energ\u00e9tico chileno IV. El neomoderno modelo de la energ\u00eda cumple treinta a\u00f1os: desaf\u00edos jur\u00eddicos actuales V. A treinta a\u00f1os de la ley general de servicios el\u00e9ctricos. Or\u00edgenes y desaf\u00edos \u00a72. Organizaci\u00f3n administrativa del sector de energ\u00eda I. La superintendencia de electricidad no es un tribunal administrativo II. Despotismo administrativo en sector energ\u00eda III. Sector energ\u00eda, \u00bfuna autoridad sin contrapesos? IV. \u00bfHacia un despotismo administrativo en el sector energ\u00eda? \u00a73. Coordinaci\u00f3n de la electricidad. Evoluci\u00f3n y autonom\u00eda I. Autonom\u00eda del \u00f3rgano de coordinaci\u00f3n el\u00e9ctrica (CDEC) II. Autonom\u00eda de los CDEC y car\u00e1cter vinculante de dict\u00e1menes del panel de expertos III. Evoluci\u00f3n de la autonom\u00eda del \u00f3rgano coordinador el\u00e9ctrico. Identificaci\u00f3n de cuatro generaciones de CDEC \u00a74. JURISDICCI\u00d3N ESPECIALIZADA: EL PANEL DE EXPERTOS I. Naturaleza jurisdiccional de las funciones del panel de expertos II. Reconocimiento legal de la naturaleza jurisdiccional del panel de expertos. Un excurso IV. Caracterizaci\u00f3n y l\u00edneas jurisprudenciales del panel de expertos \u00a75. SERVICIO P\u00daBLICO EL\u00c9CTRICO Y SANCIONES I. Principios del servicio p\u00fablico el\u00e9ctrico: calidad del servicio y operaci\u00f3n interconectada y coordinada II. Principios del ius pudiende que debe respetar la superintendencia de electricidad III. Postes de distribuci\u00f3n de energ\u00eda el\u00e9ctrica y uso accesorio para alumbrado p\u00fablico \u00a76.PROCEDIMIENTO Y CONCESIONES EL\u00c9CTRICAS I. La concesi\u00f3n el\u00e9ctrica: procedimiento, servidumbres y ocupaci\u00f3n del suelo privado y p\u00fablico. Proposiciones concretas de cambios legislativos II. Concesiones y servidumbres el\u00e9ctricas: dificultades y desaf\u00edos III. Regulaci\u00f3n del procedimiento concesional el\u00e9ctrico. Diagnostico de problemas \u00a77. SERVIDUMBRES EL\u00c9CTRICAS I. Modificaci\u00f3n legal necesaria en servidumbre el\u00e9ctricas II. El suelo atravesado: regular las servidumbres III. Servidumbres el\u00e9ctricas y teor\u00eda de juegos IV. Servidumbre el\u00e9ctricas y especulaci\u00f3n en indemnizaciones \u00a78. DISCIPLINA DEL DERECHO EL\u00c9CTRICO I. Un aporte al derecho el\u00e9ctrico II. Origen y aporte doctrinario de las jornadas de derecho el\u00e9ctrico III. Las actas de derecho de energ\u00eda IV. Relato de una \u201cdiscrepancia\u201d editorial en un libro sobre discrepancias<\/p>\n","protected":false},"featured_media":4148,"comment_status":"open","ping_status":"closed","template":"","meta":{"inline_featured_image":false,"_joinchat":[]},"product_brand":[],"product_cat":[31],"product_tag":[],"class_list":{"0":"post-4094","1":"product","2":"type-product","3":"status-publish","4":"has-post-thumbnail","6":"product_cat-derecho-ambiental","7":"product_shipping_class-a-convenir","9":"first","10":"instock","11":"shipping-taxable","12":"purchasable","13":"product-type-simple"},"_links":{"self":[{"href":"https:\/\/bibliotecajuridicavirtual.cl\/index.php\/wp-json\/wp\/v2\/product\/4094","targetHints":{"allow":["GET"]}}],"collection":[{"href":"https:\/\/bibliotecajuridicavirtual.cl\/index.php\/wp-json\/wp\/v2\/product"}],"about":[{"href":"https:\/\/bibliotecajuridicavirtual.cl\/index.php\/wp-json\/wp\/v2\/types\/product"}],"replies":[{"embeddable":true,"href":"https:\/\/bibliotecajuridicavirtual.cl\/index.php\/wp-json\/wp\/v2\/comments?post=4094"}],"wp:featuredmedia":[{"embeddable":true,"href":"https:\/\/bibliotecajuridicavirtual.cl\/index.php\/wp-json\/wp\/v2\/media\/4148"}],"wp:attachment":[{"href":"https:\/\/bibliotecajuridicavirtual.cl\/index.php\/wp-json\/wp\/v2\/media?parent=4094"}],"wp:term":[{"taxonomy":"product_brand","embeddable":true,"href":"https:\/\/bibliotecajuridicavirtual.cl\/index.php\/wp-json\/wp\/v2\/product_brand?post=4094"},{"taxonomy":"product_cat","embeddable":true,"href":"https:\/\/bibliotecajuridicavirtual.cl\/index.php\/wp-json\/wp\/v2\/product_cat?post=4094"},{"taxonomy":"product_tag","embeddable":true,"href":"https:\/\/bibliotecajuridicavirtual.cl\/index.php\/wp-json\/wp\/v2\/product_tag?post=4094"}],"curies":[{"name":"wp","href":"https:\/\/api.w.org\/{rel}","templated":true}]}}