{"id":4095,"date":"2026-02-28T01:22:56","date_gmt":"2026-02-28T04:22:56","guid":{"rendered":"https:\/\/bibliotecajuridicavirtual.cl\/?post_type=product&#038;p=4095"},"modified":"2026-02-28T01:23:20","modified_gmt":"2026-02-28T04:23:20","slug":"derecho-administrativo-identidad-y-transformaciones-ano-2017-492-pag-autor-alejandro-vergara","status":"publish","type":"product","link":"https:\/\/bibliotecajuridicavirtual.cl\/index.php\/product\/derecho-administrativo-identidad-y-transformaciones-ano-2017-492-pag-autor-alejandro-vergara\/","title":{"rendered":"Derecho Administrativo. Identidad y Transformaciones. A\u00f1o 2017 \/ 492 P\u00e1g. Autor Alejandro Vergara"},"content":{"rendered":"<p>El derecho administrativo es de muy significativa relevancia para nuestra democracia. As\u00ed\u00ad se puede colegir al observar su incidencia en la relaci\u00f3n de las personas con los organismos del Estado, la cual es una variable cr\u00ed\u00adtica para la conformaci\u00f3n de los derechos ciudadanos. Tal disciplina tambi\u00e9n gu\u00ed\u00ada la redacci\u00f3n de normas y la jurisprudencia. Si a eso se a\u00f1ade que la mayor cantidad de los preceptos de la Constituci\u00f3n Pol\u00ed\u00adtica son de esa rama del derecho, se nos hace natural la afirmaci\u00f3n de que las bases de esta \u00faltima est\u00e1n ancladas en los fundamentos del r\u00e9gimen democr\u00e1tico. Su estudio integral y sistem\u00e1tico resulta entonces de alto inter\u00e9s. Este libro propone un acercamiento al derecho administrativo, teniendo a la vista que \u00e9l comprende una amplia variedad de tem\u00e1ticas y que es dif\u00ed\u00adcil de delimitar: de hecho, no existe un c\u00f3digo que lo contenga y \u00e9l se encuentra presente en muchas normas dispersas. En lo concreto, hemos optado por que estas p\u00e1ginas re\u00fanan escritos que abarcan el conjunto de rasgos peculiares que caracterizan y conforman el perfil del derecho administrativo neomoderno. Podr\u00e1 comprobar el lector una aplicaci\u00f3n concreta del espacio jur\u00ed\u00addico neomoderno, que domina actualmente las fuentes y relaci\u00f3n jur\u00ed\u00addica de la disciplina, y que ning\u00fan legislador, juez o jurista debiera ignorar. Los cap\u00ed\u00adtulos que ac\u00e1 se presentan abarcan las \u00e1reas necesarias para una visi\u00f3n integral de esta disciplina. Comprenden materias referidas a las fuentes del derecho administrativo y a la jurisdicci\u00f3n contencioso administrativa. Dan espacio a diversas consideraciones sobre la g\u00e9nesis, el M\u00e9todo y los desaf\u00ed\u00ados del derecho administrativo, as\u00ed\u00ad como se expone con la debida contextualizaci\u00f3n acerca de autores y doctrinas \u00fatiles para una comprensi\u00f3n global de este. Un cap\u00ed\u00adtulo aborda los aspectos esenciales de las tareas de la Contralor\u00ed\u00ada General de la Rep\u00fablica, entidad que es un referente institucional de importancia en el \u00e1rea. Enseguida, en una secuencia l\u00f3gica, Alejandro Vergara aborda otros t\u00f3picos, como los referidos a la organizaci\u00f3n de la administraci\u00f3n del aparato p\u00fablico &#8220;entre ellos, la descentralizaci\u00f3n, el autogobierno y el quehacer de autoridades independientes&#8221;, y otros vinculados a los procedimientos, los plazos y los expedientes administrativos. Contin\u00faa con materias de incuestionable actualidad, como son los procesos de nulidad administrativa, responsabilidad patrimonial y transparencia; las diferenciaciones conceptuales y operativas sobre bienes de uso p\u00fablico y privado, y la significaci\u00f3n del derecho de propiedad y sus vastas implicancias. Concluye dejando espacio a planteamientos, formulados con un tono marcadamente did\u00e1ctico, sobre dos regulaciones especiales de indiscutible inter\u00e9s en nuestro pa\u00ed\u00ads.<\/p>\n","protected":false},"excerpt":{"rendered":"<p>El derecho administrativo es de muy significativa relevancia para nuestra democracia. As\u00ed\u00ad se puede colegir al observar su incidencia en la relaci\u00f3n de las personas con los organismos del Estado, la cual es una variable cr\u00ed\u00adtica para la conformaci\u00f3n de los derechos ciudadanos. Tal disciplina tambi\u00e9n gu\u00ed\u00ada la redacci\u00f3n de normas y la jurisprudencia. Si a eso se a\u00f1ade que la mayor cantidad de los preceptos de la Constituci\u00f3n Pol\u00ed\u00adtica son de esa rama del derecho, se nos hace natural la afirmaci\u00f3n de que las bases de esta \u00faltima est\u00e1n ancladas en los fundamentos del r\u00e9gimen democr\u00e1tico. Su estudio integral y sistem\u00e1tico resulta entonces de alto inter\u00e9s. Este libro propone un acercamiento al derecho administrativo, teniendo a la vista que \u00e9l comprende una amplia variedad de tem\u00e1ticas y que es dif\u00ed\u00adcil de delimitar: de hecho, no existe un c\u00f3digo que lo contenga y \u00e9l se encuentra presente en muchas normas dispersas. En lo concreto, hemos optado por que estas p\u00e1ginas re\u00fanan escritos que abarcan el conjunto de rasgos peculiares que caracterizan y conforman el perfil del derecho administrativo neomoderno. Podr\u00e1 comprobar el lector una aplicaci\u00f3n concreta del espacio jur\u00ed\u00addico neomoderno, que domina actualmente las fuentes y relaci\u00f3n jur\u00ed\u00addica de la disciplina, y que ning\u00fan legislador, juez o jurista debiera ignorar. Los cap\u00ed\u00adtulos que ac\u00e1 se presentan abarcan las \u00e1reas necesarias para una visi\u00f3n integral de esta disciplina. Comprenden materias referidas a las fuentes del derecho administrativo y a la jurisdicci\u00f3n contencioso administrativa. Dan espacio a diversas consideraciones sobre la g\u00e9nesis, el M\u00e9todo y los desaf\u00ed\u00ados del derecho administrativo, as\u00ed\u00ad como se expone con la debida contextualizaci\u00f3n acerca de autores y doctrinas \u00fatiles para una comprensi\u00f3n global de este. Un cap\u00ed\u00adtulo aborda los aspectos esenciales de las tareas de la Contralor\u00ed\u00ada General de la Rep\u00fablica, entidad que es un referente institucional de importancia en el \u00e1rea. Enseguida, en una secuencia l\u00f3gica, Alejandro Vergara aborda otros t\u00f3picos, como los referidos a la organizaci\u00f3n de la administraci\u00f3n del aparato p\u00fablico &#8220;entre ellos, la descentralizaci\u00f3n, el autogobierno y el quehacer de autoridades independientes&#8221;, y otros vinculados a los procedimientos, los plazos y los expedientes administrativos. Contin\u00faa con materias de incuestionable actualidad, como son los procesos de nulidad administrativa, responsabilidad patrimonial y transparencia; las diferenciaciones conceptuales y operativas sobre bienes de uso p\u00fablico y privado, y la significaci\u00f3n del derecho de propiedad y sus vastas implicancias. Concluye dejando espacio a planteamientos, formulados con un tono marcadamente did\u00e1ctico, sobre dos regulaciones especiales de indiscutible inter\u00e9s en nuestro pa\u00ed\u00ads.<\/p>\n","protected":false},"featured_media":4149,"comment_status":"open","ping_status":"closed","template":"","meta":{"inline_featured_image":false,"_joinchat":[]},"product_brand":[],"product_cat":[45],"product_tag":[],"class_list":{"0":"post-4095","1":"product","2":"type-product","3":"status-publish","4":"has-post-thumbnail","6":"product_cat-administrativo","7":"product_shipping_class-a-convenir","9":"first","10":"instock","11":"shipping-taxable","12":"purchasable","13":"product-type-simple"},"_links":{"self":[{"href":"https:\/\/bibliotecajuridicavirtual.cl\/index.php\/wp-json\/wp\/v2\/product\/4095","targetHints":{"allow":["GET"]}}],"collection":[{"href":"https:\/\/bibliotecajuridicavirtual.cl\/index.php\/wp-json\/wp\/v2\/product"}],"about":[{"href":"https:\/\/bibliotecajuridicavirtual.cl\/index.php\/wp-json\/wp\/v2\/types\/product"}],"replies":[{"embeddable":true,"href":"https:\/\/bibliotecajuridicavirtual.cl\/index.php\/wp-json\/wp\/v2\/comments?post=4095"}],"wp:featuredmedia":[{"embeddable":true,"href":"https:\/\/bibliotecajuridicavirtual.cl\/index.php\/wp-json\/wp\/v2\/media\/4149"}],"wp:attachment":[{"href":"https:\/\/bibliotecajuridicavirtual.cl\/index.php\/wp-json\/wp\/v2\/media?parent=4095"}],"wp:term":[{"taxonomy":"product_brand","embeddable":true,"href":"https:\/\/bibliotecajuridicavirtual.cl\/index.php\/wp-json\/wp\/v2\/product_brand?post=4095"},{"taxonomy":"product_cat","embeddable":true,"href":"https:\/\/bibliotecajuridicavirtual.cl\/index.php\/wp-json\/wp\/v2\/product_cat?post=4095"},{"taxonomy":"product_tag","embeddable":true,"href":"https:\/\/bibliotecajuridicavirtual.cl\/index.php\/wp-json\/wp\/v2\/product_tag?post=4095"}],"curies":[{"name":"wp","href":"https:\/\/api.w.org\/{rel}","templated":true}]}}