{"id":4098,"date":"2026-02-28T01:22:56","date_gmt":"2026-02-28T04:22:56","guid":{"rendered":"https:\/\/bibliotecajuridicavirtual.cl\/?post_type=product&#038;p=4098"},"modified":"2026-02-28T01:23:23","modified_gmt":"2026-02-28T04:23:23","slug":"juicio-ejecutivo-de-cobro-de-impuesto-territorial-ano-2018-318-pag-autor-fernando-ugarte-vial","status":"publish","type":"product","link":"https:\/\/bibliotecajuridicavirtual.cl\/index.php\/product\/juicio-ejecutivo-de-cobro-de-impuesto-territorial-ano-2018-318-pag-autor-fernando-ugarte-vial\/","title":{"rendered":"Juicio Ejecutivo de Cobro de Impuesto Territorial. A\u00f1o 2018\/ 318 P\u00e1g. Autor  Fernando Ugarte Vial"},"content":{"rendered":"<p>Este libro estudia el juicio ejecutivo de cobro de impuesto territorial en los diversos problemas que enfrentan tanto los due\u00f1os de inmuebles como los jueces, y ofrece soluciones pr\u00e1cticas a la luz de la jurisprudencia de los tribunales de justicia. El autor analiza la naturaleza jur\u00eddica de la obligaci\u00f3n de pagar el impuesto territorial y el patrimonio en que la ejecutante puede hacer efectivo el cr\u00e9dito fiscal, as\u00ed como el juicio ejecutivo de cobro de contribuciones morosas. Tambi\u00e9n se incluye una revisi\u00f3n hist\u00f3rica de las normas e instituciones, que permite comprender su evoluci\u00f3n hasta las actualmente vigentes, y se abordan los vicios y errores que suelen tener lugar en la tramitaci\u00f3n de este juicio. Finalmente se presenta una exhaustiva revisi\u00f3n de decenas de fallos y un an\u00e1lisis cr\u00edtico de los m\u00e1s significativos. La segunda edici\u00f3n redondea algunos conceptos e incluye una significativa actualizaci\u00f3n jurisprudencial, la cual comprende los \u00faltimos fallos de la Corte Suprema y de las Cortes de Apelaciones del pa\u00eds sobre materias tan importantes como el control de oficio de la legitimaci\u00f3n de las partes por el tribunal, y la inexistencia de lo obrado por falta de relaci\u00f3n jur\u00eddico-procesal. Esta obra constituye una valiosa contribuci\u00f3n al estudio del juicio ejecutivo de cobro de impuesto territorial y tanto por su rigor conceptual, como por su esp\u00edritu pr\u00e1ctico y lenguaje accesible, es una gu\u00eda de gran utilidad para jueces y abogados.<\/p>\n<p><strong>PRIMERA PARTE<br \/>\nEL JUICIO EJECUTIVO DE COBRO DE IMPUESTO TERRITORIAL<\/p>\n<p>CAP\u00cdTULO PRIMERO<br \/>\nNOCIONES FUNDAMENTALES<\/p>\n<p><\/strong>1.1. Concepto de impuesto y sus elementos<br \/>\n1.2. Concepto de obligaci\u00f3n tributaria y sus elementos<br \/>\n1.3. El impuesto territorial y sus elementos<br \/>\n1.4. Obligaci\u00f3n de pagar el impuesto territorial<br \/>\n1.4.1. Obligados al pago del impuesto territorial<br \/>\n1.4.2. Normas fundamentales en que descansa el juicio ejecutivo de cobro de impuesto territorial<br \/>\na). Patrimonio en que se puede hacer efectivo el cr\u00e9dito fiscal<br \/>\nb). Determinaci\u00f3n del sujeto pasivo de la ejecuci\u00f3n<br \/>\nc). Alcance de art. 16 de la ley sobre Impuesto territorial, que ordena al SII mantener al d\u00eda los roles de aval\u00faos de los inmuebles en base a la informaci\u00f3n que aporten, entre otros, los propietarios de los bienes ra\u00edces<br \/>\nd). Naturaleza jur\u00eddica de la obligaci\u00f3n<br \/>\ne). Legitimaci\u00f3n pasiva en la acci\u00f3n de cobro de contribuciones<br \/>\n1.5. conclusiones<\/p>\n<p><strong>CAP\u00cdTULO SEGUNDO<br \/>\nEL JUICIO EJECUTIVO DE COBRO DE IMPUESTO TERRITORIAL<\/p>\n<p><\/strong>2.1 Noticia del juicio ejecutivo de cobro territorial<br \/>\n2.1.1. Etapa administrativa<br \/>\na). Naturaleza de la etapa administrativa<br \/>\nb). De la formaci\u00f3n de la n\u00f3mina de deudores morosos hasta el requerimiento de pago<br \/>\nc). Mandamiento de ejecuci\u00f3n y embargo<br \/>\nd). Notificaci\u00f3n y requerimiento de pago. El problema del emplazamiento<br \/>\ne). Continuaci\u00f3n de la descripci\u00f3n de la etapa administrativa de la ejecuci\u00f3n<br \/>\n2.1.2. Etapa judicial<br \/>\na). Intervenci\u00f3n del juez cuando se oponen excepciones a la ejecuci\u00f3n<br \/>\nb). Intervenci\u00f3n del juez cuando no hay oposici\u00f3n<br \/>\nc). Examen del t\u00edtulo ejecutivo por el juez<br \/>\nd). control de la legitimaci\u00f3n pasiva del proceso<br \/>\ne). Control del emplazamiento de los ejecutados<br \/>\nf). Solicitud de antecedentes adicionales a la parte ejecutante<br \/>\ng). Responsabilidad de la tesorer\u00eda y del adjudicatorio en relaci\u00f3n con el control de la legitimaci\u00f3n pasiva<br \/>\nh). tr\u00e1mites posteriores<br \/>\ni). Caducidad del remate por incumplimiento de las cargas del adjudicatario<br \/>\nj). Otras normas relevantes<br \/>\n1. Registro de actas de remate<br \/>\n2. \u00bfSe aplica a este procedimiento la norma del n\u00famero 3\u00b0 del art. 1464 del c\u00f3digo civil?<br \/>\n3. Piezas que deben insertarse a la escritura de adjudicaci\u00f3n y fundamento de su inserci\u00f3n<\/p>\n<p><strong>SEGUNDA PARTE<br \/>\nVICIOS PROCESALES M\u00c1S FRECUENTES EN ESTE JUICIO Y POSIBLES REMEDIOS<\/p>\n<p>CAP\u00cdTULO PRIMERO<br \/>\nCASO DEL PROPIETARIO QUE NO APARECE EN LA N\u00d3MINA DE DEUDORES MOROSOS, FIGURANDO UN TERCERO EN SU LUGAR. FALTA DE RELACI\u00d3N JUR\u00cdDICO PROCESAL<\/p>\n<p><\/strong>1.1. Causas por las cuales suele producirse este vicio<br \/>\n1.1.1. No se consulta el registro de propiedad del conservador para elaborar la nomina de deudores morosos<br \/>\n1.1.2. Muerte del deudor<br \/>\na). El deudor muere antes de la confesi\u00f3n del t\u00edtulo<br \/>\nb). El deudor muere despu\u00e9s de la confecci\u00f3n de t\u00edtulo<br \/>\n1.1.3. El caso de los comuneros por acto entre vivos. Ineficacia de la menci\u00f3n \u201cy otros\u201d estampada en la n\u00f3mina<br \/>\n1.1.4. El caso de la sociedad de hecho<br \/>\n1.1.5. El caso de la sociedad conyugal<br \/>\n1.1.6. El caso de la fusi\u00f3n de predios<br \/>\n1.2. Consecuencias jur\u00eddicas que acarrea el hecho de no figurar el due\u00f1o en la n\u00f3mina de deudores morosos<br \/>\n1.2.1. Consecuencia para el juicio ejecutivo<br \/>\na). Falta de relaci\u00f3n jur\u00eddico-procesal<br \/>\nb). La resoluci\u00f3n que rechaza la solicitud con que el due\u00f1o perjudicado pretende valer sus derechos, \u00bfproduce cosa juzgada sustancial o aparente?<br \/>\nc). \u00bfpreclusi\u00f3n del derecho a reclamar de vicio de inexistencia?<br \/>\n1.2.2. Consecuencias desde el punto de vista del derecho civil para la compraventa en p\u00fablica subasta<br \/>\na). Ineficacia de la venta en p\u00fablica subasta<br \/>\nb). Ineficacia de la tradici\u00f3n<br \/>\nc). El conservador no podr\u00e1 cancelar la inscripci\u00f3n del due\u00f1o en favor del adjudicatario<br \/>\nd). Imposibilidad de cumplir con la obligaci\u00f3n de hacer la tradici\u00f3n de hacer la tradici\u00f3n del inmueble subastado al adjudicatorio<br \/>\n1.3. Examen de los medios jur\u00eddicos que tiene el propietario para defender sus derechos en el juicio ejecutivo<br \/>\n1.3.1. Declaraci\u00f3n de inexistencia procesal<br \/>\na). Breves apuntes sobre la inexistencia procesal<br \/>\nb). Incidente de inexistencia procesal<br \/>\n1.3.2. \u00bfInoponibilidad?<br \/>\n1.3.3. Solicitar se declare la nulidad de lo obrado<br \/>\n1.3.4. Otros medios de que disponen el propietario para defender sus derechos<br \/>\na). Posibilidad de libertar el inmueble pagado antes de la subasta<br \/>\nb). Tercer\u00edas<br \/>\nc). V\u00eda disciplinaria<br \/>\nd). recurso de protecci\u00f3n<br \/>\ne). acciones posesorias<br \/>\n1.4. Examen de los medios jur\u00eddicos que tienen el propietario para defender sus derechos una vez agotada la etapa procesal<br \/>\n1.4.1. Nulidad sustantiva<br \/>\n1.4.2. Acci\u00f3n reivindicatoria<br \/>\n1.4.3. Acciones posesorias<br \/>\n1.4.4. Excepci\u00f3n de no empecer la sentencia<br \/>\n1.4.5. Recurso de protecci\u00f3n<br \/>\n1.4.6. V\u00eda Disciplinaria<\/p>\n<p><strong>CAP\u00cdTULO SEGUNDO<br \/>\nFALTA DE EMPLAZAMIENTO<\/p>\n<p><\/strong>2.1. Causas por las que suele producirse<br \/>\n2.1.1. Se deja de notificar en el domicilio del deudor<br \/>\n2.1.2. Se notifica a la sociedad deudora en un lugar de su representante legal, o bien a una persona que no tiene la representaci\u00f3n de la sociedad<br \/>\n2.1.3. No se practica personalmente el embargo<br \/>\n2.1.4. notificaci\u00f3n por cedula en un sitio eriazo<br \/>\n2.1.5. El caso del ausente<br \/>\n2.1.6. Notificaci\u00f3n por carta certificada en \u00e1rea rural<br \/>\n2.1.7. No se notifica a todos los comuneros o miembros de una sociedad de hecho<br \/>\n2.1.8. El problema de las falsificaciones de funcionarios de tesorer\u00eda<br \/>\n2.1.9. Caso en que el ministro de fe no deja copia integra de las piezas que debe notificar<br \/>\n2.1.10. Caso en que la c\u00e9dula o carta certificada de notificaci\u00f3n y requerimiento de pago no contiene los datos necesarios para su acertada inteligencia<br \/>\n2.1.11. El problema de los bienes familiares<br \/>\n2.1.12. Caso en que se notifica al propio ejecutado en lugar de su apoderado judicial<br \/>\n2.1.13. Caso en que no se practica o no consta haberse practicado el requerimiento de pago en el cuaderno administrativo respectivo<br \/>\n2.1.14. Caso en que notifica y requiere de pago extempor\u00e1neamente al ejecutado<br \/>\n2.1.15. Muerte del deudor<br \/>\n2.2. Medios jur\u00eddicos para reclamar de la falta de emplazamiento<br \/>\n2.3. Nulidad por fraude<br \/>\n2.4. Otros vicios de nulidad<br \/>\n2.5. Vicios que no producen nulidad<\/p>\n<p><strong>TERCERA PARTE<br \/>\nJURISPRUDENCIA RELATIVA AL CASO EN QUE SE REMATA UN INMUEBLE CUYO PROPIETARIO NO HA SIDO EJECUTADO<\/p>\n<p><\/strong>1. Fallos favorables al propietario que se fundan en la falta de relaci\u00f3n jur\u00eddico-procesal<br \/>\n2. Fallos que se fundan derechamente en la falta de emplazamiento<br \/>\n3. Fallos que dan la raz\u00f3n al propietario sin fundarse directamente en la falta de relaci\u00f3n jur\u00eddico-procesal ni en la falta de emplazamiento<br \/>\n4. Sentencias pronunciadas contra el propietario<\/p>\n<p>Ap\u00e9ndice: Resoluciones y fallos de inter\u00e9s sobre diversas materias, pronunciados en, o a prop\u00f3sito de, juicios ejecutivos de cobro de impuesto territorial<\/p>\n<p>Anexo: Minuta N\u00b0 466, de 263 de julio de 2014, emitida por el jefe de la divisi\u00f3n jur\u00eddica (s) de la tesorer\u00eda general de la republica<\/p>\n<p>\u00cdndice anal\u00edtico alfab\u00e9tico de materias<\/p>\n<p>Referencias bibliogr\u00e1ficas<\/p>\n","protected":false},"excerpt":{"rendered":"<p>Este libro estudia el juicio ejecutivo de cobro de impuesto territorial en los diversos problemas que enfrentan tanto los due\u00f1os de inmuebles como los jueces, y ofrece soluciones pr\u00e1cticas a la luz de la jurisprudencia de los tribunales de justicia. El autor analiza la naturaleza jur\u00eddica de la obligaci\u00f3n de pagar el impuesto territorial y el patrimonio en que la ejecutante puede hacer efectivo el cr\u00e9dito fiscal, as\u00ed como el juicio ejecutivo de cobro de contribuciones morosas. Tambi\u00e9n se incluye una revisi\u00f3n hist\u00f3rica de las normas e instituciones, que permite comprender su evoluci\u00f3n hasta las actualmente vigentes, y se abordan los vicios y errores que suelen tener lugar en la tramitaci\u00f3n de este juicio. Finalmente se presenta una exhaustiva revisi\u00f3n de decenas de fallos y un an\u00e1lisis cr\u00edtico de los m\u00e1s significativos. La segunda edici\u00f3n redondea algunos conceptos e incluye una significativa actualizaci\u00f3n jurisprudencial, la cual comprende los \u00faltimos fallos de la Corte Suprema y de las Cortes de Apelaciones del pa\u00eds sobre materias tan importantes como el control de oficio de la legitimaci\u00f3n de las partes por el tribunal, y la inexistencia de lo obrado por falta de relaci\u00f3n jur\u00eddico-procesal. Esta obra constituye una valiosa contribuci\u00f3n al estudio del juicio ejecutivo de cobro de impuesto territorial y tanto por su rigor conceptual, como por su esp\u00edritu pr\u00e1ctico y lenguaje accesible, es una gu\u00eda de gran utilidad para jueces y abogados. PRIMERA PARTE EL JUICIO EJECUTIVO DE COBRO DE IMPUESTO TERRITORIAL CAP\u00cdTULO PRIMERO NOCIONES FUNDAMENTALES 1.1. Concepto de impuesto y sus elementos 1.2. Concepto de obligaci\u00f3n tributaria y sus elementos 1.3. El impuesto territorial y sus elementos 1.4. Obligaci\u00f3n de pagar el impuesto territorial 1.4.1. Obligados al pago del impuesto territorial 1.4.2. Normas fundamentales en que descansa el juicio ejecutivo de cobro de impuesto territorial a). Patrimonio en que se puede hacer efectivo el cr\u00e9dito fiscal b). Determinaci\u00f3n del sujeto pasivo de la ejecuci\u00f3n c). Alcance de art. 16 de la ley sobre Impuesto territorial, que ordena al SII mantener al d\u00eda los roles de aval\u00faos de los inmuebles en base a la informaci\u00f3n que aporten, entre otros, los propietarios de los bienes ra\u00edces d). Naturaleza jur\u00eddica de la obligaci\u00f3n e). Legitimaci\u00f3n pasiva en la acci\u00f3n de cobro de contribuciones 1.5. conclusiones CAP\u00cdTULO SEGUNDO EL JUICIO EJECUTIVO DE COBRO DE IMPUESTO TERRITORIAL 2.1 Noticia del juicio ejecutivo de cobro territorial 2.1.1. Etapa administrativa a). Naturaleza de la etapa administrativa b). De la formaci\u00f3n de la n\u00f3mina de deudores morosos hasta el requerimiento de pago c). Mandamiento de ejecuci\u00f3n y embargo d). Notificaci\u00f3n y requerimiento de pago. El problema del emplazamiento e). Continuaci\u00f3n de la descripci\u00f3n de la etapa administrativa de la ejecuci\u00f3n 2.1.2. Etapa judicial a). Intervenci\u00f3n del juez cuando se oponen excepciones a la ejecuci\u00f3n b). Intervenci\u00f3n del juez cuando no hay oposici\u00f3n c). Examen del t\u00edtulo ejecutivo por el juez d). control de la legitimaci\u00f3n pasiva del proceso e). Control del emplazamiento de los ejecutados f). Solicitud de antecedentes adicionales a la parte ejecutante g). Responsabilidad de la tesorer\u00eda y del adjudicatorio en relaci\u00f3n con el control de la legitimaci\u00f3n pasiva h). tr\u00e1mites posteriores i). Caducidad del remate por incumplimiento de las cargas del adjudicatario j). Otras normas relevantes 1. Registro de actas de remate 2. \u00bfSe aplica a este procedimiento la norma del n\u00famero 3\u00b0 del art. 1464 del c\u00f3digo civil? 3. Piezas que deben insertarse a la escritura de adjudicaci\u00f3n y fundamento de su inserci\u00f3n SEGUNDA PARTE VICIOS PROCESALES M\u00c1S FRECUENTES EN ESTE JUICIO Y POSIBLES REMEDIOS CAP\u00cdTULO PRIMERO CASO DEL PROPIETARIO QUE NO APARECE EN LA N\u00d3MINA DE DEUDORES MOROSOS, FIGURANDO UN TERCERO EN SU LUGAR. FALTA DE RELACI\u00d3N JUR\u00cdDICO PROCESAL 1.1. Causas por las cuales suele producirse este vicio 1.1.1. No se consulta el registro de propiedad del conservador para elaborar la nomina de deudores morosos 1.1.2. Muerte del deudor a). El deudor muere antes de la confesi\u00f3n del t\u00edtulo b). El deudor muere despu\u00e9s de la confecci\u00f3n de t\u00edtulo 1.1.3. El caso de los comuneros por acto entre vivos. Ineficacia de la menci\u00f3n \u201cy otros\u201d estampada en la n\u00f3mina 1.1.4. El caso de la sociedad de hecho 1.1.5. El caso de la sociedad conyugal 1.1.6. El caso de la fusi\u00f3n de predios 1.2. Consecuencias jur\u00eddicas que acarrea el hecho de no figurar el due\u00f1o en la n\u00f3mina de deudores morosos 1.2.1. Consecuencia para el juicio ejecutivo a). Falta de relaci\u00f3n jur\u00eddico-procesal b). La resoluci\u00f3n que rechaza la solicitud con que el due\u00f1o perjudicado pretende valer sus derechos, \u00bfproduce cosa juzgada sustancial o aparente? c). \u00bfpreclusi\u00f3n del derecho a reclamar de vicio de inexistencia? 1.2.2. Consecuencias desde el punto de vista del derecho civil para la compraventa en p\u00fablica subasta a). Ineficacia de la venta en p\u00fablica subasta b). Ineficacia de la tradici\u00f3n c). El conservador no podr\u00e1 cancelar la inscripci\u00f3n del due\u00f1o en favor del adjudicatario d). Imposibilidad de cumplir con la obligaci\u00f3n de hacer la tradici\u00f3n de hacer la tradici\u00f3n del inmueble subastado al adjudicatorio 1.3. Examen de los medios jur\u00eddicos que tiene el propietario para defender sus derechos en el juicio ejecutivo 1.3.1. Declaraci\u00f3n de inexistencia procesal a). Breves apuntes sobre la inexistencia procesal b). Incidente de inexistencia procesal 1.3.2. \u00bfInoponibilidad? 1.3.3. Solicitar se declare la nulidad de lo obrado 1.3.4. Otros medios de que disponen el propietario para defender sus derechos a). Posibilidad de libertar el inmueble pagado antes de la subasta b). Tercer\u00edas c). V\u00eda disciplinaria d). recurso de protecci\u00f3n e). acciones posesorias 1.4. Examen de los medios jur\u00eddicos que tienen el propietario para defender sus derechos una vez agotada la etapa procesal 1.4.1. Nulidad sustantiva 1.4.2. Acci\u00f3n reivindicatoria 1.4.3. Acciones posesorias 1.4.4. Excepci\u00f3n de no empecer la sentencia 1.4.5. Recurso de protecci\u00f3n 1.4.6. V\u00eda Disciplinaria CAP\u00cdTULO SEGUNDO FALTA DE EMPLAZAMIENTO 2.1. Causas por las que suele producirse 2.1.1. Se deja de notificar en el domicilio del deudor 2.1.2. Se notifica a la sociedad deudora en un lugar de su representante legal, o bien a una persona que no tiene la representaci\u00f3n de la sociedad 2.1.3. No se<\/p>\n","protected":false},"featured_media":4152,"comment_status":"open","ping_status":"closed","template":"","meta":{"inline_featured_image":false,"_joinchat":[]},"product_brand":[],"product_cat":[28],"product_tag":[],"class_list":{"0":"post-4098","1":"product","2":"type-product","3":"status-publish","4":"has-post-thumbnail","6":"product_cat-tributario","7":"product_shipping_class-a-convenir","9":"first","10":"instock","11":"shipping-taxable","12":"purchasable","13":"product-type-simple"},"_links":{"self":[{"href":"https:\/\/bibliotecajuridicavirtual.cl\/index.php\/wp-json\/wp\/v2\/product\/4098","targetHints":{"allow":["GET"]}}],"collection":[{"href":"https:\/\/bibliotecajuridicavirtual.cl\/index.php\/wp-json\/wp\/v2\/product"}],"about":[{"href":"https:\/\/bibliotecajuridicavirtual.cl\/index.php\/wp-json\/wp\/v2\/types\/product"}],"replies":[{"embeddable":true,"href":"https:\/\/bibliotecajuridicavirtual.cl\/index.php\/wp-json\/wp\/v2\/comments?post=4098"}],"wp:featuredmedia":[{"embeddable":true,"href":"https:\/\/bibliotecajuridicavirtual.cl\/index.php\/wp-json\/wp\/v2\/media\/4152"}],"wp:attachment":[{"href":"https:\/\/bibliotecajuridicavirtual.cl\/index.php\/wp-json\/wp\/v2\/media?parent=4098"}],"wp:term":[{"taxonomy":"product_brand","embeddable":true,"href":"https:\/\/bibliotecajuridicavirtual.cl\/index.php\/wp-json\/wp\/v2\/product_brand?post=4098"},{"taxonomy":"product_cat","embeddable":true,"href":"https:\/\/bibliotecajuridicavirtual.cl\/index.php\/wp-json\/wp\/v2\/product_cat?post=4098"},{"taxonomy":"product_tag","embeddable":true,"href":"https:\/\/bibliotecajuridicavirtual.cl\/index.php\/wp-json\/wp\/v2\/product_tag?post=4098"}],"curies":[{"name":"wp","href":"https:\/\/api.w.org\/{rel}","templated":true}]}}