{"id":4124,"date":"2026-02-28T01:23:17","date_gmt":"2026-02-28T04:23:17","guid":{"rendered":"https:\/\/bibliotecajuridicavirtual.cl\/?post_type=product&#038;p=4124"},"modified":"2026-02-28T01:23:24","modified_gmt":"2026-02-28T04:23:24","slug":"el-arbitraje-interno-y-comercial-internacional-parte-general-2da-edicion-ano-2016-328-pag-autor-alejandro-romero-y-jose-ignacio-diaz-libro-agotado","status":"publish","type":"product","link":"https:\/\/bibliotecajuridicavirtual.cl\/index.php\/product\/el-arbitraje-interno-y-comercial-internacional-parte-general-2da-edicion-ano-2016-328-pag-autor-alejandro-romero-y-jose-ignacio-diaz-libro-agotado\/","title":{"rendered":"El Arbitraje Interno y Comercial Internacional ( Parte General) 2da Edici\u00f3n. A\u00f1o 2016\/ 328 P\u00e1g. Autor Alejandro Romero y Jos\u00e9 Ignacio D\u00edaz (LIBRO AGOTADO)"},"content":{"rendered":"<p>Esta obra estudia el r\u00e9gimen general del arbitraje interno y el arbitraje comercial internacional en nuestro sistema legal. Los autores analizan, exponen y eval\u00faan las principales instituciones ligadas al arbitraje, con un actualizado y s\u00f3lido an\u00e1lisis de los cuerpos legales, la doctrina y la jurisprudencia en esta materia. El libro presenta material extremadamente \u00fatil para resolver los problemas m\u00e1s comunes que surgen en los procesos arbitrales. Se trata de un material de consulta indispensable para alumnos y profesores de derecho, abogados y todos los profesionales que se relacionan con los temas de arbitraje.<\/p>\n","protected":false},"excerpt":{"rendered":"<p>LIBRO AGOTADO.<\/p>\n<p>Buscas un libro Jur\u00eddico.? Lo puedes encontrar en nuestra tienda virtual.<br \/>\nContamos con prestigiosos autores y muchas alternativas en sus diferentes materias al igual que grandes descuentos.! Vis\u00edtanos en <a class=\"zIcAzKdyBxATZYJQoeJUJgsFIQGjWDrXhTrsxj \" href=\"https:\/\/lnkd.in\/eiAG7jdZ\" target=\"_blank\" rel=\"noopener\" data-test-app-aware-link=\"\">https:\/\/lnkd.in\/eiAG7jdZ<\/a><br \/>\nEscr\u00edbenos al +56930565235 \/ <a class=\"zIcAzKdyBxATZYJQoeJUJgsFIQGjWDrXhTrsxj \" href=\"mailto:ventaslegallexglobal@gmail.com\" target=\"_self\" data-test-app-aware-link=\"\">ventaslegallexglobal@gmail.com<\/a><br \/>\nHacemos env\u00edos a todo Chile &#8211; Starken o Correos Chile \/ Te esperamos<\/p>\n","protected":false},"featured_media":4154,"comment_status":"open","ping_status":"closed","template":"","meta":{"inline_featured_image":false,"_joinchat":[]},"product_brand":[],"product_cat":[48],"product_tag":[],"class_list":{"0":"post-4124","1":"product","2":"type-product","3":"status-publish","4":"has-post-thumbnail","6":"product_cat-comercial","7":"product_shipping_class-a-convenir","9":"first","10":"instock","11":"shipping-taxable","12":"purchasable","13":"product-type-simple"},"_links":{"self":[{"href":"https:\/\/bibliotecajuridicavirtual.cl\/index.php\/wp-json\/wp\/v2\/product\/4124","targetHints":{"allow":["GET"]}}],"collection":[{"href":"https:\/\/bibliotecajuridicavirtual.cl\/index.php\/wp-json\/wp\/v2\/product"}],"about":[{"href":"https:\/\/bibliotecajuridicavirtual.cl\/index.php\/wp-json\/wp\/v2\/types\/product"}],"replies":[{"embeddable":true,"href":"https:\/\/bibliotecajuridicavirtual.cl\/index.php\/wp-json\/wp\/v2\/comments?post=4124"}],"wp:featuredmedia":[{"embeddable":true,"href":"https:\/\/bibliotecajuridicavirtual.cl\/index.php\/wp-json\/wp\/v2\/media\/4154"}],"wp:attachment":[{"href":"https:\/\/bibliotecajuridicavirtual.cl\/index.php\/wp-json\/wp\/v2\/media?parent=4124"}],"wp:term":[{"taxonomy":"product_brand","embeddable":true,"href":"https:\/\/bibliotecajuridicavirtual.cl\/index.php\/wp-json\/wp\/v2\/product_brand?post=4124"},{"taxonomy":"product_cat","embeddable":true,"href":"https:\/\/bibliotecajuridicavirtual.cl\/index.php\/wp-json\/wp\/v2\/product_cat?post=4124"},{"taxonomy":"product_tag","embeddable":true,"href":"https:\/\/bibliotecajuridicavirtual.cl\/index.php\/wp-json\/wp\/v2\/product_tag?post=4124"}],"curies":[{"name":"wp","href":"https:\/\/api.w.org\/{rel}","templated":true}]}}