{"id":4125,"date":"2026-02-28T01:23:17","date_gmt":"2026-02-28T04:23:17","guid":{"rendered":"https:\/\/bibliotecajuridicavirtual.cl\/?post_type=product&#038;p=4125"},"modified":"2026-02-28T01:23:25","modified_gmt":"2026-02-28T04:23:25","slug":"los-actos-y-contratos-irregulares-en-el-derecho-chileno-ano-2016-240-pag-autor-alejandro-guzman-brito","status":"publish","type":"product","link":"https:\/\/bibliotecajuridicavirtual.cl\/index.php\/product\/los-actos-y-contratos-irregulares-en-el-derecho-chileno-ano-2016-240-pag-autor-alejandro-guzman-brito\/","title":{"rendered":"Los Actos y Contratos Irregulares en el Derecho Chileno. A\u00f1o 2016\/ 240 P\u00e1g. Autor Alejandro Guzm\u00e1n Brito"},"content":{"rendered":"<p>En Derecho civil se entiende por actos y contratos irregulares aquellos cuya esencia exige un objeto infungible, pero que su autor o partes expresamente y sin prop\u00f3sito de simulaci\u00f3n, hacen recaer sobre fungibles. En este interesante libro, el destacado jurista Alejandro Guzm\u00e1n Brito, ofrece un an\u00e1lisis profundo y actualizado sobre la teor\u00ed\u00ada general de la irregularidad y un examen en detalle de este tipo de operaciones.<\/p>\n<p>&nbsp;<\/p>\n","protected":false},"excerpt":{"rendered":"<p>En Derecho civil se entiende por actos y contratos irregulares aquellos cuya esencia exige un objeto infungible, pero que su autor o partes expresamente y sin prop\u00f3sito de simulaci\u00f3n, hacen recaer sobre fungibles. En este interesante libro, el destacado jurista Alejandro Guzm\u00e1n Brito, ofrece un an\u00e1lisis profundo y actualizado sobre la teor\u00ed\u00ada general de la irregularidad y un examen en detalle de este tipo de operaciones. &nbsp;<\/p>\n","protected":false},"featured_media":4155,"comment_status":"open","ping_status":"closed","template":"","meta":{"inline_featured_image":false,"_joinchat":[]},"product_brand":[],"product_cat":[27],"product_tag":[],"class_list":{"0":"post-4125","1":"product","2":"type-product","3":"status-publish","4":"has-post-thumbnail","6":"product_cat-civil","7":"product_shipping_class-a-convenir","9":"first","10":"instock","11":"shipping-taxable","12":"purchasable","13":"product-type-simple"},"_links":{"self":[{"href":"https:\/\/bibliotecajuridicavirtual.cl\/index.php\/wp-json\/wp\/v2\/product\/4125","targetHints":{"allow":["GET"]}}],"collection":[{"href":"https:\/\/bibliotecajuridicavirtual.cl\/index.php\/wp-json\/wp\/v2\/product"}],"about":[{"href":"https:\/\/bibliotecajuridicavirtual.cl\/index.php\/wp-json\/wp\/v2\/types\/product"}],"replies":[{"embeddable":true,"href":"https:\/\/bibliotecajuridicavirtual.cl\/index.php\/wp-json\/wp\/v2\/comments?post=4125"}],"wp:featuredmedia":[{"embeddable":true,"href":"https:\/\/bibliotecajuridicavirtual.cl\/index.php\/wp-json\/wp\/v2\/media\/4155"}],"wp:attachment":[{"href":"https:\/\/bibliotecajuridicavirtual.cl\/index.php\/wp-json\/wp\/v2\/media?parent=4125"}],"wp:term":[{"taxonomy":"product_brand","embeddable":true,"href":"https:\/\/bibliotecajuridicavirtual.cl\/index.php\/wp-json\/wp\/v2\/product_brand?post=4125"},{"taxonomy":"product_cat","embeddable":true,"href":"https:\/\/bibliotecajuridicavirtual.cl\/index.php\/wp-json\/wp\/v2\/product_cat?post=4125"},{"taxonomy":"product_tag","embeddable":true,"href":"https:\/\/bibliotecajuridicavirtual.cl\/index.php\/wp-json\/wp\/v2\/product_tag?post=4125"}],"curies":[{"name":"wp","href":"https:\/\/api.w.org\/{rel}","templated":true}]}}